{"id":14,"date":"2023-02-28T16:00:01","date_gmt":"2023-02-28T15:00:01","guid":{"rendered":"http:\/\/diderot.education\/63fe10b14cb0a-galaad-guillet\/?page_id=14"},"modified":"2023-02-28T16:27:57","modified_gmt":"2023-02-28T15:27:57","slug":"ma-formation","status":"publish","type":"page","link":"http:\/\/diderot.education\/63fe10b14cb0a-galaad-guillet\/ma-formation\/","title":{"rendered":"Ma formation"},"content":{"rendered":"\n<p>J&rsquo;ai effectu\u00e9 un bac scientifique en 2016 dans le Lyc\u00e9e Andr\u00e9 Malraux \u00e0 Montereau-Fault-Yonne<\/p>\n\n\n\n<p>Apr\u00e8s ce baccalaur\u00e9at, j&rsquo;ai continu\u00e9 sur une licence de physique au sein de l&rsquo;universit\u00e9 Paris Diderot. C&rsquo;est au cours de cette licence que j&rsquo;ai acquis les notions de travail efficace, de rigueur scientifique et de raisonnement logique. Ma licence m&rsquo;a permis de mieux comprendre et appr\u00e9hender les probl\u00e9matiques dans un bon cadre \u00e9tudiant.<\/p>\n\n\n\n<p>Apr\u00e8s cette licence, me passionnant de moins en moins pour ma fili\u00e8re, j&rsquo;ai opt\u00e9 pour une nouvelle voie : le Bachelor Gestion et Valorisation Naturaliste. D\u00e9but\u00e9e en 2020, cette formation m&rsquo;a permis de red\u00e9couvrir le monde qui nous entoure en me donnant des connaissances solides dans la reconnaissance des esp\u00e8ces ainsi que des notions sur le monde de l&rsquo;environnement. De la gestion patrimoniale \u00e0 l&rsquo;expertise naturaliste, en passant par la restauration des sols.<\/p>\n\n\n\n<p>Apr\u00e8s mon bachelor, je compte continuer avec un Master en environnement pour parfaire mes connaissances, continuer \u00e0 me former et accumuler plus d&rsquo;exp\u00e9riences \u00e0 travers mes stages.<\/p>\n\n\n\n<p>Pour ces derniers, j&rsquo;ai pu en effectuer trois :<\/p>\n\n\n\n<ul class=\"wp-block-list\">\n<li>Un stage de trois semaines au sein de la clinique v\u00e9t\u00e9rinaire pour les animaux sauvages de Maison Alfort : Faune Alfort. Ce stage \u00e9tait professionnalisant, int\u00e9ressant et pertinent. <\/li>\n\n\n\n<li>Un stage de deux semaine au sein des Bergeries d&rsquo;Issy \u00e0 Issy-les-Moulineaux. C&rsquo;est une ferme p\u00e9dagogique urbaine. J&rsquo;ai pu suivre le quotidien des employ\u00e9s, faire des animations aupr\u00e8s de jeunes public et aider au soin des animaux.<\/li>\n\n\n\n<li>Un stage de huit semaines dans les ateliers techniques des ENS de Seine-et-Marne. Aupr\u00e8s de mon maitre de stage, j&rsquo;ai acquis des connaissances solides en col\u00e9opt\u00e8re, odonates et l\u00e9pidopt\u00e8res. J&rsquo;ai parfait mes connaissances dans les plans de gestions et ai appris \u00e0 mieux \u00e9valuer les \u00e9cosyst\u00e8mes concern\u00e9s. <\/li>\n<\/ul>\n","protected":false},"excerpt":{"rendered":"<p>J&rsquo;ai effectu\u00e9 un bac scientifique en 2016 dans le Lyc\u00e9e Andr\u00e9 Malraux \u00e0 Montereau-Fault-Yonne Apr\u00e8s ce baccalaur\u00e9at, j&rsquo;ai continu\u00e9 sur une licence de physique au sein de l&rsquo;universit\u00e9 Paris Diderot.<\/p>\n<p><a href=\"http:\/\/diderot.education\/63fe10b14cb0a-galaad-guillet\/ma-formation\/\" class=\"more-link\">Continue Reading<span class=\"screen-reader-text\">Ma formation<\/span><\/a><\/p>\n","protected":false},"author":199,"featured_media":0,"parent":0,"menu_order":0,"comment_status":"closed","ping_status":"closed","template":"","meta":{"om_disable_all_campaigns":false,"footnotes":""},"class_list":["post-14","page","type-page","status-publish","hentry"],"featured_image_src":null,"yoast_head":"<!-- This site is optimized with the Yoast SEO plugin v27.6 - https:\/\/yoast.com\/product\/yoast-seo-wordpress\/ -->\n<title>Ma formation - Galaad GUILLET<\/title>\n<meta name=\"robots\" content=\"index, follow, max-snippet:-1, max-image-preview:large, max-video-preview:-1\" \/>\n<link rel=\"canonical\" href=\"http:\/\/diderot.education\/63fe10b14cb0a-galaad-guillet\/ma-formation\/\" \/>\n<meta property=\"og:locale\" content=\"fr_FR\" \/>\n<meta property=\"og:type\" content=\"article\" \/>\n<meta property=\"og:title\" content=\"Ma formation - Galaad GUILLET\" \/>\n<meta property=\"og:description\" content=\"J&rsquo;ai effectu\u00e9 un bac scientifique en 2016 dans le Lyc\u00e9e Andr\u00e9 Malraux \u00e0 Montereau-Fault-Yonne Apr\u00e8s ce baccalaur\u00e9at, j&rsquo;ai continu\u00e9 sur une licence de physique au sein de l&rsquo;universit\u00e9 Paris Diderot.Continue ReadingMa formation\" \/>\n<meta property=\"og:url\" content=\"http:\/\/diderot.education\/63fe10b14cb0a-galaad-guillet\/ma-formation\/\" \/>\n<meta property=\"og:site_name\" content=\"Galaad GUILLET\" \/>\n<meta property=\"article:modified_time\" content=\"2023-02-28T15:27:57+00:00\" \/>\n<meta name=\"twitter:card\" content=\"summary_large_image\" \/>\n<meta name=\"twitter:label1\" content=\"Dur\u00e9e de lecture estim\u00e9e\" \/>\n\t<meta name=\"twitter:data1\" content=\"2 minutes\" \/>\n<script type=\"application\/ld+json\" class=\"yoast-schema-graph\">{\"@context\":\"https:\\\/\\\/schema.org\",\"@graph\":[{\"@type\":\"WebPage\",\"@id\":\"http:\\\/\\\/diderot.education\\\/63fe10b14cb0a-galaad-guillet\\\/ma-formation\\\/\",\"url\":\"http:\\\/\\\/diderot.education\\\/63fe10b14cb0a-galaad-guillet\\\/ma-formation\\\/\",\"name\":\"Ma formation - Galaad GUILLET\",\"isPartOf\":{\"@id\":\"http:\\\/\\\/diderot.education\\\/63fe10b14cb0a-galaad-guillet\\\/#website\"},\"datePublished\":\"2023-02-28T15:00:01+00:00\",\"dateModified\":\"2023-02-28T15:27:57+00:00\",\"breadcrumb\":{\"@id\":\"http:\\\/\\\/diderot.education\\\/63fe10b14cb0a-galaad-guillet\\\/ma-formation\\\/#breadcrumb\"},\"inLanguage\":\"fr-FR\",\"potentialAction\":[{\"@type\":\"ReadAction\",\"target\":[\"http:\\\/\\\/diderot.education\\\/63fe10b14cb0a-galaad-guillet\\\/ma-formation\\\/\"]}]},{\"@type\":\"BreadcrumbList\",\"@id\":\"http:\\\/\\\/diderot.education\\\/63fe10b14cb0a-galaad-guillet\\\/ma-formation\\\/#breadcrumb\",\"itemListElement\":[{\"@type\":\"ListItem\",\"position\":1,\"name\":\"Accueil\",\"item\":\"http:\\\/\\\/diderot.education\\\/63fe10b14cb0a-galaad-guillet\\\/\"},{\"@type\":\"ListItem\",\"position\":2,\"name\":\"Ma formation\"}]},{\"@type\":\"WebSite\",\"@id\":\"http:\\\/\\\/diderot.education\\\/63fe10b14cb0a-galaad-guillet\\\/#website\",\"url\":\"http:\\\/\\\/diderot.education\\\/63fe10b14cb0a-galaad-guillet\\\/\",\"name\":\"Galaad GUILLET\",\"description\":\"L&#039;environnement n&#039;est pas une option, c&#039;est un objectif\",\"publisher\":{\"@id\":\"http:\\\/\\\/diderot.education\\\/63fe10b14cb0a-galaad-guillet\\\/#organization\"},\"potentialAction\":[{\"@type\":\"SearchAction\",\"target\":{\"@type\":\"EntryPoint\",\"urlTemplate\":\"http:\\\/\\\/diderot.education\\\/63fe10b14cb0a-galaad-guillet\\\/?s={search_term_string}\"},\"query-input\":{\"@type\":\"PropertyValueSpecification\",\"valueRequired\":true,\"valueName\":\"search_term_string\"}}],\"inLanguage\":\"fr-FR\"},{\"@type\":\"Organization\",\"@id\":\"http:\\\/\\\/diderot.education\\\/63fe10b14cb0a-galaad-guillet\\\/#organization\",\"name\":\"Galaad GUILLET\",\"url\":\"http:\\\/\\\/diderot.education\\\/63fe10b14cb0a-galaad-guillet\\\/\",\"logo\":{\"@type\":\"ImageObject\",\"inLanguage\":\"fr-FR\",\"@id\":\"http:\\\/\\\/diderot.education\\\/63fe10b14cb0a-galaad-guillet\\\/#\\\/schema\\\/logo\\\/image\\\/\",\"url\":\"http:\\\/\\\/diderot.education\\\/63fe10b14cb0a-galaad-guillet\\\/wp-content\\\/uploads\\\/sites\\\/198\\\/2023\\\/02\\\/Logo-Galaad-5.png\",\"contentUrl\":\"http:\\\/\\\/diderot.education\\\/63fe10b14cb0a-galaad-guillet\\\/wp-content\\\/uploads\\\/sites\\\/198\\\/2023\\\/02\\\/Logo-Galaad-5.png\",\"width\":150,\"height\":150,\"caption\":\"Galaad GUILLET\"},\"image\":{\"@id\":\"http:\\\/\\\/diderot.education\\\/63fe10b14cb0a-galaad-guillet\\\/#\\\/schema\\\/logo\\\/image\\\/\"}}]}<\/script>\n<!-- \/ Yoast SEO plugin. -->","yoast_head_json":{"title":"Ma formation - Galaad GUILLET","robots":{"index":"index","follow":"follow","max-snippet":"max-snippet:-1","max-image-preview":"max-image-preview:large","max-video-preview":"max-video-preview:-1"},"canonical":"http:\/\/diderot.education\/63fe10b14cb0a-galaad-guillet\/ma-formation\/","og_locale":"fr_FR","og_type":"article","og_title":"Ma formation - Galaad GUILLET","og_description":"J&rsquo;ai effectu\u00e9 un bac scientifique en 2016 dans le Lyc\u00e9e Andr\u00e9 Malraux \u00e0 Montereau-Fault-Yonne Apr\u00e8s ce baccalaur\u00e9at, j&rsquo;ai continu\u00e9 sur une licence de physique au sein de l&rsquo;universit\u00e9 Paris Diderot.Continue ReadingMa formation","og_url":"http:\/\/diderot.education\/63fe10b14cb0a-galaad-guillet\/ma-formation\/","og_site_name":"Galaad GUILLET","article_modified_time":"2023-02-28T15:27:57+00:00","twitter_card":"summary_large_image","twitter_misc":{"Dur\u00e9e de lecture estim\u00e9e":"2 minutes"},"schema":{"@context":"https:\/\/schema.org","@graph":[{"@type":"WebPage","@id":"http:\/\/diderot.education\/63fe10b14cb0a-galaad-guillet\/ma-formation\/","url":"http:\/\/diderot.education\/63fe10b14cb0a-galaad-guillet\/ma-formation\/","name":"Ma formation - Galaad GUILLET","isPartOf":{"@id":"http:\/\/diderot.education\/63fe10b14cb0a-galaad-guillet\/#website"},"datePublished":"2023-02-28T15:00:01+00:00","dateModified":"2023-02-28T15:27:57+00:00","breadcrumb":{"@id":"http:\/\/diderot.education\/63fe10b14cb0a-galaad-guillet\/ma-formation\/#breadcrumb"},"inLanguage":"fr-FR","potentialAction":[{"@type":"ReadAction","target":["http:\/\/diderot.education\/63fe10b14cb0a-galaad-guillet\/ma-formation\/"]}]},{"@type":"BreadcrumbList","@id":"http:\/\/diderot.education\/63fe10b14cb0a-galaad-guillet\/ma-formation\/#breadcrumb","itemListElement":[{"@type":"ListItem","position":1,"name":"Accueil","item":"http:\/\/diderot.education\/63fe10b14cb0a-galaad-guillet\/"},{"@type":"ListItem","position":2,"name":"Ma formation"}]},{"@type":"WebSite","@id":"http:\/\/diderot.education\/63fe10b14cb0a-galaad-guillet\/#website","url":"http:\/\/diderot.education\/63fe10b14cb0a-galaad-guillet\/","name":"Galaad GUILLET","description":"L&#039;environnement n&#039;est pas une option, c&#039;est un objectif","publisher":{"@id":"http:\/\/diderot.education\/63fe10b14cb0a-galaad-guillet\/#organization"},"potentialAction":[{"@type":"SearchAction","target":{"@type":"EntryPoint","urlTemplate":"http:\/\/diderot.education\/63fe10b14cb0a-galaad-guillet\/?s={search_term_string}"},"query-input":{"@type":"PropertyValueSpecification","valueRequired":true,"valueName":"search_term_string"}}],"inLanguage":"fr-FR"},{"@type":"Organization","@id":"http:\/\/diderot.education\/63fe10b14cb0a-galaad-guillet\/#organization","name":"Galaad GUILLET","url":"http:\/\/diderot.education\/63fe10b14cb0a-galaad-guillet\/","logo":{"@type":"ImageObject","inLanguage":"fr-FR","@id":"http:\/\/diderot.education\/63fe10b14cb0a-galaad-guillet\/#\/schema\/logo\/image\/","url":"http:\/\/diderot.education\/63fe10b14cb0a-galaad-guillet\/wp-content\/uploads\/sites\/198\/2023\/02\/Logo-Galaad-5.png","contentUrl":"http:\/\/diderot.education\/63fe10b14cb0a-galaad-guillet\/wp-content\/uploads\/sites\/198\/2023\/02\/Logo-Galaad-5.png","width":150,"height":150,"caption":"Galaad GUILLET"},"image":{"@id":"http:\/\/diderot.education\/63fe10b14cb0a-galaad-guillet\/#\/schema\/logo\/image\/"}}]}},"_links":{"self":[{"href":"http:\/\/diderot.education\/63fe10b14cb0a-galaad-guillet\/wp-json\/wp\/v2\/pages\/14","targetHints":{"allow":["GET"]}}],"collection":[{"href":"http:\/\/diderot.education\/63fe10b14cb0a-galaad-guillet\/wp-json\/wp\/v2\/pages"}],"about":[{"href":"http:\/\/diderot.education\/63fe10b14cb0a-galaad-guillet\/wp-json\/wp\/v2\/types\/page"}],"author":[{"embeddable":true,"href":"http:\/\/diderot.education\/63fe10b14cb0a-galaad-guillet\/wp-json\/wp\/v2\/users\/199"}],"replies":[{"embeddable":true,"href":"http:\/\/diderot.education\/63fe10b14cb0a-galaad-guillet\/wp-json\/wp\/v2\/comments?post=14"}],"version-history":[{"count":3,"href":"http:\/\/diderot.education\/63fe10b14cb0a-galaad-guillet\/wp-json\/wp\/v2\/pages\/14\/revisions"}],"predecessor-version":[{"id":103,"href":"http:\/\/diderot.education\/63fe10b14cb0a-galaad-guillet\/wp-json\/wp\/v2\/pages\/14\/revisions\/103"}],"wp:attachment":[{"href":"http:\/\/diderot.education\/63fe10b14cb0a-galaad-guillet\/wp-json\/wp\/v2\/media?parent=14"}],"curies":[{"name":"wp","href":"https:\/\/api.w.org\/{rel}","templated":true}]}}