{"id":15,"date":"2023-02-28T16:00:01","date_gmt":"2023-02-28T15:00:01","guid":{"rendered":"http:\/\/diderot.education\/63fe10b14cb0a-galaad-guillet\/?page_id=15"},"modified":"2023-03-01T09:33:34","modified_gmt":"2023-03-01T08:33:34","slug":"mes-hobbys","status":"publish","type":"page","link":"http:\/\/diderot.education\/63fe10b14cb0a-galaad-guillet\/mes-hobbys\/","title":{"rendered":"Mes hobbys"},"content":{"rendered":"\n<p>Ma premi\u00e8re passion c&rsquo;est bien \u00e9videmment l&rsquo;environnement et surtout la mani\u00e8re de changer les choses pour r\u00e9tablir de bons \u00e9cosyst\u00e8mes. J&rsquo;ambitionne \u00e9galement de travailler dans l&rsquo;\u00e9cologie urbaine pour r\u00e9aliser mon envie : rapprocher la ville et la nature \u00e0 travers les nouvelles technologies actuelles comme les g\u00e9otextiles pour am\u00e9liorer la vie au sein des sections urbaines.<\/p>\n\n\n\n<p>Ma seconde passion est un sport d&rsquo;esprit : les \u00e9checs. Je le pratique depuis seize ans, d\u00e9sormais et cela m&rsquo;a appris le respect de l&rsquo;autre, la patience et la strat\u00e9gie pour obtenir les meilleurs r\u00e9sultats. En comp\u00e9tition ou en amical. Seul ou en \u00e9quipe. Les \u00e9checs ont \u00e9t\u00e9 pendant plus de dix ans, ma plus grande passion.<\/p>\n\n\n\n<p>Ma troisi\u00e8me passion, la plus r\u00e9cente, c&rsquo;est la danse, plus pr\u00e9cis\u00e9ment, le West Coast Swing. Une passion qui m&rsquo;a appris la d\u00e9contraction, l&rsquo;\u00e9quilibre et l&rsquo;\u00e9coute de l&rsquo;autre. <\/p>\n\n\n\n<p>J&rsquo;ai bien \u00e9videmment d&rsquo;autres passions comme le sport, la lecture ou bien les s\u00e9ries t\u00e9l\u00e9vis\u00e9es mais elles ne sont pas les plus notables.<\/p>\n","protected":false},"excerpt":{"rendered":"<p>Ma premi\u00e8re passion c&rsquo;est bien \u00e9videmment l&rsquo;environnement et surtout la mani\u00e8re de changer les choses pour r\u00e9tablir de bons \u00e9cosyst\u00e8mes. J&rsquo;ambitionne \u00e9galement de travailler dans l&rsquo;\u00e9cologie urbaine pour r\u00e9aliser mon<\/p>\n<p><a href=\"http:\/\/diderot.education\/63fe10b14cb0a-galaad-guillet\/mes-hobbys\/\" class=\"more-link\">Continue Reading<span class=\"screen-reader-text\">Mes hobbys<\/span><\/a><\/p>\n","protected":false},"author":199,"featured_media":0,"parent":0,"menu_order":0,"comment_status":"closed","ping_status":"closed","template":"","meta":{"om_disable_all_campaigns":false,"footnotes":""},"class_list":["post-15","page","type-page","status-publish","hentry"],"featured_image_src":null,"yoast_head":"<!-- This site is optimized with the Yoast SEO plugin v27.6 - https:\/\/yoast.com\/product\/yoast-seo-wordpress\/ -->\n<title>Mes hobbys - Galaad GUILLET<\/title>\n<meta name=\"robots\" content=\"index, follow, max-snippet:-1, max-image-preview:large, max-video-preview:-1\" \/>\n<link rel=\"canonical\" href=\"http:\/\/diderot.education\/63fe10b14cb0a-galaad-guillet\/mes-hobbys\/\" \/>\n<meta property=\"og:locale\" content=\"fr_FR\" \/>\n<meta property=\"og:type\" content=\"article\" \/>\n<meta property=\"og:title\" content=\"Mes hobbys - Galaad GUILLET\" \/>\n<meta property=\"og:description\" content=\"Ma premi\u00e8re passion c&rsquo;est bien \u00e9videmment l&rsquo;environnement et surtout la mani\u00e8re de changer les choses pour r\u00e9tablir de bons \u00e9cosyst\u00e8mes. J&rsquo;ambitionne \u00e9galement de travailler dans l&rsquo;\u00e9cologie urbaine pour r\u00e9aliser monContinue ReadingMes hobbys\" \/>\n<meta property=\"og:url\" content=\"http:\/\/diderot.education\/63fe10b14cb0a-galaad-guillet\/mes-hobbys\/\" \/>\n<meta property=\"og:site_name\" content=\"Galaad GUILLET\" \/>\n<meta property=\"article:modified_time\" content=\"2023-03-01T08:33:34+00:00\" \/>\n<meta name=\"twitter:card\" content=\"summary_large_image\" \/>\n<meta name=\"twitter:label1\" content=\"Dur\u00e9e de lecture estim\u00e9e\" \/>\n\t<meta name=\"twitter:data1\" content=\"1 minute\" \/>\n<script type=\"application\/ld+json\" class=\"yoast-schema-graph\">{\"@context\":\"https:\\\/\\\/schema.org\",\"@graph\":[{\"@type\":\"WebPage\",\"@id\":\"http:\\\/\\\/diderot.education\\\/63fe10b14cb0a-galaad-guillet\\\/mes-hobbys\\\/\",\"url\":\"http:\\\/\\\/diderot.education\\\/63fe10b14cb0a-galaad-guillet\\\/mes-hobbys\\\/\",\"name\":\"Mes hobbys - Galaad GUILLET\",\"isPartOf\":{\"@id\":\"http:\\\/\\\/diderot.education\\\/63fe10b14cb0a-galaad-guillet\\\/#website\"},\"datePublished\":\"2023-02-28T15:00:01+00:00\",\"dateModified\":\"2023-03-01T08:33:34+00:00\",\"breadcrumb\":{\"@id\":\"http:\\\/\\\/diderot.education\\\/63fe10b14cb0a-galaad-guillet\\\/mes-hobbys\\\/#breadcrumb\"},\"inLanguage\":\"fr-FR\",\"potentialAction\":[{\"@type\":\"ReadAction\",\"target\":[\"http:\\\/\\\/diderot.education\\\/63fe10b14cb0a-galaad-guillet\\\/mes-hobbys\\\/\"]}]},{\"@type\":\"BreadcrumbList\",\"@id\":\"http:\\\/\\\/diderot.education\\\/63fe10b14cb0a-galaad-guillet\\\/mes-hobbys\\\/#breadcrumb\",\"itemListElement\":[{\"@type\":\"ListItem\",\"position\":1,\"name\":\"Accueil\",\"item\":\"http:\\\/\\\/diderot.education\\\/63fe10b14cb0a-galaad-guillet\\\/\"},{\"@type\":\"ListItem\",\"position\":2,\"name\":\"Mes hobbys\"}]},{\"@type\":\"WebSite\",\"@id\":\"http:\\\/\\\/diderot.education\\\/63fe10b14cb0a-galaad-guillet\\\/#website\",\"url\":\"http:\\\/\\\/diderot.education\\\/63fe10b14cb0a-galaad-guillet\\\/\",\"name\":\"Galaad GUILLET\",\"description\":\"L&#039;environnement n&#039;est pas une option, c&#039;est un objectif\",\"publisher\":{\"@id\":\"http:\\\/\\\/diderot.education\\\/63fe10b14cb0a-galaad-guillet\\\/#organization\"},\"potentialAction\":[{\"@type\":\"SearchAction\",\"target\":{\"@type\":\"EntryPoint\",\"urlTemplate\":\"http:\\\/\\\/diderot.education\\\/63fe10b14cb0a-galaad-guillet\\\/?s={search_term_string}\"},\"query-input\":{\"@type\":\"PropertyValueSpecification\",\"valueRequired\":true,\"valueName\":\"search_term_string\"}}],\"inLanguage\":\"fr-FR\"},{\"@type\":\"Organization\",\"@id\":\"http:\\\/\\\/diderot.education\\\/63fe10b14cb0a-galaad-guillet\\\/#organization\",\"name\":\"Galaad GUILLET\",\"url\":\"http:\\\/\\\/diderot.education\\\/63fe10b14cb0a-galaad-guillet\\\/\",\"logo\":{\"@type\":\"ImageObject\",\"inLanguage\":\"fr-FR\",\"@id\":\"http:\\\/\\\/diderot.education\\\/63fe10b14cb0a-galaad-guillet\\\/#\\\/schema\\\/logo\\\/image\\\/\",\"url\":\"http:\\\/\\\/diderot.education\\\/63fe10b14cb0a-galaad-guillet\\\/wp-content\\\/uploads\\\/sites\\\/198\\\/2023\\\/02\\\/Logo-Galaad-5.png\",\"contentUrl\":\"http:\\\/\\\/diderot.education\\\/63fe10b14cb0a-galaad-guillet\\\/wp-content\\\/uploads\\\/sites\\\/198\\\/2023\\\/02\\\/Logo-Galaad-5.png\",\"width\":150,\"height\":150,\"caption\":\"Galaad GUILLET\"},\"image\":{\"@id\":\"http:\\\/\\\/diderot.education\\\/63fe10b14cb0a-galaad-guillet\\\/#\\\/schema\\\/logo\\\/image\\\/\"}}]}<\/script>\n<!-- \/ Yoast SEO plugin. -->","yoast_head_json":{"title":"Mes hobbys - Galaad GUILLET","robots":{"index":"index","follow":"follow","max-snippet":"max-snippet:-1","max-image-preview":"max-image-preview:large","max-video-preview":"max-video-preview:-1"},"canonical":"http:\/\/diderot.education\/63fe10b14cb0a-galaad-guillet\/mes-hobbys\/","og_locale":"fr_FR","og_type":"article","og_title":"Mes hobbys - Galaad GUILLET","og_description":"Ma premi\u00e8re passion c&rsquo;est bien \u00e9videmment l&rsquo;environnement et surtout la mani\u00e8re de changer les choses pour r\u00e9tablir de bons \u00e9cosyst\u00e8mes. J&rsquo;ambitionne \u00e9galement de travailler dans l&rsquo;\u00e9cologie urbaine pour r\u00e9aliser monContinue ReadingMes hobbys","og_url":"http:\/\/diderot.education\/63fe10b14cb0a-galaad-guillet\/mes-hobbys\/","og_site_name":"Galaad GUILLET","article_modified_time":"2023-03-01T08:33:34+00:00","twitter_card":"summary_large_image","twitter_misc":{"Dur\u00e9e de lecture estim\u00e9e":"1 minute"},"schema":{"@context":"https:\/\/schema.org","@graph":[{"@type":"WebPage","@id":"http:\/\/diderot.education\/63fe10b14cb0a-galaad-guillet\/mes-hobbys\/","url":"http:\/\/diderot.education\/63fe10b14cb0a-galaad-guillet\/mes-hobbys\/","name":"Mes hobbys - Galaad GUILLET","isPartOf":{"@id":"http:\/\/diderot.education\/63fe10b14cb0a-galaad-guillet\/#website"},"datePublished":"2023-02-28T15:00:01+00:00","dateModified":"2023-03-01T08:33:34+00:00","breadcrumb":{"@id":"http:\/\/diderot.education\/63fe10b14cb0a-galaad-guillet\/mes-hobbys\/#breadcrumb"},"inLanguage":"fr-FR","potentialAction":[{"@type":"ReadAction","target":["http:\/\/diderot.education\/63fe10b14cb0a-galaad-guillet\/mes-hobbys\/"]}]},{"@type":"BreadcrumbList","@id":"http:\/\/diderot.education\/63fe10b14cb0a-galaad-guillet\/mes-hobbys\/#breadcrumb","itemListElement":[{"@type":"ListItem","position":1,"name":"Accueil","item":"http:\/\/diderot.education\/63fe10b14cb0a-galaad-guillet\/"},{"@type":"ListItem","position":2,"name":"Mes hobbys"}]},{"@type":"WebSite","@id":"http:\/\/diderot.education\/63fe10b14cb0a-galaad-guillet\/#website","url":"http:\/\/diderot.education\/63fe10b14cb0a-galaad-guillet\/","name":"Galaad GUILLET","description":"L&#039;environnement n&#039;est pas une option, c&#039;est un objectif","publisher":{"@id":"http:\/\/diderot.education\/63fe10b14cb0a-galaad-guillet\/#organization"},"potentialAction":[{"@type":"SearchAction","target":{"@type":"EntryPoint","urlTemplate":"http:\/\/diderot.education\/63fe10b14cb0a-galaad-guillet\/?s={search_term_string}"},"query-input":{"@type":"PropertyValueSpecification","valueRequired":true,"valueName":"search_term_string"}}],"inLanguage":"fr-FR"},{"@type":"Organization","@id":"http:\/\/diderot.education\/63fe10b14cb0a-galaad-guillet\/#organization","name":"Galaad GUILLET","url":"http:\/\/diderot.education\/63fe10b14cb0a-galaad-guillet\/","logo":{"@type":"ImageObject","inLanguage":"fr-FR","@id":"http:\/\/diderot.education\/63fe10b14cb0a-galaad-guillet\/#\/schema\/logo\/image\/","url":"http:\/\/diderot.education\/63fe10b14cb0a-galaad-guillet\/wp-content\/uploads\/sites\/198\/2023\/02\/Logo-Galaad-5.png","contentUrl":"http:\/\/diderot.education\/63fe10b14cb0a-galaad-guillet\/wp-content\/uploads\/sites\/198\/2023\/02\/Logo-Galaad-5.png","width":150,"height":150,"caption":"Galaad GUILLET"},"image":{"@id":"http:\/\/diderot.education\/63fe10b14cb0a-galaad-guillet\/#\/schema\/logo\/image\/"}}]}},"_links":{"self":[{"href":"http:\/\/diderot.education\/63fe10b14cb0a-galaad-guillet\/wp-json\/wp\/v2\/pages\/15","targetHints":{"allow":["GET"]}}],"collection":[{"href":"http:\/\/diderot.education\/63fe10b14cb0a-galaad-guillet\/wp-json\/wp\/v2\/pages"}],"about":[{"href":"http:\/\/diderot.education\/63fe10b14cb0a-galaad-guillet\/wp-json\/wp\/v2\/types\/page"}],"author":[{"embeddable":true,"href":"http:\/\/diderot.education\/63fe10b14cb0a-galaad-guillet\/wp-json\/wp\/v2\/users\/199"}],"replies":[{"embeddable":true,"href":"http:\/\/diderot.education\/63fe10b14cb0a-galaad-guillet\/wp-json\/wp\/v2\/comments?post=15"}],"version-history":[{"count":2,"href":"http:\/\/diderot.education\/63fe10b14cb0a-galaad-guillet\/wp-json\/wp\/v2\/pages\/15\/revisions"}],"predecessor-version":[{"id":43,"href":"http:\/\/diderot.education\/63fe10b14cb0a-galaad-guillet\/wp-json\/wp\/v2\/pages\/15\/revisions\/43"}],"wp:attachment":[{"href":"http:\/\/diderot.education\/63fe10b14cb0a-galaad-guillet\/wp-json\/wp\/v2\/media?parent=15"}],"curies":[{"name":"wp","href":"https:\/\/api.w.org\/{rel}","templated":true}]}}