{"id":94,"date":"2023-10-24T15:20:54","date_gmt":"2023-10-24T13:20:54","guid":{"rendered":"http:\/\/diderot.education\/65254e4a287a2-jerome-roth\/?page_id=94"},"modified":"2023-10-24T16:13:43","modified_gmt":"2023-10-24T14:13:43","slug":"galerie-photo","status":"publish","type":"page","link":"http:\/\/diderot.education\/65254e4a287a2-jerome-roth\/galerie-photo\/","title":{"rendered":"Galerie Photo"},"content":{"rendered":"\t\t<div data-elementor-type=\"wp-page\" data-elementor-id=\"94\" class=\"elementor elementor-94\">\n\t\t\t\t\t\t<section class=\"elementor-section elementor-top-section elementor-element elementor-element-b927ab5 elementor-section-boxed elementor-section-height-default elementor-section-height-default wpr-particle-no wpr-jarallax-no wpr-parallax-no wpr-sticky-section-no wpr-equal-height-no\" data-id=\"b927ab5\" data-element_type=\"section\" data-e-type=\"section\">\n\t\t\t\t\t\t<div class=\"elementor-container elementor-column-gap-default\">\n\t\t\t\t\t<div class=\"elementor-column elementor-col-100 elementor-top-column elementor-element elementor-element-079aa27\" data-id=\"079aa27\" data-element_type=\"column\" data-e-type=\"column\">\n\t\t\t<div class=\"elementor-widget-wrap elementor-element-populated\">\n\t\t\t\t\t\t<div class=\"elementor-element elementor-element-f010418 elementor-arrows-position-inside elementor-pagination-position-outside elementor-widget elementor-widget-image-carousel\" data-id=\"f010418\" data-element_type=\"widget\" data-e-type=\"widget\" data-settings=\"{&quot;slides_to_show&quot;:&quot;1&quot;,&quot;navigation&quot;:&quot;both&quot;,&quot;autoplay&quot;:&quot;yes&quot;,&quot;pause_on_hover&quot;:&quot;yes&quot;,&quot;pause_on_interaction&quot;:&quot;yes&quot;,&quot;autoplay_speed&quot;:5000,&quot;infinite&quot;:&quot;yes&quot;,&quot;effect&quot;:&quot;slide&quot;,&quot;speed&quot;:500}\" data-widget_type=\"image-carousel.default\">\n\t\t\t\t<div class=\"elementor-widget-container\">\n\t\t\t\t\t\t\t<div class=\"elementor-image-carousel-wrapper swiper\" role=\"region\" aria-roledescription=\"carousel\" aria-label=\"Carrousel d\u2019images\" dir=\"ltr\">\n\t\t\t<div class=\"elementor-image-carousel swiper-wrapper\" aria-live=\"off\">\n\t\t\t\t\t\t\t\t<div class=\"swiper-slide\" role=\"group\" aria-roledescription=\"slide\" aria-label=\"1 sur 3\"><figure class=\"swiper-slide-inner\"><img decoding=\"async\" class=\"swiper-slide-image\" src=\"http:\/\/diderot.education\/65254e4a287a2-jerome-roth\/wp-content\/uploads\/sites\/346\/2023\/10\/P1000072-compressed-1-scaled.jpg\" alt=\"Moustac (Cercopithecus cephus)\" \/><figcaption class=\"elementor-image-carousel-caption\">Moustac (Cercopithecus cephus)<\/figcaption><\/figure><\/div><div class=\"swiper-slide\" role=\"group\" aria-roledescription=\"slide\" aria-label=\"2 sur 3\"><figure class=\"swiper-slide-inner\"><img decoding=\"async\" class=\"swiper-slide-image\" src=\"http:\/\/diderot.education\/65254e4a287a2-jerome-roth\/wp-content\/uploads\/sites\/346\/2023\/10\/P1000069-compressed-1-scaled.jpg\" alt=\"Moustac (Cercopithecus cephus)\" \/><figcaption class=\"elementor-image-carousel-caption\">Moustac (Cercopithecus cephus)<\/figcaption><\/figure><\/div><div class=\"swiper-slide\" role=\"group\" aria-roledescription=\"slide\" aria-label=\"3 sur 3\"><figure class=\"swiper-slide-inner\"><img decoding=\"async\" class=\"swiper-slide-image\" src=\"http:\/\/diderot.education\/65254e4a287a2-jerome-roth\/wp-content\/uploads\/sites\/346\/2023\/10\/P1000071-compressed-scaled.jpg\" alt=\"Moustac (Cercopithecus cephus)\" \/><figcaption class=\"elementor-image-carousel-caption\">Moustac (Cercopithecus cephus)<\/figcaption><\/figure><\/div>\t\t\t<\/div>\n\t\t\t\t\t\t\t\t\t\t\t\t<div class=\"elementor-swiper-button elementor-swiper-button-prev\" role=\"button\" tabindex=\"0\">\n\t\t\t\t\t\t<i aria-hidden=\"true\" class=\"eicon-chevron-left\"><\/i>\t\t\t\t\t<\/div>\n\t\t\t\t\t<div class=\"elementor-swiper-button elementor-swiper-button-next\" role=\"button\" tabindex=\"0\">\n\t\t\t\t\t\t<i aria-hidden=\"true\" class=\"eicon-chevron-right\"><\/i>\t\t\t\t\t<\/div>\n\t\t\t\t\n\t\t\t\t\t\t\t\t\t<div class=\"swiper-pagination\"><\/div>\n\t\t\t\t\t\t\t\t\t<\/div>\n\t\t\t\t\t\t<\/div>\n\t\t\t\t<\/div>\n\t\t\t\t\t<\/div>\n\t\t<\/div>\n\t\t\t\t\t<\/div>\n\t\t<\/section>\n\t\t\t\t<section class=\"elementor-section elementor-top-section elementor-element elementor-element-e8a213e elementor-section-boxed elementor-section-height-default elementor-section-height-default wpr-particle-no wpr-jarallax-no wpr-parallax-no wpr-sticky-section-no wpr-equal-height-no\" data-id=\"e8a213e\" data-element_type=\"section\" data-e-type=\"section\">\n\t\t\t\t\t\t<div class=\"elementor-container elementor-column-gap-default\">\n\t\t\t\t\t<div class=\"elementor-column elementor-col-100 elementor-top-column elementor-element elementor-element-c486bd2\" data-id=\"c486bd2\" data-element_type=\"column\" data-e-type=\"column\">\n\t\t\t<div class=\"elementor-widget-wrap elementor-element-populated\">\n\t\t\t\t\t\t<div class=\"elementor-element elementor-element-128febe elementor-arrows-position-inside elementor-pagination-position-outside elementor-widget elementor-widget-image-carousel\" data-id=\"128febe\" data-element_type=\"widget\" data-e-type=\"widget\" data-settings=\"{&quot;slides_to_show&quot;:&quot;1&quot;,&quot;navigation&quot;:&quot;both&quot;,&quot;autoplay&quot;:&quot;yes&quot;,&quot;pause_on_hover&quot;:&quot;yes&quot;,&quot;pause_on_interaction&quot;:&quot;yes&quot;,&quot;autoplay_speed&quot;:5000,&quot;infinite&quot;:&quot;yes&quot;,&quot;effect&quot;:&quot;slide&quot;,&quot;speed&quot;:500}\" data-widget_type=\"image-carousel.default\">\n\t\t\t\t<div class=\"elementor-widget-container\">\n\t\t\t\t\t\t\t<div class=\"elementor-image-carousel-wrapper swiper\" role=\"region\" aria-roledescription=\"carousel\" aria-label=\"Carrousel d\u2019images\" dir=\"ltr\">\n\t\t\t<div class=\"elementor-image-carousel swiper-wrapper\" aria-live=\"off\">\n\t\t\t\t\t\t\t\t<div class=\"swiper-slide\" role=\"group\" aria-roledescription=\"slide\" aria-label=\"1 sur 4\"><figure class=\"swiper-slide-inner\"><img decoding=\"async\" class=\"swiper-slide-image\" src=\"http:\/\/diderot.education\/65254e4a287a2-jerome-roth\/wp-content\/uploads\/sites\/346\/2023\/10\/IMG_3757-compressed-scaled.jpg\" alt=\"Hapal\u00e9mur gris (Hapalemur griseus)\" \/><figcaption class=\"elementor-image-carousel-caption\">Hapal\u00e9mur gris (Hapalemur griseus)<\/figcaption><\/figure><\/div><div class=\"swiper-slide\" role=\"group\" aria-roledescription=\"slide\" aria-label=\"2 sur 4\"><figure class=\"swiper-slide-inner\"><img decoding=\"async\" class=\"swiper-slide-image\" src=\"http:\/\/diderot.education\/65254e4a287a2-jerome-roth\/wp-content\/uploads\/sites\/346\/2023\/10\/IMG_3760-compressed-scaled.jpg\" alt=\"Hapal\u00e9mur gris (Hapalemur griseus)\" \/><figcaption class=\"elementor-image-carousel-caption\">Hapal\u00e9mur gris (Hapalemur griseus)<\/figcaption><\/figure><\/div><div class=\"swiper-slide\" role=\"group\" aria-roledescription=\"slide\" aria-label=\"3 sur 4\"><figure class=\"swiper-slide-inner\"><img decoding=\"async\" class=\"swiper-slide-image\" src=\"http:\/\/diderot.education\/65254e4a287a2-jerome-roth\/wp-content\/uploads\/sites\/346\/2023\/10\/IMG_3765-compressed-scaled.jpg\" alt=\"Hapal\u00e9mur gris (Hapalemur griseus)\" \/><figcaption class=\"elementor-image-carousel-caption\">Hapal\u00e9mur gris (Hapalemur griseus)<\/figcaption><\/figure><\/div><div class=\"swiper-slide\" role=\"group\" aria-roledescription=\"slide\" aria-label=\"4 sur 4\"><figure class=\"swiper-slide-inner\"><img decoding=\"async\" class=\"swiper-slide-image\" src=\"http:\/\/diderot.education\/65254e4a287a2-jerome-roth\/wp-content\/uploads\/sites\/346\/2023\/10\/IMG_3769-compressed-scaled.jpg\" alt=\"Hapal\u00e9mur gris (Hapalemur griseus)\" \/><figcaption class=\"elementor-image-carousel-caption\">Hapal\u00e9mur gris (Hapalemur griseus)<\/figcaption><\/figure><\/div>\t\t\t<\/div>\n\t\t\t\t\t\t\t\t\t\t\t\t<div class=\"elementor-swiper-button elementor-swiper-button-prev\" role=\"button\" tabindex=\"0\">\n\t\t\t\t\t\t<i aria-hidden=\"true\" class=\"eicon-chevron-left\"><\/i>\t\t\t\t\t<\/div>\n\t\t\t\t\t<div class=\"elementor-swiper-button elementor-swiper-button-next\" role=\"button\" tabindex=\"0\">\n\t\t\t\t\t\t<i aria-hidden=\"true\" class=\"eicon-chevron-right\"><\/i>\t\t\t\t\t<\/div>\n\t\t\t\t\n\t\t\t\t\t\t\t\t\t<div class=\"swiper-pagination\"><\/div>\n\t\t\t\t\t\t\t\t\t<\/div>\n\t\t\t\t\t\t<\/div>\n\t\t\t\t<\/div>\n\t\t\t\t\t<\/div>\n\t\t<\/div>\n\t\t\t\t\t<\/div>\n\t\t<\/section>\n\t\t\t\t<\/div>\n\t\t","protected":false},"excerpt":{"rendered":"<p>Moustac (Cercopithecus cephus) Moustac (Cercopithecus cephus) Moustac (Cercopithecus cephus) Pr\u00e9c\u00e9dent Suivant Hapal\u00e9mur gris (Hapalemur griseus) Hapal\u00e9mur gris (Hapalemur griseus) Hapal\u00e9mur gris (Hapalemur griseus) Hapal\u00e9mur gris (Hapalemur griseus) Pr\u00e9c\u00e9dent Suivant<\/p>\n","protected":false},"author":348,"featured_media":0,"parent":0,"menu_order":0,"comment_status":"closed","ping_status":"closed","template":"page-templates\/template-pagebuilder-full-width.php","meta":{"om_disable_all_campaigns":false,"neve_meta_sidebar":"","neve_meta_container":"","neve_meta_enable_content_width":"","neve_meta_content_width":0,"neve_meta_title_alignment":"","neve_meta_author_avatar":"","neve_post_elements_order":"","neve_meta_disable_header":"","neve_meta_disable_footer":"","neve_meta_disable_title":"","footnotes":""},"class_list":["post-94","page","type-page","status-publish","hentry"],"featured_image_src":null,"yoast_head":"<!-- This site is optimized with the Yoast SEO plugin v27.5 - https:\/\/yoast.com\/product\/yoast-seo-wordpress\/ -->\n<title>Galerie Photo - J\u00e9r\u00f4me ROTH<\/title>\n<meta name=\"robots\" content=\"index, follow, max-snippet:-1, max-image-preview:large, max-video-preview:-1\" \/>\n<link rel=\"canonical\" href=\"http:\/\/diderot.education\/65254e4a287a2-jerome-roth\/galerie-photo\/\" \/>\n<meta property=\"og:locale\" content=\"fr_FR\" \/>\n<meta property=\"og:type\" content=\"article\" \/>\n<meta property=\"og:title\" content=\"Galerie Photo - J\u00e9r\u00f4me ROTH\" \/>\n<meta property=\"og:description\" content=\"Moustac (Cercopithecus cephus) Moustac (Cercopithecus cephus) Moustac (Cercopithecus cephus) Pr\u00e9c\u00e9dent Suivant Hapal\u00e9mur gris (Hapalemur griseus) Hapal\u00e9mur gris (Hapalemur griseus) Hapal\u00e9mur gris (Hapalemur griseus) Hapal\u00e9mur gris (Hapalemur griseus) Pr\u00e9c\u00e9dent Suivant\" \/>\n<meta property=\"og:url\" content=\"http:\/\/diderot.education\/65254e4a287a2-jerome-roth\/galerie-photo\/\" \/>\n<meta property=\"og:site_name\" content=\"J\u00e9r\u00f4me ROTH\" \/>\n<meta property=\"article:modified_time\" content=\"2023-10-24T14:13:43+00:00\" \/>\n<meta property=\"og:image\" content=\"http:\/\/diderot.education\/65254e4a287a2-jerome-roth\/wp-content\/uploads\/sites\/346\/2023\/10\/P1000072-compressed-1-scaled.jpg\" \/>\n<meta name=\"twitter:card\" content=\"summary_large_image\" \/>\n<meta name=\"twitter:label1\" content=\"Dur\u00e9e de lecture estim\u00e9e\" \/>\n\t<meta name=\"twitter:data1\" content=\"3 minutes\" \/>\n<script type=\"application\/ld+json\" class=\"yoast-schema-graph\">{\"@context\":\"https:\\\/\\\/schema.org\",\"@graph\":[{\"@type\":\"WebPage\",\"@id\":\"http:\\\/\\\/diderot.education\\\/65254e4a287a2-jerome-roth\\\/galerie-photo\\\/\",\"url\":\"http:\\\/\\\/diderot.education\\\/65254e4a287a2-jerome-roth\\\/galerie-photo\\\/\",\"name\":\"Galerie Photo - J\u00e9r\u00f4me ROTH\",\"isPartOf\":{\"@id\":\"http:\\\/\\\/diderot.education\\\/65254e4a287a2-jerome-roth\\\/#website\"},\"primaryImageOfPage\":{\"@id\":\"http:\\\/\\\/diderot.education\\\/65254e4a287a2-jerome-roth\\\/galerie-photo\\\/#primaryimage\"},\"image\":{\"@id\":\"http:\\\/\\\/diderot.education\\\/65254e4a287a2-jerome-roth\\\/galerie-photo\\\/#primaryimage\"},\"thumbnailUrl\":\"http:\\\/\\\/diderot.education\\\/65254e4a287a2-jerome-roth\\\/wp-content\\\/uploads\\\/sites\\\/346\\\/2023\\\/10\\\/P1000072-compressed-1-scaled.jpg\",\"datePublished\":\"2023-10-24T13:20:54+00:00\",\"dateModified\":\"2023-10-24T14:13:43+00:00\",\"breadcrumb\":{\"@id\":\"http:\\\/\\\/diderot.education\\\/65254e4a287a2-jerome-roth\\\/galerie-photo\\\/#breadcrumb\"},\"inLanguage\":\"fr-FR\",\"potentialAction\":[{\"@type\":\"ReadAction\",\"target\":[\"http:\\\/\\\/diderot.education\\\/65254e4a287a2-jerome-roth\\\/galerie-photo\\\/\"]}]},{\"@type\":\"ImageObject\",\"inLanguage\":\"fr-FR\",\"@id\":\"http:\\\/\\\/diderot.education\\\/65254e4a287a2-jerome-roth\\\/galerie-photo\\\/#primaryimage\",\"url\":\"http:\\\/\\\/diderot.education\\\/65254e4a287a2-jerome-roth\\\/wp-content\\\/uploads\\\/sites\\\/346\\\/2023\\\/10\\\/P1000072-compressed-1-scaled.jpg\",\"contentUrl\":\"http:\\\/\\\/diderot.education\\\/65254e4a287a2-jerome-roth\\\/wp-content\\\/uploads\\\/sites\\\/346\\\/2023\\\/10\\\/P1000072-compressed-1-scaled.jpg\",\"width\":2560,\"height\":1920,\"caption\":\"Moustac (Cercopithecus cephus)\"},{\"@type\":\"BreadcrumbList\",\"@id\":\"http:\\\/\\\/diderot.education\\\/65254e4a287a2-jerome-roth\\\/galerie-photo\\\/#breadcrumb\",\"itemListElement\":[{\"@type\":\"ListItem\",\"position\":1,\"name\":\"Accueil\",\"item\":\"http:\\\/\\\/diderot.education\\\/65254e4a287a2-jerome-roth\\\/\"},{\"@type\":\"ListItem\",\"position\":2,\"name\":\"Galerie Photo\"}]},{\"@type\":\"WebSite\",\"@id\":\"http:\\\/\\\/diderot.education\\\/65254e4a287a2-jerome-roth\\\/#website\",\"url\":\"http:\\\/\\\/diderot.education\\\/65254e4a287a2-jerome-roth\\\/\",\"name\":\"J\u00e9r\u00f4me ROTH\",\"description\":\"\",\"potentialAction\":[{\"@type\":\"SearchAction\",\"target\":{\"@type\":\"EntryPoint\",\"urlTemplate\":\"http:\\\/\\\/diderot.education\\\/65254e4a287a2-jerome-roth\\\/?s={search_term_string}\"},\"query-input\":{\"@type\":\"PropertyValueSpecification\",\"valueRequired\":true,\"valueName\":\"search_term_string\"}}],\"inLanguage\":\"fr-FR\"}]}<\/script>\n<!-- \/ Yoast SEO plugin. -->","yoast_head_json":{"title":"Galerie Photo - J\u00e9r\u00f4me ROTH","robots":{"index":"index","follow":"follow","max-snippet":"max-snippet:-1","max-image-preview":"max-image-preview:large","max-video-preview":"max-video-preview:-1"},"canonical":"http:\/\/diderot.education\/65254e4a287a2-jerome-roth\/galerie-photo\/","og_locale":"fr_FR","og_type":"article","og_title":"Galerie Photo - J\u00e9r\u00f4me ROTH","og_description":"Moustac (Cercopithecus cephus) Moustac (Cercopithecus cephus) Moustac (Cercopithecus cephus) Pr\u00e9c\u00e9dent Suivant Hapal\u00e9mur gris (Hapalemur griseus) Hapal\u00e9mur gris (Hapalemur griseus) Hapal\u00e9mur gris (Hapalemur griseus) Hapal\u00e9mur gris (Hapalemur griseus) Pr\u00e9c\u00e9dent Suivant","og_url":"http:\/\/diderot.education\/65254e4a287a2-jerome-roth\/galerie-photo\/","og_site_name":"J\u00e9r\u00f4me ROTH","article_modified_time":"2023-10-24T14:13:43+00:00","og_image":[{"url":"http:\/\/diderot.education\/65254e4a287a2-jerome-roth\/wp-content\/uploads\/sites\/346\/2023\/10\/P1000072-compressed-1-scaled.jpg","type":"","width":"","height":""}],"twitter_card":"summary_large_image","twitter_misc":{"Dur\u00e9e de lecture estim\u00e9e":"3 minutes"},"schema":{"@context":"https:\/\/schema.org","@graph":[{"@type":"WebPage","@id":"http:\/\/diderot.education\/65254e4a287a2-jerome-roth\/galerie-photo\/","url":"http:\/\/diderot.education\/65254e4a287a2-jerome-roth\/galerie-photo\/","name":"Galerie Photo - J\u00e9r\u00f4me ROTH","isPartOf":{"@id":"http:\/\/diderot.education\/65254e4a287a2-jerome-roth\/#website"},"primaryImageOfPage":{"@id":"http:\/\/diderot.education\/65254e4a287a2-jerome-roth\/galerie-photo\/#primaryimage"},"image":{"@id":"http:\/\/diderot.education\/65254e4a287a2-jerome-roth\/galerie-photo\/#primaryimage"},"thumbnailUrl":"http:\/\/diderot.education\/65254e4a287a2-jerome-roth\/wp-content\/uploads\/sites\/346\/2023\/10\/P1000072-compressed-1-scaled.jpg","datePublished":"2023-10-24T13:20:54+00:00","dateModified":"2023-10-24T14:13:43+00:00","breadcrumb":{"@id":"http:\/\/diderot.education\/65254e4a287a2-jerome-roth\/galerie-photo\/#breadcrumb"},"inLanguage":"fr-FR","potentialAction":[{"@type":"ReadAction","target":["http:\/\/diderot.education\/65254e4a287a2-jerome-roth\/galerie-photo\/"]}]},{"@type":"ImageObject","inLanguage":"fr-FR","@id":"http:\/\/diderot.education\/65254e4a287a2-jerome-roth\/galerie-photo\/#primaryimage","url":"http:\/\/diderot.education\/65254e4a287a2-jerome-roth\/wp-content\/uploads\/sites\/346\/2023\/10\/P1000072-compressed-1-scaled.jpg","contentUrl":"http:\/\/diderot.education\/65254e4a287a2-jerome-roth\/wp-content\/uploads\/sites\/346\/2023\/10\/P1000072-compressed-1-scaled.jpg","width":2560,"height":1920,"caption":"Moustac (Cercopithecus cephus)"},{"@type":"BreadcrumbList","@id":"http:\/\/diderot.education\/65254e4a287a2-jerome-roth\/galerie-photo\/#breadcrumb","itemListElement":[{"@type":"ListItem","position":1,"name":"Accueil","item":"http:\/\/diderot.education\/65254e4a287a2-jerome-roth\/"},{"@type":"ListItem","position":2,"name":"Galerie Photo"}]},{"@type":"WebSite","@id":"http:\/\/diderot.education\/65254e4a287a2-jerome-roth\/#website","url":"http:\/\/diderot.education\/65254e4a287a2-jerome-roth\/","name":"J\u00e9r\u00f4me ROTH","description":"","potentialAction":[{"@type":"SearchAction","target":{"@type":"EntryPoint","urlTemplate":"http:\/\/diderot.education\/65254e4a287a2-jerome-roth\/?s={search_term_string}"},"query-input":{"@type":"PropertyValueSpecification","valueRequired":true,"valueName":"search_term_string"}}],"inLanguage":"fr-FR"}]}},"_links":{"self":[{"href":"http:\/\/diderot.education\/65254e4a287a2-jerome-roth\/wp-json\/wp\/v2\/pages\/94","targetHints":{"allow":["GET"]}}],"collection":[{"href":"http:\/\/diderot.education\/65254e4a287a2-jerome-roth\/wp-json\/wp\/v2\/pages"}],"about":[{"href":"http:\/\/diderot.education\/65254e4a287a2-jerome-roth\/wp-json\/wp\/v2\/types\/page"}],"author":[{"embeddable":true,"href":"http:\/\/diderot.education\/65254e4a287a2-jerome-roth\/wp-json\/wp\/v2\/users\/348"}],"replies":[{"embeddable":true,"href":"http:\/\/diderot.education\/65254e4a287a2-jerome-roth\/wp-json\/wp\/v2\/comments?post=94"}],"version-history":[{"count":20,"href":"http:\/\/diderot.education\/65254e4a287a2-jerome-roth\/wp-json\/wp\/v2\/pages\/94\/revisions"}],"predecessor-version":[{"id":204,"href":"http:\/\/diderot.education\/65254e4a287a2-jerome-roth\/wp-json\/wp\/v2\/pages\/94\/revisions\/204"}],"wp:attachment":[{"href":"http:\/\/diderot.education\/65254e4a287a2-jerome-roth\/wp-json\/wp\/v2\/media?parent=94"}],"curies":[{"name":"wp","href":"https:\/\/api.w.org\/{rel}","templated":true}]}}