{"id":38,"date":"2024-01-28T16:22:07","date_gmt":"2024-01-28T15:22:07","guid":{"rendered":"http:\/\/diderot.education\/65537b9653b8d-lea-perego\/?page_id=38"},"modified":"2024-10-24T13:08:53","modified_gmt":"2024-10-24T11:08:53","slug":"mes-formations","status":"publish","type":"page","link":"http:\/\/diderot.education\/65537b9653b8d-lea-perego\/mes-formations\/","title":{"rendered":"Mes formations"},"content":{"rendered":"\t\t<div data-elementor-type=\"wp-page\" data-elementor-id=\"38\" class=\"elementor elementor-38\">\n\t\t\t\t\t\t<section class=\"elementor-section elementor-top-section elementor-element elementor-element-f5c8d04 elementor-section-boxed elementor-section-height-default elementor-section-height-default wpr-particle-no wpr-jarallax-no wpr-parallax-no wpr-sticky-section-no wpr-equal-height-no\" data-id=\"f5c8d04\" data-element_type=\"section\" data-e-type=\"section\">\n\t\t\t\t\t\t<div class=\"elementor-container elementor-column-gap-default\">\n\t\t\t\t\t<div class=\"elementor-column elementor-col-100 elementor-top-column elementor-element elementor-element-ae93248\" data-id=\"ae93248\" data-element_type=\"column\" data-e-type=\"column\">\n\t\t\t<div class=\"elementor-widget-wrap elementor-element-populated\">\n\t\t\t\t\t\t<div class=\"elementor-element elementor-element-1c60d32 elementor-widget elementor-widget-text-editor\" data-id=\"1c60d32\" data-element_type=\"widget\" data-e-type=\"widget\" data-widget_type=\"text-editor.default\">\n\t\t\t\t<div class=\"elementor-widget-container\">\n\t\t\t\t\t\t\t\t\t<p>D\u00e9couvrez mon parcours scolaire. Vous y trouverez toutes les formations que j&rsquo;ai pu faire du bac jusqu&rsquo;\u00e0 mes \u00e9tudes sup\u00e9rieures.\u00a0<\/p>\t\t\t\t\t\t\t\t<\/div>\n\t\t\t\t<\/div>\n\t\t\t\t<div class=\"elementor-element elementor-element-27531d8 wpr-list-style-none elementor-widget elementor-widget-wpr-posts-timeline\" data-id=\"27531d8\" data-element_type=\"widget\" data-e-type=\"widget\" data-settings=\"{&quot;animation_offset&quot;:150,&quot;aos_animation_duration&quot;:600}\" data-widget_type=\"wpr-posts-timeline.default\">\n\t\t\t\t<div class=\"elementor-widget-container\">\n\t\t\t\t\t\n\t\t<div class=\"wpr-wrapper wpr-vertical wpr-centered\">\n\t\t\t<div class=\"wpr-timeline-centered wpr-line wpr-both-sided-timeline\"><div class=\"wpr-middle-line\"><\/div><div class=\"wpr-timeline-fill\" data-layout=\"centered\"><\/div><span class=\"wpr-year-wrap\"><span class=\"wpr-year-label wpr-year\">2019<\/span><\/span><article class=\"wpr-timeline-entry wpr-left-aligned elementor-repeater-item-d378f37\" data-item-id=\"elementor-repeater-item-d378f37\"><time class=\"wpr-extra-label\" data-aos=\"fade\" data-aos-left=\"\" data-aos-right=\"\" data-animation-offset=\"150\" data-animation-duration=\"600\"><span class=\"wpr-label\">Juin 2019<\/span><span class=\"wpr-sub-label\">BAC S<\/span><\/time><div class=\"wpr-timeline-entry-inner\"><div class=\"wpr-main-line-icon wpr-icon\"><i aria-hidden=\"true\" class=\"fas fa-school\"><\/i><\/div><div class=\"wpr-story-info-vertical wpr-data-wrap \"  data-aos=\"fade\" data-aos-left=\"\" data-aos-right=\"\" data-animation-offset=\"150\" data-animation-duration=\"600\"><div class=\"wpr-animation-wrap wpr-timeline-media\"><img fetchpriority=\"high\" decoding=\"async\" width=\"2560\" height=\"1700\" src=\"http:\/\/diderot.education\/65537b9653b8d-lea-perego\/wp-content\/uploads\/sites\/434\/2024\/02\/eder-pozo-perez-ymqeugh2Ns8-unsplash-1-scaled.jpg\" class=\"attachment-full size-full\" alt=\"\" srcset=\"http:\/\/diderot.education\/65537b9653b8d-lea-perego\/wp-content\/uploads\/sites\/434\/2024\/02\/eder-pozo-perez-ymqeugh2Ns8-unsplash-1-scaled.jpg 2560w, http:\/\/diderot.education\/65537b9653b8d-lea-perego\/wp-content\/uploads\/sites\/434\/2024\/02\/eder-pozo-perez-ymqeugh2Ns8-unsplash-1-300x199.jpg 300w, http:\/\/diderot.education\/65537b9653b8d-lea-perego\/wp-content\/uploads\/sites\/434\/2024\/02\/eder-pozo-perez-ymqeugh2Ns8-unsplash-1-1024x680.jpg 1024w, http:\/\/diderot.education\/65537b9653b8d-lea-perego\/wp-content\/uploads\/sites\/434\/2024\/02\/eder-pozo-perez-ymqeugh2Ns8-unsplash-1-768x510.jpg 768w, http:\/\/diderot.education\/65537b9653b8d-lea-perego\/wp-content\/uploads\/sites\/434\/2024\/02\/eder-pozo-perez-ymqeugh2Ns8-unsplash-1-1536x1020.jpg 1536w, http:\/\/diderot.education\/65537b9653b8d-lea-perego\/wp-content\/uploads\/sites\/434\/2024\/02\/eder-pozo-perez-ymqeugh2Ns8-unsplash-1-2048x1360.jpg 2048w\" sizes=\"(max-width: 2560px) 100vw, 2560px\" \/><\/div><div class=\"wpr-timeline-content-wrapper\"><div class=\"wpr-content-wrapper\"><div class=\"wpr-title-wrap\"><span class=\"wpr-title\">Bac Scientifique <\/span><\/div><div class=\"wpr-description\"><p>Bac Scientifique avec Sp\u00e9cialit\u00e9 Sciences et Vie de la Terre obtenu avec mention Assez Bien au <a href=\"https:\/\/notredamecastres.fr\/lycee-general-et-technologique\/\" target=\"_blank\" rel=\"noopener\">Lyc\u00e9e Notre Dame \u00e0 Castres<\/a> (81100)\u00a0<\/p><\/div><\/div><\/div><\/div>\n\t\t\t\t\t\t<\/div>\n\t\t\t\t<\/article><span class=\"wpr-year-wrap\"><span class=\"wpr-year-label wpr-year\">2022<\/span><\/span><article class=\"wpr-timeline-entry wpr-right-aligned elementor-repeater-item-76046f0\" data-item-id=\"elementor-repeater-item-76046f0\"><time class=\"wpr-extra-label\" data-aos=\"fade\" data-aos-left=\"\" data-aos-right=\"\" data-animation-offset=\"150\" data-animation-duration=\"600\"><span class=\"wpr-label\">Mai 2022<\/span><span class=\"wpr-sub-label\">Licence BOPE <\/span><\/time><div class=\"wpr-timeline-entry-inner\"><div class=\"wpr-main-line-icon wpr-icon\"><i aria-hidden=\"true\" class=\"fas fa-university\"><\/i><\/div><div class=\"wpr-story-info-vertical wpr-data-wrap \"  data-aos=\"fade\" data-aos-left=\"\" data-aos-right=\"\" data-animation-offset=\"150\" data-animation-duration=\"600\"><div class=\"wpr-animation-wrap wpr-timeline-media\"><img decoding=\"async\" width=\"2560\" height=\"1707\" src=\"http:\/\/diderot.education\/65537b9653b8d-lea-perego\/wp-content\/uploads\/sites\/434\/2024\/01\/cristina-gottardi-UFRMc7o9Ci8-unsplash-scaled.jpg\" class=\"attachment-full size-full\" alt=\"\" srcset=\"http:\/\/diderot.education\/65537b9653b8d-lea-perego\/wp-content\/uploads\/sites\/434\/2024\/01\/cristina-gottardi-UFRMc7o9Ci8-unsplash-scaled.jpg 2560w, http:\/\/diderot.education\/65537b9653b8d-lea-perego\/wp-content\/uploads\/sites\/434\/2024\/01\/cristina-gottardi-UFRMc7o9Ci8-unsplash-300x200.jpg 300w, http:\/\/diderot.education\/65537b9653b8d-lea-perego\/wp-content\/uploads\/sites\/434\/2024\/01\/cristina-gottardi-UFRMc7o9Ci8-unsplash-1024x683.jpg 1024w, http:\/\/diderot.education\/65537b9653b8d-lea-perego\/wp-content\/uploads\/sites\/434\/2024\/01\/cristina-gottardi-UFRMc7o9Ci8-unsplash-768x512.jpg 768w, http:\/\/diderot.education\/65537b9653b8d-lea-perego\/wp-content\/uploads\/sites\/434\/2024\/01\/cristina-gottardi-UFRMc7o9Ci8-unsplash-1536x1024.jpg 1536w, http:\/\/diderot.education\/65537b9653b8d-lea-perego\/wp-content\/uploads\/sites\/434\/2024\/01\/cristina-gottardi-UFRMc7o9Ci8-unsplash-2048x1365.jpg 2048w\" sizes=\"(max-width: 2560px) 100vw, 2560px\" \/><\/div><div class=\"wpr-timeline-content-wrapper\"><div class=\"wpr-content-wrapper\"><div class=\"wpr-title-wrap\"><span class=\"wpr-title\">Licence Biologie des Organismes et des Ecosyst\u00e8mes <\/span><\/div><div class=\"wpr-description\"><p>Licence Biologie des Populations des Organismes et des Ecosyst\u00e8mes avec sp\u00e9cialit\u00e9 au Semestre 5, comportement animal et au Semestre 6, biologie animale \u00e0 l'<a href=\"https:\/\/www.univ-tlse3.fr\/\" target=\"_blank\" rel=\"noopener\">Universit\u00e9 Paul Sabatier<\/a> de Toulouse\u00a0<\/p><\/div><\/div><\/div><\/div>\n\t\t\t\t\t\t<\/div>\n\t\t\t\t<\/article><span class=\"wpr-year-wrap\"><span class=\"wpr-year-label wpr-year\">2024<\/span><\/span><article class=\"wpr-timeline-entry wpr-left-aligned elementor-repeater-item-b719e4e\" data-item-id=\"elementor-repeater-item-b719e4e\"><time class=\"wpr-extra-label\" data-aos=\"fade\" data-aos-left=\"\" data-aos-right=\"\" data-animation-offset=\"150\" data-animation-duration=\"600\"><span class=\"wpr-label\">Septembre 2024<\/span><span class=\"wpr-sub-label\">BGVN<\/span><\/time><div class=\"wpr-timeline-entry-inner\"><div class=\"wpr-main-line-icon wpr-icon\"><i aria-hidden=\"true\" class=\"fas fa-leaf\"><\/i><\/div><div class=\"wpr-story-info-vertical wpr-data-wrap \"  data-aos=\"fade\" data-aos-left=\"\" data-aos-right=\"\" data-animation-offset=\"150\" data-animation-duration=\"600\"><div class=\"wpr-animation-wrap wpr-timeline-media\"><img decoding=\"async\" width=\"2560\" height=\"1576\" src=\"http:\/\/diderot.education\/65537b9653b8d-lea-perego\/wp-content\/uploads\/sites\/434\/2024\/02\/mehdi-sepehri-cX0Yxw38cx8-unsplash-scaled.jpg\" class=\"attachment-full size-full\" alt=\"\" srcset=\"http:\/\/diderot.education\/65537b9653b8d-lea-perego\/wp-content\/uploads\/sites\/434\/2024\/02\/mehdi-sepehri-cX0Yxw38cx8-unsplash-scaled.jpg 2560w, http:\/\/diderot.education\/65537b9653b8d-lea-perego\/wp-content\/uploads\/sites\/434\/2024\/02\/mehdi-sepehri-cX0Yxw38cx8-unsplash-300x185.jpg 300w, http:\/\/diderot.education\/65537b9653b8d-lea-perego\/wp-content\/uploads\/sites\/434\/2024\/02\/mehdi-sepehri-cX0Yxw38cx8-unsplash-1024x630.jpg 1024w, http:\/\/diderot.education\/65537b9653b8d-lea-perego\/wp-content\/uploads\/sites\/434\/2024\/02\/mehdi-sepehri-cX0Yxw38cx8-unsplash-768x473.jpg 768w, http:\/\/diderot.education\/65537b9653b8d-lea-perego\/wp-content\/uploads\/sites\/434\/2024\/02\/mehdi-sepehri-cX0Yxw38cx8-unsplash-1536x946.jpg 1536w, http:\/\/diderot.education\/65537b9653b8d-lea-perego\/wp-content\/uploads\/sites\/434\/2024\/02\/mehdi-sepehri-cX0Yxw38cx8-unsplash-2048x1261.jpg 2048w\" sizes=\"(max-width: 2560px) 100vw, 2560px\" \/><\/div><div class=\"wpr-timeline-content-wrapper\"><div class=\"wpr-content-wrapper\"><div class=\"wpr-title-wrap\"><span class=\"wpr-title\">Bachelor Gestion et Valorisation Naturaliste <\/span><\/div><div class=\"wpr-description\"><p>Durant cette formation faite \u00e0 l'<a href=\"https:\/\/www.egpn.fr\/\" target=\"_blank\" rel=\"noopener\">EGPN<\/a> de Toulouse, j'ai pu avoir diff\u00e9rentes mati\u00e8res comme: pratique d'expertises naturalistes, g\u00e9nie \u00e9cologique, reconnaissance floristique et faunistique, SIG et outils informatiques, communication digitale en environnement, anglais environnemental, cadres \u00e9conomiques, juridiques et d\u00e9cisions de gestion, Espagnol environnemental, \u2026<br \/>J'ai pu aussi organiser le Salon de l'Environnement de l'EGPN de Toulouse notamment je me suis occup\u00e9e du c\u00f4t\u00e9 communication et recherche de conf\u00e9renciers et d'association.\u00a0<\/p><\/div><\/div><\/div><\/div>\n\t\t\t\t\t\t<\/div>\n\t\t\t\t<\/article><\/div>    \n\t\t\t<\/div>\t\t\t\t<\/div>\n\t\t\t\t<\/div>\n\t\t\t\t\t<\/div>\n\t\t<\/div>\n\t\t\t\t\t<\/div>\n\t\t<\/section>\n\t\t\t\t<section class=\"elementor-section elementor-top-section elementor-element elementor-element-6106d84 elementor-section-boxed elementor-section-height-default elementor-section-height-default wpr-particle-no wpr-jarallax-no wpr-parallax-no wpr-sticky-section-no wpr-equal-height-no\" data-id=\"6106d84\" data-element_type=\"section\" data-e-type=\"section\">\n\t\t\t\t\t\t<div class=\"elementor-container elementor-column-gap-default\">\n\t\t\t\t\t<div class=\"elementor-column elementor-col-100 elementor-top-column elementor-element elementor-element-685e398\" data-id=\"685e398\" data-element_type=\"column\" data-e-type=\"column\">\n\t\t\t<div class=\"elementor-widget-wrap elementor-element-populated\">\n\t\t\t\t\t\t<div class=\"elementor-element elementor-element-081ae45 wpr-stt-btn-align-fixed wpr-stt-btn-align-fixed-right elementor-widget elementor-widget-wpr-back-to-top\" data-id=\"081ae45\" data-element_type=\"widget\" data-e-type=\"widget\" data-widget_type=\"wpr-back-to-top.default\">\n\t\t\t\t<div class=\"elementor-widget-container\">\n\t\t\t\t\t<div class=\"wpr-stt-wrapper\"><div class='wpr-stt-btn' data-settings='{&quot;animation&quot;:&quot;fade&quot;,&quot;animationOffset&quot;:&quot;0&quot;,&quot;animationDuration&quot;:&quot;200&quot;,&quot;fixed&quot;:&quot;fixed&quot;,&quot;scrolAnim&quot;:&quot;800&quot;}'><span class=\"wpr-stt-icon\"><i class=\"fas fa-chevron-up\"><\/i><\/span><\/div><\/div>\t\t\t\t<\/div>\n\t\t\t\t<\/div>\n\t\t\t\t\t<\/div>\n\t\t<\/div>\n\t\t\t\t\t<\/div>\n\t\t<\/section>\n\t\t\t\t<\/div>\n\t\t","protected":false},"excerpt":{"rendered":"<p>D\u00e9couvrez mon parcours scolaire. Vous y trouverez toutes les formations que j&rsquo;ai pu faire du bac jusqu&rsquo;\u00e0 mes \u00e9tudes sup\u00e9rieures.\u00a0 2019 Juin 2019BAC S Bac Scientifique Bac Scientifique avec Sp\u00e9cialit\u00e9 Sciences et Vie de la Terre obtenu avec mention Assez Bien au Lyc\u00e9e Notre Dame \u00e0 Castres (81100)\u00a0 2022 Mai 2022Licence BOPE Licence Biologie des Organismes et des Ecosyst\u00e8mes Licence Biologie des Populations des Organismes et des Ecosyst\u00e8mes avec sp\u00e9cialit\u00e9 au Semestre 5, comportement animal et au Semestre 6, biologie animale \u00e0 l&rsquo;Universit\u00e9 Paul Sabatier de Toulouse\u00a0 2024 Septembre 2024BGVN Bachelor Gestion et Valorisation Naturaliste Durant cette formation faite \u00e0 l&rsquo;EGPN de Toulouse, j&rsquo;ai pu avoir diff\u00e9rentes mati\u00e8res comme: pratique d&rsquo;expertises naturalistes, g\u00e9nie \u00e9cologique, reconnaissance floristique et faunistique, SIG et outils informatiques, communication digitale en environnement, anglais environnemental, cadres \u00e9conomiques, juridiques et d\u00e9cisions de gestion, Espagnol environnemental, \u2026J&rsquo;ai pu aussi organiser le Salon de l&rsquo;Environnement de l&rsquo;EGPN de Toulouse notamment je me suis occup\u00e9e du c\u00f4t\u00e9 communication et recherche de conf\u00e9renciers et d&rsquo;association.\u00a0<\/p>\n","protected":false},"author":436,"featured_media":0,"parent":0,"menu_order":0,"comment_status":"closed","ping_status":"closed","template":"","meta":{"om_disable_all_campaigns":false,"footnotes":""},"class_list":["post-38","page","type-page","status-publish","hentry"],"featured_image_src":null,"yoast_head":"<!-- This site is optimized with the Yoast SEO plugin v27.5 - https:\/\/yoast.com\/product\/yoast-seo-wordpress\/ -->\n<title>Mes formations - L\u00e9a Perego<\/title>\n<meta name=\"description\" content=\"Venez d\u00e9couvrir mon parcours scolaire. De mon bac \u00e0 mes \u00e9tudes sup\u00e9rieures vous verrez toutes les formations que j&#039;ai suivies !\" \/>\n<meta name=\"robots\" content=\"index, follow, max-snippet:-1, max-image-preview:large, max-video-preview:-1\" \/>\n<link rel=\"canonical\" href=\"http:\/\/diderot.education\/65537b9653b8d-lea-perego\/mes-formations\/\" \/>\n<meta property=\"og:locale\" content=\"fr_FR\" \/>\n<meta property=\"og:type\" content=\"article\" \/>\n<meta property=\"og:title\" content=\"Mes formations - L\u00e9a Perego\" \/>\n<meta property=\"og:description\" content=\"Venez d\u00e9couvrir mon parcours scolaire. De mon bac \u00e0 mes \u00e9tudes sup\u00e9rieures vous verrez toutes les formations que j&#039;ai suivies !\" \/>\n<meta property=\"og:url\" content=\"http:\/\/diderot.education\/65537b9653b8d-lea-perego\/mes-formations\/\" \/>\n<meta property=\"og:site_name\" content=\"L\u00e9a Perego\" \/>\n<meta property=\"article:modified_time\" content=\"2024-10-24T11:08:53+00:00\" \/>\n<meta property=\"og:image\" content=\"http:\/\/diderot.education\/65537b9653b8d-lea-perego\/wp-content\/uploads\/sites\/434\/2024\/02\/eder-pozo-perez-ymqeugh2Ns8-unsplash-1-scaled.jpg\" \/>\n<meta name=\"twitter:card\" content=\"summary_large_image\" \/>\n<meta name=\"twitter:label1\" content=\"Dur\u00e9e de lecture estim\u00e9e\" \/>\n\t<meta name=\"twitter:data1\" content=\"2 minutes\" \/>\n<script type=\"application\/ld+json\" class=\"yoast-schema-graph\">{\"@context\":\"https:\\\/\\\/schema.org\",\"@graph\":[{\"@type\":\"WebPage\",\"@id\":\"http:\\\/\\\/diderot.education\\\/65537b9653b8d-lea-perego\\\/mes-formations\\\/\",\"url\":\"http:\\\/\\\/diderot.education\\\/65537b9653b8d-lea-perego\\\/mes-formations\\\/\",\"name\":\"Mes formations - L\u00e9a Perego\",\"isPartOf\":{\"@id\":\"http:\\\/\\\/diderot.education\\\/65537b9653b8d-lea-perego\\\/#website\"},\"primaryImageOfPage\":{\"@id\":\"http:\\\/\\\/diderot.education\\\/65537b9653b8d-lea-perego\\\/mes-formations\\\/#primaryimage\"},\"image\":{\"@id\":\"http:\\\/\\\/diderot.education\\\/65537b9653b8d-lea-perego\\\/mes-formations\\\/#primaryimage\"},\"thumbnailUrl\":\"http:\\\/\\\/diderot.education\\\/65537b9653b8d-lea-perego\\\/wp-content\\\/uploads\\\/sites\\\/434\\\/2024\\\/02\\\/eder-pozo-perez-ymqeugh2Ns8-unsplash-1-scaled.jpg\",\"datePublished\":\"2024-01-28T15:22:07+00:00\",\"dateModified\":\"2024-10-24T11:08:53+00:00\",\"description\":\"Venez d\u00e9couvrir mon parcours scolaire. De mon bac \u00e0 mes \u00e9tudes sup\u00e9rieures vous verrez toutes les formations que j'ai suivies !\",\"breadcrumb\":{\"@id\":\"http:\\\/\\\/diderot.education\\\/65537b9653b8d-lea-perego\\\/mes-formations\\\/#breadcrumb\"},\"inLanguage\":\"fr-FR\",\"potentialAction\":[{\"@type\":\"ReadAction\",\"target\":[\"http:\\\/\\\/diderot.education\\\/65537b9653b8d-lea-perego\\\/mes-formations\\\/\"]}]},{\"@type\":\"ImageObject\",\"inLanguage\":\"fr-FR\",\"@id\":\"http:\\\/\\\/diderot.education\\\/65537b9653b8d-lea-perego\\\/mes-formations\\\/#primaryimage\",\"url\":\"http:\\\/\\\/diderot.education\\\/65537b9653b8d-lea-perego\\\/wp-content\\\/uploads\\\/sites\\\/434\\\/2024\\\/02\\\/eder-pozo-perez-ymqeugh2Ns8-unsplash-1-scaled.jpg\",\"contentUrl\":\"http:\\\/\\\/diderot.education\\\/65537b9653b8d-lea-perego\\\/wp-content\\\/uploads\\\/sites\\\/434\\\/2024\\\/02\\\/eder-pozo-perez-ymqeugh2Ns8-unsplash-1-scaled.jpg\",\"width\":2560,\"height\":1700},{\"@type\":\"BreadcrumbList\",\"@id\":\"http:\\\/\\\/diderot.education\\\/65537b9653b8d-lea-perego\\\/mes-formations\\\/#breadcrumb\",\"itemListElement\":[{\"@type\":\"ListItem\",\"position\":1,\"name\":\"Accueil\",\"item\":\"http:\\\/\\\/diderot.education\\\/65537b9653b8d-lea-perego\\\/\"},{\"@type\":\"ListItem\",\"position\":2,\"name\":\"Mes formations\"}]},{\"@type\":\"WebSite\",\"@id\":\"http:\\\/\\\/diderot.education\\\/65537b9653b8d-lea-perego\\\/#website\",\"url\":\"http:\\\/\\\/diderot.education\\\/65537b9653b8d-lea-perego\\\/\",\"name\":\"L\u00e9a Perego\",\"description\":\"\",\"potentialAction\":[{\"@type\":\"SearchAction\",\"target\":{\"@type\":\"EntryPoint\",\"urlTemplate\":\"http:\\\/\\\/diderot.education\\\/65537b9653b8d-lea-perego\\\/?s={search_term_string}\"},\"query-input\":{\"@type\":\"PropertyValueSpecification\",\"valueRequired\":true,\"valueName\":\"search_term_string\"}}],\"inLanguage\":\"fr-FR\"}]}<\/script>\n<!-- \/ Yoast SEO plugin. -->","yoast_head_json":{"title":"Mes formations - L\u00e9a Perego","description":"Venez d\u00e9couvrir mon parcours scolaire. De mon bac \u00e0 mes \u00e9tudes sup\u00e9rieures vous verrez toutes les formations que j'ai suivies !","robots":{"index":"index","follow":"follow","max-snippet":"max-snippet:-1","max-image-preview":"max-image-preview:large","max-video-preview":"max-video-preview:-1"},"canonical":"http:\/\/diderot.education\/65537b9653b8d-lea-perego\/mes-formations\/","og_locale":"fr_FR","og_type":"article","og_title":"Mes formations - L\u00e9a Perego","og_description":"Venez d\u00e9couvrir mon parcours scolaire. De mon bac \u00e0 mes \u00e9tudes sup\u00e9rieures vous verrez toutes les formations que j'ai suivies !","og_url":"http:\/\/diderot.education\/65537b9653b8d-lea-perego\/mes-formations\/","og_site_name":"L\u00e9a Perego","article_modified_time":"2024-10-24T11:08:53+00:00","og_image":[{"url":"http:\/\/diderot.education\/65537b9653b8d-lea-perego\/wp-content\/uploads\/sites\/434\/2024\/02\/eder-pozo-perez-ymqeugh2Ns8-unsplash-1-scaled.jpg","type":"","width":"","height":""}],"twitter_card":"summary_large_image","twitter_misc":{"Dur\u00e9e de lecture estim\u00e9e":"2 minutes"},"schema":{"@context":"https:\/\/schema.org","@graph":[{"@type":"WebPage","@id":"http:\/\/diderot.education\/65537b9653b8d-lea-perego\/mes-formations\/","url":"http:\/\/diderot.education\/65537b9653b8d-lea-perego\/mes-formations\/","name":"Mes formations - L\u00e9a Perego","isPartOf":{"@id":"http:\/\/diderot.education\/65537b9653b8d-lea-perego\/#website"},"primaryImageOfPage":{"@id":"http:\/\/diderot.education\/65537b9653b8d-lea-perego\/mes-formations\/#primaryimage"},"image":{"@id":"http:\/\/diderot.education\/65537b9653b8d-lea-perego\/mes-formations\/#primaryimage"},"thumbnailUrl":"http:\/\/diderot.education\/65537b9653b8d-lea-perego\/wp-content\/uploads\/sites\/434\/2024\/02\/eder-pozo-perez-ymqeugh2Ns8-unsplash-1-scaled.jpg","datePublished":"2024-01-28T15:22:07+00:00","dateModified":"2024-10-24T11:08:53+00:00","description":"Venez d\u00e9couvrir mon parcours scolaire. De mon bac \u00e0 mes \u00e9tudes sup\u00e9rieures vous verrez toutes les formations que j'ai suivies !","breadcrumb":{"@id":"http:\/\/diderot.education\/65537b9653b8d-lea-perego\/mes-formations\/#breadcrumb"},"inLanguage":"fr-FR","potentialAction":[{"@type":"ReadAction","target":["http:\/\/diderot.education\/65537b9653b8d-lea-perego\/mes-formations\/"]}]},{"@type":"ImageObject","inLanguage":"fr-FR","@id":"http:\/\/diderot.education\/65537b9653b8d-lea-perego\/mes-formations\/#primaryimage","url":"http:\/\/diderot.education\/65537b9653b8d-lea-perego\/wp-content\/uploads\/sites\/434\/2024\/02\/eder-pozo-perez-ymqeugh2Ns8-unsplash-1-scaled.jpg","contentUrl":"http:\/\/diderot.education\/65537b9653b8d-lea-perego\/wp-content\/uploads\/sites\/434\/2024\/02\/eder-pozo-perez-ymqeugh2Ns8-unsplash-1-scaled.jpg","width":2560,"height":1700},{"@type":"BreadcrumbList","@id":"http:\/\/diderot.education\/65537b9653b8d-lea-perego\/mes-formations\/#breadcrumb","itemListElement":[{"@type":"ListItem","position":1,"name":"Accueil","item":"http:\/\/diderot.education\/65537b9653b8d-lea-perego\/"},{"@type":"ListItem","position":2,"name":"Mes formations"}]},{"@type":"WebSite","@id":"http:\/\/diderot.education\/65537b9653b8d-lea-perego\/#website","url":"http:\/\/diderot.education\/65537b9653b8d-lea-perego\/","name":"L\u00e9a Perego","description":"","potentialAction":[{"@type":"SearchAction","target":{"@type":"EntryPoint","urlTemplate":"http:\/\/diderot.education\/65537b9653b8d-lea-perego\/?s={search_term_string}"},"query-input":{"@type":"PropertyValueSpecification","valueRequired":true,"valueName":"search_term_string"}}],"inLanguage":"fr-FR"}]}},"_links":{"self":[{"href":"http:\/\/diderot.education\/65537b9653b8d-lea-perego\/wp-json\/wp\/v2\/pages\/38","targetHints":{"allow":["GET"]}}],"collection":[{"href":"http:\/\/diderot.education\/65537b9653b8d-lea-perego\/wp-json\/wp\/v2\/pages"}],"about":[{"href":"http:\/\/diderot.education\/65537b9653b8d-lea-perego\/wp-json\/wp\/v2\/types\/page"}],"author":[{"embeddable":true,"href":"http:\/\/diderot.education\/65537b9653b8d-lea-perego\/wp-json\/wp\/v2\/users\/436"}],"replies":[{"embeddable":true,"href":"http:\/\/diderot.education\/65537b9653b8d-lea-perego\/wp-json\/wp\/v2\/comments?post=38"}],"version-history":[{"count":67,"href":"http:\/\/diderot.education\/65537b9653b8d-lea-perego\/wp-json\/wp\/v2\/pages\/38\/revisions"}],"predecessor-version":[{"id":728,"href":"http:\/\/diderot.education\/65537b9653b8d-lea-perego\/wp-json\/wp\/v2\/pages\/38\/revisions\/728"}],"wp:attachment":[{"href":"http:\/\/diderot.education\/65537b9653b8d-lea-perego\/wp-json\/wp\/v2\/media?parent=38"}],"curies":[{"name":"wp","href":"https:\/\/api.w.org\/{rel}","templated":true}]}}