{"id":585,"date":"2024-10-11T11:02:25","date_gmt":"2024-10-11T09:02:25","guid":{"rendered":"http:\/\/diderot.education\/65537b9653b8d-lea-perego\/?page_id=585"},"modified":"2024-10-11T12:25:50","modified_gmt":"2024-10-11T10:25:50","slug":"herpetofaune","status":"publish","type":"page","link":"http:\/\/diderot.education\/65537b9653b8d-lea-perego\/herpetofaune\/","title":{"rendered":"H\u00e9rp\u00e9tofaune"},"content":{"rendered":"<p class=\"attachment\"><a href='http:\/\/diderot.education\/65537b9653b8d-lea-perego\/wp-content\/uploads\/sites\/434\/2024\/10\/IMG_5335-scaled.jpg'><img fetchpriority=\"high\" decoding=\"async\" width=\"225\" height=\"300\" src=\"http:\/\/diderot.education\/65537b9653b8d-lea-perego\/wp-content\/uploads\/sites\/434\/2024\/10\/IMG_5335-225x300.jpg\" class=\"attachment-medium size-medium\" alt=\"\" srcset=\"http:\/\/diderot.education\/65537b9653b8d-lea-perego\/wp-content\/uploads\/sites\/434\/2024\/10\/IMG_5335-225x300.jpg 225w, http:\/\/diderot.education\/65537b9653b8d-lea-perego\/wp-content\/uploads\/sites\/434\/2024\/10\/IMG_5335-768x1024.jpg 768w, http:\/\/diderot.education\/65537b9653b8d-lea-perego\/wp-content\/uploads\/sites\/434\/2024\/10\/IMG_5335-1152x1536.jpg 1152w, http:\/\/diderot.education\/65537b9653b8d-lea-perego\/wp-content\/uploads\/sites\/434\/2024\/10\/IMG_5335-1536x2048.jpg 1536w, http:\/\/diderot.education\/65537b9653b8d-lea-perego\/wp-content\/uploads\/sites\/434\/2024\/10\/IMG_5335-scaled.jpg 1920w\" sizes=\"(max-width: 225px) 100vw, 225px\" \/><\/a><\/p>\n\t\t<div data-elementor-type=\"wp-page\" data-elementor-id=\"585\" class=\"elementor elementor-585\">\n\t\t\t\t\t\t<section class=\"elementor-section elementor-top-section elementor-element elementor-element-2c834a2 elementor-section-boxed elementor-section-height-default elementor-section-height-default wpr-particle-no wpr-jarallax-no wpr-parallax-no wpr-sticky-section-no wpr-equal-height-no\" data-id=\"2c834a2\" data-element_type=\"section\" data-e-type=\"section\">\n\t\t\t\t\t\t<div class=\"elementor-container elementor-column-gap-default\">\n\t\t\t\t\t<div class=\"elementor-column elementor-col-100 elementor-top-column elementor-element elementor-element-95d9b07\" data-id=\"95d9b07\" data-element_type=\"column\" data-e-type=\"column\">\n\t\t\t<div class=\"elementor-widget-wrap elementor-element-populated\">\n\t\t\t\t\t\t<div class=\"elementor-element elementor-element-7dbc89c wpr-grid-columns-2 wpr-grid-columns--tablet3 wpr-grid-columns--mobile1 wpr-grid-pagination-center elementor-widget elementor-widget-wpr-media-grid\" data-id=\"7dbc89c\" data-element_type=\"widget\" data-e-type=\"widget\" data-widget_type=\"wpr-media-grid.default\">\n\t\t\t\t<div class=\"elementor-widget-container\">\n\t\t\t\t\t<section class=\"wpr-grid wpr-media-grid elementor-clearfix\" data-settings=\"{&quot;layout&quot;:&quot;masonry&quot;,&quot;columns_desktop&quot;:&quot;2&quot;,&quot;gutter_hr&quot;:10,&quot;gutter_hr_mobile&quot;:10,&quot;gutter_hr_mobile_extra&quot;:10,&quot;gutter_hr_tablet&quot;:10,&quot;gutter_hr_tablet_extra&quot;:10,&quot;gutter_hr_laptop&quot;:10,&quot;gutter_hr_widescreen&quot;:10,&quot;gutter_vr&quot;:10,&quot;gutter_vr_mobile&quot;:10,&quot;gutter_vr_mobile_extra&quot;:10,&quot;gutter_vr_tablet&quot;:10,&quot;gutter_vr_tablet_extra&quot;:10,&quot;gutter_vr_laptop&quot;:10,&quot;gutter_vr_widescreen&quot;:10,&quot;animation&quot;:&quot;default&quot;,&quot;animation_duration&quot;:0.3,&quot;animation_delay&quot;:0.1,&quot;deeplinking&quot;:&quot;&quot;,&quot;filters_default_filter&quot;:&quot;&quot;,&quot;filters_linkable&quot;:&quot;no&quot;,&quot;filters_count&quot;:&quot;&quot;,&quot;filters_hide_empty&quot;:&quot;no&quot;,&quot;filters_animation&quot;:&quot;default&quot;,&quot;filters_animation_duration&quot;:0.3,&quot;filters_animation_delay&quot;:0.1,&quot;pagination_type&quot;:&quot;load-more&quot;,&quot;pagination_max_pages&quot;:1,&quot;lightbox&quot;:{&quot;selector&quot;:&quot;.wpr-grid-image-wrap&quot;,&quot;iframeMaxWidth&quot;:&quot;60%&quot;,&quot;hash&quot;:false,&quot;autoplay&quot;:&quot;true&quot;,&quot;pause&quot;:5000,&quot;progressBar&quot;:&quot;true&quot;,&quot;counter&quot;:&quot;true&quot;,&quot;controls&quot;:&quot;true&quot;,&quot;getCaptionFromTitleOrAlt&quot;:&quot;true&quot;,&quot;thumbnail&quot;:&quot;&quot;,&quot;showThumbByDefault&quot;:&quot;&quot;,&quot;share&quot;:&quot;&quot;,&quot;zoom&quot;:&quot;true&quot;,&quot;fullScreen&quot;:&quot;true&quot;,&quot;download&quot;:&quot;true&quot;}}\"><article class=\"wpr-grid-item elementor-clearfix post-600 attachment type-attachment status-inherit hentry\"><div class=\"wpr-grid-item-inner\"><div class=\"wpr-grid-media-wrap wpr-effect-size-small \"><div class=\"wpr-grid-image-wrap\" data-src=\"http:\/\/diderot.education\/65537b9653b8d-lea-perego\/wp-content\/uploads\/sites\/434\/2024\/10\/IMG_4589.png\"><img decoding=\"async\" src=\"http:\/\/diderot.education\/65537b9653b8d-lea-perego\/wp-content\/uploads\/sites\/434\/2024\/10\/IMG_4589.png\" alt=\"Rainette verte\" class=\"wpr-anim-timing-ease-default\"><\/div><div class=\"wpr-grid-media-hover wpr-animation-wrap\"><div class=\"wpr-grid-media-hover-bg  wpr-overlay-fade-in wpr-anim-size-large wpr-anim-timing-ease-default wpr-anim-transparency\" data-url=\"http:\/\/diderot.education\/65537b9653b8d-lea-perego\/galerie\/img_4589\/\"><\/div><div class=\"wpr-cv-container\"><div class=\"wpr-cv-outer\"><div class=\"wpr-cv-inner\"><div class=\"wpr-grid-media-hover-middle elementor-clearfix\"><div class=\"wpr-grid-item-lightbox elementor-repeater-item-0cbd8ef wpr-grid-item-display-block wpr-grid-item-align-center wpr-element-fade-in wpr-anim-size-large wpr-anim-timing-ease-default wpr-anim-transparency\"><div class=\"inner-block\"><span data-src=\"http:\/\/diderot.education\/65537b9653b8d-lea-perego\/wp-content\/uploads\/sites\/434\/2024\/10\/IMG_4589.png\"><i class=\"fas fa-frog\"><\/i><\/span><div class=\"wpr-grid-lightbox-overlay\"><\/div><\/div><\/div><h2 class=\"wpr-grid-item-title elementor-repeater-item-3e62e89 wpr-grid-item-display-block wpr-grid-item-align-center wpr-element-fade-in wpr-anim-size-large wpr-anim-timing-ease-default wpr-anim-transparency wpr-pointer-none wpr-pointer-line-fx wpr-pointer-fx-fade\"><div class=\"inner-block\"><a  href=\"http:\/\/diderot.education\/65537b9653b8d-lea-perego\/galerie\/img_4589\/\">Rainette verte<\/a><\/div><\/h2><\/div><\/div><\/div><\/div><\/div><\/div><\/div><\/article><article class=\"wpr-grid-item elementor-clearfix post-599 attachment type-attachment status-inherit hentry\"><div class=\"wpr-grid-item-inner\"><div class=\"wpr-grid-media-wrap wpr-effect-size-small \"><div class=\"wpr-grid-image-wrap\" data-src=\"http:\/\/diderot.education\/65537b9653b8d-lea-perego\/wp-content\/uploads\/sites\/434\/2024\/10\/IMG_4588.png\"><img decoding=\"async\" src=\"http:\/\/diderot.education\/65537b9653b8d-lea-perego\/wp-content\/uploads\/sites\/434\/2024\/10\/IMG_4588.png\" alt=\"P\u00e9lodyte ponctu\u00e9\" class=\"wpr-anim-timing-ease-default\"><\/div><div class=\"wpr-grid-media-hover wpr-animation-wrap\"><div class=\"wpr-grid-media-hover-bg  wpr-overlay-fade-in wpr-anim-size-large wpr-anim-timing-ease-default wpr-anim-transparency\" data-url=\"http:\/\/diderot.education\/65537b9653b8d-lea-perego\/galerie\/img_4588\/\"><\/div><div class=\"wpr-cv-container\"><div class=\"wpr-cv-outer\"><div class=\"wpr-cv-inner\"><div class=\"wpr-grid-media-hover-middle elementor-clearfix\"><div class=\"wpr-grid-item-lightbox elementor-repeater-item-0cbd8ef wpr-grid-item-display-block wpr-grid-item-align-center wpr-element-fade-in wpr-anim-size-large wpr-anim-timing-ease-default wpr-anim-transparency\"><div class=\"inner-block\"><span data-src=\"http:\/\/diderot.education\/65537b9653b8d-lea-perego\/wp-content\/uploads\/sites\/434\/2024\/10\/IMG_4588.png\"><i class=\"fas fa-frog\"><\/i><\/span><div class=\"wpr-grid-lightbox-overlay\"><\/div><\/div><\/div><h2 class=\"wpr-grid-item-title elementor-repeater-item-3e62e89 wpr-grid-item-display-block wpr-grid-item-align-center wpr-element-fade-in wpr-anim-size-large wpr-anim-timing-ease-default wpr-anim-transparency wpr-pointer-none wpr-pointer-line-fx wpr-pointer-fx-fade\"><div class=\"inner-block\"><a  href=\"http:\/\/diderot.education\/65537b9653b8d-lea-perego\/galerie\/img_4588\/\">P\u00e9lodyte ponctu\u00e9<\/a><\/div><\/h2><\/div><\/div><\/div><\/div><\/div><\/div><\/div><\/article><article class=\"wpr-grid-item elementor-clearfix post-603 attachment type-attachment status-inherit hentry\"><div class=\"wpr-grid-item-inner\"><div class=\"wpr-grid-media-wrap wpr-effect-size-small \"><div class=\"wpr-grid-image-wrap\" data-src=\"http:\/\/diderot.education\/65537b9653b8d-lea-perego\/wp-content\/uploads\/sites\/434\/2024\/10\/IMG_4778-scaled.jpg\"><img decoding=\"async\" src=\"http:\/\/diderot.education\/65537b9653b8d-lea-perego\/wp-content\/uploads\/sites\/434\/2024\/10\/IMG_4778-scaled.jpg\" alt=\"Seps stri\u00e9\" class=\"wpr-anim-timing-ease-default\"><\/div><div class=\"wpr-grid-media-hover wpr-animation-wrap\"><div class=\"wpr-grid-media-hover-bg  wpr-overlay-fade-in wpr-anim-size-large wpr-anim-timing-ease-default wpr-anim-transparency\" data-url=\"http:\/\/diderot.education\/65537b9653b8d-lea-perego\/galerie\/img_4778\/\"><\/div><div class=\"wpr-cv-container\"><div class=\"wpr-cv-outer\"><div class=\"wpr-cv-inner\"><div class=\"wpr-grid-media-hover-middle elementor-clearfix\"><div class=\"wpr-grid-item-lightbox elementor-repeater-item-0cbd8ef wpr-grid-item-display-block wpr-grid-item-align-center wpr-element-fade-in wpr-anim-size-large wpr-anim-timing-ease-default wpr-anim-transparency\"><div class=\"inner-block\"><span data-src=\"http:\/\/diderot.education\/65537b9653b8d-lea-perego\/wp-content\/uploads\/sites\/434\/2024\/10\/IMG_4778-scaled.jpg\"><i class=\"fas fa-frog\"><\/i><\/span><div class=\"wpr-grid-lightbox-overlay\"><\/div><\/div><\/div><h2 class=\"wpr-grid-item-title elementor-repeater-item-3e62e89 wpr-grid-item-display-block wpr-grid-item-align-center wpr-element-fade-in wpr-anim-size-large wpr-anim-timing-ease-default wpr-anim-transparency wpr-pointer-none wpr-pointer-line-fx wpr-pointer-fx-fade\"><div class=\"inner-block\"><a  href=\"http:\/\/diderot.education\/65537b9653b8d-lea-perego\/galerie\/img_4778\/\">Seps stri\u00e9<\/a><\/div><\/h2><\/div><\/div><\/div><\/div><\/div><\/div><\/div><\/article><article class=\"wpr-grid-item elementor-clearfix post-575 attachment type-attachment status-inherit hentry\"><div class=\"wpr-grid-item-inner\"><div class=\"wpr-grid-media-wrap wpr-effect-size-small \"><div class=\"wpr-grid-image-wrap\" data-src=\"http:\/\/diderot.education\/65537b9653b8d-lea-perego\/wp-content\/uploads\/sites\/434\/2024\/10\/IMG_5335-scaled.jpg\"><img decoding=\"async\" src=\"http:\/\/diderot.education\/65537b9653b8d-lea-perego\/wp-content\/uploads\/sites\/434\/2024\/10\/IMG_5335-scaled.jpg\" alt=\"Couleuvre verte et jaune\" class=\"wpr-anim-timing-ease-default\"><\/div><div class=\"wpr-grid-media-hover wpr-animation-wrap\"><div class=\"wpr-grid-media-hover-bg  wpr-overlay-fade-in wpr-anim-size-large wpr-anim-timing-ease-default wpr-anim-transparency\" data-url=\"http:\/\/diderot.education\/65537b9653b8d-lea-perego\/img_5335\/\"><\/div><div class=\"wpr-cv-container\"><div class=\"wpr-cv-outer\"><div class=\"wpr-cv-inner\"><div class=\"wpr-grid-media-hover-middle elementor-clearfix\"><div class=\"wpr-grid-item-lightbox elementor-repeater-item-0cbd8ef wpr-grid-item-display-block wpr-grid-item-align-center wpr-element-fade-in wpr-anim-size-large wpr-anim-timing-ease-default wpr-anim-transparency\"><div class=\"inner-block\"><span data-src=\"http:\/\/diderot.education\/65537b9653b8d-lea-perego\/wp-content\/uploads\/sites\/434\/2024\/10\/IMG_5335-scaled.jpg\"><i class=\"fas fa-frog\"><\/i><\/span><div class=\"wpr-grid-lightbox-overlay\"><\/div><\/div><\/div><h2 class=\"wpr-grid-item-title elementor-repeater-item-3e62e89 wpr-grid-item-display-block wpr-grid-item-align-center wpr-element-fade-in wpr-anim-size-large wpr-anim-timing-ease-default wpr-anim-transparency wpr-pointer-none wpr-pointer-line-fx wpr-pointer-fx-fade\"><div class=\"inner-block\"><a  href=\"http:\/\/diderot.education\/65537b9653b8d-lea-perego\/img_5335\/\">Couleuvre verte et jaune<\/a><\/div><\/h2><\/div><\/div><\/div><\/div><\/div><\/div><\/div><\/article><\/section>\t\t\t\t<\/div>\n\t\t\t\t<\/div>\n\t\t\t\t\t<\/div>\n\t\t<\/div>\n\t\t\t\t\t<\/div>\n\t\t<\/section>\n\t\t\t\t<\/div>\n\t\t","protected":false},"excerpt":{"rendered":"<p>Rainette verte P\u00e9lodyte ponctu\u00e9 Seps stri\u00e9 Couleuvre verte et jaune<\/p>\n","protected":false},"author":436,"featured_media":0,"parent":0,"menu_order":0,"comment_status":"closed","ping_status":"closed","template":"","meta":{"om_disable_all_campaigns":false,"footnotes":""},"class_list":["post-585","page","type-page","status-publish","hentry"],"featured_image_src":"http:\/\/diderot.education\/65537b9653b8d-lea-perego\/wp-content\/uploads\/sites\/434\/2024\/10\/IMG_5335-scaled.jpg","yoast_head":"<!-- This site is optimized with the Yoast SEO plugin v27.5 - https:\/\/yoast.com\/product\/yoast-seo-wordpress\/ -->\n<title>H\u00e9rp\u00e9tofaune - L\u00e9a Perego<\/title>\n<meta name=\"robots\" content=\"index, follow, max-snippet:-1, max-image-preview:large, max-video-preview:-1\" \/>\n<link rel=\"canonical\" href=\"http:\/\/diderot.education\/65537b9653b8d-lea-perego\/herpetofaune\/\" \/>\n<meta property=\"og:locale\" content=\"fr_FR\" \/>\n<meta property=\"og:type\" content=\"article\" \/>\n<meta property=\"og:title\" content=\"H\u00e9rp\u00e9tofaune - L\u00e9a Perego\" \/>\n<meta property=\"og:description\" content=\"Rainette verte P\u00e9lodyte ponctu\u00e9 Seps stri\u00e9 Couleuvre verte et jaune\" \/>\n<meta property=\"og:url\" content=\"http:\/\/diderot.education\/65537b9653b8d-lea-perego\/herpetofaune\/\" \/>\n<meta property=\"og:site_name\" content=\"L\u00e9a Perego\" \/>\n<meta property=\"article:modified_time\" content=\"2024-10-11T10:25:50+00:00\" \/>\n<meta property=\"og:image\" content=\"http:\/\/diderot.education\/65537b9653b8d-lea-perego\/wp-content\/uploads\/sites\/434\/2024\/10\/IMG_4589.png\" \/>\n<meta name=\"twitter:card\" content=\"summary_large_image\" \/>\n<meta name=\"twitter:label1\" content=\"Dur\u00e9e de lecture estim\u00e9e\" \/>\n\t<meta name=\"twitter:data1\" content=\"1 minute\" \/>\n<script type=\"application\/ld+json\" class=\"yoast-schema-graph\">{\"@context\":\"https:\\\/\\\/schema.org\",\"@graph\":[{\"@type\":\"WebPage\",\"@id\":\"http:\\\/\\\/diderot.education\\\/65537b9653b8d-lea-perego\\\/herpetofaune\\\/\",\"url\":\"http:\\\/\\\/diderot.education\\\/65537b9653b8d-lea-perego\\\/herpetofaune\\\/\",\"name\":\"H\u00e9rp\u00e9tofaune - L\u00e9a Perego\",\"isPartOf\":{\"@id\":\"http:\\\/\\\/diderot.education\\\/65537b9653b8d-lea-perego\\\/#website\"},\"primaryImageOfPage\":{\"@id\":\"http:\\\/\\\/diderot.education\\\/65537b9653b8d-lea-perego\\\/herpetofaune\\\/#primaryimage\"},\"image\":{\"@id\":\"http:\\\/\\\/diderot.education\\\/65537b9653b8d-lea-perego\\\/herpetofaune\\\/#primaryimage\"},\"thumbnailUrl\":\"http:\\\/\\\/diderot.education\\\/65537b9653b8d-lea-perego\\\/wp-content\\\/uploads\\\/sites\\\/434\\\/2024\\\/10\\\/IMG_4589.png\",\"datePublished\":\"2024-10-11T09:02:25+00:00\",\"dateModified\":\"2024-10-11T10:25:50+00:00\",\"breadcrumb\":{\"@id\":\"http:\\\/\\\/diderot.education\\\/65537b9653b8d-lea-perego\\\/herpetofaune\\\/#breadcrumb\"},\"inLanguage\":\"fr-FR\",\"potentialAction\":[{\"@type\":\"ReadAction\",\"target\":[\"http:\\\/\\\/diderot.education\\\/65537b9653b8d-lea-perego\\\/herpetofaune\\\/\"]}]},{\"@type\":\"ImageObject\",\"inLanguage\":\"fr-FR\",\"@id\":\"http:\\\/\\\/diderot.education\\\/65537b9653b8d-lea-perego\\\/herpetofaune\\\/#primaryimage\",\"url\":\"http:\\\/\\\/diderot.education\\\/65537b9653b8d-lea-perego\\\/wp-content\\\/uploads\\\/sites\\\/434\\\/2024\\\/10\\\/IMG_4589.png\",\"contentUrl\":\"http:\\\/\\\/diderot.education\\\/65537b9653b8d-lea-perego\\\/wp-content\\\/uploads\\\/sites\\\/434\\\/2024\\\/10\\\/IMG_4589.png\",\"width\":750,\"height\":1334},{\"@type\":\"BreadcrumbList\",\"@id\":\"http:\\\/\\\/diderot.education\\\/65537b9653b8d-lea-perego\\\/herpetofaune\\\/#breadcrumb\",\"itemListElement\":[{\"@type\":\"ListItem\",\"position\":1,\"name\":\"Accueil\",\"item\":\"http:\\\/\\\/diderot.education\\\/65537b9653b8d-lea-perego\\\/\"},{\"@type\":\"ListItem\",\"position\":2,\"name\":\"H\u00e9rp\u00e9tofaune\"}]},{\"@type\":\"WebSite\",\"@id\":\"http:\\\/\\\/diderot.education\\\/65537b9653b8d-lea-perego\\\/#website\",\"url\":\"http:\\\/\\\/diderot.education\\\/65537b9653b8d-lea-perego\\\/\",\"name\":\"L\u00e9a Perego\",\"description\":\"\",\"potentialAction\":[{\"@type\":\"SearchAction\",\"target\":{\"@type\":\"EntryPoint\",\"urlTemplate\":\"http:\\\/\\\/diderot.education\\\/65537b9653b8d-lea-perego\\\/?s={search_term_string}\"},\"query-input\":{\"@type\":\"PropertyValueSpecification\",\"valueRequired\":true,\"valueName\":\"search_term_string\"}}],\"inLanguage\":\"fr-FR\"}]}<\/script>\n<!-- \/ Yoast SEO plugin. -->","yoast_head_json":{"title":"H\u00e9rp\u00e9tofaune - L\u00e9a Perego","robots":{"index":"index","follow":"follow","max-snippet":"max-snippet:-1","max-image-preview":"max-image-preview:large","max-video-preview":"max-video-preview:-1"},"canonical":"http:\/\/diderot.education\/65537b9653b8d-lea-perego\/herpetofaune\/","og_locale":"fr_FR","og_type":"article","og_title":"H\u00e9rp\u00e9tofaune - L\u00e9a Perego","og_description":"Rainette verte P\u00e9lodyte ponctu\u00e9 Seps stri\u00e9 Couleuvre verte et jaune","og_url":"http:\/\/diderot.education\/65537b9653b8d-lea-perego\/herpetofaune\/","og_site_name":"L\u00e9a Perego","article_modified_time":"2024-10-11T10:25:50+00:00","og_image":[{"url":"http:\/\/diderot.education\/65537b9653b8d-lea-perego\/wp-content\/uploads\/sites\/434\/2024\/10\/IMG_4589.png","type":"","width":"","height":""}],"twitter_card":"summary_large_image","twitter_misc":{"Dur\u00e9e de lecture estim\u00e9e":"1 minute"},"schema":{"@context":"https:\/\/schema.org","@graph":[{"@type":"WebPage","@id":"http:\/\/diderot.education\/65537b9653b8d-lea-perego\/herpetofaune\/","url":"http:\/\/diderot.education\/65537b9653b8d-lea-perego\/herpetofaune\/","name":"H\u00e9rp\u00e9tofaune - L\u00e9a Perego","isPartOf":{"@id":"http:\/\/diderot.education\/65537b9653b8d-lea-perego\/#website"},"primaryImageOfPage":{"@id":"http:\/\/diderot.education\/65537b9653b8d-lea-perego\/herpetofaune\/#primaryimage"},"image":{"@id":"http:\/\/diderot.education\/65537b9653b8d-lea-perego\/herpetofaune\/#primaryimage"},"thumbnailUrl":"http:\/\/diderot.education\/65537b9653b8d-lea-perego\/wp-content\/uploads\/sites\/434\/2024\/10\/IMG_4589.png","datePublished":"2024-10-11T09:02:25+00:00","dateModified":"2024-10-11T10:25:50+00:00","breadcrumb":{"@id":"http:\/\/diderot.education\/65537b9653b8d-lea-perego\/herpetofaune\/#breadcrumb"},"inLanguage":"fr-FR","potentialAction":[{"@type":"ReadAction","target":["http:\/\/diderot.education\/65537b9653b8d-lea-perego\/herpetofaune\/"]}]},{"@type":"ImageObject","inLanguage":"fr-FR","@id":"http:\/\/diderot.education\/65537b9653b8d-lea-perego\/herpetofaune\/#primaryimage","url":"http:\/\/diderot.education\/65537b9653b8d-lea-perego\/wp-content\/uploads\/sites\/434\/2024\/10\/IMG_4589.png","contentUrl":"http:\/\/diderot.education\/65537b9653b8d-lea-perego\/wp-content\/uploads\/sites\/434\/2024\/10\/IMG_4589.png","width":750,"height":1334},{"@type":"BreadcrumbList","@id":"http:\/\/diderot.education\/65537b9653b8d-lea-perego\/herpetofaune\/#breadcrumb","itemListElement":[{"@type":"ListItem","position":1,"name":"Accueil","item":"http:\/\/diderot.education\/65537b9653b8d-lea-perego\/"},{"@type":"ListItem","position":2,"name":"H\u00e9rp\u00e9tofaune"}]},{"@type":"WebSite","@id":"http:\/\/diderot.education\/65537b9653b8d-lea-perego\/#website","url":"http:\/\/diderot.education\/65537b9653b8d-lea-perego\/","name":"L\u00e9a Perego","description":"","potentialAction":[{"@type":"SearchAction","target":{"@type":"EntryPoint","urlTemplate":"http:\/\/diderot.education\/65537b9653b8d-lea-perego\/?s={search_term_string}"},"query-input":{"@type":"PropertyValueSpecification","valueRequired":true,"valueName":"search_term_string"}}],"inLanguage":"fr-FR"}]}},"_links":{"self":[{"href":"http:\/\/diderot.education\/65537b9653b8d-lea-perego\/wp-json\/wp\/v2\/pages\/585","targetHints":{"allow":["GET"]}}],"collection":[{"href":"http:\/\/diderot.education\/65537b9653b8d-lea-perego\/wp-json\/wp\/v2\/pages"}],"about":[{"href":"http:\/\/diderot.education\/65537b9653b8d-lea-perego\/wp-json\/wp\/v2\/types\/page"}],"author":[{"embeddable":true,"href":"http:\/\/diderot.education\/65537b9653b8d-lea-perego\/wp-json\/wp\/v2\/users\/436"}],"replies":[{"embeddable":true,"href":"http:\/\/diderot.education\/65537b9653b8d-lea-perego\/wp-json\/wp\/v2\/comments?post=585"}],"version-history":[{"count":7,"href":"http:\/\/diderot.education\/65537b9653b8d-lea-perego\/wp-json\/wp\/v2\/pages\/585\/revisions"}],"predecessor-version":[{"id":640,"href":"http:\/\/diderot.education\/65537b9653b8d-lea-perego\/wp-json\/wp\/v2\/pages\/585\/revisions\/640"}],"wp:attachment":[{"href":"http:\/\/diderot.education\/65537b9653b8d-lea-perego\/wp-json\/wp\/v2\/media?parent=585"}],"curies":[{"name":"wp","href":"https:\/\/api.w.org\/{rel}","templated":true}]}}