{"id":753,"date":"2024-10-25T15:25:44","date_gmt":"2024-10-25T13:25:44","guid":{"rendered":"http:\/\/diderot.education\/65537b9653b8d-lea-perego\/?page_id=753"},"modified":"2024-11-05T10:19:28","modified_gmt":"2024-11-05T09:19:28","slug":"travaux-realises","status":"publish","type":"page","link":"http:\/\/diderot.education\/65537b9653b8d-lea-perego\/travaux-realises\/","title":{"rendered":"Travaux r\u00e9alis\u00e9s"},"content":{"rendered":"\t\t<div data-elementor-type=\"wp-page\" data-elementor-id=\"753\" class=\"elementor elementor-753\">\n\t\t\t\t\t\t<section class=\"elementor-section elementor-top-section elementor-element elementor-element-eafee28 elementor-section-boxed elementor-section-height-default elementor-section-height-default wpr-particle-no wpr-jarallax-no wpr-parallax-no wpr-sticky-section-no wpr-equal-height-no\" data-id=\"eafee28\" data-element_type=\"section\" data-e-type=\"section\">\n\t\t\t\t\t\t<div class=\"elementor-container elementor-column-gap-default\">\n\t\t\t\t\t<div class=\"elementor-column elementor-col-100 elementor-top-column elementor-element elementor-element-6510027\" data-id=\"6510027\" data-element_type=\"column\" data-e-type=\"column\">\n\t\t\t<div class=\"elementor-widget-wrap elementor-element-populated\">\n\t\t\t\t\t\t<div class=\"elementor-element elementor-element-311a412 wpr-advanced-accordion-icon-side-box elementor-widget elementor-widget-wpr-advanced-accordion\" data-id=\"311a412\" data-element_type=\"widget\" data-e-type=\"widget\" data-settings=\"{&quot;active_item&quot;:1}\" data-widget_type=\"wpr-advanced-accordion.default\">\n\t\t\t\t<div class=\"elementor-widget-container\">\n\t\t\t\t\t\n            <div class=\"wpr-advanced-accordion\" data-accordion-type=\"accordion\" data-active-index=\"1\" data-accordion-trigger=\"click\" data-interaction-speed=\"0.4\">\n\n\t\t\t\n                \n\t\t\t\t\t<div class=\"wpr-accordion-item-wrap\">\n\t\t\t\t\t\t<button class=\"wpr-acc-button\">\n\t\t\t\t\t\t\t<span class=\"wpr-acc-item-title\">\n\t\t\t\t\t\t\t\t\t\t\t\t\t\t\t\t\t<div class=\"wpr-acc-icon-box\">\n\t\t\t\t\t\t\t\t\t\t\t\t\t\t<span class=\"wpr-title-icon\">\n\t\t\t\t\t<i aria-hidden=\"true\" class=\"fas fa-seedling\"><\/i>\t\t\t\t<\/span>\n\t\t\t\t\t\t\t\t\t\t\t\t<\/div>\n\t\t\t\t\t\t\t\t\n\t\t\t\t\t\t\t\t<span class=\"wpr-acc-title-text\">Fiches esp\u00e8ces <\/span>\n\t\t\t\t\t\t\t<\/span>\n\t\t\t\t\t\t\t\t\t\t\t<span class=\"wpr-toggle-icon wpr-ti-close\"><i aria-hidden=\"true\" class=\"fas fa-plus\"><\/i><\/span>\n\t\t\t\t<span class=\"wpr-toggle-icon wpr-ti-open\"><i aria-hidden=\"true\" class=\"fas fa-minus\"><\/i><\/span>\n\t\t\t\t\t\t\t\t\t<\/button>\n\n\t\t\t\t\t\t<div class=\"wpr-acc-panel\">\n\t\t\t\t\t\t\t\t\t\t\t\t\t\t\t<div class=\"wpr-acc-panel-content\"><ul><li><a href=\"http:\/\/diderot.education\/65537b9653b8d-lea-perego\/wp-content\/uploads\/sites\/434\/2024\/10\/Fiches-espece-_compressed.pdf\">L\u00e9zard d'Aur\u00e9lio<\/a><\/li><li><a href=\"http:\/\/diderot.education\/65537b9653b8d-lea-perego\/wp-content\/uploads\/sites\/434\/2024\/10\/FICHE_ESPECE_AGRION_JOLI_compressed.pdf\" target=\"_blank\" rel=\"noopener\">Agrion joli<\/a><\/li><li><a href=\"http:\/\/diderot.education\/65537b9653b8d-lea-perego\/wp-content\/uploads\/sites\/434\/2024\/10\/Busard-cendre-Circus-pygargus_compressed.pdf\" target=\"_blank\" rel=\"noopener\">Busard cendr\u00e9<\/a><\/li><li><a href=\"http:\/\/diderot.education\/65537b9653b8d-lea-perego\/wp-content\/uploads\/sites\/434\/2024\/10\/Oedicneme-criard_compressed.pdf\" target=\"_blank\" rel=\"noopener\">\u0152dicn\u00e8me criard<\/a><\/li><li><a href=\"http:\/\/diderot.education\/65537b9653b8d-lea-perego\/wp-content\/uploads\/sites\/434\/2024\/10\/Outarde-canepetiere_compressed.pdf\">Outarde canepeti\u00e8re<\/a><\/li><li><a href=\"http:\/\/diderot.education\/65537b9653b8d-lea-perego\/wp-content\/uploads\/sites\/434\/2024\/11\/Balbuzard-pecheur-_compressed.pdf\">Balbuzard p\u00eacheur<\/a><\/li><\/ul><\/div>\n\t\t\t\t\t\t\t\t\t\t\t\t\t<\/div>\n                    <\/div>\n\n                \n\t\t\t\t\t<div class=\"wpr-accordion-item-wrap\">\n\t\t\t\t\t\t<button class=\"wpr-acc-button\">\n\t\t\t\t\t\t\t<span class=\"wpr-acc-item-title\">\n\t\t\t\t\t\t\t\t\t\t\t\t\t\t\t\t\t<div class=\"wpr-acc-icon-box\">\n\t\t\t\t\t\t\t\t\t\t\t\t\t\t<span class=\"wpr-title-icon\">\n\t\t\t\t\t<i aria-hidden=\"true\" class=\"fas fa-pen\"><\/i>\t\t\t\t<\/span>\n\t\t\t\t\t\t\t\t\t\t\t\t<\/div>\n\t\t\t\t\t\t\t\t\n\t\t\t\t\t\t\t\t<span class=\"wpr-acc-title-text\">Rapports<\/span>\n\t\t\t\t\t\t\t<\/span>\n\t\t\t\t\t\t\t\t\t\t\t<span class=\"wpr-toggle-icon wpr-ti-close\"><i aria-hidden=\"true\" class=\"fas fa-plus\"><\/i><\/span>\n\t\t\t\t<span class=\"wpr-toggle-icon wpr-ti-open\"><i aria-hidden=\"true\" class=\"fas fa-minus\"><\/i><\/span>\n\t\t\t\t\t\t\t\t\t<\/button>\n\n\t\t\t\t\t\t<div class=\"wpr-acc-panel\">\n\t\t\t\t\t\t\t\t\t\t\t\t\t\t\t<div class=\"wpr-acc-panel-content\"><ul><li><a href=\"http:\/\/diderot.education\/65537b9653b8d-lea-perego\/wp-content\/uploads\/sites\/434\/2024\/10\/TR_OiseauxRechauffement_Climatique_LeaPerego-.pdf\" target=\"_blank\" rel=\"noopener\">Oiseaux et changements climatiques\u00a0<\/a><\/li><li><a href=\"http:\/\/diderot.education\/65537b9653b8d-lea-perego\/wp-content\/uploads\/sites\/434\/2024\/10\/TR_RapacesEolien_LeaPerego-1_compressed.pdf\" target=\"_blank\" rel=\"noopener\">Rapaces et \u00e9oliens<\/a>\u00a0<\/li><\/ul><\/div>\n\t\t\t\t\t\t\t\t\t\t\t\t\t<\/div>\n                    <\/div>\n\n                \n\t\t\t\t\t<div class=\"wpr-accordion-item-wrap\">\n\t\t\t\t\t\t<button class=\"wpr-acc-button\">\n\t\t\t\t\t\t\t<span class=\"wpr-acc-item-title\">\n\t\t\t\t\t\t\t\t\t\t\t\t\t\t\t\t\t<div class=\"wpr-acc-icon-box\">\n\t\t\t\t\t\t\t\t\t\t\t\t\t\t<span class=\"wpr-title-icon\">\n\t\t\t\t\t<i aria-hidden=\"true\" class=\"fas fa-search\"><\/i>\t\t\t\t<\/span>\n\t\t\t\t\t\t\t\t\t\t\t\t<\/div>\n\t\t\t\t\t\t\t\t\n\t\t\t\t\t\t\t\t<span class=\"wpr-acc-title-text\">Clefs de d\u00e9termination<\/span>\n\t\t\t\t\t\t\t<\/span>\n\t\t\t\t\t\t\t\t\t\t\t<span class=\"wpr-toggle-icon wpr-ti-close\"><i aria-hidden=\"true\" class=\"fas fa-plus\"><\/i><\/span>\n\t\t\t\t<span class=\"wpr-toggle-icon wpr-ti-open\"><i aria-hidden=\"true\" class=\"fas fa-minus\"><\/i><\/span>\n\t\t\t\t\t\t\t\t\t<\/button>\n\n\t\t\t\t\t\t<div class=\"wpr-acc-panel\">\n\t\t\t\t\t\t\t\t\t\t\t\t\t\t\t<div class=\"wpr-acc-panel-content\"><ul><li><a href=\"http:\/\/diderot.education\/65537b9653b8d-lea-perego\/wp-content\/uploads\/sites\/434\/2024\/10\/Carnivores-de-France-.pdf\" target=\"_blank\" rel=\"noopener\">Carnivores de France<\/a><\/li><li><a href=\"http:\/\/diderot.education\/65537b9653b8d-lea-perego\/wp-content\/uploads\/sites\/434\/2024\/10\/Clefs-de-determination-1_compressed.pdf\" target=\"_blank\" rel=\"noopener\">Les \"Tringa\" les plus communs\u00a0<\/a><\/li><li><a href=\"http:\/\/diderot.education\/65537b9653b8d-lea-perego\/wp-content\/uploads\/sites\/434\/2024\/10\/Clefs-de-determination-4_compressed.pdf\">Les b\u00e9casseaux les plus communs<\/a><\/li><\/ul><\/div>\n\t\t\t\t\t\t\t\t\t\t\t\t\t<\/div>\n                    <\/div>\n\n                            <\/div>\n        \t\t\t\t<\/div>\n\t\t\t\t<\/div>\n\t\t\t\t<div class=\"elementor-element elementor-element-651491d elementor-widget elementor-widget-spacer\" data-id=\"651491d\" data-element_type=\"widget\" data-e-type=\"widget\" data-widget_type=\"spacer.default\">\n\t\t\t\t<div class=\"elementor-widget-container\">\n\t\t\t\t\t\t\t<div class=\"elementor-spacer\">\n\t\t\t<div class=\"elementor-spacer-inner\"><\/div>\n\t\t<\/div>\n\t\t\t\t\t\t<\/div>\n\t\t\t\t<\/div>\n\t\t\t\t\t<\/div>\n\t\t<\/div>\n\t\t\t\t\t<\/div>\n\t\t<\/section>\n\t\t\t\t<\/div>\n\t\t","protected":false},"excerpt":{"rendered":"<p>Fiches esp\u00e8ces L\u00e9zard d&rsquo;Aur\u00e9lio Agrion joli Busard cendr\u00e9 \u0152dicn\u00e8me criard Outarde canepeti\u00e8re Balbuzard p\u00eacheur Rapports Oiseaux et changements climatiques\u00a0 Rapaces et \u00e9oliens\u00a0 Clefs de d\u00e9termination Carnivores de France Les \u00ab\u00a0Tringa\u00a0\u00bb les plus communs\u00a0 Les b\u00e9casseaux les plus communs<\/p>\n","protected":false},"author":436,"featured_media":0,"parent":0,"menu_order":0,"comment_status":"closed","ping_status":"closed","template":"","meta":{"om_disable_all_campaigns":false,"footnotes":""},"class_list":["post-753","page","type-page","status-publish","hentry"],"featured_image_src":null,"yoast_head":"<!-- This site is optimized with the Yoast SEO plugin v27.5 - https:\/\/yoast.com\/product\/yoast-seo-wordpress\/ -->\n<title>Travaux r\u00e9alis\u00e9s - L\u00e9a Perego<\/title>\n<meta name=\"robots\" content=\"index, follow, max-snippet:-1, max-image-preview:large, max-video-preview:-1\" \/>\n<link rel=\"canonical\" href=\"http:\/\/diderot.education\/65537b9653b8d-lea-perego\/travaux-realises\/\" \/>\n<meta property=\"og:locale\" content=\"fr_FR\" \/>\n<meta property=\"og:type\" content=\"article\" \/>\n<meta property=\"og:title\" content=\"Travaux r\u00e9alis\u00e9s - L\u00e9a Perego\" \/>\n<meta property=\"og:description\" content=\"Fiches esp\u00e8ces L\u00e9zard d&rsquo;Aur\u00e9lio Agrion joli Busard cendr\u00e9 \u0152dicn\u00e8me criard Outarde canepeti\u00e8re Balbuzard p\u00eacheur Rapports Oiseaux et changements climatiques\u00a0 Rapaces et \u00e9oliens\u00a0 Clefs de d\u00e9termination Carnivores de France Les \u00ab\u00a0Tringa\u00a0\u00bb les plus communs\u00a0 Les b\u00e9casseaux les plus communs\" \/>\n<meta property=\"og:url\" content=\"http:\/\/diderot.education\/65537b9653b8d-lea-perego\/travaux-realises\/\" \/>\n<meta property=\"og:site_name\" content=\"L\u00e9a Perego\" \/>\n<meta property=\"article:modified_time\" content=\"2024-11-05T09:19:28+00:00\" \/>\n<meta name=\"twitter:card\" content=\"summary_large_image\" \/>\n<meta name=\"twitter:label1\" content=\"Dur\u00e9e de lecture estim\u00e9e\" \/>\n\t<meta name=\"twitter:data1\" content=\"1 minute\" \/>\n<script type=\"application\/ld+json\" class=\"yoast-schema-graph\">{\"@context\":\"https:\\\/\\\/schema.org\",\"@graph\":[{\"@type\":\"WebPage\",\"@id\":\"http:\\\/\\\/diderot.education\\\/65537b9653b8d-lea-perego\\\/travaux-realises\\\/\",\"url\":\"http:\\\/\\\/diderot.education\\\/65537b9653b8d-lea-perego\\\/travaux-realises\\\/\",\"name\":\"Travaux r\u00e9alis\u00e9s - L\u00e9a Perego\",\"isPartOf\":{\"@id\":\"http:\\\/\\\/diderot.education\\\/65537b9653b8d-lea-perego\\\/#website\"},\"datePublished\":\"2024-10-25T13:25:44+00:00\",\"dateModified\":\"2024-11-05T09:19:28+00:00\",\"breadcrumb\":{\"@id\":\"http:\\\/\\\/diderot.education\\\/65537b9653b8d-lea-perego\\\/travaux-realises\\\/#breadcrumb\"},\"inLanguage\":\"fr-FR\",\"potentialAction\":[{\"@type\":\"ReadAction\",\"target\":[\"http:\\\/\\\/diderot.education\\\/65537b9653b8d-lea-perego\\\/travaux-realises\\\/\"]}]},{\"@type\":\"BreadcrumbList\",\"@id\":\"http:\\\/\\\/diderot.education\\\/65537b9653b8d-lea-perego\\\/travaux-realises\\\/#breadcrumb\",\"itemListElement\":[{\"@type\":\"ListItem\",\"position\":1,\"name\":\"Accueil\",\"item\":\"http:\\\/\\\/diderot.education\\\/65537b9653b8d-lea-perego\\\/\"},{\"@type\":\"ListItem\",\"position\":2,\"name\":\"Travaux r\u00e9alis\u00e9s\"}]},{\"@type\":\"WebSite\",\"@id\":\"http:\\\/\\\/diderot.education\\\/65537b9653b8d-lea-perego\\\/#website\",\"url\":\"http:\\\/\\\/diderot.education\\\/65537b9653b8d-lea-perego\\\/\",\"name\":\"L\u00e9a Perego\",\"description\":\"\",\"potentialAction\":[{\"@type\":\"SearchAction\",\"target\":{\"@type\":\"EntryPoint\",\"urlTemplate\":\"http:\\\/\\\/diderot.education\\\/65537b9653b8d-lea-perego\\\/?s={search_term_string}\"},\"query-input\":{\"@type\":\"PropertyValueSpecification\",\"valueRequired\":true,\"valueName\":\"search_term_string\"}}],\"inLanguage\":\"fr-FR\"}]}<\/script>\n<!-- \/ Yoast SEO plugin. -->","yoast_head_json":{"title":"Travaux r\u00e9alis\u00e9s - L\u00e9a Perego","robots":{"index":"index","follow":"follow","max-snippet":"max-snippet:-1","max-image-preview":"max-image-preview:large","max-video-preview":"max-video-preview:-1"},"canonical":"http:\/\/diderot.education\/65537b9653b8d-lea-perego\/travaux-realises\/","og_locale":"fr_FR","og_type":"article","og_title":"Travaux r\u00e9alis\u00e9s - L\u00e9a Perego","og_description":"Fiches esp\u00e8ces L\u00e9zard d&rsquo;Aur\u00e9lio Agrion joli Busard cendr\u00e9 \u0152dicn\u00e8me criard Outarde canepeti\u00e8re Balbuzard p\u00eacheur Rapports Oiseaux et changements climatiques\u00a0 Rapaces et \u00e9oliens\u00a0 Clefs de d\u00e9termination Carnivores de France Les \u00ab\u00a0Tringa\u00a0\u00bb les plus communs\u00a0 Les b\u00e9casseaux les plus communs","og_url":"http:\/\/diderot.education\/65537b9653b8d-lea-perego\/travaux-realises\/","og_site_name":"L\u00e9a Perego","article_modified_time":"2024-11-05T09:19:28+00:00","twitter_card":"summary_large_image","twitter_misc":{"Dur\u00e9e de lecture estim\u00e9e":"1 minute"},"schema":{"@context":"https:\/\/schema.org","@graph":[{"@type":"WebPage","@id":"http:\/\/diderot.education\/65537b9653b8d-lea-perego\/travaux-realises\/","url":"http:\/\/diderot.education\/65537b9653b8d-lea-perego\/travaux-realises\/","name":"Travaux r\u00e9alis\u00e9s - L\u00e9a Perego","isPartOf":{"@id":"http:\/\/diderot.education\/65537b9653b8d-lea-perego\/#website"},"datePublished":"2024-10-25T13:25:44+00:00","dateModified":"2024-11-05T09:19:28+00:00","breadcrumb":{"@id":"http:\/\/diderot.education\/65537b9653b8d-lea-perego\/travaux-realises\/#breadcrumb"},"inLanguage":"fr-FR","potentialAction":[{"@type":"ReadAction","target":["http:\/\/diderot.education\/65537b9653b8d-lea-perego\/travaux-realises\/"]}]},{"@type":"BreadcrumbList","@id":"http:\/\/diderot.education\/65537b9653b8d-lea-perego\/travaux-realises\/#breadcrumb","itemListElement":[{"@type":"ListItem","position":1,"name":"Accueil","item":"http:\/\/diderot.education\/65537b9653b8d-lea-perego\/"},{"@type":"ListItem","position":2,"name":"Travaux r\u00e9alis\u00e9s"}]},{"@type":"WebSite","@id":"http:\/\/diderot.education\/65537b9653b8d-lea-perego\/#website","url":"http:\/\/diderot.education\/65537b9653b8d-lea-perego\/","name":"L\u00e9a Perego","description":"","potentialAction":[{"@type":"SearchAction","target":{"@type":"EntryPoint","urlTemplate":"http:\/\/diderot.education\/65537b9653b8d-lea-perego\/?s={search_term_string}"},"query-input":{"@type":"PropertyValueSpecification","valueRequired":true,"valueName":"search_term_string"}}],"inLanguage":"fr-FR"}]}},"_links":{"self":[{"href":"http:\/\/diderot.education\/65537b9653b8d-lea-perego\/wp-json\/wp\/v2\/pages\/753","targetHints":{"allow":["GET"]}}],"collection":[{"href":"http:\/\/diderot.education\/65537b9653b8d-lea-perego\/wp-json\/wp\/v2\/pages"}],"about":[{"href":"http:\/\/diderot.education\/65537b9653b8d-lea-perego\/wp-json\/wp\/v2\/types\/page"}],"author":[{"embeddable":true,"href":"http:\/\/diderot.education\/65537b9653b8d-lea-perego\/wp-json\/wp\/v2\/users\/436"}],"replies":[{"embeddable":true,"href":"http:\/\/diderot.education\/65537b9653b8d-lea-perego\/wp-json\/wp\/v2\/comments?post=753"}],"version-history":[{"count":37,"href":"http:\/\/diderot.education\/65537b9653b8d-lea-perego\/wp-json\/wp\/v2\/pages\/753\/revisions"}],"predecessor-version":[{"id":807,"href":"http:\/\/diderot.education\/65537b9653b8d-lea-perego\/wp-json\/wp\/v2\/pages\/753\/revisions\/807"}],"wp:attachment":[{"href":"http:\/\/diderot.education\/65537b9653b8d-lea-perego\/wp-json\/wp\/v2\/media?parent=753"}],"curies":[{"name":"wp","href":"https:\/\/api.w.org\/{rel}","templated":true}]}}