{"id":35,"date":"2023-11-27T10:54:19","date_gmt":"2023-11-27T09:54:19","guid":{"rendered":"http:\/\/diderot.education\/655b26e8866f3-laeticia-keirouz\/?page_id=35"},"modified":"2024-01-07T17:00:46","modified_gmt":"2024-01-07T16:00:46","slug":"centres-dinterets","status":"publish","type":"page","link":"http:\/\/diderot.education\/655b26e8866f3-laeticia-keirouz\/centres-dinterets\/","title":{"rendered":"Centres d&rsquo;int\u00e9r\u00eats"},"content":{"rendered":"\n<div class=\"wp-block-cover is-layout-flow wp-block-cover-is-layout-flow\" style=\"min-height:344px;aspect-ratio:unset;\"><span aria-hidden=\"true\" class=\"wp-block-cover__background has-background-dim\"><\/span><img fetchpriority=\"high\" decoding=\"async\" width=\"735\" height=\"490\" class=\"wp-block-cover__image-background wp-image-90\" alt=\"\" src=\"http:\/\/diderot.education\/655b26e8866f3-laeticia-keirouz\/wp-content\/uploads\/sites\/443\/2024\/01\/invictus-go-_-Almaty-_-gym-zone-_-2022.jpg\" data-object-fit=\"cover\" srcset=\"http:\/\/diderot.education\/655b26e8866f3-laeticia-keirouz\/wp-content\/uploads\/sites\/443\/2024\/01\/invictus-go-_-Almaty-_-gym-zone-_-2022.jpg 735w, http:\/\/diderot.education\/655b26e8866f3-laeticia-keirouz\/wp-content\/uploads\/sites\/443\/2024\/01\/invictus-go-_-Almaty-_-gym-zone-_-2022-300x200.jpg 300w\" sizes=\"(max-width: 735px) 100vw, 735px\" \/><div class=\"wp-block-cover__inner-container\"><\/div><\/div>\n\n\n\n<p><em>Musculation<\/em> &#8211; en activit\u00e9 depuis 2021<\/p>\n","protected":false},"excerpt":{"rendered":"<p>Musculation &#8211; en activit\u00e9 depuis 2021<\/p>\n","protected":false},"author":445,"featured_media":0,"parent":0,"menu_order":0,"comment_status":"closed","ping_status":"closed","template":"","meta":{"om_disable_all_campaigns":false,"footnotes":""},"class_list":["post-35","page","type-page","status-publish","hentry"],"featured_image_src":null,"yoast_head":"<!-- This site is optimized with the Yoast SEO plugin v27.6 - https:\/\/yoast.com\/product\/yoast-seo-wordpress\/ -->\n<title>Centres d&#039;int\u00e9r\u00eats - Laeticia KEIROUZ<\/title>\n<meta name=\"description\" content=\"mes occupations et th\u00e8mes qui occupent mon temps libre\" \/>\n<meta name=\"robots\" content=\"index, follow, max-snippet:-1, max-image-preview:large, max-video-preview:-1\" \/>\n<link rel=\"canonical\" href=\"http:\/\/diderot.education\/655b26e8866f3-laeticia-keirouz\/centres-dinterets\/\" \/>\n<meta property=\"og:locale\" content=\"fr_FR\" \/>\n<meta property=\"og:type\" content=\"article\" \/>\n<meta property=\"og:title\" content=\"Centres d&#039;int\u00e9r\u00eats - Laeticia KEIROUZ\" \/>\n<meta property=\"og:description\" content=\"mes occupations et th\u00e8mes qui occupent mon temps libre\" \/>\n<meta property=\"og:url\" content=\"http:\/\/diderot.education\/655b26e8866f3-laeticia-keirouz\/centres-dinterets\/\" \/>\n<meta property=\"og:site_name\" content=\"Laeticia KEIROUZ\" \/>\n<meta property=\"article:modified_time\" content=\"2024-01-07T16:00:46+00:00\" \/>\n<meta property=\"og:image\" content=\"http:\/\/diderot.education\/655b26e8866f3-laeticia-keirouz\/wp-content\/uploads\/sites\/443\/2024\/01\/invictus-go-_-Almaty-_-gym-zone-_-2022.jpg\" \/>\n<meta name=\"twitter:card\" content=\"summary_large_image\" \/>\n<meta name=\"twitter:label1\" content=\"Dur\u00e9e de lecture estim\u00e9e\" \/>\n\t<meta name=\"twitter:data1\" content=\"1 minute\" \/>\n<script type=\"application\/ld+json\" class=\"yoast-schema-graph\">{\"@context\":\"https:\\\/\\\/schema.org\",\"@graph\":[{\"@type\":\"WebPage\",\"@id\":\"http:\\\/\\\/diderot.education\\\/655b26e8866f3-laeticia-keirouz\\\/centres-dinterets\\\/\",\"url\":\"http:\\\/\\\/diderot.education\\\/655b26e8866f3-laeticia-keirouz\\\/centres-dinterets\\\/\",\"name\":\"Centres d'int\u00e9r\u00eats - Laeticia KEIROUZ\",\"isPartOf\":{\"@id\":\"http:\\\/\\\/diderot.education\\\/655b26e8866f3-laeticia-keirouz\\\/#website\"},\"primaryImageOfPage\":{\"@id\":\"http:\\\/\\\/diderot.education\\\/655b26e8866f3-laeticia-keirouz\\\/centres-dinterets\\\/#primaryimage\"},\"image\":{\"@id\":\"http:\\\/\\\/diderot.education\\\/655b26e8866f3-laeticia-keirouz\\\/centres-dinterets\\\/#primaryimage\"},\"thumbnailUrl\":\"http:\\\/\\\/diderot.education\\\/655b26e8866f3-laeticia-keirouz\\\/wp-content\\\/uploads\\\/sites\\\/443\\\/2024\\\/01\\\/invictus-go-_-Almaty-_-gym-zone-_-2022.jpg\",\"datePublished\":\"2023-11-27T09:54:19+00:00\",\"dateModified\":\"2024-01-07T16:00:46+00:00\",\"description\":\"mes occupations et th\u00e8mes qui occupent mon temps libre\",\"breadcrumb\":{\"@id\":\"http:\\\/\\\/diderot.education\\\/655b26e8866f3-laeticia-keirouz\\\/centres-dinterets\\\/#breadcrumb\"},\"inLanguage\":\"fr-FR\",\"potentialAction\":[{\"@type\":\"ReadAction\",\"target\":[\"http:\\\/\\\/diderot.education\\\/655b26e8866f3-laeticia-keirouz\\\/centres-dinterets\\\/\"]}]},{\"@type\":\"ImageObject\",\"inLanguage\":\"fr-FR\",\"@id\":\"http:\\\/\\\/diderot.education\\\/655b26e8866f3-laeticia-keirouz\\\/centres-dinterets\\\/#primaryimage\",\"url\":\"http:\\\/\\\/diderot.education\\\/655b26e8866f3-laeticia-keirouz\\\/wp-content\\\/uploads\\\/sites\\\/443\\\/2024\\\/01\\\/invictus-go-_-Almaty-_-gym-zone-_-2022.jpg\",\"contentUrl\":\"http:\\\/\\\/diderot.education\\\/655b26e8866f3-laeticia-keirouz\\\/wp-content\\\/uploads\\\/sites\\\/443\\\/2024\\\/01\\\/invictus-go-_-Almaty-_-gym-zone-_-2022.jpg\",\"width\":735,\"height\":490},{\"@type\":\"BreadcrumbList\",\"@id\":\"http:\\\/\\\/diderot.education\\\/655b26e8866f3-laeticia-keirouz\\\/centres-dinterets\\\/#breadcrumb\",\"itemListElement\":[{\"@type\":\"ListItem\",\"position\":1,\"name\":\"Accueil\",\"item\":\"http:\\\/\\\/diderot.education\\\/655b26e8866f3-laeticia-keirouz\\\/\"},{\"@type\":\"ListItem\",\"position\":2,\"name\":\"Centres d&#8217;int\u00e9r\u00eats\"}]},{\"@type\":\"WebSite\",\"@id\":\"http:\\\/\\\/diderot.education\\\/655b26e8866f3-laeticia-keirouz\\\/#website\",\"url\":\"http:\\\/\\\/diderot.education\\\/655b26e8866f3-laeticia-keirouz\\\/\",\"name\":\"Laeticia KEIROUZ\",\"description\":\"Di\u00e9t\u00e9ticienne - Nutritionniste\",\"publisher\":{\"@id\":\"http:\\\/\\\/diderot.education\\\/655b26e8866f3-laeticia-keirouz\\\/#organization\"},\"potentialAction\":[{\"@type\":\"SearchAction\",\"target\":{\"@type\":\"EntryPoint\",\"urlTemplate\":\"http:\\\/\\\/diderot.education\\\/655b26e8866f3-laeticia-keirouz\\\/?s={search_term_string}\"},\"query-input\":{\"@type\":\"PropertyValueSpecification\",\"valueRequired\":true,\"valueName\":\"search_term_string\"}}],\"inLanguage\":\"fr-FR\"},{\"@type\":\"Organization\",\"@id\":\"http:\\\/\\\/diderot.education\\\/655b26e8866f3-laeticia-keirouz\\\/#organization\",\"name\":\"Laeticia KEIROUZ\",\"url\":\"http:\\\/\\\/diderot.education\\\/655b26e8866f3-laeticia-keirouz\\\/\",\"logo\":{\"@type\":\"ImageObject\",\"inLanguage\":\"fr-FR\",\"@id\":\"http:\\\/\\\/diderot.education\\\/655b26e8866f3-laeticia-keirouz\\\/#\\\/schema\\\/logo\\\/image\\\/\",\"url\":\"http:\\\/\\\/diderot.education\\\/655b26e8866f3-laeticia-keirouz\\\/wp-content\\\/uploads\\\/sites\\\/443\\\/2024\\\/01\\\/cropped-cropped-Capture-decran-2024-01-07-a-16.23.26.png\",\"contentUrl\":\"http:\\\/\\\/diderot.education\\\/655b26e8866f3-laeticia-keirouz\\\/wp-content\\\/uploads\\\/sites\\\/443\\\/2024\\\/01\\\/cropped-cropped-Capture-decran-2024-01-07-a-16.23.26.png\",\"width\":512,\"height\":512,\"caption\":\"Laeticia KEIROUZ\"},\"image\":{\"@id\":\"http:\\\/\\\/diderot.education\\\/655b26e8866f3-laeticia-keirouz\\\/#\\\/schema\\\/logo\\\/image\\\/\"}}]}<\/script>\n<!-- \/ Yoast SEO plugin. -->","yoast_head_json":{"title":"Centres d'int\u00e9r\u00eats - Laeticia KEIROUZ","description":"mes occupations et th\u00e8mes qui occupent mon temps libre","robots":{"index":"index","follow":"follow","max-snippet":"max-snippet:-1","max-image-preview":"max-image-preview:large","max-video-preview":"max-video-preview:-1"},"canonical":"http:\/\/diderot.education\/655b26e8866f3-laeticia-keirouz\/centres-dinterets\/","og_locale":"fr_FR","og_type":"article","og_title":"Centres d'int\u00e9r\u00eats - Laeticia KEIROUZ","og_description":"mes occupations et th\u00e8mes qui occupent mon temps libre","og_url":"http:\/\/diderot.education\/655b26e8866f3-laeticia-keirouz\/centres-dinterets\/","og_site_name":"Laeticia KEIROUZ","article_modified_time":"2024-01-07T16:00:46+00:00","og_image":[{"url":"http:\/\/diderot.education\/655b26e8866f3-laeticia-keirouz\/wp-content\/uploads\/sites\/443\/2024\/01\/invictus-go-_-Almaty-_-gym-zone-_-2022.jpg","type":"","width":"","height":""}],"twitter_card":"summary_large_image","twitter_misc":{"Dur\u00e9e de lecture estim\u00e9e":"1 minute"},"schema":{"@context":"https:\/\/schema.org","@graph":[{"@type":"WebPage","@id":"http:\/\/diderot.education\/655b26e8866f3-laeticia-keirouz\/centres-dinterets\/","url":"http:\/\/diderot.education\/655b26e8866f3-laeticia-keirouz\/centres-dinterets\/","name":"Centres d'int\u00e9r\u00eats - Laeticia KEIROUZ","isPartOf":{"@id":"http:\/\/diderot.education\/655b26e8866f3-laeticia-keirouz\/#website"},"primaryImageOfPage":{"@id":"http:\/\/diderot.education\/655b26e8866f3-laeticia-keirouz\/centres-dinterets\/#primaryimage"},"image":{"@id":"http:\/\/diderot.education\/655b26e8866f3-laeticia-keirouz\/centres-dinterets\/#primaryimage"},"thumbnailUrl":"http:\/\/diderot.education\/655b26e8866f3-laeticia-keirouz\/wp-content\/uploads\/sites\/443\/2024\/01\/invictus-go-_-Almaty-_-gym-zone-_-2022.jpg","datePublished":"2023-11-27T09:54:19+00:00","dateModified":"2024-01-07T16:00:46+00:00","description":"mes occupations et th\u00e8mes qui occupent mon temps libre","breadcrumb":{"@id":"http:\/\/diderot.education\/655b26e8866f3-laeticia-keirouz\/centres-dinterets\/#breadcrumb"},"inLanguage":"fr-FR","potentialAction":[{"@type":"ReadAction","target":["http:\/\/diderot.education\/655b26e8866f3-laeticia-keirouz\/centres-dinterets\/"]}]},{"@type":"ImageObject","inLanguage":"fr-FR","@id":"http:\/\/diderot.education\/655b26e8866f3-laeticia-keirouz\/centres-dinterets\/#primaryimage","url":"http:\/\/diderot.education\/655b26e8866f3-laeticia-keirouz\/wp-content\/uploads\/sites\/443\/2024\/01\/invictus-go-_-Almaty-_-gym-zone-_-2022.jpg","contentUrl":"http:\/\/diderot.education\/655b26e8866f3-laeticia-keirouz\/wp-content\/uploads\/sites\/443\/2024\/01\/invictus-go-_-Almaty-_-gym-zone-_-2022.jpg","width":735,"height":490},{"@type":"BreadcrumbList","@id":"http:\/\/diderot.education\/655b26e8866f3-laeticia-keirouz\/centres-dinterets\/#breadcrumb","itemListElement":[{"@type":"ListItem","position":1,"name":"Accueil","item":"http:\/\/diderot.education\/655b26e8866f3-laeticia-keirouz\/"},{"@type":"ListItem","position":2,"name":"Centres d&#8217;int\u00e9r\u00eats"}]},{"@type":"WebSite","@id":"http:\/\/diderot.education\/655b26e8866f3-laeticia-keirouz\/#website","url":"http:\/\/diderot.education\/655b26e8866f3-laeticia-keirouz\/","name":"Laeticia KEIROUZ","description":"Di\u00e9t\u00e9ticienne - Nutritionniste","publisher":{"@id":"http:\/\/diderot.education\/655b26e8866f3-laeticia-keirouz\/#organization"},"potentialAction":[{"@type":"SearchAction","target":{"@type":"EntryPoint","urlTemplate":"http:\/\/diderot.education\/655b26e8866f3-laeticia-keirouz\/?s={search_term_string}"},"query-input":{"@type":"PropertyValueSpecification","valueRequired":true,"valueName":"search_term_string"}}],"inLanguage":"fr-FR"},{"@type":"Organization","@id":"http:\/\/diderot.education\/655b26e8866f3-laeticia-keirouz\/#organization","name":"Laeticia KEIROUZ","url":"http:\/\/diderot.education\/655b26e8866f3-laeticia-keirouz\/","logo":{"@type":"ImageObject","inLanguage":"fr-FR","@id":"http:\/\/diderot.education\/655b26e8866f3-laeticia-keirouz\/#\/schema\/logo\/image\/","url":"http:\/\/diderot.education\/655b26e8866f3-laeticia-keirouz\/wp-content\/uploads\/sites\/443\/2024\/01\/cropped-cropped-Capture-decran-2024-01-07-a-16.23.26.png","contentUrl":"http:\/\/diderot.education\/655b26e8866f3-laeticia-keirouz\/wp-content\/uploads\/sites\/443\/2024\/01\/cropped-cropped-Capture-decran-2024-01-07-a-16.23.26.png","width":512,"height":512,"caption":"Laeticia KEIROUZ"},"image":{"@id":"http:\/\/diderot.education\/655b26e8866f3-laeticia-keirouz\/#\/schema\/logo\/image\/"}}]}},"_links":{"self":[{"href":"http:\/\/diderot.education\/655b26e8866f3-laeticia-keirouz\/wp-json\/wp\/v2\/pages\/35","targetHints":{"allow":["GET"]}}],"collection":[{"href":"http:\/\/diderot.education\/655b26e8866f3-laeticia-keirouz\/wp-json\/wp\/v2\/pages"}],"about":[{"href":"http:\/\/diderot.education\/655b26e8866f3-laeticia-keirouz\/wp-json\/wp\/v2\/types\/page"}],"author":[{"embeddable":true,"href":"http:\/\/diderot.education\/655b26e8866f3-laeticia-keirouz\/wp-json\/wp\/v2\/users\/445"}],"replies":[{"embeddable":true,"href":"http:\/\/diderot.education\/655b26e8866f3-laeticia-keirouz\/wp-json\/wp\/v2\/comments?post=35"}],"version-history":[{"count":3,"href":"http:\/\/diderot.education\/655b26e8866f3-laeticia-keirouz\/wp-json\/wp\/v2\/pages\/35\/revisions"}],"predecessor-version":[{"id":91,"href":"http:\/\/diderot.education\/655b26e8866f3-laeticia-keirouz\/wp-json\/wp\/v2\/pages\/35\/revisions\/91"}],"wp:attachment":[{"href":"http:\/\/diderot.education\/655b26e8866f3-laeticia-keirouz\/wp-json\/wp\/v2\/media?parent=35"}],"curies":[{"name":"wp","href":"https:\/\/api.w.org\/{rel}","templated":true}]}}