{"id":37,"date":"2023-11-27T10:54:39","date_gmt":"2023-11-27T09:54:39","guid":{"rendered":"http:\/\/diderot.education\/655b26e8866f3-laeticia-keirouz\/?page_id=37"},"modified":"2024-01-07T16:35:31","modified_gmt":"2024-01-07T15:35:31","slug":"competences","status":"publish","type":"page","link":"http:\/\/diderot.education\/655b26e8866f3-laeticia-keirouz\/competences\/","title":{"rendered":"Comp\u00e9tences"},"content":{"rendered":"","protected":false},"excerpt":{"rendered":"","protected":false},"author":445,"featured_media":0,"parent":0,"menu_order":0,"comment_status":"closed","ping_status":"closed","template":"","meta":{"om_disable_all_campaigns":false,"footnotes":""},"class_list":["post-37","page","type-page","status-publish","hentry"],"featured_image_src":null,"yoast_head":"<!-- This site is optimized with the Yoast SEO plugin v27.6 - https:\/\/yoast.com\/product\/yoast-seo-wordpress\/ -->\n<title>Comp\u00e9tences - Laeticia KEIROUZ<\/title>\n<meta name=\"description\" content=\"comp\u00e9tences issues de mes formations ainsi que mes enrichissements personnels, qui desservirons mon activit\u00e9 professionnelle\" \/>\n<meta name=\"robots\" content=\"index, follow, max-snippet:-1, max-image-preview:large, max-video-preview:-1\" \/>\n<link rel=\"canonical\" href=\"http:\/\/diderot.education\/655b26e8866f3-laeticia-keirouz\/competences\/\" \/>\n<meta property=\"og:locale\" content=\"fr_FR\" \/>\n<meta property=\"og:type\" content=\"article\" \/>\n<meta property=\"og:title\" content=\"Comp\u00e9tences - Laeticia KEIROUZ\" \/>\n<meta property=\"og:description\" content=\"comp\u00e9tences issues de mes formations ainsi que mes enrichissements personnels, qui desservirons mon activit\u00e9 professionnelle\" \/>\n<meta property=\"og:url\" content=\"http:\/\/diderot.education\/655b26e8866f3-laeticia-keirouz\/competences\/\" \/>\n<meta property=\"og:site_name\" content=\"Laeticia KEIROUZ\" \/>\n<meta property=\"article:modified_time\" content=\"2024-01-07T15:35:31+00:00\" \/>\n<meta name=\"twitter:card\" content=\"summary_large_image\" \/>\n<script type=\"application\/ld+json\" class=\"yoast-schema-graph\">{\"@context\":\"https:\\\/\\\/schema.org\",\"@graph\":[{\"@type\":\"WebPage\",\"@id\":\"http:\\\/\\\/diderot.education\\\/655b26e8866f3-laeticia-keirouz\\\/competences\\\/\",\"url\":\"http:\\\/\\\/diderot.education\\\/655b26e8866f3-laeticia-keirouz\\\/competences\\\/\",\"name\":\"Comp\u00e9tences - Laeticia KEIROUZ\",\"isPartOf\":{\"@id\":\"http:\\\/\\\/diderot.education\\\/655b26e8866f3-laeticia-keirouz\\\/#website\"},\"datePublished\":\"2023-11-27T09:54:39+00:00\",\"dateModified\":\"2024-01-07T15:35:31+00:00\",\"description\":\"comp\u00e9tences issues de mes formations ainsi que mes enrichissements personnels, qui desservirons mon activit\u00e9 professionnelle\",\"breadcrumb\":{\"@id\":\"http:\\\/\\\/diderot.education\\\/655b26e8866f3-laeticia-keirouz\\\/competences\\\/#breadcrumb\"},\"inLanguage\":\"fr-FR\",\"potentialAction\":[{\"@type\":\"ReadAction\",\"target\":[\"http:\\\/\\\/diderot.education\\\/655b26e8866f3-laeticia-keirouz\\\/competences\\\/\"]}]},{\"@type\":\"BreadcrumbList\",\"@id\":\"http:\\\/\\\/diderot.education\\\/655b26e8866f3-laeticia-keirouz\\\/competences\\\/#breadcrumb\",\"itemListElement\":[{\"@type\":\"ListItem\",\"position\":1,\"name\":\"Accueil\",\"item\":\"http:\\\/\\\/diderot.education\\\/655b26e8866f3-laeticia-keirouz\\\/\"},{\"@type\":\"ListItem\",\"position\":2,\"name\":\"Comp\u00e9tences\"}]},{\"@type\":\"WebSite\",\"@id\":\"http:\\\/\\\/diderot.education\\\/655b26e8866f3-laeticia-keirouz\\\/#website\",\"url\":\"http:\\\/\\\/diderot.education\\\/655b26e8866f3-laeticia-keirouz\\\/\",\"name\":\"Laeticia KEIROUZ\",\"description\":\"Di\u00e9t\u00e9ticienne - Nutritionniste\",\"publisher\":{\"@id\":\"http:\\\/\\\/diderot.education\\\/655b26e8866f3-laeticia-keirouz\\\/#organization\"},\"potentialAction\":[{\"@type\":\"SearchAction\",\"target\":{\"@type\":\"EntryPoint\",\"urlTemplate\":\"http:\\\/\\\/diderot.education\\\/655b26e8866f3-laeticia-keirouz\\\/?s={search_term_string}\"},\"query-input\":{\"@type\":\"PropertyValueSpecification\",\"valueRequired\":true,\"valueName\":\"search_term_string\"}}],\"inLanguage\":\"fr-FR\"},{\"@type\":\"Organization\",\"@id\":\"http:\\\/\\\/diderot.education\\\/655b26e8866f3-laeticia-keirouz\\\/#organization\",\"name\":\"Laeticia KEIROUZ\",\"url\":\"http:\\\/\\\/diderot.education\\\/655b26e8866f3-laeticia-keirouz\\\/\",\"logo\":{\"@type\":\"ImageObject\",\"inLanguage\":\"fr-FR\",\"@id\":\"http:\\\/\\\/diderot.education\\\/655b26e8866f3-laeticia-keirouz\\\/#\\\/schema\\\/logo\\\/image\\\/\",\"url\":\"http:\\\/\\\/diderot.education\\\/655b26e8866f3-laeticia-keirouz\\\/wp-content\\\/uploads\\\/sites\\\/443\\\/2024\\\/01\\\/cropped-cropped-Capture-decran-2024-01-07-a-16.23.26.png\",\"contentUrl\":\"http:\\\/\\\/diderot.education\\\/655b26e8866f3-laeticia-keirouz\\\/wp-content\\\/uploads\\\/sites\\\/443\\\/2024\\\/01\\\/cropped-cropped-Capture-decran-2024-01-07-a-16.23.26.png\",\"width\":512,\"height\":512,\"caption\":\"Laeticia KEIROUZ\"},\"image\":{\"@id\":\"http:\\\/\\\/diderot.education\\\/655b26e8866f3-laeticia-keirouz\\\/#\\\/schema\\\/logo\\\/image\\\/\"}}]}<\/script>\n<!-- \/ Yoast SEO plugin. -->","yoast_head_json":{"title":"Comp\u00e9tences - Laeticia KEIROUZ","description":"comp\u00e9tences issues de mes formations ainsi que mes enrichissements personnels, qui desservirons mon activit\u00e9 professionnelle","robots":{"index":"index","follow":"follow","max-snippet":"max-snippet:-1","max-image-preview":"max-image-preview:large","max-video-preview":"max-video-preview:-1"},"canonical":"http:\/\/diderot.education\/655b26e8866f3-laeticia-keirouz\/competences\/","og_locale":"fr_FR","og_type":"article","og_title":"Comp\u00e9tences - Laeticia KEIROUZ","og_description":"comp\u00e9tences issues de mes formations ainsi que mes enrichissements personnels, qui desservirons mon activit\u00e9 professionnelle","og_url":"http:\/\/diderot.education\/655b26e8866f3-laeticia-keirouz\/competences\/","og_site_name":"Laeticia KEIROUZ","article_modified_time":"2024-01-07T15:35:31+00:00","twitter_card":"summary_large_image","schema":{"@context":"https:\/\/schema.org","@graph":[{"@type":"WebPage","@id":"http:\/\/diderot.education\/655b26e8866f3-laeticia-keirouz\/competences\/","url":"http:\/\/diderot.education\/655b26e8866f3-laeticia-keirouz\/competences\/","name":"Comp\u00e9tences - Laeticia KEIROUZ","isPartOf":{"@id":"http:\/\/diderot.education\/655b26e8866f3-laeticia-keirouz\/#website"},"datePublished":"2023-11-27T09:54:39+00:00","dateModified":"2024-01-07T15:35:31+00:00","description":"comp\u00e9tences issues de mes formations ainsi que mes enrichissements personnels, qui desservirons mon activit\u00e9 professionnelle","breadcrumb":{"@id":"http:\/\/diderot.education\/655b26e8866f3-laeticia-keirouz\/competences\/#breadcrumb"},"inLanguage":"fr-FR","potentialAction":[{"@type":"ReadAction","target":["http:\/\/diderot.education\/655b26e8866f3-laeticia-keirouz\/competences\/"]}]},{"@type":"BreadcrumbList","@id":"http:\/\/diderot.education\/655b26e8866f3-laeticia-keirouz\/competences\/#breadcrumb","itemListElement":[{"@type":"ListItem","position":1,"name":"Accueil","item":"http:\/\/diderot.education\/655b26e8866f3-laeticia-keirouz\/"},{"@type":"ListItem","position":2,"name":"Comp\u00e9tences"}]},{"@type":"WebSite","@id":"http:\/\/diderot.education\/655b26e8866f3-laeticia-keirouz\/#website","url":"http:\/\/diderot.education\/655b26e8866f3-laeticia-keirouz\/","name":"Laeticia KEIROUZ","description":"Di\u00e9t\u00e9ticienne - Nutritionniste","publisher":{"@id":"http:\/\/diderot.education\/655b26e8866f3-laeticia-keirouz\/#organization"},"potentialAction":[{"@type":"SearchAction","target":{"@type":"EntryPoint","urlTemplate":"http:\/\/diderot.education\/655b26e8866f3-laeticia-keirouz\/?s={search_term_string}"},"query-input":{"@type":"PropertyValueSpecification","valueRequired":true,"valueName":"search_term_string"}}],"inLanguage":"fr-FR"},{"@type":"Organization","@id":"http:\/\/diderot.education\/655b26e8866f3-laeticia-keirouz\/#organization","name":"Laeticia KEIROUZ","url":"http:\/\/diderot.education\/655b26e8866f3-laeticia-keirouz\/","logo":{"@type":"ImageObject","inLanguage":"fr-FR","@id":"http:\/\/diderot.education\/655b26e8866f3-laeticia-keirouz\/#\/schema\/logo\/image\/","url":"http:\/\/diderot.education\/655b26e8866f3-laeticia-keirouz\/wp-content\/uploads\/sites\/443\/2024\/01\/cropped-cropped-Capture-decran-2024-01-07-a-16.23.26.png","contentUrl":"http:\/\/diderot.education\/655b26e8866f3-laeticia-keirouz\/wp-content\/uploads\/sites\/443\/2024\/01\/cropped-cropped-Capture-decran-2024-01-07-a-16.23.26.png","width":512,"height":512,"caption":"Laeticia KEIROUZ"},"image":{"@id":"http:\/\/diderot.education\/655b26e8866f3-laeticia-keirouz\/#\/schema\/logo\/image\/"}}]}},"_links":{"self":[{"href":"http:\/\/diderot.education\/655b26e8866f3-laeticia-keirouz\/wp-json\/wp\/v2\/pages\/37","targetHints":{"allow":["GET"]}}],"collection":[{"href":"http:\/\/diderot.education\/655b26e8866f3-laeticia-keirouz\/wp-json\/wp\/v2\/pages"}],"about":[{"href":"http:\/\/diderot.education\/655b26e8866f3-laeticia-keirouz\/wp-json\/wp\/v2\/types\/page"}],"author":[{"embeddable":true,"href":"http:\/\/diderot.education\/655b26e8866f3-laeticia-keirouz\/wp-json\/wp\/v2\/users\/445"}],"replies":[{"embeddable":true,"href":"http:\/\/diderot.education\/655b26e8866f3-laeticia-keirouz\/wp-json\/wp\/v2\/comments?post=37"}],"version-history":[{"count":1,"href":"http:\/\/diderot.education\/655b26e8866f3-laeticia-keirouz\/wp-json\/wp\/v2\/pages\/37\/revisions"}],"predecessor-version":[{"id":38,"href":"http:\/\/diderot.education\/655b26e8866f3-laeticia-keirouz\/wp-json\/wp\/v2\/pages\/37\/revisions\/38"}],"wp:attachment":[{"href":"http:\/\/diderot.education\/655b26e8866f3-laeticia-keirouz\/wp-json\/wp\/v2\/media?parent=37"}],"curies":[{"name":"wp","href":"https:\/\/api.w.org\/{rel}","templated":true}]}}