{"id":880,"date":"2023-12-06T09:28:33","date_gmt":"2023-12-06T08:28:33","guid":{"rendered":"http:\/\/diderot.education\/6566ede33eaaf-matthias-porcheret\/?page_id=880"},"modified":"2024-04-24T09:21:06","modified_gmt":"2024-04-24T07:21:06","slug":"projet-de-classe","status":"publish","type":"page","link":"http:\/\/diderot.education\/6566ede33eaaf-matthias-porcheret\/projet-de-classe\/","title":{"rendered":"Projet de classe"},"content":{"rendered":"\t\t<div data-elementor-type=\"wp-page\" data-elementor-id=\"880\" class=\"elementor elementor-880\">\n\t\t\t\t<div class=\"elementor-element elementor-element-bdec7e8 e-flex e-con-boxed wpr-particle-no wpr-jarallax-no wpr-parallax-no wpr-sticky-section-no wpr-equal-height-no e-con e-parent\" data-id=\"bdec7e8\" data-element_type=\"container\" data-e-type=\"container\">\n\t\t\t\t\t<div class=\"e-con-inner\">\n\t\t<div class=\"elementor-element elementor-element-b52cea0 e-con-full e-flex wpr-particle-no wpr-jarallax-no wpr-parallax-no wpr-sticky-section-no wpr-equal-height-no e-con e-child\" data-id=\"b52cea0\" data-element_type=\"container\" data-e-type=\"container\">\n\t\t\t\t<div class=\"elementor-element elementor-element-a77567d elementor-widget elementor-widget-text-editor\" data-id=\"a77567d\" data-element_type=\"widget\" data-e-type=\"widget\" data-widget_type=\"text-editor.default\">\n\t\t\t\t<div class=\"elementor-widget-container\">\n\t\t\t\t\t\t\t\t\t<h4>Actions Professionnelles<\/h4><p>\u00a0<\/p><p>dans le cadre de notre formation, nous avons du r\u00e9aliser des actions professionnelles. durant ces atelier, j&rsquo;ai r\u00e9alis\u00e9 des recettes saines de g\u00e2teaux avec des enfants.<\/p><p>\u00a0<\/p><p>cette activit\u00e9 \u00e9tait tr\u00e8s enrichissante, j&rsquo;ai pu \u00e9changer avec les enfants sur leur alimentation, et d\u00e9couvrir leur mode de vie<\/p>\t\t\t\t\t\t\t\t<\/div>\n\t\t\t\t<\/div>\n\t\t\t\t<\/div>\n\t\t<div class=\"elementor-element elementor-element-e07d7fe e-con-full e-flex wpr-particle-no wpr-jarallax-no wpr-parallax-no wpr-sticky-section-no wpr-equal-height-no e-con e-child\" data-id=\"e07d7fe\" data-element_type=\"container\" data-e-type=\"container\">\n\t\t\t\t<div class=\"elementor-element elementor-element-4ccc18d elementor-widget elementor-widget-image\" data-id=\"4ccc18d\" data-element_type=\"widget\" data-e-type=\"widget\" data-widget_type=\"image.default\">\n\t\t\t\t<div class=\"elementor-widget-container\">\n\t\t\t\t\t\t\t\t\t\t\t\t\t\t\t<img fetchpriority=\"high\" decoding=\"async\" width=\"760\" height=\"1013\" src=\"http:\/\/diderot.education\/6566ede33eaaf-matthias-porcheret\/wp-content\/uploads\/sites\/468\/2024\/04\/IMG_2213-768x1024.jpg\" class=\"attachment-large size-large wp-image-997\" alt=\"\" srcset=\"http:\/\/diderot.education\/6566ede33eaaf-matthias-porcheret\/wp-content\/uploads\/sites\/468\/2024\/04\/IMG_2213-768x1024.jpg 768w, http:\/\/diderot.education\/6566ede33eaaf-matthias-porcheret\/wp-content\/uploads\/sites\/468\/2024\/04\/IMG_2213-225x300.jpg 225w, http:\/\/diderot.education\/6566ede33eaaf-matthias-porcheret\/wp-content\/uploads\/sites\/468\/2024\/04\/IMG_2213-1152x1536.jpg 1152w, http:\/\/diderot.education\/6566ede33eaaf-matthias-porcheret\/wp-content\/uploads\/sites\/468\/2024\/04\/IMG_2213-rotated.jpg 1512w\" sizes=\"(max-width: 760px) 100vw, 760px\" \/>\t\t\t\t\t\t\t\t\t\t\t\t\t\t\t<\/div>\n\t\t\t\t<\/div>\n\t\t\t\t<\/div>\n\t\t<div class=\"elementor-element elementor-element-c3d51b6 e-con-full e-flex wpr-particle-no wpr-jarallax-no wpr-parallax-no wpr-sticky-section-no wpr-equal-height-no e-con e-child\" data-id=\"c3d51b6\" data-element_type=\"container\" data-e-type=\"container\">\n\t\t\t\t<div class=\"elementor-element elementor-element-e21e0a6 elementor-widget elementor-widget-image\" data-id=\"e21e0a6\" data-element_type=\"widget\" data-e-type=\"widget\" data-widget_type=\"image.default\">\n\t\t\t\t<div class=\"elementor-widget-container\">\n\t\t\t\t\t\t\t\t\t\t\t\t\t\t\t<img decoding=\"async\" width=\"760\" height=\"1013\" src=\"http:\/\/diderot.education\/6566ede33eaaf-matthias-porcheret\/wp-content\/uploads\/sites\/468\/2024\/04\/IMG_2215-768x1024.jpg\" class=\"attachment-large size-large wp-image-995\" alt=\"\" srcset=\"http:\/\/diderot.education\/6566ede33eaaf-matthias-porcheret\/wp-content\/uploads\/sites\/468\/2024\/04\/IMG_2215-768x1024.jpg 768w, http:\/\/diderot.education\/6566ede33eaaf-matthias-porcheret\/wp-content\/uploads\/sites\/468\/2024\/04\/IMG_2215-225x300.jpg 225w, http:\/\/diderot.education\/6566ede33eaaf-matthias-porcheret\/wp-content\/uploads\/sites\/468\/2024\/04\/IMG_2215-1152x1536.jpg 1152w, http:\/\/diderot.education\/6566ede33eaaf-matthias-porcheret\/wp-content\/uploads\/sites\/468\/2024\/04\/IMG_2215.jpg 1512w\" sizes=\"(max-width: 760px) 100vw, 760px\" \/>\t\t\t\t\t\t\t\t\t\t\t\t\t\t\t<\/div>\n\t\t\t\t<\/div>\n\t\t\t\t<\/div>\n\t\t<div class=\"elementor-element elementor-element-eebc1a8 e-con-full e-flex wpr-particle-no wpr-jarallax-no wpr-parallax-no wpr-sticky-section-no wpr-equal-height-no e-con e-child\" data-id=\"eebc1a8\" data-element_type=\"container\" data-e-type=\"container\">\n\t\t\t\t<div class=\"elementor-element elementor-element-34890cc elementor-widget elementor-widget-image\" data-id=\"34890cc\" data-element_type=\"widget\" data-e-type=\"widget\" data-widget_type=\"image.default\">\n\t\t\t\t<div class=\"elementor-widget-container\">\n\t\t\t\t\t\t\t\t\t\t\t\t\t\t\t<img decoding=\"async\" width=\"760\" height=\"1013\" src=\"http:\/\/diderot.education\/6566ede33eaaf-matthias-porcheret\/wp-content\/uploads\/sites\/468\/2024\/04\/IMG_2214-768x1024.jpg\" class=\"attachment-large size-large wp-image-996\" alt=\"\" srcset=\"http:\/\/diderot.education\/6566ede33eaaf-matthias-porcheret\/wp-content\/uploads\/sites\/468\/2024\/04\/IMG_2214-768x1024.jpg 768w, http:\/\/diderot.education\/6566ede33eaaf-matthias-porcheret\/wp-content\/uploads\/sites\/468\/2024\/04\/IMG_2214-225x300.jpg 225w, http:\/\/diderot.education\/6566ede33eaaf-matthias-porcheret\/wp-content\/uploads\/sites\/468\/2024\/04\/IMG_2214-1152x1536.jpg 1152w, http:\/\/diderot.education\/6566ede33eaaf-matthias-porcheret\/wp-content\/uploads\/sites\/468\/2024\/04\/IMG_2214-rotated.jpg 1512w\" sizes=\"(max-width: 760px) 100vw, 760px\" \/>\t\t\t\t\t\t\t\t\t\t\t\t\t\t\t<\/div>\n\t\t\t\t<\/div>\n\t\t\t\t<\/div>\n\t\t<div class=\"elementor-element elementor-element-5b1c123 e-con-full e-flex wpr-particle-no wpr-jarallax-no wpr-parallax-no wpr-sticky-section-no wpr-equal-height-no e-con e-child\" data-id=\"5b1c123\" data-element_type=\"container\" data-e-type=\"container\">\n\t\t\t\t<div class=\"elementor-element elementor-element-2ebe285 elementor-widget elementor-widget-image\" data-id=\"2ebe285\" data-element_type=\"widget\" data-e-type=\"widget\" data-widget_type=\"image.default\">\n\t\t\t\t<div class=\"elementor-widget-container\">\n\t\t\t\t\t\t\t\t\t\t\t\t\t\t\t<img loading=\"lazy\" decoding=\"async\" width=\"1512\" height=\"2016\" src=\"http:\/\/diderot.education\/6566ede33eaaf-matthias-porcheret\/wp-content\/uploads\/sites\/468\/2024\/04\/IMG_2224-rotated.jpg\" class=\"attachment-full size-full wp-image-994\" alt=\"\" srcset=\"http:\/\/diderot.education\/6566ede33eaaf-matthias-porcheret\/wp-content\/uploads\/sites\/468\/2024\/04\/IMG_2224-rotated.jpg 1512w, http:\/\/diderot.education\/6566ede33eaaf-matthias-porcheret\/wp-content\/uploads\/sites\/468\/2024\/04\/IMG_2224-225x300.jpg 225w, http:\/\/diderot.education\/6566ede33eaaf-matthias-porcheret\/wp-content\/uploads\/sites\/468\/2024\/04\/IMG_2224-768x1024.jpg 768w, http:\/\/diderot.education\/6566ede33eaaf-matthias-porcheret\/wp-content\/uploads\/sites\/468\/2024\/04\/IMG_2224-1152x1536.jpg 1152w\" sizes=\"(max-width: 1512px) 100vw, 1512px\" \/>\t\t\t\t\t\t\t\t\t\t\t\t\t\t\t<\/div>\n\t\t\t\t<\/div>\n\t\t\t\t<\/div>\n\t\t\t\t\t<\/div>\n\t\t\t\t<\/div>\n\t\t\t\t<\/div>\n\t\t","protected":false},"excerpt":{"rendered":"<p>Actions Professionnelles \u00a0 dans le cadre de notre formation, nous avons du r\u00e9aliser des actions professionnelles. durant ces atelier, j&rsquo;ai r\u00e9alis\u00e9 des recettes saines de &hellip;<\/p>\n","protected":false},"author":470,"featured_media":0,"parent":0,"menu_order":0,"comment_status":"closed","ping_status":"closed","template":"","meta":{"om_disable_all_campaigns":false,"footnotes":""},"class_list":["post-880","page","type-page","status-publish","hentry"],"featured_image_src":null,"yoast_head":"<!-- This site is optimized with the Yoast SEO plugin v27.5 - https:\/\/yoast.com\/product\/yoast-seo-wordpress\/ -->\n<title>Projet de classe - Matthias PORCHERET<\/title>\n<meta name=\"robots\" content=\"index, follow, max-snippet:-1, max-image-preview:large, max-video-preview:-1\" \/>\n<link rel=\"canonical\" href=\"http:\/\/diderot.education\/6566ede33eaaf-matthias-porcheret\/projet-de-classe\/\" \/>\n<meta property=\"og:locale\" content=\"fr_FR\" \/>\n<meta property=\"og:type\" content=\"article\" \/>\n<meta property=\"og:title\" content=\"Projet de classe - Matthias PORCHERET\" \/>\n<meta property=\"og:description\" content=\"Actions Professionnelles \u00a0 dans le cadre de notre formation, nous avons du r\u00e9aliser des actions professionnelles. durant ces atelier, j&rsquo;ai r\u00e9alis\u00e9 des recettes saines de &hellip;\" \/>\n<meta property=\"og:url\" content=\"http:\/\/diderot.education\/6566ede33eaaf-matthias-porcheret\/projet-de-classe\/\" \/>\n<meta property=\"og:site_name\" content=\"Matthias PORCHERET\" \/>\n<meta property=\"article:modified_time\" content=\"2024-04-24T07:21:06+00:00\" \/>\n<meta property=\"og:image\" content=\"http:\/\/diderot.education\/6566ede33eaaf-matthias-porcheret\/wp-content\/uploads\/sites\/468\/2024\/04\/IMG_2213-768x1024.jpg\" \/>\n<meta name=\"twitter:card\" content=\"summary_large_image\" \/>\n<meta name=\"twitter:label1\" content=\"Dur\u00e9e de lecture estim\u00e9e\" \/>\n\t<meta name=\"twitter:data1\" content=\"2 minutes\" \/>\n<script type=\"application\/ld+json\" class=\"yoast-schema-graph\">{\"@context\":\"https:\\\/\\\/schema.org\",\"@graph\":[{\"@type\":\"WebPage\",\"@id\":\"http:\\\/\\\/diderot.education\\\/6566ede33eaaf-matthias-porcheret\\\/projet-de-classe\\\/\",\"url\":\"http:\\\/\\\/diderot.education\\\/6566ede33eaaf-matthias-porcheret\\\/projet-de-classe\\\/\",\"name\":\"Projet de classe - Matthias PORCHERET\",\"isPartOf\":{\"@id\":\"http:\\\/\\\/diderot.education\\\/6566ede33eaaf-matthias-porcheret\\\/#website\"},\"primaryImageOfPage\":{\"@id\":\"http:\\\/\\\/diderot.education\\\/6566ede33eaaf-matthias-porcheret\\\/projet-de-classe\\\/#primaryimage\"},\"image\":{\"@id\":\"http:\\\/\\\/diderot.education\\\/6566ede33eaaf-matthias-porcheret\\\/projet-de-classe\\\/#primaryimage\"},\"thumbnailUrl\":\"http:\\\/\\\/diderot.education\\\/6566ede33eaaf-matthias-porcheret\\\/wp-content\\\/uploads\\\/sites\\\/468\\\/2024\\\/04\\\/IMG_2213-768x1024.jpg\",\"datePublished\":\"2023-12-06T08:28:33+00:00\",\"dateModified\":\"2024-04-24T07:21:06+00:00\",\"breadcrumb\":{\"@id\":\"http:\\\/\\\/diderot.education\\\/6566ede33eaaf-matthias-porcheret\\\/projet-de-classe\\\/#breadcrumb\"},\"inLanguage\":\"fr-FR\",\"potentialAction\":[{\"@type\":\"ReadAction\",\"target\":[\"http:\\\/\\\/diderot.education\\\/6566ede33eaaf-matthias-porcheret\\\/projet-de-classe\\\/\"]}]},{\"@type\":\"ImageObject\",\"inLanguage\":\"fr-FR\",\"@id\":\"http:\\\/\\\/diderot.education\\\/6566ede33eaaf-matthias-porcheret\\\/projet-de-classe\\\/#primaryimage\",\"url\":\"http:\\\/\\\/diderot.education\\\/6566ede33eaaf-matthias-porcheret\\\/wp-content\\\/uploads\\\/sites\\\/468\\\/2024\\\/04\\\/IMG_2213-rotated.jpg\",\"contentUrl\":\"http:\\\/\\\/diderot.education\\\/6566ede33eaaf-matthias-porcheret\\\/wp-content\\\/uploads\\\/sites\\\/468\\\/2024\\\/04\\\/IMG_2213-rotated.jpg\",\"width\":1512,\"height\":2016},{\"@type\":\"BreadcrumbList\",\"@id\":\"http:\\\/\\\/diderot.education\\\/6566ede33eaaf-matthias-porcheret\\\/projet-de-classe\\\/#breadcrumb\",\"itemListElement\":[{\"@type\":\"ListItem\",\"position\":1,\"name\":\"Accueil\",\"item\":\"http:\\\/\\\/diderot.education\\\/6566ede33eaaf-matthias-porcheret\\\/\"},{\"@type\":\"ListItem\",\"position\":2,\"name\":\"Projet de classe\"}]},{\"@type\":\"WebSite\",\"@id\":\"http:\\\/\\\/diderot.education\\\/6566ede33eaaf-matthias-porcheret\\\/#website\",\"url\":\"http:\\\/\\\/diderot.education\\\/6566ede33eaaf-matthias-porcheret\\\/\",\"name\":\"Matthias PORCHERET\",\"description\":\"\",\"publisher\":{\"@id\":\"http:\\\/\\\/diderot.education\\\/6566ede33eaaf-matthias-porcheret\\\/#organization\"},\"potentialAction\":[{\"@type\":\"SearchAction\",\"target\":{\"@type\":\"EntryPoint\",\"urlTemplate\":\"http:\\\/\\\/diderot.education\\\/6566ede33eaaf-matthias-porcheret\\\/?s={search_term_string}\"},\"query-input\":{\"@type\":\"PropertyValueSpecification\",\"valueRequired\":true,\"valueName\":\"search_term_string\"}}],\"inLanguage\":\"fr-FR\"},{\"@type\":\"Organization\",\"@id\":\"http:\\\/\\\/diderot.education\\\/6566ede33eaaf-matthias-porcheret\\\/#organization\",\"name\":\"Matthias PORCHERET\",\"url\":\"http:\\\/\\\/diderot.education\\\/6566ede33eaaf-matthias-porcheret\\\/\",\"logo\":{\"@type\":\"ImageObject\",\"inLanguage\":\"fr-FR\",\"@id\":\"http:\\\/\\\/diderot.education\\\/6566ede33eaaf-matthias-porcheret\\\/#\\\/schema\\\/logo\\\/image\\\/\",\"url\":\"http:\\\/\\\/diderot.education\\\/6566ede33eaaf-matthias-porcheret\\\/wp-content\\\/uploads\\\/sites\\\/468\\\/2023\\\/11\\\/Mountain-Climb.jpg\",\"contentUrl\":\"http:\\\/\\\/diderot.education\\\/6566ede33eaaf-matthias-porcheret\\\/wp-content\\\/uploads\\\/sites\\\/468\\\/2023\\\/11\\\/Mountain-Climb.jpg\",\"width\":1080,\"height\":1080,\"caption\":\"Matthias PORCHERET\"},\"image\":{\"@id\":\"http:\\\/\\\/diderot.education\\\/6566ede33eaaf-matthias-porcheret\\\/#\\\/schema\\\/logo\\\/image\\\/\"}}]}<\/script>\n<!-- \/ Yoast SEO plugin. -->","yoast_head_json":{"title":"Projet de classe - Matthias PORCHERET","robots":{"index":"index","follow":"follow","max-snippet":"max-snippet:-1","max-image-preview":"max-image-preview:large","max-video-preview":"max-video-preview:-1"},"canonical":"http:\/\/diderot.education\/6566ede33eaaf-matthias-porcheret\/projet-de-classe\/","og_locale":"fr_FR","og_type":"article","og_title":"Projet de classe - Matthias PORCHERET","og_description":"Actions Professionnelles \u00a0 dans le cadre de notre formation, nous avons du r\u00e9aliser des actions professionnelles. durant ces atelier, j&rsquo;ai r\u00e9alis\u00e9 des recettes saines de &hellip;","og_url":"http:\/\/diderot.education\/6566ede33eaaf-matthias-porcheret\/projet-de-classe\/","og_site_name":"Matthias PORCHERET","article_modified_time":"2024-04-24T07:21:06+00:00","og_image":[{"url":"http:\/\/diderot.education\/6566ede33eaaf-matthias-porcheret\/wp-content\/uploads\/sites\/468\/2024\/04\/IMG_2213-768x1024.jpg","type":"","width":"","height":""}],"twitter_card":"summary_large_image","twitter_misc":{"Dur\u00e9e de lecture estim\u00e9e":"2 minutes"},"schema":{"@context":"https:\/\/schema.org","@graph":[{"@type":"WebPage","@id":"http:\/\/diderot.education\/6566ede33eaaf-matthias-porcheret\/projet-de-classe\/","url":"http:\/\/diderot.education\/6566ede33eaaf-matthias-porcheret\/projet-de-classe\/","name":"Projet de classe - Matthias PORCHERET","isPartOf":{"@id":"http:\/\/diderot.education\/6566ede33eaaf-matthias-porcheret\/#website"},"primaryImageOfPage":{"@id":"http:\/\/diderot.education\/6566ede33eaaf-matthias-porcheret\/projet-de-classe\/#primaryimage"},"image":{"@id":"http:\/\/diderot.education\/6566ede33eaaf-matthias-porcheret\/projet-de-classe\/#primaryimage"},"thumbnailUrl":"http:\/\/diderot.education\/6566ede33eaaf-matthias-porcheret\/wp-content\/uploads\/sites\/468\/2024\/04\/IMG_2213-768x1024.jpg","datePublished":"2023-12-06T08:28:33+00:00","dateModified":"2024-04-24T07:21:06+00:00","breadcrumb":{"@id":"http:\/\/diderot.education\/6566ede33eaaf-matthias-porcheret\/projet-de-classe\/#breadcrumb"},"inLanguage":"fr-FR","potentialAction":[{"@type":"ReadAction","target":["http:\/\/diderot.education\/6566ede33eaaf-matthias-porcheret\/projet-de-classe\/"]}]},{"@type":"ImageObject","inLanguage":"fr-FR","@id":"http:\/\/diderot.education\/6566ede33eaaf-matthias-porcheret\/projet-de-classe\/#primaryimage","url":"http:\/\/diderot.education\/6566ede33eaaf-matthias-porcheret\/wp-content\/uploads\/sites\/468\/2024\/04\/IMG_2213-rotated.jpg","contentUrl":"http:\/\/diderot.education\/6566ede33eaaf-matthias-porcheret\/wp-content\/uploads\/sites\/468\/2024\/04\/IMG_2213-rotated.jpg","width":1512,"height":2016},{"@type":"BreadcrumbList","@id":"http:\/\/diderot.education\/6566ede33eaaf-matthias-porcheret\/projet-de-classe\/#breadcrumb","itemListElement":[{"@type":"ListItem","position":1,"name":"Accueil","item":"http:\/\/diderot.education\/6566ede33eaaf-matthias-porcheret\/"},{"@type":"ListItem","position":2,"name":"Projet de classe"}]},{"@type":"WebSite","@id":"http:\/\/diderot.education\/6566ede33eaaf-matthias-porcheret\/#website","url":"http:\/\/diderot.education\/6566ede33eaaf-matthias-porcheret\/","name":"Matthias PORCHERET","description":"","publisher":{"@id":"http:\/\/diderot.education\/6566ede33eaaf-matthias-porcheret\/#organization"},"potentialAction":[{"@type":"SearchAction","target":{"@type":"EntryPoint","urlTemplate":"http:\/\/diderot.education\/6566ede33eaaf-matthias-porcheret\/?s={search_term_string}"},"query-input":{"@type":"PropertyValueSpecification","valueRequired":true,"valueName":"search_term_string"}}],"inLanguage":"fr-FR"},{"@type":"Organization","@id":"http:\/\/diderot.education\/6566ede33eaaf-matthias-porcheret\/#organization","name":"Matthias PORCHERET","url":"http:\/\/diderot.education\/6566ede33eaaf-matthias-porcheret\/","logo":{"@type":"ImageObject","inLanguage":"fr-FR","@id":"http:\/\/diderot.education\/6566ede33eaaf-matthias-porcheret\/#\/schema\/logo\/image\/","url":"http:\/\/diderot.education\/6566ede33eaaf-matthias-porcheret\/wp-content\/uploads\/sites\/468\/2023\/11\/Mountain-Climb.jpg","contentUrl":"http:\/\/diderot.education\/6566ede33eaaf-matthias-porcheret\/wp-content\/uploads\/sites\/468\/2023\/11\/Mountain-Climb.jpg","width":1080,"height":1080,"caption":"Matthias PORCHERET"},"image":{"@id":"http:\/\/diderot.education\/6566ede33eaaf-matthias-porcheret\/#\/schema\/logo\/image\/"}}]}},"_links":{"self":[{"href":"http:\/\/diderot.education\/6566ede33eaaf-matthias-porcheret\/wp-json\/wp\/v2\/pages\/880","targetHints":{"allow":["GET"]}}],"collection":[{"href":"http:\/\/diderot.education\/6566ede33eaaf-matthias-porcheret\/wp-json\/wp\/v2\/pages"}],"about":[{"href":"http:\/\/diderot.education\/6566ede33eaaf-matthias-porcheret\/wp-json\/wp\/v2\/types\/page"}],"author":[{"embeddable":true,"href":"http:\/\/diderot.education\/6566ede33eaaf-matthias-porcheret\/wp-json\/wp\/v2\/users\/470"}],"replies":[{"embeddable":true,"href":"http:\/\/diderot.education\/6566ede33eaaf-matthias-porcheret\/wp-json\/wp\/v2\/comments?post=880"}],"version-history":[{"count":4,"href":"http:\/\/diderot.education\/6566ede33eaaf-matthias-porcheret\/wp-json\/wp\/v2\/pages\/880\/revisions"}],"predecessor-version":[{"id":1000,"href":"http:\/\/diderot.education\/6566ede33eaaf-matthias-porcheret\/wp-json\/wp\/v2\/pages\/880\/revisions\/1000"}],"wp:attachment":[{"href":"http:\/\/diderot.education\/6566ede33eaaf-matthias-porcheret\/wp-json\/wp\/v2\/media?parent=880"}],"curies":[{"name":"wp","href":"https:\/\/api.w.org\/{rel}","templated":true}]}}