{"id":883,"date":"2023-12-06T09:29:19","date_gmt":"2023-12-06T08:29:19","guid":{"rendered":"http:\/\/diderot.education\/6566ede33eaaf-matthias-porcheret\/?page_id=883"},"modified":"2024-04-24T08:54:32","modified_gmt":"2024-04-24T06:54:32","slug":"projet-dorientation","status":"publish","type":"page","link":"http:\/\/diderot.education\/6566ede33eaaf-matthias-porcheret\/projet-dorientation\/","title":{"rendered":"Projet d&rsquo;orientation"},"content":{"rendered":"\t\t<div data-elementor-type=\"wp-page\" data-elementor-id=\"883\" class=\"elementor elementor-883\">\n\t\t\t\t<div class=\"elementor-element elementor-element-1e8aaf8 e-flex e-con-boxed wpr-particle-no wpr-jarallax-no wpr-parallax-no wpr-sticky-section-no wpr-equal-height-no e-con e-parent\" data-id=\"1e8aaf8\" data-element_type=\"container\" data-e-type=\"container\">\n\t\t\t\t\t<div class=\"e-con-inner\">\n\t\t<div class=\"elementor-element elementor-element-7f81f07 e-con-full e-flex wpr-particle-no wpr-jarallax-no wpr-parallax-no wpr-sticky-section-no wpr-equal-height-no e-con e-child\" data-id=\"7f81f07\" data-element_type=\"container\" data-e-type=\"container\">\n\t\t\t\t<div class=\"elementor-element elementor-element-b644e95 elementor-widget elementor-widget-image\" data-id=\"b644e95\" data-element_type=\"widget\" data-e-type=\"widget\" data-widget_type=\"image.default\">\n\t\t\t\t<div class=\"elementor-widget-container\">\n\t\t\t\t\t\t\t\t\t\t\t\t\t\t\t<img fetchpriority=\"high\" decoding=\"async\" width=\"760\" height=\"525\" src=\"http:\/\/diderot.education\/6566ede33eaaf-matthias-porcheret\/wp-content\/uploads\/sites\/468\/2024\/04\/dietetitien-1024x708.jpg\" class=\"attachment-large size-large wp-image-985\" alt=\"\" srcset=\"http:\/\/diderot.education\/6566ede33eaaf-matthias-porcheret\/wp-content\/uploads\/sites\/468\/2024\/04\/dietetitien-1024x708.jpg 1024w, http:\/\/diderot.education\/6566ede33eaaf-matthias-porcheret\/wp-content\/uploads\/sites\/468\/2024\/04\/dietetitien-300x207.jpg 300w, http:\/\/diderot.education\/6566ede33eaaf-matthias-porcheret\/wp-content\/uploads\/sites\/468\/2024\/04\/dietetitien-768x531.jpg 768w, http:\/\/diderot.education\/6566ede33eaaf-matthias-porcheret\/wp-content\/uploads\/sites\/468\/2024\/04\/dietetitien-1536x1062.jpg 1536w, http:\/\/diderot.education\/6566ede33eaaf-matthias-porcheret\/wp-content\/uploads\/sites\/468\/2024\/04\/dietetitien-421x291.jpg 421w, http:\/\/diderot.education\/6566ede33eaaf-matthias-porcheret\/wp-content\/uploads\/sites\/468\/2024\/04\/dietetitien.jpg 1562w\" sizes=\"(max-width: 760px) 100vw, 760px\" \/>\t\t\t\t\t\t\t\t\t\t\t\t\t\t\t<\/div>\n\t\t\t\t<\/div>\n\t\t\t\t<\/div>\n\t\t<div class=\"elementor-element elementor-element-452b898 e-con-full e-flex wpr-particle-no wpr-jarallax-no wpr-parallax-no wpr-sticky-section-no wpr-equal-height-no e-con e-child\" data-id=\"452b898\" data-element_type=\"container\" data-e-type=\"container\">\n\t\t\t\t<div class=\"elementor-element elementor-element-c0367c9 elementor-widget elementor-widget-text-editor\" data-id=\"c0367c9\" data-element_type=\"widget\" data-e-type=\"widget\" data-widget_type=\"text-editor.default\">\n\t\t\t\t<div class=\"elementor-widget-container\">\n\t\t\t\t\t\t\t\t\t<h4><strong>j&rsquo;ai pour projet d&rsquo;\u00eatre Di\u00e9t\u00e9ticien &#8211; Nutritionniste dans mon propre cabinet, en lib\u00e9ral<\/strong>\u00a0<\/h4><p>\u00a0<\/p><p>la nutrition me passionne depuis toujours, et c&rsquo;est pourquoi je souhaite ouvrir mon cabinet ou je pourrais accueillir mes client chaque jours et les aider a r\u00e9gler leurs probl\u00e8mes de sant\u00e9 !<\/p>\t\t\t\t\t\t\t\t<\/div>\n\t\t\t\t<\/div>\n\t\t\t\t<\/div>\n\t\t\t\t\t<\/div>\n\t\t\t\t<\/div>\n\t\t<div class=\"elementor-element elementor-element-a063d7e e-flex e-con-boxed wpr-particle-no wpr-jarallax-no wpr-parallax-no wpr-sticky-section-no wpr-equal-height-no e-con e-parent\" data-id=\"a063d7e\" data-element_type=\"container\" data-e-type=\"container\">\n\t\t\t\t\t<div class=\"e-con-inner\">\n\t\t\t\t\t<\/div>\n\t\t\t\t<\/div>\n\t\t\t\t<\/div>\n\t\t","protected":false},"excerpt":{"rendered":"<p>j&rsquo;ai pour projet d&rsquo;\u00eatre Di\u00e9t\u00e9ticien &#8211; Nutritionniste dans mon propre cabinet, en lib\u00e9ral\u00a0 \u00a0 la nutrition me passionne depuis toujours, et c&rsquo;est pourquoi je souhaite &hellip;<\/p>\n","protected":false},"author":470,"featured_media":0,"parent":0,"menu_order":0,"comment_status":"closed","ping_status":"closed","template":"","meta":{"om_disable_all_campaigns":false,"footnotes":""},"class_list":["post-883","page","type-page","status-publish","hentry"],"featured_image_src":null,"yoast_head":"<!-- This site is optimized with the Yoast SEO plugin v27.5 - https:\/\/yoast.com\/product\/yoast-seo-wordpress\/ -->\n<title>Projet d&#039;orientation - Matthias PORCHERET<\/title>\n<meta name=\"robots\" content=\"index, follow, max-snippet:-1, max-image-preview:large, max-video-preview:-1\" \/>\n<link rel=\"canonical\" href=\"http:\/\/diderot.education\/6566ede33eaaf-matthias-porcheret\/projet-dorientation\/\" \/>\n<meta property=\"og:locale\" content=\"fr_FR\" \/>\n<meta property=\"og:type\" content=\"article\" \/>\n<meta property=\"og:title\" content=\"Projet d&#039;orientation - Matthias PORCHERET\" \/>\n<meta property=\"og:description\" content=\"j&rsquo;ai pour projet d&rsquo;\u00eatre Di\u00e9t\u00e9ticien &#8211; Nutritionniste dans mon propre cabinet, en lib\u00e9ral\u00a0 \u00a0 la nutrition me passionne depuis toujours, et c&rsquo;est pourquoi je souhaite &hellip;\" \/>\n<meta property=\"og:url\" content=\"http:\/\/diderot.education\/6566ede33eaaf-matthias-porcheret\/projet-dorientation\/\" \/>\n<meta property=\"og:site_name\" content=\"Matthias PORCHERET\" \/>\n<meta property=\"article:modified_time\" content=\"2024-04-24T06:54:32+00:00\" \/>\n<meta property=\"og:image\" content=\"http:\/\/diderot.education\/6566ede33eaaf-matthias-porcheret\/wp-content\/uploads\/sites\/468\/2024\/04\/dietetitien-1024x708.jpg\" \/>\n<meta name=\"twitter:card\" content=\"summary_large_image\" \/>\n<meta name=\"twitter:label1\" content=\"Dur\u00e9e de lecture estim\u00e9e\" \/>\n\t<meta name=\"twitter:data1\" content=\"1 minute\" \/>\n<script type=\"application\/ld+json\" class=\"yoast-schema-graph\">{\"@context\":\"https:\\\/\\\/schema.org\",\"@graph\":[{\"@type\":\"WebPage\",\"@id\":\"http:\\\/\\\/diderot.education\\\/6566ede33eaaf-matthias-porcheret\\\/projet-dorientation\\\/\",\"url\":\"http:\\\/\\\/diderot.education\\\/6566ede33eaaf-matthias-porcheret\\\/projet-dorientation\\\/\",\"name\":\"Projet d'orientation - Matthias PORCHERET\",\"isPartOf\":{\"@id\":\"http:\\\/\\\/diderot.education\\\/6566ede33eaaf-matthias-porcheret\\\/#website\"},\"primaryImageOfPage\":{\"@id\":\"http:\\\/\\\/diderot.education\\\/6566ede33eaaf-matthias-porcheret\\\/projet-dorientation\\\/#primaryimage\"},\"image\":{\"@id\":\"http:\\\/\\\/diderot.education\\\/6566ede33eaaf-matthias-porcheret\\\/projet-dorientation\\\/#primaryimage\"},\"thumbnailUrl\":\"http:\\\/\\\/diderot.education\\\/6566ede33eaaf-matthias-porcheret\\\/wp-content\\\/uploads\\\/sites\\\/468\\\/2024\\\/04\\\/dietetitien-1024x708.jpg\",\"datePublished\":\"2023-12-06T08:29:19+00:00\",\"dateModified\":\"2024-04-24T06:54:32+00:00\",\"breadcrumb\":{\"@id\":\"http:\\\/\\\/diderot.education\\\/6566ede33eaaf-matthias-porcheret\\\/projet-dorientation\\\/#breadcrumb\"},\"inLanguage\":\"fr-FR\",\"potentialAction\":[{\"@type\":\"ReadAction\",\"target\":[\"http:\\\/\\\/diderot.education\\\/6566ede33eaaf-matthias-porcheret\\\/projet-dorientation\\\/\"]}]},{\"@type\":\"ImageObject\",\"inLanguage\":\"fr-FR\",\"@id\":\"http:\\\/\\\/diderot.education\\\/6566ede33eaaf-matthias-porcheret\\\/projet-dorientation\\\/#primaryimage\",\"url\":\"http:\\\/\\\/diderot.education\\\/6566ede33eaaf-matthias-porcheret\\\/wp-content\\\/uploads\\\/sites\\\/468\\\/2024\\\/04\\\/dietetitien.jpg\",\"contentUrl\":\"http:\\\/\\\/diderot.education\\\/6566ede33eaaf-matthias-porcheret\\\/wp-content\\\/uploads\\\/sites\\\/468\\\/2024\\\/04\\\/dietetitien.jpg\",\"width\":1562,\"height\":1080},{\"@type\":\"BreadcrumbList\",\"@id\":\"http:\\\/\\\/diderot.education\\\/6566ede33eaaf-matthias-porcheret\\\/projet-dorientation\\\/#breadcrumb\",\"itemListElement\":[{\"@type\":\"ListItem\",\"position\":1,\"name\":\"Accueil\",\"item\":\"http:\\\/\\\/diderot.education\\\/6566ede33eaaf-matthias-porcheret\\\/\"},{\"@type\":\"ListItem\",\"position\":2,\"name\":\"Projet d&#8217;orientation\"}]},{\"@type\":\"WebSite\",\"@id\":\"http:\\\/\\\/diderot.education\\\/6566ede33eaaf-matthias-porcheret\\\/#website\",\"url\":\"http:\\\/\\\/diderot.education\\\/6566ede33eaaf-matthias-porcheret\\\/\",\"name\":\"Matthias PORCHERET\",\"description\":\"\",\"publisher\":{\"@id\":\"http:\\\/\\\/diderot.education\\\/6566ede33eaaf-matthias-porcheret\\\/#organization\"},\"potentialAction\":[{\"@type\":\"SearchAction\",\"target\":{\"@type\":\"EntryPoint\",\"urlTemplate\":\"http:\\\/\\\/diderot.education\\\/6566ede33eaaf-matthias-porcheret\\\/?s={search_term_string}\"},\"query-input\":{\"@type\":\"PropertyValueSpecification\",\"valueRequired\":true,\"valueName\":\"search_term_string\"}}],\"inLanguage\":\"fr-FR\"},{\"@type\":\"Organization\",\"@id\":\"http:\\\/\\\/diderot.education\\\/6566ede33eaaf-matthias-porcheret\\\/#organization\",\"name\":\"Matthias PORCHERET\",\"url\":\"http:\\\/\\\/diderot.education\\\/6566ede33eaaf-matthias-porcheret\\\/\",\"logo\":{\"@type\":\"ImageObject\",\"inLanguage\":\"fr-FR\",\"@id\":\"http:\\\/\\\/diderot.education\\\/6566ede33eaaf-matthias-porcheret\\\/#\\\/schema\\\/logo\\\/image\\\/\",\"url\":\"http:\\\/\\\/diderot.education\\\/6566ede33eaaf-matthias-porcheret\\\/wp-content\\\/uploads\\\/sites\\\/468\\\/2023\\\/11\\\/Mountain-Climb.jpg\",\"contentUrl\":\"http:\\\/\\\/diderot.education\\\/6566ede33eaaf-matthias-porcheret\\\/wp-content\\\/uploads\\\/sites\\\/468\\\/2023\\\/11\\\/Mountain-Climb.jpg\",\"width\":1080,\"height\":1080,\"caption\":\"Matthias PORCHERET\"},\"image\":{\"@id\":\"http:\\\/\\\/diderot.education\\\/6566ede33eaaf-matthias-porcheret\\\/#\\\/schema\\\/logo\\\/image\\\/\"}}]}<\/script>\n<!-- \/ Yoast SEO plugin. -->","yoast_head_json":{"title":"Projet d'orientation - Matthias PORCHERET","robots":{"index":"index","follow":"follow","max-snippet":"max-snippet:-1","max-image-preview":"max-image-preview:large","max-video-preview":"max-video-preview:-1"},"canonical":"http:\/\/diderot.education\/6566ede33eaaf-matthias-porcheret\/projet-dorientation\/","og_locale":"fr_FR","og_type":"article","og_title":"Projet d'orientation - Matthias PORCHERET","og_description":"j&rsquo;ai pour projet d&rsquo;\u00eatre Di\u00e9t\u00e9ticien &#8211; Nutritionniste dans mon propre cabinet, en lib\u00e9ral\u00a0 \u00a0 la nutrition me passionne depuis toujours, et c&rsquo;est pourquoi je souhaite &hellip;","og_url":"http:\/\/diderot.education\/6566ede33eaaf-matthias-porcheret\/projet-dorientation\/","og_site_name":"Matthias PORCHERET","article_modified_time":"2024-04-24T06:54:32+00:00","og_image":[{"url":"http:\/\/diderot.education\/6566ede33eaaf-matthias-porcheret\/wp-content\/uploads\/sites\/468\/2024\/04\/dietetitien-1024x708.jpg","type":"","width":"","height":""}],"twitter_card":"summary_large_image","twitter_misc":{"Dur\u00e9e de lecture estim\u00e9e":"1 minute"},"schema":{"@context":"https:\/\/schema.org","@graph":[{"@type":"WebPage","@id":"http:\/\/diderot.education\/6566ede33eaaf-matthias-porcheret\/projet-dorientation\/","url":"http:\/\/diderot.education\/6566ede33eaaf-matthias-porcheret\/projet-dorientation\/","name":"Projet d'orientation - Matthias PORCHERET","isPartOf":{"@id":"http:\/\/diderot.education\/6566ede33eaaf-matthias-porcheret\/#website"},"primaryImageOfPage":{"@id":"http:\/\/diderot.education\/6566ede33eaaf-matthias-porcheret\/projet-dorientation\/#primaryimage"},"image":{"@id":"http:\/\/diderot.education\/6566ede33eaaf-matthias-porcheret\/projet-dorientation\/#primaryimage"},"thumbnailUrl":"http:\/\/diderot.education\/6566ede33eaaf-matthias-porcheret\/wp-content\/uploads\/sites\/468\/2024\/04\/dietetitien-1024x708.jpg","datePublished":"2023-12-06T08:29:19+00:00","dateModified":"2024-04-24T06:54:32+00:00","breadcrumb":{"@id":"http:\/\/diderot.education\/6566ede33eaaf-matthias-porcheret\/projet-dorientation\/#breadcrumb"},"inLanguage":"fr-FR","potentialAction":[{"@type":"ReadAction","target":["http:\/\/diderot.education\/6566ede33eaaf-matthias-porcheret\/projet-dorientation\/"]}]},{"@type":"ImageObject","inLanguage":"fr-FR","@id":"http:\/\/diderot.education\/6566ede33eaaf-matthias-porcheret\/projet-dorientation\/#primaryimage","url":"http:\/\/diderot.education\/6566ede33eaaf-matthias-porcheret\/wp-content\/uploads\/sites\/468\/2024\/04\/dietetitien.jpg","contentUrl":"http:\/\/diderot.education\/6566ede33eaaf-matthias-porcheret\/wp-content\/uploads\/sites\/468\/2024\/04\/dietetitien.jpg","width":1562,"height":1080},{"@type":"BreadcrumbList","@id":"http:\/\/diderot.education\/6566ede33eaaf-matthias-porcheret\/projet-dorientation\/#breadcrumb","itemListElement":[{"@type":"ListItem","position":1,"name":"Accueil","item":"http:\/\/diderot.education\/6566ede33eaaf-matthias-porcheret\/"},{"@type":"ListItem","position":2,"name":"Projet d&#8217;orientation"}]},{"@type":"WebSite","@id":"http:\/\/diderot.education\/6566ede33eaaf-matthias-porcheret\/#website","url":"http:\/\/diderot.education\/6566ede33eaaf-matthias-porcheret\/","name":"Matthias PORCHERET","description":"","publisher":{"@id":"http:\/\/diderot.education\/6566ede33eaaf-matthias-porcheret\/#organization"},"potentialAction":[{"@type":"SearchAction","target":{"@type":"EntryPoint","urlTemplate":"http:\/\/diderot.education\/6566ede33eaaf-matthias-porcheret\/?s={search_term_string}"},"query-input":{"@type":"PropertyValueSpecification","valueRequired":true,"valueName":"search_term_string"}}],"inLanguage":"fr-FR"},{"@type":"Organization","@id":"http:\/\/diderot.education\/6566ede33eaaf-matthias-porcheret\/#organization","name":"Matthias PORCHERET","url":"http:\/\/diderot.education\/6566ede33eaaf-matthias-porcheret\/","logo":{"@type":"ImageObject","inLanguage":"fr-FR","@id":"http:\/\/diderot.education\/6566ede33eaaf-matthias-porcheret\/#\/schema\/logo\/image\/","url":"http:\/\/diderot.education\/6566ede33eaaf-matthias-porcheret\/wp-content\/uploads\/sites\/468\/2023\/11\/Mountain-Climb.jpg","contentUrl":"http:\/\/diderot.education\/6566ede33eaaf-matthias-porcheret\/wp-content\/uploads\/sites\/468\/2023\/11\/Mountain-Climb.jpg","width":1080,"height":1080,"caption":"Matthias PORCHERET"},"image":{"@id":"http:\/\/diderot.education\/6566ede33eaaf-matthias-porcheret\/#\/schema\/logo\/image\/"}}]}},"_links":{"self":[{"href":"http:\/\/diderot.education\/6566ede33eaaf-matthias-porcheret\/wp-json\/wp\/v2\/pages\/883","targetHints":{"allow":["GET"]}}],"collection":[{"href":"http:\/\/diderot.education\/6566ede33eaaf-matthias-porcheret\/wp-json\/wp\/v2\/pages"}],"about":[{"href":"http:\/\/diderot.education\/6566ede33eaaf-matthias-porcheret\/wp-json\/wp\/v2\/types\/page"}],"author":[{"embeddable":true,"href":"http:\/\/diderot.education\/6566ede33eaaf-matthias-porcheret\/wp-json\/wp\/v2\/users\/470"}],"replies":[{"embeddable":true,"href":"http:\/\/diderot.education\/6566ede33eaaf-matthias-porcheret\/wp-json\/wp\/v2\/comments?post=883"}],"version-history":[{"count":7,"href":"http:\/\/diderot.education\/6566ede33eaaf-matthias-porcheret\/wp-json\/wp\/v2\/pages\/883\/revisions"}],"predecessor-version":[{"id":992,"href":"http:\/\/diderot.education\/6566ede33eaaf-matthias-porcheret\/wp-json\/wp\/v2\/pages\/883\/revisions\/992"}],"wp:attachment":[{"href":"http:\/\/diderot.education\/6566ede33eaaf-matthias-porcheret\/wp-json\/wp\/v2\/media?parent=883"}],"curies":[{"name":"wp","href":"https:\/\/api.w.org\/{rel}","templated":true}]}}