{"id":28,"date":"2024-01-18T09:40:28","date_gmt":"2024-01-18T08:40:28","guid":{"rendered":"http:\/\/diderot.education\/65831405350c9-anais-gay\/?page_id=28"},"modified":"2024-09-28T13:45:19","modified_gmt":"2024-09-28T11:45:19","slug":"prise-de-rdv-et-tarifs","status":"publish","type":"page","link":"http:\/\/diderot.education\/65831405350c9-anais-gay\/prise-de-rdv-et-tarifs\/","title":{"rendered":"Prises de RDV et tarifs"},"content":{"rendered":"\t\t<div data-elementor-type=\"wp-page\" data-elementor-id=\"28\" class=\"elementor elementor-28\">\n\t\t\t\t<div class=\"elementor-element elementor-element-a20bf1f e-flex e-con-boxed wpr-particle-no wpr-jarallax-no wpr-parallax-no wpr-sticky-section-no e-con e-parent\" data-id=\"a20bf1f\" data-element_type=\"container\" data-e-type=\"container\">\n\t\t\t\t\t<div class=\"e-con-inner\">\n\t\t\t\t<div class=\"elementor-element elementor-element-c5505db elementor-widget elementor-widget-text-editor\" data-id=\"c5505db\" data-element_type=\"widget\" data-e-type=\"widget\" data-widget_type=\"text-editor.default\">\n\t\t\t\t<div class=\"elementor-widget-container\">\n\t\t\t\t\t\t\t\t\t<p>R\u00e9servez votre consultation di\u00e9t\u00e9tique pour que l&rsquo;on puisse \u00e9changer en Visio, par t\u00e9l\u00e9phone ou \u00e0 domicile et r\u00e9pondre \u00e0 vos interrogations nutritionnelles et sant\u00e9 !<\/p>\t\t\t\t\t\t\t\t<\/div>\n\t\t\t\t<\/div>\n\t\t\t\t<div class=\"elementor-element elementor-element-c6045e3 elementor-align-center elementor-widget elementor-widget-button\" data-id=\"c6045e3\" data-element_type=\"widget\" data-e-type=\"widget\" data-widget_type=\"button.default\">\n\t\t\t\t<div class=\"elementor-widget-container\">\n\t\t\t\t\t\t\t\t\t<div class=\"elementor-button-wrapper\">\n\t\t\t\t\t<a class=\"elementor-button elementor-button-link elementor-size-sm\" href=\"https:\/\/calendly.com\/anais-gay\/30min\">\n\t\t\t\t\t\t<span class=\"elementor-button-content-wrapper\">\n\t\t\t\t\t\t\t\t\t<span class=\"elementor-button-text\">Je prends RDV<\/span>\n\t\t\t\t\t<\/span>\n\t\t\t\t\t<\/a>\n\t\t\t\t<\/div>\n\t\t\t\t\t\t\t\t<\/div>\n\t\t\t\t<\/div>\n\t\t\t\t\t<\/div>\n\t\t\t\t<\/div>\n\t\t<div class=\"elementor-element elementor-element-fb2edff e-flex e-con-boxed wpr-particle-no wpr-jarallax-no wpr-parallax-no wpr-sticky-section-no e-con e-parent\" data-id=\"fb2edff\" data-element_type=\"container\" data-e-type=\"container\">\n\t\t\t\t\t<div class=\"e-con-inner\">\n\t\t\t\t<div class=\"elementor-element elementor-element-0c48df8 elementor-widget elementor-widget-toggle\" data-id=\"0c48df8\" data-element_type=\"widget\" data-e-type=\"widget\" data-widget_type=\"toggle.default\">\n\t\t\t\t<div class=\"elementor-widget-container\">\n\t\t\t\t\t\t\t<div class=\"elementor-toggle\">\n\t\t\t\t\t\t\t<div class=\"elementor-toggle-item\">\n\t\t\t\t\t<div id=\"elementor-tab-title-1281\" class=\"elementor-tab-title\" data-tab=\"1\" role=\"button\" aria-controls=\"elementor-tab-content-1281\" aria-expanded=\"false\">\n\t\t\t\t\t\t\t\t\t\t\t\t<span class=\"elementor-toggle-icon elementor-toggle-icon-left\" aria-hidden=\"true\">\n\t\t\t\t\t\t\t\t\t\t\t\t\t\t\t<span class=\"elementor-toggle-icon-closed\"><svg class=\"e-font-icon-svg e-fas-caret-right\" viewBox=\"0 0 192 512\" xmlns=\"http:\/\/www.w3.org\/2000\/svg\"><path d=\"M0 384.662V127.338c0-17.818 21.543-26.741 34.142-14.142l128.662 128.662c7.81 7.81 7.81 20.474 0 28.284L34.142 398.804C21.543 411.404 0 402.48 0 384.662z\"><\/path><\/svg><\/span>\n\t\t\t\t\t\t\t\t<span class=\"elementor-toggle-icon-opened\"><svg class=\"elementor-toggle-icon-opened e-font-icon-svg e-fas-caret-up\" viewBox=\"0 0 320 512\" xmlns=\"http:\/\/www.w3.org\/2000\/svg\"><path d=\"M288.662 352H31.338c-17.818 0-26.741-21.543-14.142-34.142l128.662-128.662c7.81-7.81 20.474-7.81 28.284 0l128.662 128.662c12.6 12.599 3.676 34.142-14.142 34.142z\"><\/path><\/svg><\/span>\n\t\t\t\t\t\t\t\t\t\t\t\t\t<\/span>\n\t\t\t\t\t\t\t\t\t\t\t\t<a class=\"elementor-toggle-title\" tabindex=\"0\">Comment ?<\/a>\n\t\t\t\t\t<\/div>\n\n\t\t\t\t\t<div id=\"elementor-tab-content-1281\" class=\"elementor-tab-content elementor-clearfix\" data-tab=\"1\" role=\"region\" aria-labelledby=\"elementor-tab-title-1281\"><p>Par visio, par t\u00e9l\u00e9phone ou \u00e0 domicile<\/p><\/div>\n\t\t\t\t<\/div>\n\t\t\t\t\t\t\t<div class=\"elementor-toggle-item\">\n\t\t\t\t\t<div id=\"elementor-tab-title-1282\" class=\"elementor-tab-title\" data-tab=\"2\" role=\"button\" aria-controls=\"elementor-tab-content-1282\" aria-expanded=\"false\">\n\t\t\t\t\t\t\t\t\t\t\t\t<span class=\"elementor-toggle-icon elementor-toggle-icon-left\" aria-hidden=\"true\">\n\t\t\t\t\t\t\t\t\t\t\t\t\t\t\t<span class=\"elementor-toggle-icon-closed\"><svg class=\"e-font-icon-svg e-fas-caret-right\" viewBox=\"0 0 192 512\" xmlns=\"http:\/\/www.w3.org\/2000\/svg\"><path d=\"M0 384.662V127.338c0-17.818 21.543-26.741 34.142-14.142l128.662 128.662c7.81 7.81 7.81 20.474 0 28.284L34.142 398.804C21.543 411.404 0 402.48 0 384.662z\"><\/path><\/svg><\/span>\n\t\t\t\t\t\t\t\t<span class=\"elementor-toggle-icon-opened\"><svg class=\"elementor-toggle-icon-opened e-font-icon-svg e-fas-caret-up\" viewBox=\"0 0 320 512\" xmlns=\"http:\/\/www.w3.org\/2000\/svg\"><path d=\"M288.662 352H31.338c-17.818 0-26.741-21.543-14.142-34.142l128.662-128.662c7.81-7.81 20.474-7.81 28.284 0l128.662 128.662c12.6 12.599 3.676 34.142-14.142 34.142z\"><\/path><\/svg><\/span>\n\t\t\t\t\t\t\t\t\t\t\t\t\t<\/span>\n\t\t\t\t\t\t\t\t\t\t\t\t<a class=\"elementor-toggle-title\" tabindex=\"0\">Dur\u00e9e ?<\/a>\n\t\t\t\t\t<\/div>\n\n\t\t\t\t\t<div id=\"elementor-tab-content-1282\" class=\"elementor-tab-content elementor-clearfix\" data-tab=\"2\" role=\"region\" aria-labelledby=\"elementor-tab-title-1282\"><p>1\u00e8re s\u00e9ance: environ 1H<\/p><p>Suivi: plus court, adapt\u00e9 aux besoins de chacun (environ 30 min)<\/p><\/div>\n\t\t\t\t<\/div>\n\t\t\t\t\t\t\t<div class=\"elementor-toggle-item\">\n\t\t\t\t\t<div id=\"elementor-tab-title-1283\" class=\"elementor-tab-title\" data-tab=\"3\" role=\"button\" aria-controls=\"elementor-tab-content-1283\" aria-expanded=\"false\">\n\t\t\t\t\t\t\t\t\t\t\t\t<span class=\"elementor-toggle-icon elementor-toggle-icon-left\" aria-hidden=\"true\">\n\t\t\t\t\t\t\t\t\t\t\t\t\t\t\t<span class=\"elementor-toggle-icon-closed\"><svg class=\"e-font-icon-svg e-fas-caret-right\" viewBox=\"0 0 192 512\" xmlns=\"http:\/\/www.w3.org\/2000\/svg\"><path d=\"M0 384.662V127.338c0-17.818 21.543-26.741 34.142-14.142l128.662 128.662c7.81 7.81 7.81 20.474 0 28.284L34.142 398.804C21.543 411.404 0 402.48 0 384.662z\"><\/path><\/svg><\/span>\n\t\t\t\t\t\t\t\t<span class=\"elementor-toggle-icon-opened\"><svg class=\"elementor-toggle-icon-opened e-font-icon-svg e-fas-caret-up\" viewBox=\"0 0 320 512\" xmlns=\"http:\/\/www.w3.org\/2000\/svg\"><path d=\"M288.662 352H31.338c-17.818 0-26.741-21.543-14.142-34.142l128.662-128.662c7.81-7.81 20.474-7.81 28.284 0l128.662 128.662c12.6 12.599 3.676 34.142-14.142 34.142z\"><\/path><\/svg><\/span>\n\t\t\t\t\t\t\t\t\t\t\t\t\t<\/span>\n\t\t\t\t\t\t\t\t\t\t\t\t<a class=\"elementor-toggle-title\" tabindex=\"0\">Prix ?<\/a>\n\t\t\t\t\t<\/div>\n\n\t\t\t\t\t<div id=\"elementor-tab-content-1283\" class=\"elementor-tab-content elementor-clearfix\" data-tab=\"3\" role=\"region\" aria-labelledby=\"elementor-tab-title-1283\"><p><span style=\"text-decoration: underline\"><strong>En visio ou par t\u00e9l\u00e9phone:<\/strong><\/span><\/p><p>1\u00e8re consultation\/ bilan nutritionnel: 40\u20ac*<\/p><p>2\u00e8me consultation <strong>gratuite<\/strong> (si rdv fix\u00e9 lors de la 1\u00e8re consultation)<\/p><p>Suivi nutritionnel: 25\u20ac*<\/p><pre><strong>Forfait 4 consultations<\/strong>\u00a0(1 bilan nutritionnel + 3 suivis): 80\u20ac<\/pre><p><strong><span style=\"text-decoration: underline\">A domicile:\u00a0<\/span><\/strong><\/p><p>1\u00e8re consultation: 45\u20ac*<\/p><p>Suivi nutritionnel: 25\u20ac*<\/p><pre><strong>Forfait 4 consultations<\/strong>\u00a0(1 bilan nutritionnel + 3 suivis): 100\u20ac<\/pre><p>Frais kilom\u00e9triques: 0,5\u20ac\/Km<\/p><p>\u00a0<\/p><p>*Pour les \u00e9tudiants les tarifs peuvent \u00eatre adapt\u00e9s<\/p><p>Paiement via Lydia\/PayPal gr\u00e2ce \u00e0 mon num\u00e9ro de t\u00e9l\u00e9phone en d\u00e9but\/fin de rendez-vous.<\/p><\/div>\n\t\t\t\t<\/div>\n\t\t\t\t\t\t\t\t<\/div>\n\t\t\t\t\t\t<\/div>\n\t\t\t\t<\/div>\n\t\t\t\t\t<\/div>\n\t\t\t\t<\/div>\n\t\t\t\t<\/div>\n\t\t","protected":false},"excerpt":{"rendered":"<p>R\u00e9servez votre consultation di\u00e9t\u00e9tique pour que l&rsquo;on puisse \u00e9changer en Visio, par t\u00e9l\u00e9phone ou \u00e0 domicile et r\u00e9pondre \u00e0 vos interrogations nutritionnelles et sant\u00e9 ! Je prends RDV Comment ? Par visio, par t\u00e9l\u00e9phone ou \u00e0 domicile Dur\u00e9e ? 1\u00e8re s\u00e9ance: environ 1H Suivi: plus<\/p>\n","protected":false},"author":517,"featured_media":0,"parent":0,"menu_order":0,"comment_status":"closed","ping_status":"closed","template":"","meta":{"om_disable_all_campaigns":false,"footnotes":""},"class_list":["post-28","page","type-page","status-publish","hentry"],"featured_image_src":null,"yoast_head":"<!-- This site is optimized with the Yoast SEO plugin v27.3 - https:\/\/yoast.com\/product\/yoast-seo-wordpress\/ -->\n<title>Prises de RDV et tarifs - Di\u00e9t\u00e9ticienne Nutritionniste<\/title>\n<meta name=\"robots\" content=\"index, follow, max-snippet:-1, max-image-preview:large, max-video-preview:-1\" \/>\n<link rel=\"canonical\" href=\"http:\/\/diderot.education\/65831405350c9-anais-gay\/prise-de-rdv-et-tarifs\/\" \/>\n<meta property=\"og:locale\" content=\"fr_FR\" \/>\n<meta property=\"og:type\" content=\"article\" \/>\n<meta property=\"og:title\" content=\"Prises de RDV et tarifs - Di\u00e9t\u00e9ticienne Nutritionniste\" \/>\n<meta property=\"og:description\" content=\"R\u00e9servez votre consultation di\u00e9t\u00e9tique pour que l&rsquo;on puisse \u00e9changer en Visio, par t\u00e9l\u00e9phone ou \u00e0 domicile et r\u00e9pondre \u00e0 vos interrogations nutritionnelles et sant\u00e9 ! Je prends RDV Comment ? Par visio, par t\u00e9l\u00e9phone ou \u00e0 domicile Dur\u00e9e ? 1\u00e8re s\u00e9ance: environ 1H Suivi: plus\" \/>\n<meta property=\"og:url\" content=\"http:\/\/diderot.education\/65831405350c9-anais-gay\/prise-de-rdv-et-tarifs\/\" \/>\n<meta property=\"og:site_name\" content=\"Di\u00e9t\u00e9ticienne Nutritionniste\" \/>\n<meta property=\"article:modified_time\" content=\"2024-09-28T11:45:19+00:00\" \/>\n<meta name=\"twitter:card\" content=\"summary_large_image\" \/>\n<meta name=\"twitter:label1\" content=\"Dur\u00e9e de lecture estim\u00e9e\" \/>\n\t<meta name=\"twitter:data1\" content=\"1 minute\" \/>\n<script type=\"application\/ld+json\" class=\"yoast-schema-graph\">{\"@context\":\"https:\\\/\\\/schema.org\",\"@graph\":[{\"@type\":\"WebPage\",\"@id\":\"http:\\\/\\\/diderot.education\\\/65831405350c9-anais-gay\\\/prise-de-rdv-et-tarifs\\\/\",\"url\":\"http:\\\/\\\/diderot.education\\\/65831405350c9-anais-gay\\\/prise-de-rdv-et-tarifs\\\/\",\"name\":\"Prises de RDV et tarifs - Di\u00e9t\u00e9ticienne Nutritionniste\",\"isPartOf\":{\"@id\":\"http:\\\/\\\/diderot.education\\\/65831405350c9-anais-gay\\\/#website\"},\"datePublished\":\"2024-01-18T08:40:28+00:00\",\"dateModified\":\"2024-09-28T11:45:19+00:00\",\"breadcrumb\":{\"@id\":\"http:\\\/\\\/diderot.education\\\/65831405350c9-anais-gay\\\/prise-de-rdv-et-tarifs\\\/#breadcrumb\"},\"inLanguage\":\"fr-FR\",\"potentialAction\":[{\"@type\":\"ReadAction\",\"target\":[\"http:\\\/\\\/diderot.education\\\/65831405350c9-anais-gay\\\/prise-de-rdv-et-tarifs\\\/\"]}]},{\"@type\":\"BreadcrumbList\",\"@id\":\"http:\\\/\\\/diderot.education\\\/65831405350c9-anais-gay\\\/prise-de-rdv-et-tarifs\\\/#breadcrumb\",\"itemListElement\":[{\"@type\":\"ListItem\",\"position\":1,\"name\":\"Accueil\",\"item\":\"http:\\\/\\\/diderot.education\\\/65831405350c9-anais-gay\\\/\"},{\"@type\":\"ListItem\",\"position\":2,\"name\":\"Prises de RDV et tarifs\"}]},{\"@type\":\"WebSite\",\"@id\":\"http:\\\/\\\/diderot.education\\\/65831405350c9-anais-gay\\\/#website\",\"url\":\"http:\\\/\\\/diderot.education\\\/65831405350c9-anais-gay\\\/\",\"name\":\"Di\u00e9t\u00e9ticienne Nutritionniste\",\"description\":\"Consultations sur Toulouse, \u00e0 distance ou \u00e0 domicile ! \",\"publisher\":{\"@id\":\"http:\\\/\\\/diderot.education\\\/65831405350c9-anais-gay\\\/#organization\"},\"potentialAction\":[{\"@type\":\"SearchAction\",\"target\":{\"@type\":\"EntryPoint\",\"urlTemplate\":\"http:\\\/\\\/diderot.education\\\/65831405350c9-anais-gay\\\/?s={search_term_string}\"},\"query-input\":{\"@type\":\"PropertyValueSpecification\",\"valueRequired\":true,\"valueName\":\"search_term_string\"}}],\"inLanguage\":\"fr-FR\"},{\"@type\":\"Organization\",\"@id\":\"http:\\\/\\\/diderot.education\\\/65831405350c9-anais-gay\\\/#organization\",\"name\":\"Di\u00e9t\u00e9ticienne Nutritionniste\",\"url\":\"http:\\\/\\\/diderot.education\\\/65831405350c9-anais-gay\\\/\",\"logo\":{\"@type\":\"ImageObject\",\"inLanguage\":\"fr-FR\",\"@id\":\"http:\\\/\\\/diderot.education\\\/65831405350c9-anais-gay\\\/#\\\/schema\\\/logo\\\/image\\\/\",\"url\":\"http:\\\/\\\/diderot.education\\\/65831405350c9-anais-gay\\\/wp-content\\\/uploads\\\/sites\\\/515\\\/2024\\\/01\\\/cropped-Anais-Gay.png\",\"contentUrl\":\"http:\\\/\\\/diderot.education\\\/65831405350c9-anais-gay\\\/wp-content\\\/uploads\\\/sites\\\/515\\\/2024\\\/01\\\/cropped-Anais-Gay.png\",\"width\":256,\"height\":247,\"caption\":\"Di\u00e9t\u00e9ticienne Nutritionniste\"},\"image\":{\"@id\":\"http:\\\/\\\/diderot.education\\\/65831405350c9-anais-gay\\\/#\\\/schema\\\/logo\\\/image\\\/\"}}]}<\/script>\n<!-- \/ Yoast SEO plugin. -->","yoast_head_json":{"title":"Prises de RDV et tarifs - Di\u00e9t\u00e9ticienne Nutritionniste","robots":{"index":"index","follow":"follow","max-snippet":"max-snippet:-1","max-image-preview":"max-image-preview:large","max-video-preview":"max-video-preview:-1"},"canonical":"http:\/\/diderot.education\/65831405350c9-anais-gay\/prise-de-rdv-et-tarifs\/","og_locale":"fr_FR","og_type":"article","og_title":"Prises de RDV et tarifs - Di\u00e9t\u00e9ticienne Nutritionniste","og_description":"R\u00e9servez votre consultation di\u00e9t\u00e9tique pour que l&rsquo;on puisse \u00e9changer en Visio, par t\u00e9l\u00e9phone ou \u00e0 domicile et r\u00e9pondre \u00e0 vos interrogations nutritionnelles et sant\u00e9 ! Je prends RDV Comment ? Par visio, par t\u00e9l\u00e9phone ou \u00e0 domicile Dur\u00e9e ? 1\u00e8re s\u00e9ance: environ 1H Suivi: plus","og_url":"http:\/\/diderot.education\/65831405350c9-anais-gay\/prise-de-rdv-et-tarifs\/","og_site_name":"Di\u00e9t\u00e9ticienne Nutritionniste","article_modified_time":"2024-09-28T11:45:19+00:00","twitter_card":"summary_large_image","twitter_misc":{"Dur\u00e9e de lecture estim\u00e9e":"1 minute"},"schema":{"@context":"https:\/\/schema.org","@graph":[{"@type":"WebPage","@id":"http:\/\/diderot.education\/65831405350c9-anais-gay\/prise-de-rdv-et-tarifs\/","url":"http:\/\/diderot.education\/65831405350c9-anais-gay\/prise-de-rdv-et-tarifs\/","name":"Prises de RDV et tarifs - Di\u00e9t\u00e9ticienne Nutritionniste","isPartOf":{"@id":"http:\/\/diderot.education\/65831405350c9-anais-gay\/#website"},"datePublished":"2024-01-18T08:40:28+00:00","dateModified":"2024-09-28T11:45:19+00:00","breadcrumb":{"@id":"http:\/\/diderot.education\/65831405350c9-anais-gay\/prise-de-rdv-et-tarifs\/#breadcrumb"},"inLanguage":"fr-FR","potentialAction":[{"@type":"ReadAction","target":["http:\/\/diderot.education\/65831405350c9-anais-gay\/prise-de-rdv-et-tarifs\/"]}]},{"@type":"BreadcrumbList","@id":"http:\/\/diderot.education\/65831405350c9-anais-gay\/prise-de-rdv-et-tarifs\/#breadcrumb","itemListElement":[{"@type":"ListItem","position":1,"name":"Accueil","item":"http:\/\/diderot.education\/65831405350c9-anais-gay\/"},{"@type":"ListItem","position":2,"name":"Prises de RDV et tarifs"}]},{"@type":"WebSite","@id":"http:\/\/diderot.education\/65831405350c9-anais-gay\/#website","url":"http:\/\/diderot.education\/65831405350c9-anais-gay\/","name":"Di\u00e9t\u00e9ticienne Nutritionniste","description":"Consultations sur Toulouse, \u00e0 distance ou \u00e0 domicile ! ","publisher":{"@id":"http:\/\/diderot.education\/65831405350c9-anais-gay\/#organization"},"potentialAction":[{"@type":"SearchAction","target":{"@type":"EntryPoint","urlTemplate":"http:\/\/diderot.education\/65831405350c9-anais-gay\/?s={search_term_string}"},"query-input":{"@type":"PropertyValueSpecification","valueRequired":true,"valueName":"search_term_string"}}],"inLanguage":"fr-FR"},{"@type":"Organization","@id":"http:\/\/diderot.education\/65831405350c9-anais-gay\/#organization","name":"Di\u00e9t\u00e9ticienne Nutritionniste","url":"http:\/\/diderot.education\/65831405350c9-anais-gay\/","logo":{"@type":"ImageObject","inLanguage":"fr-FR","@id":"http:\/\/diderot.education\/65831405350c9-anais-gay\/#\/schema\/logo\/image\/","url":"http:\/\/diderot.education\/65831405350c9-anais-gay\/wp-content\/uploads\/sites\/515\/2024\/01\/cropped-Anais-Gay.png","contentUrl":"http:\/\/diderot.education\/65831405350c9-anais-gay\/wp-content\/uploads\/sites\/515\/2024\/01\/cropped-Anais-Gay.png","width":256,"height":247,"caption":"Di\u00e9t\u00e9ticienne Nutritionniste"},"image":{"@id":"http:\/\/diderot.education\/65831405350c9-anais-gay\/#\/schema\/logo\/image\/"}}]}},"_links":{"self":[{"href":"http:\/\/diderot.education\/65831405350c9-anais-gay\/wp-json\/wp\/v2\/pages\/28","targetHints":{"allow":["GET"]}}],"collection":[{"href":"http:\/\/diderot.education\/65831405350c9-anais-gay\/wp-json\/wp\/v2\/pages"}],"about":[{"href":"http:\/\/diderot.education\/65831405350c9-anais-gay\/wp-json\/wp\/v2\/types\/page"}],"author":[{"embeddable":true,"href":"http:\/\/diderot.education\/65831405350c9-anais-gay\/wp-json\/wp\/v2\/users\/517"}],"replies":[{"embeddable":true,"href":"http:\/\/diderot.education\/65831405350c9-anais-gay\/wp-json\/wp\/v2\/comments?post=28"}],"version-history":[{"count":68,"href":"http:\/\/diderot.education\/65831405350c9-anais-gay\/wp-json\/wp\/v2\/pages\/28\/revisions"}],"predecessor-version":[{"id":395,"href":"http:\/\/diderot.education\/65831405350c9-anais-gay\/wp-json\/wp\/v2\/pages\/28\/revisions\/395"}],"wp:attachment":[{"href":"http:\/\/diderot.education\/65831405350c9-anais-gay\/wp-json\/wp\/v2\/media?parent=28"}],"curies":[{"name":"wp","href":"https:\/\/api.w.org\/{rel}","templated":true}]}}