{"id":34,"date":"2024-01-18T09:41:18","date_gmt":"2024-01-18T08:41:18","guid":{"rendered":"http:\/\/diderot.education\/65831405350c9-anais-gay\/?page_id=34"},"modified":"2024-12-11T10:54:01","modified_gmt":"2024-12-11T09:54:01","slug":"contact","status":"publish","type":"page","link":"http:\/\/diderot.education\/65831405350c9-anais-gay\/contact\/","title":{"rendered":"Contact"},"content":{"rendered":"\t\t<div data-elementor-type=\"wp-page\" data-elementor-id=\"34\" class=\"elementor elementor-34\">\n\t\t\t\t<div class=\"elementor-element elementor-element-0417689 e-flex e-con-boxed wpr-particle-no wpr-jarallax-no wpr-parallax-no wpr-sticky-section-no e-con e-parent\" data-id=\"0417689\" data-element_type=\"container\" data-e-type=\"container\">\n\t\t\t\t\t<div class=\"e-con-inner\">\n\t\t\t\t<div class=\"elementor-element elementor-element-9d58ded elementor-widget elementor-widget-text-editor\" data-id=\"9d58ded\" data-element_type=\"widget\" data-e-type=\"widget\" data-widget_type=\"text-editor.default\">\n\t\t\t\t<div class=\"elementor-widget-container\">\n\t\t\t\t\t\t\t\t\t<p>Vous pouvez me contacter via mes <strong>r\u00e9seaux sociaux<\/strong>:<\/p>\t\t\t\t\t\t\t\t<\/div>\n\t\t\t\t<\/div>\n\t\t\t\t<div class=\"elementor-element elementor-element-c18b68f elementor-shape-rounded elementor-grid-0 e-grid-align-center elementor-widget elementor-widget-social-icons\" data-id=\"c18b68f\" data-element_type=\"widget\" data-e-type=\"widget\" data-widget_type=\"social-icons.default\">\n\t\t\t\t<div class=\"elementor-widget-container\">\n\t\t\t\t\t\t\t<div class=\"elementor-social-icons-wrapper elementor-grid\" role=\"list\">\n\t\t\t\t\t\t\t<span class=\"elementor-grid-item\" role=\"listitem\">\n\t\t\t\t\t<a class=\"elementor-icon elementor-social-icon elementor-social-icon-instagram elementor-repeater-item-1b5504d\" href=\"https:\/\/www.instagram.com\/alimenterre_diet\/?igsh=MTczemlnc3phbTFkcw%3D%3D\" target=\"_blank\">\n\t\t\t\t\t\t<span class=\"elementor-screen-only\">Instagram<\/span>\n\t\t\t\t\t\t<svg aria-hidden=\"true\" class=\"e-font-icon-svg e-fab-instagram\" viewBox=\"0 0 448 512\" xmlns=\"http:\/\/www.w3.org\/2000\/svg\"><path d=\"M224.1 141c-63.6 0-114.9 51.3-114.9 114.9s51.3 114.9 114.9 114.9S339 319.5 339 255.9 287.7 141 224.1 141zm0 189.6c-41.1 0-74.7-33.5-74.7-74.7s33.5-74.7 74.7-74.7 74.7 33.5 74.7 74.7-33.6 74.7-74.7 74.7zm146.4-194.3c0 14.9-12 26.8-26.8 26.8-14.9 0-26.8-12-26.8-26.8s12-26.8 26.8-26.8 26.8 12 26.8 26.8zm76.1 27.2c-1.7-35.9-9.9-67.7-36.2-93.9-26.2-26.2-58-34.4-93.9-36.2-37-2.1-147.9-2.1-184.9 0-35.8 1.7-67.6 9.9-93.9 36.1s-34.4 58-36.2 93.9c-2.1 37-2.1 147.9 0 184.9 1.7 35.9 9.9 67.7 36.2 93.9s58 34.4 93.9 36.2c37 2.1 147.9 2.1 184.9 0 35.9-1.7 67.7-9.9 93.9-36.2 26.2-26.2 34.4-58 36.2-93.9 2.1-37 2.1-147.8 0-184.8zM398.8 388c-7.8 19.6-22.9 34.7-42.6 42.6-29.5 11.7-99.5 9-132.1 9s-102.7 2.6-132.1-9c-19.6-7.8-34.7-22.9-42.6-42.6-11.7-29.5-9-99.5-9-132.1s-2.6-102.7 9-132.1c7.8-19.6 22.9-34.7 42.6-42.6 29.5-11.7 99.5-9 132.1-9s102.7-2.6 132.1 9c19.6 7.8 34.7 22.9 42.6 42.6 11.7 29.5 9 99.5 9 132.1s2.7 102.7-9 132.1z\"><\/path><\/svg>\t\t\t\t\t<\/a>\n\t\t\t\t<\/span>\n\t\t\t\t\t\t\t<span class=\"elementor-grid-item\" role=\"listitem\">\n\t\t\t\t\t<a class=\"elementor-icon elementor-social-icon elementor-social-icon-facebook elementor-repeater-item-8b0bc91\" href=\"https:\/\/www.facebook.com\/anais.gai.5\" target=\"_blank\">\n\t\t\t\t\t\t<span class=\"elementor-screen-only\">Facebook<\/span>\n\t\t\t\t\t\t<svg aria-hidden=\"true\" class=\"e-font-icon-svg e-fab-facebook\" viewBox=\"0 0 512 512\" xmlns=\"http:\/\/www.w3.org\/2000\/svg\"><path d=\"M504 256C504 119 393 8 256 8S8 119 8 256c0 123.78 90.69 226.38 209.25 245V327.69h-63V256h63v-54.64c0-62.15 37-96.48 93.67-96.48 27.14 0 55.52 4.84 55.52 4.84v61h-31.28c-30.8 0-40.41 19.12-40.41 38.73V256h68.78l-11 71.69h-57.78V501C413.31 482.38 504 379.78 504 256z\"><\/path><\/svg>\t\t\t\t\t<\/a>\n\t\t\t\t<\/span>\n\t\t\t\t\t\t\t<span class=\"elementor-grid-item\" role=\"listitem\">\n\t\t\t\t\t<a class=\"elementor-icon elementor-social-icon elementor-social-icon-linkedin elementor-repeater-item-476b292\" href=\"http:\/\/linkedin.com\/in\/anais-gay-1973171b7\" target=\"_blank\">\n\t\t\t\t\t\t<span class=\"elementor-screen-only\">Linkedin<\/span>\n\t\t\t\t\t\t<svg aria-hidden=\"true\" class=\"e-font-icon-svg e-fab-linkedin\" viewBox=\"0 0 448 512\" xmlns=\"http:\/\/www.w3.org\/2000\/svg\"><path d=\"M416 32H31.9C14.3 32 0 46.5 0 64.3v383.4C0 465.5 14.3 480 31.9 480H416c17.6 0 32-14.5 32-32.3V64.3c0-17.8-14.4-32.3-32-32.3zM135.4 416H69V202.2h66.5V416zm-33.2-243c-21.3 0-38.5-17.3-38.5-38.5S80.9 96 102.2 96c21.2 0 38.5 17.3 38.5 38.5 0 21.3-17.2 38.5-38.5 38.5zm282.1 243h-66.4V312c0-24.8-.5-56.7-34.5-56.7-34.6 0-39.9 27-39.9 54.9V416h-66.4V202.2h63.7v29.2h.9c8.9-16.8 30.6-34.5 62.9-34.5 67.2 0 79.7 44.3 79.7 101.9V416z\"><\/path><\/svg>\t\t\t\t\t<\/a>\n\t\t\t\t<\/span>\n\t\t\t\t\t<\/div>\n\t\t\t\t\t\t<\/div>\n\t\t\t\t<\/div>\n\t\t\t\t\t<\/div>\n\t\t\t\t<\/div>\n\t\t<div class=\"elementor-element elementor-element-1b54c6a e-flex e-con-boxed wpr-particle-no wpr-jarallax-no wpr-parallax-no wpr-sticky-section-no e-con e-parent\" data-id=\"1b54c6a\" data-element_type=\"container\" data-e-type=\"container\">\n\t\t\t\t\t<div class=\"e-con-inner\">\n\t\t\t\t<div class=\"elementor-element elementor-element-d5e307f elementor-widget elementor-widget-text-editor\" data-id=\"d5e307f\" data-element_type=\"widget\" data-e-type=\"widget\" data-widget_type=\"text-editor.default\">\n\t\t\t\t<div class=\"elementor-widget-container\">\n\t\t\t\t\t\t\t\t\t<p>Via mon <strong>adresse mail<\/strong>: \u00a0alimenterre.diet@proton.me<\/p><p>Ou encore gr\u00e2ce \u00e0 mon <a href=\"https:\/\/calendly.com\/anais-gay\"><strong>site de prise de rendez-vous<\/strong><\/a> pour que l&rsquo;on puisse \u00e9changer en consultation.<\/p>\t\t\t\t\t\t\t\t<\/div>\n\t\t\t\t<\/div>\n\t\t\t\t\t<\/div>\n\t\t\t\t<\/div>\n\t\t\t\t<\/div>\n\t\t","protected":false},"excerpt":{"rendered":"<p>Vous pouvez me contacter via mes r\u00e9seaux sociaux: Instagram Facebook Linkedin Via mon adresse mail: \u00a0alimenterre.diet@proton.me Ou encore gr\u00e2ce \u00e0 mon site de prise de rendez-vous pour que l&rsquo;on puisse \u00e9changer en consultation.<\/p>\n","protected":false},"author":517,"featured_media":0,"parent":0,"menu_order":0,"comment_status":"closed","ping_status":"closed","template":"","meta":{"om_disable_all_campaigns":false,"footnotes":""},"class_list":["post-34","page","type-page","status-publish","hentry"],"featured_image_src":null,"yoast_head":"<!-- This site is optimized with the Yoast SEO plugin v27.3 - https:\/\/yoast.com\/product\/yoast-seo-wordpress\/ -->\n<title>Contact - Di\u00e9t\u00e9ticienne Nutritionniste<\/title>\n<meta name=\"robots\" content=\"index, follow, max-snippet:-1, max-image-preview:large, max-video-preview:-1\" \/>\n<link rel=\"canonical\" href=\"http:\/\/diderot.education\/65831405350c9-anais-gay\/contact\/\" \/>\n<meta property=\"og:locale\" content=\"fr_FR\" \/>\n<meta property=\"og:type\" content=\"article\" \/>\n<meta property=\"og:title\" content=\"Contact - Di\u00e9t\u00e9ticienne Nutritionniste\" \/>\n<meta property=\"og:description\" content=\"Vous pouvez me contacter via mes r\u00e9seaux sociaux: Instagram Facebook Linkedin Via mon adresse mail: \u00a0alimenterre.diet@proton.me Ou encore gr\u00e2ce \u00e0 mon site de prise de rendez-vous pour que l&rsquo;on puisse \u00e9changer en consultation.\" \/>\n<meta property=\"og:url\" content=\"http:\/\/diderot.education\/65831405350c9-anais-gay\/contact\/\" \/>\n<meta property=\"og:site_name\" content=\"Di\u00e9t\u00e9ticienne Nutritionniste\" \/>\n<meta property=\"article:modified_time\" content=\"2024-12-11T09:54:01+00:00\" \/>\n<meta name=\"twitter:card\" content=\"summary_large_image\" \/>\n<meta name=\"twitter:label1\" content=\"Dur\u00e9e de lecture estim\u00e9e\" \/>\n\t<meta name=\"twitter:data1\" content=\"1 minute\" \/>\n<script type=\"application\/ld+json\" class=\"yoast-schema-graph\">{\"@context\":\"https:\\\/\\\/schema.org\",\"@graph\":[{\"@type\":\"WebPage\",\"@id\":\"http:\\\/\\\/diderot.education\\\/65831405350c9-anais-gay\\\/contact\\\/\",\"url\":\"http:\\\/\\\/diderot.education\\\/65831405350c9-anais-gay\\\/contact\\\/\",\"name\":\"Contact - Di\u00e9t\u00e9ticienne Nutritionniste\",\"isPartOf\":{\"@id\":\"http:\\\/\\\/diderot.education\\\/65831405350c9-anais-gay\\\/#website\"},\"datePublished\":\"2024-01-18T08:41:18+00:00\",\"dateModified\":\"2024-12-11T09:54:01+00:00\",\"breadcrumb\":{\"@id\":\"http:\\\/\\\/diderot.education\\\/65831405350c9-anais-gay\\\/contact\\\/#breadcrumb\"},\"inLanguage\":\"fr-FR\",\"potentialAction\":[{\"@type\":\"ReadAction\",\"target\":[\"http:\\\/\\\/diderot.education\\\/65831405350c9-anais-gay\\\/contact\\\/\"]}]},{\"@type\":\"BreadcrumbList\",\"@id\":\"http:\\\/\\\/diderot.education\\\/65831405350c9-anais-gay\\\/contact\\\/#breadcrumb\",\"itemListElement\":[{\"@type\":\"ListItem\",\"position\":1,\"name\":\"Accueil\",\"item\":\"http:\\\/\\\/diderot.education\\\/65831405350c9-anais-gay\\\/\"},{\"@type\":\"ListItem\",\"position\":2,\"name\":\"Contact\"}]},{\"@type\":\"WebSite\",\"@id\":\"http:\\\/\\\/diderot.education\\\/65831405350c9-anais-gay\\\/#website\",\"url\":\"http:\\\/\\\/diderot.education\\\/65831405350c9-anais-gay\\\/\",\"name\":\"Di\u00e9t\u00e9ticienne Nutritionniste\",\"description\":\"Consultations sur Toulouse, \u00e0 distance ou \u00e0 domicile ! \",\"publisher\":{\"@id\":\"http:\\\/\\\/diderot.education\\\/65831405350c9-anais-gay\\\/#organization\"},\"potentialAction\":[{\"@type\":\"SearchAction\",\"target\":{\"@type\":\"EntryPoint\",\"urlTemplate\":\"http:\\\/\\\/diderot.education\\\/65831405350c9-anais-gay\\\/?s={search_term_string}\"},\"query-input\":{\"@type\":\"PropertyValueSpecification\",\"valueRequired\":true,\"valueName\":\"search_term_string\"}}],\"inLanguage\":\"fr-FR\"},{\"@type\":\"Organization\",\"@id\":\"http:\\\/\\\/diderot.education\\\/65831405350c9-anais-gay\\\/#organization\",\"name\":\"Di\u00e9t\u00e9ticienne Nutritionniste\",\"url\":\"http:\\\/\\\/diderot.education\\\/65831405350c9-anais-gay\\\/\",\"logo\":{\"@type\":\"ImageObject\",\"inLanguage\":\"fr-FR\",\"@id\":\"http:\\\/\\\/diderot.education\\\/65831405350c9-anais-gay\\\/#\\\/schema\\\/logo\\\/image\\\/\",\"url\":\"http:\\\/\\\/diderot.education\\\/65831405350c9-anais-gay\\\/wp-content\\\/uploads\\\/sites\\\/515\\\/2024\\\/01\\\/cropped-Anais-Gay.png\",\"contentUrl\":\"http:\\\/\\\/diderot.education\\\/65831405350c9-anais-gay\\\/wp-content\\\/uploads\\\/sites\\\/515\\\/2024\\\/01\\\/cropped-Anais-Gay.png\",\"width\":256,\"height\":247,\"caption\":\"Di\u00e9t\u00e9ticienne Nutritionniste\"},\"image\":{\"@id\":\"http:\\\/\\\/diderot.education\\\/65831405350c9-anais-gay\\\/#\\\/schema\\\/logo\\\/image\\\/\"}}]}<\/script>\n<!-- \/ Yoast SEO plugin. -->","yoast_head_json":{"title":"Contact - Di\u00e9t\u00e9ticienne Nutritionniste","robots":{"index":"index","follow":"follow","max-snippet":"max-snippet:-1","max-image-preview":"max-image-preview:large","max-video-preview":"max-video-preview:-1"},"canonical":"http:\/\/diderot.education\/65831405350c9-anais-gay\/contact\/","og_locale":"fr_FR","og_type":"article","og_title":"Contact - Di\u00e9t\u00e9ticienne Nutritionniste","og_description":"Vous pouvez me contacter via mes r\u00e9seaux sociaux: Instagram Facebook Linkedin Via mon adresse mail: \u00a0alimenterre.diet@proton.me Ou encore gr\u00e2ce \u00e0 mon site de prise de rendez-vous pour que l&rsquo;on puisse \u00e9changer en consultation.","og_url":"http:\/\/diderot.education\/65831405350c9-anais-gay\/contact\/","og_site_name":"Di\u00e9t\u00e9ticienne Nutritionniste","article_modified_time":"2024-12-11T09:54:01+00:00","twitter_card":"summary_large_image","twitter_misc":{"Dur\u00e9e de lecture estim\u00e9e":"1 minute"},"schema":{"@context":"https:\/\/schema.org","@graph":[{"@type":"WebPage","@id":"http:\/\/diderot.education\/65831405350c9-anais-gay\/contact\/","url":"http:\/\/diderot.education\/65831405350c9-anais-gay\/contact\/","name":"Contact - Di\u00e9t\u00e9ticienne Nutritionniste","isPartOf":{"@id":"http:\/\/diderot.education\/65831405350c9-anais-gay\/#website"},"datePublished":"2024-01-18T08:41:18+00:00","dateModified":"2024-12-11T09:54:01+00:00","breadcrumb":{"@id":"http:\/\/diderot.education\/65831405350c9-anais-gay\/contact\/#breadcrumb"},"inLanguage":"fr-FR","potentialAction":[{"@type":"ReadAction","target":["http:\/\/diderot.education\/65831405350c9-anais-gay\/contact\/"]}]},{"@type":"BreadcrumbList","@id":"http:\/\/diderot.education\/65831405350c9-anais-gay\/contact\/#breadcrumb","itemListElement":[{"@type":"ListItem","position":1,"name":"Accueil","item":"http:\/\/diderot.education\/65831405350c9-anais-gay\/"},{"@type":"ListItem","position":2,"name":"Contact"}]},{"@type":"WebSite","@id":"http:\/\/diderot.education\/65831405350c9-anais-gay\/#website","url":"http:\/\/diderot.education\/65831405350c9-anais-gay\/","name":"Di\u00e9t\u00e9ticienne Nutritionniste","description":"Consultations sur Toulouse, \u00e0 distance ou \u00e0 domicile ! ","publisher":{"@id":"http:\/\/diderot.education\/65831405350c9-anais-gay\/#organization"},"potentialAction":[{"@type":"SearchAction","target":{"@type":"EntryPoint","urlTemplate":"http:\/\/diderot.education\/65831405350c9-anais-gay\/?s={search_term_string}"},"query-input":{"@type":"PropertyValueSpecification","valueRequired":true,"valueName":"search_term_string"}}],"inLanguage":"fr-FR"},{"@type":"Organization","@id":"http:\/\/diderot.education\/65831405350c9-anais-gay\/#organization","name":"Di\u00e9t\u00e9ticienne Nutritionniste","url":"http:\/\/diderot.education\/65831405350c9-anais-gay\/","logo":{"@type":"ImageObject","inLanguage":"fr-FR","@id":"http:\/\/diderot.education\/65831405350c9-anais-gay\/#\/schema\/logo\/image\/","url":"http:\/\/diderot.education\/65831405350c9-anais-gay\/wp-content\/uploads\/sites\/515\/2024\/01\/cropped-Anais-Gay.png","contentUrl":"http:\/\/diderot.education\/65831405350c9-anais-gay\/wp-content\/uploads\/sites\/515\/2024\/01\/cropped-Anais-Gay.png","width":256,"height":247,"caption":"Di\u00e9t\u00e9ticienne Nutritionniste"},"image":{"@id":"http:\/\/diderot.education\/65831405350c9-anais-gay\/#\/schema\/logo\/image\/"}}]}},"_links":{"self":[{"href":"http:\/\/diderot.education\/65831405350c9-anais-gay\/wp-json\/wp\/v2\/pages\/34","targetHints":{"allow":["GET"]}}],"collection":[{"href":"http:\/\/diderot.education\/65831405350c9-anais-gay\/wp-json\/wp\/v2\/pages"}],"about":[{"href":"http:\/\/diderot.education\/65831405350c9-anais-gay\/wp-json\/wp\/v2\/types\/page"}],"author":[{"embeddable":true,"href":"http:\/\/diderot.education\/65831405350c9-anais-gay\/wp-json\/wp\/v2\/users\/517"}],"replies":[{"embeddable":true,"href":"http:\/\/diderot.education\/65831405350c9-anais-gay\/wp-json\/wp\/v2\/comments?post=34"}],"version-history":[{"count":52,"href":"http:\/\/diderot.education\/65831405350c9-anais-gay\/wp-json\/wp\/v2\/pages\/34\/revisions"}],"predecessor-version":[{"id":413,"href":"http:\/\/diderot.education\/65831405350c9-anais-gay\/wp-json\/wp\/v2\/pages\/34\/revisions\/413"}],"wp:attachment":[{"href":"http:\/\/diderot.education\/65831405350c9-anais-gay\/wp-json\/wp\/v2\/media?parent=34"}],"curies":[{"name":"wp","href":"https:\/\/api.w.org\/{rel}","templated":true}]}}