{"id":40,"date":"2024-02-28T18:03:11","date_gmt":"2024-02-28T17:03:11","guid":{"rendered":"http:\/\/diderot.education\/65b26daa4bbe3-philippe-marco\/?page_id=40"},"modified":"2024-03-06T12:25:16","modified_gmt":"2024-03-06T11:25:16","slug":"contact","status":"publish","type":"page","link":"http:\/\/diderot.education\/65b26daa4bbe3-philippe-marco\/contact\/","title":{"rendered":"Contact"},"content":{"rendered":"\t\t<div data-elementor-type=\"wp-page\" data-elementor-id=\"40\" class=\"elementor elementor-40\">\n\t\t\t\t\t\t<section class=\"elementor-section elementor-top-section elementor-element elementor-element-17f82f43 elementor-section-boxed elementor-section-height-default elementor-section-height-default wpr-particle-no wpr-jarallax-no wpr-parallax-no wpr-sticky-section-no wpr-column-slider-no wpr-equal-height-no\" data-id=\"17f82f43\" data-element_type=\"section\" data-e-type=\"section\">\n\t\t\t\t\t\t<div class=\"elementor-container elementor-column-gap-wide\">\n\t\t\t\t\t<div class=\"elementor-column elementor-col-50 elementor-top-column elementor-element elementor-element-15b17d28\" data-id=\"15b17d28\" data-element_type=\"column\" data-e-type=\"column\">\n\t\t\t<div class=\"elementor-widget-wrap elementor-element-populated\">\n\t\t\t\t\t\t<section class=\"elementor-section elementor-inner-section elementor-element elementor-element-6461601c elementor-section-boxed elementor-section-height-default elementor-section-height-default wpr-particle-no wpr-jarallax-no wpr-parallax-no wpr-sticky-section-no wpr-column-slider-no wpr-equal-height-no\" data-id=\"6461601c\" data-element_type=\"section\" data-e-type=\"section\">\n\t\t\t\t\t\t<div class=\"elementor-container elementor-column-gap-default\">\n\t\t\t\t\t<div class=\"elementor-column elementor-col-50 elementor-inner-column elementor-element elementor-element-69b4c629\" data-id=\"69b4c629\" data-element_type=\"column\" data-e-type=\"column\">\n\t\t\t<div class=\"elementor-widget-wrap elementor-element-populated\">\n\t\t\t\t\t\t<div class=\"elementor-element elementor-element-5a58d6a3 elementor-widget-divider--view-line elementor-widget elementor-widget-divider\" data-id=\"5a58d6a3\" data-element_type=\"widget\" data-e-type=\"widget\" data-widget_type=\"divider.default\">\n\t\t\t\t<div class=\"elementor-widget-container\">\n\t\t\t\t\t\t\t<div class=\"elementor-divider\">\n\t\t\t<span class=\"elementor-divider-separator\">\n\t\t\t\t\t\t<\/span>\n\t\t<\/div>\n\t\t\t\t\t\t<\/div>\n\t\t\t\t<\/div>\n\t\t\t\t\t<\/div>\n\t\t<\/div>\n\t\t\t\t<div class=\"elementor-column elementor-col-50 elementor-inner-column elementor-element elementor-element-c4a340d\" data-id=\"c4a340d\" data-element_type=\"column\" data-e-type=\"column\">\n\t\t\t<div class=\"elementor-widget-wrap elementor-element-populated\">\n\t\t\t\t\t\t<div class=\"elementor-element elementor-element-71a32530 elementor-widget elementor-widget-heading\" data-id=\"71a32530\" data-element_type=\"widget\" data-e-type=\"widget\" data-widget_type=\"heading.default\">\n\t\t\t\t<div class=\"elementor-widget-container\">\n\t\t\t\t\t<h2 class=\"elementor-heading-title elementor-size-default\">Contactez nous <\/h2>\t\t\t\t<\/div>\n\t\t\t\t<\/div>\n\t\t\t\t\t<\/div>\n\t\t<\/div>\n\t\t\t\t\t<\/div>\n\t\t<\/section>\n\t\t\t\t<div class=\"elementor-element elementor-element-4dc4b52f elementor-widget elementor-widget-heading\" data-id=\"4dc4b52f\" data-element_type=\"widget\" data-e-type=\"widget\" data-widget_type=\"heading.default\">\n\t\t\t\t<div class=\"elementor-widget-container\">\n\t\t\t\t\t<h2 class=\"elementor-heading-title elementor-size-default\">R\u00e9servez nos services maintenant <\/h2>\t\t\t\t<\/div>\n\t\t\t\t<\/div>\n\t\t\t\t<div class=\"elementor-element elementor-element-594d7b0e elementor-widget elementor-widget-text-editor\" data-id=\"594d7b0e\" data-element_type=\"widget\" data-e-type=\"widget\" data-widget_type=\"text-editor.default\">\n\t\t\t\t<div class=\"elementor-widget-container\">\n\t\t\t\t\t\t\t\t\t<p>Vous avez des questions ? Un projet de voyage mais vous ne pouvez pas emmenez votre animal avec vous ? Quelque soit votre chat , votre projet de voyage ou vos envies nous serons apte pour vous aider. N&rsquo;h\u00e9siter pas a remplir ce formulaire afin que nous puissions vous aidez.<\/p>\t\t\t\t\t\t\t\t<\/div>\n\t\t\t\t<\/div>\n\t\t\t\t\t<\/div>\n\t\t<\/div>\n\t\t\t\t<div class=\"elementor-column elementor-col-50 elementor-top-column elementor-element elementor-element-6f7a88be\" data-id=\"6f7a88be\" data-element_type=\"column\" data-e-type=\"column\" data-settings=\"{&quot;background_background&quot;:&quot;classic&quot;}\">\n\t\t\t<div class=\"elementor-widget-wrap elementor-element-populated\">\n\t\t\t\t\t\t<div class=\"elementor-element elementor-element-297d958c wpr-step-type-number_text wpr-step-content-layout-vertical wpr-custom-styles-yes elementor-widget elementor-widget-wpr-form-builder\" data-id=\"297d958c\" data-element_type=\"widget\" data-e-type=\"widget\" data-settings=\"{&quot;success_message&quot;:&quot;Submission successful&quot;,&quot;error_message&quot;:&quot;Submission failed&quot;,&quot;button_width&quot;:{&quot;unit&quot;:&quot;%&quot;,&quot;size&quot;:100,&quot;sizes&quot;:[]},&quot;button_width_tablet&quot;:{&quot;unit&quot;:&quot;px&quot;,&quot;size&quot;:&quot;&quot;,&quot;sizes&quot;:[]},&quot;button_width_mobile&quot;:{&quot;unit&quot;:&quot;px&quot;,&quot;size&quot;:&quot;&quot;,&quot;sizes&quot;:[]},&quot;step_type&quot;:&quot;number_text&quot;,&quot;step_content_layout&quot;:&quot;vertical&quot;}\" data-widget_type=\"wpr-form-builder.default\">\n\t\t\t\t<div class=\"elementor-widget-container\">\n\t\t\t\t\t\t\t<form class=\"wpr-form\" method=\"post\" name=\"New Form\" page=\"Contact\" page_id=\"40\" novalidate>\n\t\t\t<input type=\"hidden\" name=\"post_id\" value=\"40\"\/>\n\t\t\t<input type=\"hidden\" name=\"form_id\" value=\"297d958c\"\/>\n\t\t\t<input type=\"hidden\" name=\"referer_title\" value=\"Miamiaou Vacances\" \/>\n\n\t\t\t<div class=\"wpr-step-wrap\"><\/div>\n\t\t\t<div class=\"wpr-form-fields-wrap wpr-labels-above\">\n\t\t\t\t\t\t\t\t\t<div class=\"wpr-form-field-type-date wpr-field-group wpr-column wpr-field-group-7b483ec elementor-repeater-item-7b483ec\">\n\t\t\t\t\t\t\t\t\t\t\t\t\t\t<label for=\"form-field-7b483ec\" class=\"wpr-form-field-label\" data-alt-label=\"Date de s\u00e9jour\">\n\t\t\t\t\t\t\t\t\tDate de s\u00e9jour\t\t\t\t\t\t\t\t<\/label>\n\t\t\t\t\t\t\t<input size=\"1 \"type=\"date\" name=\"form_fields[7b483ec]\" id=\"form-field-7b483ec\" class=\"wpr-form-field  wpr-form-field-textual\">\t\t\t\t\t<\/div>\n\t\t\t\t\t\t\t\t\t<div class=\"wpr-form-field-type-time wpr-field-group wpr-column wpr-field-group-ec61a81 elementor-repeater-item-ec61a81\">\n\t\t\t\t\t\t\t\t\t\t\t\t\t\t<label for=\"form-field-ec61a81\" class=\"wpr-form-field-label\" data-alt-label=\"Heure d&#039;arriv\u00e9\">\n\t\t\t\t\t\t\t\t\tHeure d'arriv\u00e9\t\t\t\t\t\t\t\t<\/label>\n\t\t\t\t\t\t\t<input size=\"1 \"type=\"time\" name=\"form_fields[ec61a81]\" id=\"form-field-ec61a81\" class=\"wpr-form-field  wpr-form-field-textual\">\t\t\t\t\t<\/div>\n\t\t\t\t\t\t\t\t\t<div class=\"wpr-form-field-type-textarea wpr-field-group wpr-column wpr-field-group-message elementor-repeater-item-fd632e9\">\n\t\t\t\t\t\t\t\t\t\t\t\t\t\t<label for=\"form-field-message\" class=\"wpr-form-field-label\" data-alt-label=\"Votre message\">\n\t\t\t\t\t\t\t\t\tVotre message\t\t\t\t\t\t\t\t<\/label>\n\t\t\t\t\t\t\t<textarea class=\"wpr-form-field-textual wpr-form-field \" name=\"form_fields[message]\" id=\"form-field-message\" rows=\"7\"><\/textarea>\t\t\t\t\t<\/div>\n\t\t\t\t<div class=\"wpr-field-group wpr-stp-btns-wrap wpr-column wpr-form-field-type-submit\" data-actions=\"[&quot;email&quot;]\" data-redirect-url=\"\" data-mailchimp-fields=\"{&quot;email_field&quot;:&quot;&quot;,&quot;first_name_field&quot;:&quot;&quot;,&quot;last_name_field&quot;:&quot;&quot;,&quot;address_field&quot;:&quot;&quot;,&quot;phone_field&quot;:&quot;&quot;,&quot;birthday_field&quot;:&quot;&quot;,&quot;group_id&quot;:&quot;&quot;}\" data-list-id=\"\">\t\t\t<button type=\"submit\" class=\"wpr-button\">\n\t\t\t\t<span >\n\t\t\t\t\t\t\t\t\t\t\t\t\t\t\t\t<span>Reservez maintenant ou parlez nous de votre projet<\/span>\n\t\t\t\t\t\t\t\t\t\t\t\t\t\t<\/span>\t\n\t\t\t\t<div class=\"wpr-double-bounce wpr-loader-hidden\">\n\t\t\t\t\t<div class=\"wpr-child wpr-double-bounce1\"><\/div>\n\t\t\t\t\t<div class=\"wpr-child wpr-double-bounce2\"><\/div>\n\t\t\t\t<\/div>\n\t\t\t<\/button>\n\t\t<\/div>\t\t\t\t\n\t\t\t<\/div>\n\t\t<\/form>\n\t  \t\t\t\t<\/div>\n\t\t\t\t<\/div>\n\t\t\t\t\t<\/div>\n\t\t<\/div>\n\t\t\t\t\t<\/div>\n\t\t<\/section>\n\t\t\t\t<section class=\"elementor-section elementor-top-section elementor-element elementor-element-14aad496 elementor-section-boxed elementor-section-height-default elementor-section-height-default wpr-particle-no wpr-jarallax-no wpr-parallax-no wpr-sticky-section-no wpr-column-slider-no wpr-equal-height-no\" data-id=\"14aad496\" data-element_type=\"section\" data-e-type=\"section\" data-settings=\"{&quot;background_background&quot;:&quot;classic&quot;}\">\n\t\t\t\t\t\t\t<div class=\"elementor-background-overlay\"><\/div>\n\t\t\t\t\t\t\t<div class=\"elementor-container elementor-column-gap-default\">\n\t\t\t\t\t<div class=\"elementor-column elementor-col-100 elementor-top-column elementor-element elementor-element-78db0f3c\" data-id=\"78db0f3c\" data-element_type=\"column\" data-e-type=\"column\">\n\t\t\t<div class=\"elementor-widget-wrap elementor-element-populated\">\n\t\t\t\t\t\t<div class=\"elementor-element elementor-element-70873170 elementor-widget elementor-widget-heading\" data-id=\"70873170\" data-element_type=\"widget\" data-e-type=\"widget\" data-widget_type=\"heading.default\">\n\t\t\t\t<div class=\"elementor-widget-container\">\n\t\t\t\t\t<h2 class=\"elementor-heading-title elementor-size-default\">Pour plus d'informations et de nouvelles fonctionnalit\u00e9s, abonnez-vous a notre newsletter. <\/h2>\t\t\t\t<\/div>\n\t\t\t\t<\/div>\n\t\t\t\t<div class=\"elementor-element elementor-element-6a465785 elementor-widget elementor-widget-text-editor\" data-id=\"6a465785\" data-element_type=\"widget\" data-e-type=\"widget\" data-widget_type=\"text-editor.default\">\n\t\t\t\t<div class=\"elementor-widget-container\">\n\t\t\t\t\t\t\t\t\t<p>Ne loupez\u00a0 pas toute l&rsquo;actualit\u00e9 de la pension ! Que ce soit des r\u00e9ductions , de nouveaux articles ou bien de nouvelles offres !<\/p>\t\t\t\t\t\t\t\t<\/div>\n\t\t\t\t<\/div>\n\t\t\t\t<section class=\"elementor-section elementor-inner-section elementor-element elementor-element-147798ae elementor-section-boxed elementor-section-height-default elementor-section-height-default wpr-particle-no wpr-jarallax-no wpr-parallax-no wpr-sticky-section-no wpr-column-slider-no wpr-equal-height-no\" data-id=\"147798ae\" data-element_type=\"section\" data-e-type=\"section\">\n\t\t\t\t\t\t<div class=\"elementor-container elementor-column-gap-default\">\n\t\t\t\t\t<div class=\"elementor-column elementor-col-100 elementor-inner-column elementor-element elementor-element-a19a6a6\" data-id=\"a19a6a6\" data-element_type=\"column\" data-e-type=\"column\">\n\t\t\t<div class=\"elementor-widget-wrap elementor-element-populated\">\n\t\t\t\t\t\t<div class=\"elementor-element elementor-element-50b41bbc wpr-mailchimp-layout-hr elementor-widget elementor-widget-wpr-mailchimp\" data-id=\"50b41bbc\" data-element_type=\"widget\" data-e-type=\"widget\" data-widget_type=\"wpr-mailchimp.default\">\n\t\t\t\t<div class=\"elementor-widget-container\">\n\t\t\t\t\t\n\t\t<form class=\"wpr-mailchimp-form\" id=\"wpr-mailchimp-form-50b41bbc\" method=\"POST\" data-list-id=\"def\" data-clear-fields=\"\">\n\t\t\t<!-- Form Header -->\n\t\t\t\n\t\t\t<div class=\"wpr-mailchimp-fields\">\n\t\t\t\t<!-- Email Input -->\n\t\t\t\t<div class=\"wpr-mailchimp-email\">\n\t\t\t\t\t\t\t\t\t\t<input type=\"email\" name=\"wpr_mailchimp_email\" placeholder=\"sample@mail.com\" required=\"required\">\n\t\t\t\t<\/div>\n\n\t\t\t\t<!-- Extra Fields -->\n\t\t\t\t\n\t\t\t\t<!-- Subscribe Button -->\n\t\t\t\t<div class=\"wpr-mailchimp-subscribe\">\n\t\t\t\t\t<button type=\"submit\" id=\"wpr-subscribe-50b41bbc\" class=\"wpr-mailchimp-subscribe-btn\" data-loading=\"Subscribing...\">\n\t\t\t\t  \t\tAbonnez-vous\t\t\t\t\t<\/button>\n\t\t\t\t<\/div>\n\t\t\t<\/div>\n\n\t\t\t<!-- Success\/Error Message -->\n\t\t\t<div class=\"wpr-mailchimp-message\">\n\t\t\t\t<span class=\"wpr-mailchimp-success-message\">You have been successfully Subscribed!<\/span>\n\t\t\t\t<span class=\"wpr-mailchimp-error-message\">Ops! Something went wrong, please try again.<\/span>\n\t\t\t<\/div>\n\t\t<\/form>\n\n\t\t\t\t\t\t<\/div>\n\t\t\t\t<\/div>\n\t\t\t\t\t<\/div>\n\t\t<\/div>\n\t\t\t\t\t<\/div>\n\t\t<\/section>\n\t\t\t\t\t<\/div>\n\t\t<\/div>\n\t\t\t\t\t<\/div>\n\t\t<\/section>\n\t\t\t\t<\/div>\n\t\t","protected":false},"excerpt":{"rendered":"<p>Contactez nous R\u00e9servez nos services maintenant Vous avez des questions ? Un projet de voyage mais vous ne pouvez pas emmenez votre animal avec vous ? Quelque soit votre chat , votre projet de voyage ou vos envies nous serons apte pour vous aider. N&rsquo;h\u00e9siter pas a remplir ce formulaire afin que nous puissions vous aidez. Date de s\u00e9jour Heure d&rsquo;arriv\u00e9 Votre message Reservez maintenant ou parlez nous de votre projet Pour plus d&rsquo;informations et de nouvelles fonctionnalit\u00e9s, abonnez-vous a notre newsletter. Ne loupez\u00a0 pas toute l&rsquo;actualit\u00e9 de la pension ! Que ce soit des r\u00e9ductions , de nouveaux articles ou bien de nouvelles offres ! Abonnez-vous You have been successfully Subscribed! Ops! Something went wrong, please try again.<\/p>\n","protected":false},"author":550,"featured_media":0,"parent":0,"menu_order":0,"comment_status":"closed","ping_status":"closed","template":"","meta":{"om_disable_all_campaigns":false,"footnotes":""},"class_list":["post-40","page","type-page","status-publish","hentry"],"featured_image_src":null,"yoast_head":"<!-- This site is optimized with the Yoast SEO plugin v27.6 - https:\/\/yoast.com\/product\/yoast-seo-wordpress\/ -->\n<title>Contact - Miamiaou Vacances<\/title>\n<meta name=\"robots\" content=\"index, follow, max-snippet:-1, max-image-preview:large, max-video-preview:-1\" \/>\n<link rel=\"canonical\" href=\"http:\/\/diderot.education\/65b26daa4bbe3-philippe-marco\/contact\/\" \/>\n<meta property=\"og:locale\" content=\"fr_FR\" \/>\n<meta property=\"og:type\" content=\"article\" \/>\n<meta property=\"og:title\" content=\"Contact - Miamiaou Vacances\" \/>\n<meta property=\"og:description\" content=\"Contactez nous R\u00e9servez nos services maintenant Vous avez des questions ? Un projet de voyage mais vous ne pouvez pas emmenez votre animal avec vous ? Quelque soit votre chat , votre projet de voyage ou vos envies nous serons apte pour vous aider. N&rsquo;h\u00e9siter pas a remplir ce formulaire afin que nous puissions vous aidez. Date de s\u00e9jour Heure d&rsquo;arriv\u00e9 Votre message Reservez maintenant ou parlez nous de votre projet Pour plus d&rsquo;informations et de nouvelles fonctionnalit\u00e9s, abonnez-vous a notre newsletter. Ne loupez\u00a0 pas toute l&rsquo;actualit\u00e9 de la pension ! Que ce soit des r\u00e9ductions , de nouveaux articles ou bien de nouvelles offres ! Abonnez-vous You have been successfully Subscribed! Ops! Something went wrong, please try again.\" \/>\n<meta property=\"og:url\" content=\"http:\/\/diderot.education\/65b26daa4bbe3-philippe-marco\/contact\/\" \/>\n<meta property=\"og:site_name\" content=\"Miamiaou Vacances\" \/>\n<meta property=\"article:modified_time\" content=\"2024-03-06T11:25:16+00:00\" \/>\n<meta name=\"twitter:card\" content=\"summary_large_image\" \/>\n<meta name=\"twitter:label1\" content=\"Dur\u00e9e de lecture estim\u00e9e\" \/>\n\t<meta name=\"twitter:data1\" content=\"1 minute\" \/>\n<script type=\"application\/ld+json\" class=\"yoast-schema-graph\">{\"@context\":\"https:\\\/\\\/schema.org\",\"@graph\":[{\"@type\":\"WebPage\",\"@id\":\"http:\\\/\\\/diderot.education\\\/65b26daa4bbe3-philippe-marco\\\/contact\\\/\",\"url\":\"http:\\\/\\\/diderot.education\\\/65b26daa4bbe3-philippe-marco\\\/contact\\\/\",\"name\":\"Contact - Miamiaou Vacances\",\"isPartOf\":{\"@id\":\"http:\\\/\\\/diderot.education\\\/65b26daa4bbe3-philippe-marco\\\/#website\"},\"datePublished\":\"2024-02-28T17:03:11+00:00\",\"dateModified\":\"2024-03-06T11:25:16+00:00\",\"breadcrumb\":{\"@id\":\"http:\\\/\\\/diderot.education\\\/65b26daa4bbe3-philippe-marco\\\/contact\\\/#breadcrumb\"},\"inLanguage\":\"fr-FR\",\"potentialAction\":[{\"@type\":\"ReadAction\",\"target\":[\"http:\\\/\\\/diderot.education\\\/65b26daa4bbe3-philippe-marco\\\/contact\\\/\"]}]},{\"@type\":\"BreadcrumbList\",\"@id\":\"http:\\\/\\\/diderot.education\\\/65b26daa4bbe3-philippe-marco\\\/contact\\\/#breadcrumb\",\"itemListElement\":[{\"@type\":\"ListItem\",\"position\":1,\"name\":\"Accueil\",\"item\":\"http:\\\/\\\/diderot.education\\\/65b26daa4bbe3-philippe-marco\\\/\"},{\"@type\":\"ListItem\",\"position\":2,\"name\":\"Contact\"}]},{\"@type\":\"WebSite\",\"@id\":\"http:\\\/\\\/diderot.education\\\/65b26daa4bbe3-philippe-marco\\\/#website\",\"url\":\"http:\\\/\\\/diderot.education\\\/65b26daa4bbe3-philippe-marco\\\/\",\"name\":\"Miamiaou Vacances\",\"description\":\"\",\"potentialAction\":[{\"@type\":\"SearchAction\",\"target\":{\"@type\":\"EntryPoint\",\"urlTemplate\":\"http:\\\/\\\/diderot.education\\\/65b26daa4bbe3-philippe-marco\\\/?s={search_term_string}\"},\"query-input\":{\"@type\":\"PropertyValueSpecification\",\"valueRequired\":true,\"valueName\":\"search_term_string\"}}],\"inLanguage\":\"fr-FR\"}]}<\/script>\n<!-- \/ Yoast SEO plugin. -->","yoast_head_json":{"title":"Contact - Miamiaou Vacances","robots":{"index":"index","follow":"follow","max-snippet":"max-snippet:-1","max-image-preview":"max-image-preview:large","max-video-preview":"max-video-preview:-1"},"canonical":"http:\/\/diderot.education\/65b26daa4bbe3-philippe-marco\/contact\/","og_locale":"fr_FR","og_type":"article","og_title":"Contact - Miamiaou Vacances","og_description":"Contactez nous R\u00e9servez nos services maintenant Vous avez des questions ? Un projet de voyage mais vous ne pouvez pas emmenez votre animal avec vous ? Quelque soit votre chat , votre projet de voyage ou vos envies nous serons apte pour vous aider. N&rsquo;h\u00e9siter pas a remplir ce formulaire afin que nous puissions vous aidez. Date de s\u00e9jour Heure d&rsquo;arriv\u00e9 Votre message Reservez maintenant ou parlez nous de votre projet Pour plus d&rsquo;informations et de nouvelles fonctionnalit\u00e9s, abonnez-vous a notre newsletter. Ne loupez\u00a0 pas toute l&rsquo;actualit\u00e9 de la pension ! Que ce soit des r\u00e9ductions , de nouveaux articles ou bien de nouvelles offres ! Abonnez-vous You have been successfully Subscribed! Ops! Something went wrong, please try again.","og_url":"http:\/\/diderot.education\/65b26daa4bbe3-philippe-marco\/contact\/","og_site_name":"Miamiaou Vacances","article_modified_time":"2024-03-06T11:25:16+00:00","twitter_card":"summary_large_image","twitter_misc":{"Dur\u00e9e de lecture estim\u00e9e":"1 minute"},"schema":{"@context":"https:\/\/schema.org","@graph":[{"@type":"WebPage","@id":"http:\/\/diderot.education\/65b26daa4bbe3-philippe-marco\/contact\/","url":"http:\/\/diderot.education\/65b26daa4bbe3-philippe-marco\/contact\/","name":"Contact - Miamiaou Vacances","isPartOf":{"@id":"http:\/\/diderot.education\/65b26daa4bbe3-philippe-marco\/#website"},"datePublished":"2024-02-28T17:03:11+00:00","dateModified":"2024-03-06T11:25:16+00:00","breadcrumb":{"@id":"http:\/\/diderot.education\/65b26daa4bbe3-philippe-marco\/contact\/#breadcrumb"},"inLanguage":"fr-FR","potentialAction":[{"@type":"ReadAction","target":["http:\/\/diderot.education\/65b26daa4bbe3-philippe-marco\/contact\/"]}]},{"@type":"BreadcrumbList","@id":"http:\/\/diderot.education\/65b26daa4bbe3-philippe-marco\/contact\/#breadcrumb","itemListElement":[{"@type":"ListItem","position":1,"name":"Accueil","item":"http:\/\/diderot.education\/65b26daa4bbe3-philippe-marco\/"},{"@type":"ListItem","position":2,"name":"Contact"}]},{"@type":"WebSite","@id":"http:\/\/diderot.education\/65b26daa4bbe3-philippe-marco\/#website","url":"http:\/\/diderot.education\/65b26daa4bbe3-philippe-marco\/","name":"Miamiaou Vacances","description":"","potentialAction":[{"@type":"SearchAction","target":{"@type":"EntryPoint","urlTemplate":"http:\/\/diderot.education\/65b26daa4bbe3-philippe-marco\/?s={search_term_string}"},"query-input":{"@type":"PropertyValueSpecification","valueRequired":true,"valueName":"search_term_string"}}],"inLanguage":"fr-FR"}]}},"_links":{"self":[{"href":"http:\/\/diderot.education\/65b26daa4bbe3-philippe-marco\/wp-json\/wp\/v2\/pages\/40","targetHints":{"allow":["GET"]}}],"collection":[{"href":"http:\/\/diderot.education\/65b26daa4bbe3-philippe-marco\/wp-json\/wp\/v2\/pages"}],"about":[{"href":"http:\/\/diderot.education\/65b26daa4bbe3-philippe-marco\/wp-json\/wp\/v2\/types\/page"}],"author":[{"embeddable":true,"href":"http:\/\/diderot.education\/65b26daa4bbe3-philippe-marco\/wp-json\/wp\/v2\/users\/550"}],"replies":[{"embeddable":true,"href":"http:\/\/diderot.education\/65b26daa4bbe3-philippe-marco\/wp-json\/wp\/v2\/comments?post=40"}],"version-history":[{"count":29,"href":"http:\/\/diderot.education\/65b26daa4bbe3-philippe-marco\/wp-json\/wp\/v2\/pages\/40\/revisions"}],"predecessor-version":[{"id":175,"href":"http:\/\/diderot.education\/65b26daa4bbe3-philippe-marco\/wp-json\/wp\/v2\/pages\/40\/revisions\/175"}],"wp:attachment":[{"href":"http:\/\/diderot.education\/65b26daa4bbe3-philippe-marco\/wp-json\/wp\/v2\/media?parent=40"}],"curies":[{"name":"wp","href":"https:\/\/api.w.org\/{rel}","templated":true}]}}