{"id":9,"date":"2024-11-22T12:14:33","date_gmt":"2024-11-22T11:14:33","guid":{"rendered":"http:\/\/diderot.education\/66ffbef306e06-oceane-chatillon\/?page_id=9"},"modified":"2025-04-18T11:00:43","modified_gmt":"2025-04-18T09:00:43","slug":"elementor-9","status":"publish","type":"page","link":"http:\/\/diderot.education\/66ffbef306e06-oceane-chatillon\/","title":{"rendered":"Accueil"},"content":{"rendered":"\t\t<div data-elementor-type=\"wp-page\" data-elementor-id=\"9\" class=\"elementor elementor-9\">\n\t\t\t\t<div class=\"elementor-element elementor-element-95c4c39 e-flex e-con-boxed wpr-particle-no wpr-jarallax-no wpr-parallax-no wpr-sticky-section-no wpr-equal-height-no e-con e-parent\" data-id=\"95c4c39\" data-element_type=\"container\" data-e-type=\"container\">\n\t\t\t\t\t<div class=\"e-con-inner\">\n\t\t<div class=\"elementor-element elementor-element-9eca661 e-con-full e-flex wpr-particle-no wpr-jarallax-no wpr-parallax-no wpr-sticky-section-no wpr-equal-height-no e-con e-child\" data-id=\"9eca661\" data-element_type=\"container\" data-e-type=\"container\">\n\t\t\t\t<div class=\"elementor-element elementor-element-690bd25 elementor-widget elementor-widget-image\" data-id=\"690bd25\" data-element_type=\"widget\" data-e-type=\"widget\" data-widget_type=\"image.default\">\n\t\t\t\t<div class=\"elementor-widget-container\">\n\t\t\t\t\t\t\t\t\t\t\t\t\t\t\t<img decoding=\"async\" src=\"http:\/\/diderot.education\/66ffbef306e06-oceane-chatillon\/wp-content\/uploads\/sites\/655\/elementor\/thumbs\/image0-23-qys8qyy8mqwtrkf58uf8wuk1ito1be3cgi7zb4eo0g.jpeg\" title=\"image0 (23)\" alt=\"di\u00e9t\u00e9ticien nutritionniste di\u00e9t\u00e9ticien du sport nutrition sportive force athl\u00e9tique powerlifting nutrition sport nutrition prot\u00e9in\u00e9e\" loading=\"lazy\" \/>\t\t\t\t\t\t\t\t\t\t\t\t\t\t\t<\/div>\n\t\t\t\t<\/div>\n\t\t\t\t<div class=\"elementor-element elementor-element-363673e elementor-align-center elementor-widget elementor-widget-button\" data-id=\"363673e\" data-element_type=\"widget\" data-e-type=\"widget\" data-widget_type=\"button.default\">\n\t\t\t\t<div class=\"elementor-widget-container\">\n\t\t\t\t\t\t\t\t\t<div class=\"elementor-button-wrapper\">\n\t\t\t\t\t<a class=\"elementor-button elementor-button-link elementor-size-sm\" href=\"http:\/\/diderot.education\/66ffbef306e06-oceane-chatillon\/qui-suis-je\/\">\n\t\t\t\t\t\t<span class=\"elementor-button-content-wrapper\">\n\t\t\t\t\t\t\t\t\t<span class=\"elementor-button-text\">Qui suis-je ? <\/span>\n\t\t\t\t\t<\/span>\n\t\t\t\t\t<\/a>\n\t\t\t\t<\/div>\n\t\t\t\t\t\t\t\t<\/div>\n\t\t\t\t<\/div>\n\t\t\t\t<\/div>\n\t\t<div class=\"elementor-element elementor-element-b18b923 e-con-full e-flex wpr-particle-no wpr-jarallax-no wpr-parallax-no wpr-sticky-section-no wpr-equal-height-no e-con e-child\" data-id=\"b18b923\" data-element_type=\"container\" data-e-type=\"container\">\n\t\t\t\t<div class=\"elementor-element elementor-element-23713cb elementor-widget elementor-widget-image\" data-id=\"23713cb\" data-element_type=\"widget\" data-e-type=\"widget\" data-widget_type=\"image.default\">\n\t\t\t\t<div class=\"elementor-widget-container\">\n\t\t\t\t\t\t\t\t\t\t\t\t\t\t\t<img decoding=\"async\" src=\"http:\/\/diderot.education\/66ffbef306e06-oceane-chatillon\/wp-content\/uploads\/sites\/655\/elementor\/thumbs\/image1-13-qys8r1rr790oqeb1sdn4mbufaza4yhejgw6fqyahhs.jpeg\" title=\"image1 (13)\" alt=\"di\u00e9t\u00e9ticien nutritionniste di\u00e9t\u00e9ticien du sport nutrition sportive force athl\u00e9tique powerlifting nutrition sport nutrition prot\u00e9in\u00e9e\" loading=\"lazy\" \/>\t\t\t\t\t\t\t\t\t\t\t\t\t\t\t<\/div>\n\t\t\t\t<\/div>\n\t\t\t\t<div class=\"elementor-element elementor-element-ba13f12 elementor-align-center elementor-widget elementor-widget-button\" data-id=\"ba13f12\" data-element_type=\"widget\" data-e-type=\"widget\" data-widget_type=\"button.default\">\n\t\t\t\t<div class=\"elementor-widget-container\">\n\t\t\t\t\t\t\t\t\t<div class=\"elementor-button-wrapper\">\n\t\t\t\t\t<a class=\"elementor-button elementor-button-link elementor-size-sm\" href=\"http:\/\/diderot.education\/66ffbef306e06-oceane-chatillon\/la-nutrition-cest-quoi\/\">\n\t\t\t\t\t\t<span class=\"elementor-button-content-wrapper\">\n\t\t\t\t\t\t\t\t\t<span class=\"elementor-button-text\">La nutrition sportive<\/span>\n\t\t\t\t\t<\/span>\n\t\t\t\t\t<\/a>\n\t\t\t\t<\/div>\n\t\t\t\t\t\t\t\t<\/div>\n\t\t\t\t<\/div>\n\t\t\t\t<\/div>\n\t\t<div class=\"elementor-element elementor-element-b3e7e71 e-con-full e-flex wpr-particle-no wpr-jarallax-no wpr-parallax-no wpr-sticky-section-no wpr-equal-height-no e-con e-child\" data-id=\"b3e7e71\" data-element_type=\"container\" data-e-type=\"container\">\n\t\t\t\t<div class=\"elementor-element elementor-element-c106561 elementor-widget elementor-widget-image\" data-id=\"c106561\" data-element_type=\"widget\" data-e-type=\"widget\" data-widget_type=\"image.default\">\n\t\t\t\t<div class=\"elementor-widget-container\">\n\t\t\t\t\t\t\t\t\t\t\t\t\t\t\t<img fetchpriority=\"high\" decoding=\"async\" width=\"636\" height=\"640\" src=\"http:\/\/diderot.education\/66ffbef306e06-oceane-chatillon\/wp-content\/uploads\/sites\/655\/2024\/12\/IMG_2446-1.jpg\" class=\"attachment-1536x1536 size-1536x1536 wp-image-174\" alt=\"\" srcset=\"http:\/\/diderot.education\/66ffbef306e06-oceane-chatillon\/wp-content\/uploads\/sites\/655\/2024\/12\/IMG_2446-1.jpg 636w, http:\/\/diderot.education\/66ffbef306e06-oceane-chatillon\/wp-content\/uploads\/sites\/655\/2024\/12\/IMG_2446-1-298x300.jpg 298w, http:\/\/diderot.education\/66ffbef306e06-oceane-chatillon\/wp-content\/uploads\/sites\/655\/2024\/12\/IMG_2446-1-150x150.jpg 150w\" sizes=\"(max-width: 636px) 100vw, 636px\" \/>\t\t\t\t\t\t\t\t\t\t\t\t\t\t\t<\/div>\n\t\t\t\t<\/div>\n\t\t\t\t<div class=\"elementor-element elementor-element-d96bad8 elementor-align-center elementor-widget elementor-widget-button\" data-id=\"d96bad8\" data-element_type=\"widget\" data-e-type=\"widget\" data-widget_type=\"button.default\">\n\t\t\t\t<div class=\"elementor-widget-container\">\n\t\t\t\t\t\t\t\t\t<div class=\"elementor-button-wrapper\">\n\t\t\t\t\t<a class=\"elementor-button elementor-button-link elementor-size-sm\" href=\"http:\/\/diderot.education\/66ffbef306e06-oceane-chatillon\/contacts\/\">\n\t\t\t\t\t\t<span class=\"elementor-button-content-wrapper\">\n\t\t\t\t\t\t\t\t\t<span class=\"elementor-button-text\">Contacts <\/span>\n\t\t\t\t\t<\/span>\n\t\t\t\t\t<\/a>\n\t\t\t\t<\/div>\n\t\t\t\t\t\t\t\t<\/div>\n\t\t\t\t<\/div>\n\t\t\t\t<\/div>\n\t\t\t\t\t<\/div>\n\t\t\t\t<\/div>\n\t\t\t\t<\/div>\n\t\t","protected":false},"excerpt":{"rendered":"<p>Qui suis-je ? La nutrition sportive Contacts<\/p>\n","protected":false},"author":658,"featured_media":0,"parent":0,"menu_order":0,"comment_status":"closed","ping_status":"closed","template":"","meta":{"om_disable_all_campaigns":false,"footnotes":""},"class_list":["post-9","page","type-page","status-publish","hentry"],"featured_image_src":null,"yoast_head":"<!-- This site is optimized with the Yoast SEO plugin v27.3 - https:\/\/yoast.com\/product\/yoast-seo-wordpress\/ -->\n<title>Accueil - Nutrition Sportive<\/title>\n<meta name=\"robots\" content=\"index, follow, max-snippet:-1, max-image-preview:large, max-video-preview:-1\" \/>\n<link rel=\"canonical\" href=\"http:\/\/diderot.education\/66ffbef306e06-oceane-chatillon\/\" \/>\n<meta property=\"og:locale\" content=\"fr_FR\" \/>\n<meta property=\"og:type\" content=\"article\" \/>\n<meta property=\"og:title\" content=\"Accueil - Nutrition Sportive\" \/>\n<meta property=\"og:description\" content=\"Qui suis-je ? La nutrition sportive Contacts\" \/>\n<meta property=\"og:url\" content=\"http:\/\/diderot.education\/66ffbef306e06-oceane-chatillon\/\" \/>\n<meta property=\"og:site_name\" content=\"Nutrition Sportive\" \/>\n<meta property=\"article:modified_time\" content=\"2025-04-18T09:00:43+00:00\" \/>\n<meta property=\"og:image\" content=\"http:\/\/diderot.education\/66ffbef306e06-oceane-chatillon\/wp-content\/uploads\/sites\/655\/elementor\/thumbs\/image0-23-qys8qyy8mqwtrkf58uf8wuk1ito1be3cgi7zb4eo0g.jpeg\" \/>\n<meta name=\"twitter:card\" content=\"summary_large_image\" \/>\n<meta name=\"twitter:label1\" content=\"Dur\u00e9e de lecture estim\u00e9e\" \/>\n\t<meta name=\"twitter:data1\" content=\"1 minute\" \/>\n<script type=\"application\/ld+json\" class=\"yoast-schema-graph\">{\"@context\":\"https:\\\/\\\/schema.org\",\"@graph\":[{\"@type\":\"WebPage\",\"@id\":\"http:\\\/\\\/diderot.education\\\/66ffbef306e06-oceane-chatillon\\\/\",\"url\":\"http:\\\/\\\/diderot.education\\\/66ffbef306e06-oceane-chatillon\\\/\",\"name\":\"Accueil - Nutrition Sportive\",\"isPartOf\":{\"@id\":\"http:\\\/\\\/diderot.education\\\/66ffbef306e06-oceane-chatillon\\\/#website\"},\"primaryImageOfPage\":{\"@id\":\"http:\\\/\\\/diderot.education\\\/66ffbef306e06-oceane-chatillon\\\/#primaryimage\"},\"image\":{\"@id\":\"http:\\\/\\\/diderot.education\\\/66ffbef306e06-oceane-chatillon\\\/#primaryimage\"},\"thumbnailUrl\":\"http:\\\/\\\/diderot.education\\\/66ffbef306e06-oceane-chatillon\\\/wp-content\\\/uploads\\\/sites\\\/655\\\/elementor\\\/thumbs\\\/image0-23-qys8qyy8mqwtrkf58uf8wuk1ito1be3cgi7zb4eo0g.jpeg\",\"datePublished\":\"2024-11-22T11:14:33+00:00\",\"dateModified\":\"2025-04-18T09:00:43+00:00\",\"breadcrumb\":{\"@id\":\"http:\\\/\\\/diderot.education\\\/66ffbef306e06-oceane-chatillon\\\/#breadcrumb\"},\"inLanguage\":\"fr-FR\",\"potentialAction\":[{\"@type\":\"ReadAction\",\"target\":[\"http:\\\/\\\/diderot.education\\\/66ffbef306e06-oceane-chatillon\\\/\"]}]},{\"@type\":\"ImageObject\",\"inLanguage\":\"fr-FR\",\"@id\":\"http:\\\/\\\/diderot.education\\\/66ffbef306e06-oceane-chatillon\\\/#primaryimage\",\"url\":\"http:\\\/\\\/diderot.education\\\/66ffbef306e06-oceane-chatillon\\\/wp-content\\\/uploads\\\/sites\\\/655\\\/elementor\\\/thumbs\\\/image0-23-qys8qyy8mqwtrkf58uf8wuk1ito1be3cgi7zb4eo0g.jpeg\",\"contentUrl\":\"http:\\\/\\\/diderot.education\\\/66ffbef306e06-oceane-chatillon\\\/wp-content\\\/uploads\\\/sites\\\/655\\\/elementor\\\/thumbs\\\/image0-23-qys8qyy8mqwtrkf58uf8wuk1ito1be3cgi7zb4eo0g.jpeg\"},{\"@type\":\"BreadcrumbList\",\"@id\":\"http:\\\/\\\/diderot.education\\\/66ffbef306e06-oceane-chatillon\\\/#breadcrumb\",\"itemListElement\":[{\"@type\":\"ListItem\",\"position\":1,\"name\":\"Accueil\",\"item\":\"http:\\\/\\\/diderot.education\\\/66ffbef306e06-oceane-chatillon\\\/\"},{\"@type\":\"ListItem\",\"position\":2,\"name\":\"Accueil\"}]},{\"@type\":\"WebSite\",\"@id\":\"http:\\\/\\\/diderot.education\\\/66ffbef306e06-oceane-chatillon\\\/#website\",\"url\":\"http:\\\/\\\/diderot.education\\\/66ffbef306e06-oceane-chatillon\\\/\",\"name\":\"Nutrition Sportive\",\"description\":\"\",\"publisher\":{\"@id\":\"http:\\\/\\\/diderot.education\\\/66ffbef306e06-oceane-chatillon\\\/#organization\"},\"potentialAction\":[{\"@type\":\"SearchAction\",\"target\":{\"@type\":\"EntryPoint\",\"urlTemplate\":\"http:\\\/\\\/diderot.education\\\/66ffbef306e06-oceane-chatillon\\\/?s={search_term_string}\"},\"query-input\":{\"@type\":\"PropertyValueSpecification\",\"valueRequired\":true,\"valueName\":\"search_term_string\"}}],\"inLanguage\":\"fr-FR\"},{\"@type\":\"Organization\",\"@id\":\"http:\\\/\\\/diderot.education\\\/66ffbef306e06-oceane-chatillon\\\/#organization\",\"name\":\"Nutrition Sportive\",\"url\":\"http:\\\/\\\/diderot.education\\\/66ffbef306e06-oceane-chatillon\\\/\",\"logo\":{\"@type\":\"ImageObject\",\"inLanguage\":\"fr-FR\",\"@id\":\"http:\\\/\\\/diderot.education\\\/66ffbef306e06-oceane-chatillon\\\/#\\\/schema\\\/logo\\\/image\\\/\",\"url\":\"http:\\\/\\\/diderot.education\\\/66ffbef306e06-oceane-chatillon\\\/wp-content\\\/uploads\\\/sites\\\/655\\\/2024\\\/11\\\/2-1.png\",\"contentUrl\":\"http:\\\/\\\/diderot.education\\\/66ffbef306e06-oceane-chatillon\\\/wp-content\\\/uploads\\\/sites\\\/655\\\/2024\\\/11\\\/2-1.png\",\"width\":500,\"height\":500,\"caption\":\"Nutrition Sportive \"},\"image\":{\"@id\":\"http:\\\/\\\/diderot.education\\\/66ffbef306e06-oceane-chatillon\\\/#\\\/schema\\\/logo\\\/image\\\/\"}}]}<\/script>\n<!-- \/ Yoast SEO plugin. -->","yoast_head_json":{"title":"Accueil - Nutrition Sportive","robots":{"index":"index","follow":"follow","max-snippet":"max-snippet:-1","max-image-preview":"max-image-preview:large","max-video-preview":"max-video-preview:-1"},"canonical":"http:\/\/diderot.education\/66ffbef306e06-oceane-chatillon\/","og_locale":"fr_FR","og_type":"article","og_title":"Accueil - Nutrition Sportive","og_description":"Qui suis-je ? La nutrition sportive Contacts","og_url":"http:\/\/diderot.education\/66ffbef306e06-oceane-chatillon\/","og_site_name":"Nutrition Sportive","article_modified_time":"2025-04-18T09:00:43+00:00","og_image":[{"url":"http:\/\/diderot.education\/66ffbef306e06-oceane-chatillon\/wp-content\/uploads\/sites\/655\/elementor\/thumbs\/image0-23-qys8qyy8mqwtrkf58uf8wuk1ito1be3cgi7zb4eo0g.jpeg","type":"","width":"","height":""}],"twitter_card":"summary_large_image","twitter_misc":{"Dur\u00e9e de lecture estim\u00e9e":"1 minute"},"schema":{"@context":"https:\/\/schema.org","@graph":[{"@type":"WebPage","@id":"http:\/\/diderot.education\/66ffbef306e06-oceane-chatillon\/","url":"http:\/\/diderot.education\/66ffbef306e06-oceane-chatillon\/","name":"Accueil - Nutrition Sportive","isPartOf":{"@id":"http:\/\/diderot.education\/66ffbef306e06-oceane-chatillon\/#website"},"primaryImageOfPage":{"@id":"http:\/\/diderot.education\/66ffbef306e06-oceane-chatillon\/#primaryimage"},"image":{"@id":"http:\/\/diderot.education\/66ffbef306e06-oceane-chatillon\/#primaryimage"},"thumbnailUrl":"http:\/\/diderot.education\/66ffbef306e06-oceane-chatillon\/wp-content\/uploads\/sites\/655\/elementor\/thumbs\/image0-23-qys8qyy8mqwtrkf58uf8wuk1ito1be3cgi7zb4eo0g.jpeg","datePublished":"2024-11-22T11:14:33+00:00","dateModified":"2025-04-18T09:00:43+00:00","breadcrumb":{"@id":"http:\/\/diderot.education\/66ffbef306e06-oceane-chatillon\/#breadcrumb"},"inLanguage":"fr-FR","potentialAction":[{"@type":"ReadAction","target":["http:\/\/diderot.education\/66ffbef306e06-oceane-chatillon\/"]}]},{"@type":"ImageObject","inLanguage":"fr-FR","@id":"http:\/\/diderot.education\/66ffbef306e06-oceane-chatillon\/#primaryimage","url":"http:\/\/diderot.education\/66ffbef306e06-oceane-chatillon\/wp-content\/uploads\/sites\/655\/elementor\/thumbs\/image0-23-qys8qyy8mqwtrkf58uf8wuk1ito1be3cgi7zb4eo0g.jpeg","contentUrl":"http:\/\/diderot.education\/66ffbef306e06-oceane-chatillon\/wp-content\/uploads\/sites\/655\/elementor\/thumbs\/image0-23-qys8qyy8mqwtrkf58uf8wuk1ito1be3cgi7zb4eo0g.jpeg"},{"@type":"BreadcrumbList","@id":"http:\/\/diderot.education\/66ffbef306e06-oceane-chatillon\/#breadcrumb","itemListElement":[{"@type":"ListItem","position":1,"name":"Accueil","item":"http:\/\/diderot.education\/66ffbef306e06-oceane-chatillon\/"},{"@type":"ListItem","position":2,"name":"Accueil"}]},{"@type":"WebSite","@id":"http:\/\/diderot.education\/66ffbef306e06-oceane-chatillon\/#website","url":"http:\/\/diderot.education\/66ffbef306e06-oceane-chatillon\/","name":"Nutrition Sportive","description":"","publisher":{"@id":"http:\/\/diderot.education\/66ffbef306e06-oceane-chatillon\/#organization"},"potentialAction":[{"@type":"SearchAction","target":{"@type":"EntryPoint","urlTemplate":"http:\/\/diderot.education\/66ffbef306e06-oceane-chatillon\/?s={search_term_string}"},"query-input":{"@type":"PropertyValueSpecification","valueRequired":true,"valueName":"search_term_string"}}],"inLanguage":"fr-FR"},{"@type":"Organization","@id":"http:\/\/diderot.education\/66ffbef306e06-oceane-chatillon\/#organization","name":"Nutrition Sportive","url":"http:\/\/diderot.education\/66ffbef306e06-oceane-chatillon\/","logo":{"@type":"ImageObject","inLanguage":"fr-FR","@id":"http:\/\/diderot.education\/66ffbef306e06-oceane-chatillon\/#\/schema\/logo\/image\/","url":"http:\/\/diderot.education\/66ffbef306e06-oceane-chatillon\/wp-content\/uploads\/sites\/655\/2024\/11\/2-1.png","contentUrl":"http:\/\/diderot.education\/66ffbef306e06-oceane-chatillon\/wp-content\/uploads\/sites\/655\/2024\/11\/2-1.png","width":500,"height":500,"caption":"Nutrition Sportive "},"image":{"@id":"http:\/\/diderot.education\/66ffbef306e06-oceane-chatillon\/#\/schema\/logo\/image\/"}}]}},"_links":{"self":[{"href":"http:\/\/diderot.education\/66ffbef306e06-oceane-chatillon\/wp-json\/wp\/v2\/pages\/9","targetHints":{"allow":["GET"]}}],"collection":[{"href":"http:\/\/diderot.education\/66ffbef306e06-oceane-chatillon\/wp-json\/wp\/v2\/pages"}],"about":[{"href":"http:\/\/diderot.education\/66ffbef306e06-oceane-chatillon\/wp-json\/wp\/v2\/types\/page"}],"author":[{"embeddable":true,"href":"http:\/\/diderot.education\/66ffbef306e06-oceane-chatillon\/wp-json\/wp\/v2\/users\/658"}],"replies":[{"embeddable":true,"href":"http:\/\/diderot.education\/66ffbef306e06-oceane-chatillon\/wp-json\/wp\/v2\/comments?post=9"}],"version-history":[{"count":70,"href":"http:\/\/diderot.education\/66ffbef306e06-oceane-chatillon\/wp-json\/wp\/v2\/pages\/9\/revisions"}],"predecessor-version":[{"id":439,"href":"http:\/\/diderot.education\/66ffbef306e06-oceane-chatillon\/wp-json\/wp\/v2\/pages\/9\/revisions\/439"}],"wp:attachment":[{"href":"http:\/\/diderot.education\/66ffbef306e06-oceane-chatillon\/wp-json\/wp\/v2\/media?parent=9"}],"curies":[{"name":"wp","href":"https:\/\/api.w.org\/{rel}","templated":true}]}}