{"id":25,"date":"2024-10-12T13:16:45","date_gmt":"2024-10-12T11:16:45","guid":{"rendered":"http:\/\/diderot.education\/6707f85dccd9d-marie-priscilla-marie-priscilla-rodriguez\/?page_id=25"},"modified":"2026-04-08T17:21:53","modified_gmt":"2026-04-08T15:21:53","slug":"conseils","status":"publish","type":"page","link":"http:\/\/diderot.education\/6707f-marie-priscilla-rodriguez\/conseils\/","title":{"rendered":"Conseils di\u00e9t\u00e9tiques"},"content":{"rendered":"\t\t<div data-elementor-type=\"wp-page\" data-elementor-id=\"25\" class=\"elementor elementor-25\">\n\t\t\t\t<div class=\"elementor-element elementor-element-13d775b5 e-flex e-con-boxed wpr-particle-no wpr-jarallax-no wpr-parallax-no wpr-sticky-section-no wpr-equal-height-no e-con e-parent\" data-id=\"13d775b5\" data-element_type=\"container\" data-e-type=\"container\">\n\t\t\t\t\t<div class=\"e-con-inner\">\n\t\t\t\t<div class=\"elementor-element elementor-element-23d90f6c elementor-widget elementor-widget-text-editor\" data-id=\"23d90f6c\" data-element_type=\"widget\" data-e-type=\"widget\" data-widget_type=\"text-editor.default\">\n\t\t\t\t<div class=\"elementor-widget-container\">\n\t\t\t\t\t\t\t\t\t<p data-start=\"219\" data-end=\"525\">J\u2019ai cr\u00e9\u00e9 cette page parce que j\u2019aime d\u00e9couvrir, comprendre et partager. La transmission fait partie int\u00e9grante de ma vision de la di\u00e9t\u00e9tique. \u00c0 travers cet espace, je mets \u00e0 disposition mes connaissances issues de mon apprentissage, de mes recherches et de ma r\u00e9flexion personnelle autour de la nutrition.<\/p>\n<p data-start=\"527\" data-end=\"877\">Ce site refl\u00e8te mon approche bienveillante de la di\u00e9t\u00e9tique : une discipline qui ne se r\u00e9sume pas \u00e0 des r\u00e8gles strictes, mais qui repose sur la compr\u00e9hension du corps, l\u2019\u00e9quilibre et l\u2019individualisation. Mon objectif est de rendre l\u2019information accessible, claire et utile, afin que chacun puisse mieux comprendre ses besoins et avancer \u00e0 son rythme.<\/p>\n<p data-start=\"879\" data-end=\"1105\">Ici, je vous propose des contenus fond\u00e9s sur des bases scientifiques, enrichis par mes recherches et mon exp\u00e9rience, dans une d\u00e9marche de progression continue. Parce que bien s\u2019alimenter commence toujours par mieux comprendre.<\/p>\n<p><!-- \/wp:paragraph --><!-- wp:image --><\/p>\n<figure class=\"wp-block-image\"><img alt=\"\" \/><\/figure>\n<p><!-- \/wp:image --><!-- wp:paragraph --><\/p>\n<h3>Vous trouverez dans cette page 4 sections :<\/h3>\n<p><!-- \/wp:list-item --><\/p>\n<p><!-- \/wp:list --><!-- wp:paragraph --><\/p>\n<p><!-- \/wp:paragraph --><\/p>\t\t\t\t\t\t\t\t<\/div>\n\t\t\t\t<\/div>\n\t\t\t\t\t<\/div>\n\t\t\t\t<\/div>\n\t\t\t\t<section class=\"elementor-section elementor-top-section elementor-element elementor-element-7b5bbcd11 elementor-section-boxed elementor-section-height-default elementor-section-height-default wpr-particle-no wpr-jarallax-no wpr-parallax-no wpr-sticky-section-no wpr-equal-height-no\" data-id=\"7b5bbcd11\" data-element_type=\"section\" data-e-type=\"section\">\n\t\t\t\t\t\t<div class=\"elementor-container elementor-column-gap-default\">\n\t\t\t\t\t<div class=\"elementor-column elementor-col-100 elementor-top-column elementor-element elementor-element-146a77d1\" data-id=\"146a77d1\" data-element_type=\"column\" data-e-type=\"column\">\n\t\t\t<div class=\"elementor-widget-wrap elementor-element-populated\">\n\t\t\t\t\t\t<section class=\"elementor-section elementor-inner-section elementor-element elementor-element-4372ce0d elementor-section-boxed elementor-section-height-default elementor-section-height-default wpr-particle-no wpr-jarallax-no wpr-parallax-no wpr-sticky-section-no wpr-equal-height-no\" data-id=\"4372ce0d\" data-element_type=\"section\" data-e-type=\"section\">\n\t\t\t\t\t\t<div class=\"elementor-container elementor-column-gap-default\">\n\t\t\t\t\t<div class=\"elementor-column elementor-col-25 elementor-inner-column elementor-element elementor-element-4ceaabbf\" data-id=\"4ceaabbf\" data-element_type=\"column\" data-e-type=\"column\">\n\t\t\t<div class=\"elementor-widget-wrap elementor-element-populated\">\n\t\t\t\t\t\t<div class=\"elementor-element elementor-element-18d715d0 elementor-widget elementor-widget-wpr-team-member\" data-id=\"18d715d0\" data-element_type=\"widget\" data-e-type=\"widget\" data-widget_type=\"wpr-team-member.default\">\n\t\t\t\t<div class=\"elementor-widget-container\">\n\t\t\t\t\t\n\t<div class=\"wpr-team-member\">\n\t\t\t\t\t\n\t\t\t<div class=\"wpr-member-media\">\n\t\t\t\t<div class=\"wpr-member-image\">\n\t\t\t\t\t<img decoding=\"async\" src=\"http:\/\/diderot.education\/6707f-marie-priscilla-rodriguez\/wp-content\/uploads\/sites\/681\/2026\/02\/perte_de_poids_pieds_balance_0_85Mo.jpg\" alt=\"Perte de poids\">\n\t\t\t\t<\/div>\n\t\t\t\t\t\t\t<\/div>\n\t\t\t\t\n\t\t\n\t\t<div class=\"wpr-member-content\">\n\t\t\t<h3 class=\"wpr-member-name\">Perte de poids<\/h3>\n\t\t\t\n\t\t\t\n\t\t\t\n\t\t\t\t\t\t\t<div class=\"wpr-member-description\">R\u00e9\u00e9quilibrage alimentaire &amp; \nLes erreurs \u00e0 \u00e9viter<\/div>\n\t\t\t\t\t\t\n\t\t\t<div class=\"wpr-member-btn-wrap\"><a class=\"wpr-member-btn wpr-button-effect wpr-button-none\" href=\"https:\/\/diderot.education\/6707f-marie-priscilla-rodriguez\/perte-de-poids\/\"><span>C&#039;est l\u00e0 !<\/span><\/a><\/div>\t\t<\/div>\n\n\t\t\t<\/div>\n\n\t\t\t\t\t<\/div>\n\t\t\t\t<\/div>\n\t\t\t\t\t<\/div>\n\t\t<\/div>\n\t\t\t\t<div class=\"elementor-column elementor-col-25 elementor-inner-column elementor-element elementor-element-62bc14b7\" data-id=\"62bc14b7\" data-element_type=\"column\" data-e-type=\"column\">\n\t\t\t<div class=\"elementor-widget-wrap elementor-element-populated\">\n\t\t\t\t\t\t<div class=\"elementor-element elementor-element-1be3e688 elementor-widget elementor-widget-wpr-team-member\" data-id=\"1be3e688\" data-element_type=\"widget\" data-e-type=\"widget\" data-widget_type=\"wpr-team-member.default\">\n\t\t\t\t<div class=\"elementor-widget-container\">\n\t\t\t\t\t\n\t<div class=\"wpr-team-member\">\n\t\t\t\t\t\n\t\t\t<div class=\"wpr-member-media\">\n\t\t\t\t<div class=\"wpr-member-image\">\n\t\t\t\t\t<img decoding=\"async\" src=\"http:\/\/diderot.education\/6707f-marie-priscilla-rodriguez\/wp-content\/uploads\/sites\/681\/2026\/02\/nutrition_bien_etre_oval_4_5x3cm_0_85Mo.jpg\" alt=\"Nutrition et bien \u00eatre\">\n\t\t\t\t<\/div>\n\t\t\t\t\t\t\t<\/div>\n\t\t\t\t\n\t\t\n\t\t<div class=\"wpr-member-content\">\n\t\t\t<h3 class=\"wpr-member-name\">Nutrition et bien \u00eatre<\/h3>\n\t\t\t\n\t\t\t\n\t\t\t\n\t\t\t\t\t\t\t<div class=\"wpr-member-description\">Gestion du stress, Sommeil, &amp; Digestion<\/div>\n\t\t\t\t\t\t\n\t\t\t<div class=\"wpr-member-btn-wrap\"><a class=\"wpr-member-btn wpr-button-effect wpr-button-none\" href=\"https:\/\/diderot.education\/6707f-marie-priscilla-rodriguez\/nutrition-et-bien-etre\/\"><span>Cliques ici !<\/span><\/a><\/div>\t\t<\/div>\n\n\t\t\t<\/div>\n\n\t\t\t\t\t<\/div>\n\t\t\t\t<\/div>\n\t\t\t\t\t<\/div>\n\t\t<\/div>\n\t\t\t\t<div class=\"elementor-column elementor-col-25 elementor-inner-column elementor-element elementor-element-1c850560\" data-id=\"1c850560\" data-element_type=\"column\" data-e-type=\"column\">\n\t\t\t<div class=\"elementor-widget-wrap elementor-element-populated\">\n\t\t\t\t\t\t<div class=\"elementor-element elementor-element-3a2ecb38 elementor-widget elementor-widget-wpr-team-member\" data-id=\"3a2ecb38\" data-element_type=\"widget\" data-e-type=\"widget\" data-widget_type=\"wpr-team-member.default\">\n\t\t\t\t<div class=\"elementor-widget-container\">\n\t\t\t\t\t\n\t<div class=\"wpr-team-member\">\n\t\t\t\t\t\n\t\t\t<div class=\"wpr-member-media\">\n\t\t\t\t<div class=\"wpr-member-image\">\n\t\t\t\t\t<img decoding=\"async\" src=\"http:\/\/diderot.education\/6707f-marie-priscilla-rodriguez\/wp-content\/uploads\/sites\/681\/2026\/02\/alimentation_sport_shaker_yoga_0_85Mo.jpg\" alt=\"Alimentation et sport\">\n\t\t\t\t<\/div>\n\t\t\t\t\t\t\t<\/div>\n\t\t\t\t\n\t\t\n\t\t<div class=\"wpr-member-content\">\n\t\t\t<h3 class=\"wpr-member-name\">Alimentation et sport<\/h3>\n\t\t\t\n\t\t\t\n\t\t\t\n\t\t\t\t\t\t\t<div class=\"wpr-member-description\">Que manger avant, pendant et apr\u00e8s l'effort ? <\/div>\n\t\t\t\t\t\t\n\t\t\t<div class=\"wpr-member-btn-wrap\"><a class=\"wpr-member-btn wpr-button-effect wpr-button-none\" href=\"https:\/\/diderot.education\/6707f-marie-priscilla-rodriguez\/alimentation-et-sport\/\"><span>Oui on y va !<\/span><\/a><\/div>\t\t<\/div>\n\n\t\t\t<\/div>\n\n\t\t\t\t\t<\/div>\n\t\t\t\t<\/div>\n\t\t\t\t\t<\/div>\n\t\t<\/div>\n\t\t\t\t<div class=\"elementor-column elementor-col-25 elementor-inner-column elementor-element elementor-element-374abb62\" data-id=\"374abb62\" data-element_type=\"column\" data-e-type=\"column\">\n\t\t\t<div class=\"elementor-widget-wrap elementor-element-populated\">\n\t\t\t\t\t\t<div class=\"elementor-element elementor-element-2e35e08d elementor-widget elementor-widget-wpr-team-member\" data-id=\"2e35e08d\" data-element_type=\"widget\" data-e-type=\"widget\" data-widget_type=\"wpr-team-member.default\">\n\t\t\t\t<div class=\"elementor-widget-container\">\n\t\t\t\t\t\n\t<div class=\"wpr-team-member\">\n\t\t\t\t\t\n\t\t\t<div class=\"wpr-member-media\">\n\t\t\t\t<div class=\"wpr-member-image\">\n\t\t\t\t\t<img decoding=\"async\" src=\"http:\/\/diderot.education\/6707f-marie-priscilla-rodriguez\/wp-content\/uploads\/sites\/681\/2026\/02\/idees_recues_0_85Mo.jpg\" alt=\"Id\u00e9es re\u00e7ues\">\n\t\t\t\t<\/div>\n\t\t\t\t\t\t\t<\/div>\n\t\t\t\t\n\t\t\n\t\t<div class=\"wpr-member-content\">\n\t\t\t<h3 class=\"wpr-member-name\">Id\u00e9es re\u00e7ues<\/h3>\n\t\t\t\n\t\t\t\n\t\t\t\n\t\t\t\t\t\t\t<div class=\"wpr-member-description\">Pour d\u00e9mystifier les r\u00e9gimes, les mythes &amp; les tendances !<\/div>\n\t\t\t\t\t\t\n\t\t\t<div class=\"wpr-member-btn-wrap\"><a class=\"wpr-member-btn wpr-button-effect wpr-button-none\" href=\"https:\/\/diderot.education\/6707f-marie-priscilla-rodriguez\/idees-recues-en-nutrition\/\"><span>C&#039;est vrai !<\/span><\/a><\/div>\t\t<\/div>\n\n\t\t\t<\/div>\n\n\t\t\t\t\t<\/div>\n\t\t\t\t<\/div>\n\t\t\t\t\t<\/div>\n\t\t<\/div>\n\t\t\t\t\t<\/div>\n\t\t<\/section>\n\t\t\t\t\t<\/div>\n\t\t<\/div>\n\t\t\t\t\t<\/div>\n\t\t<\/section>\n\t\t\t\t<section class=\"elementor-section elementor-top-section elementor-element elementor-element-392345510 elementor-section-boxed elementor-section-height-default elementor-section-height-default wpr-particle-no wpr-jarallax-no wpr-parallax-no wpr-sticky-section-no wpr-equal-height-no\" data-id=\"392345510\" data-element_type=\"section\" data-e-type=\"section\">\n\t\t\t\t\t\t<div class=\"elementor-container elementor-column-gap-default\">\n\t\t\t\t\t<div class=\"elementor-column elementor-col-100 elementor-top-column elementor-element elementor-element-5223e882\" data-id=\"5223e882\" data-element_type=\"column\" data-e-type=\"column\">\n\t\t\t<div class=\"elementor-widget-wrap\">\n\t\t\t\t\t\t\t<\/div>\n\t\t<\/div>\n\t\t\t\t\t<\/div>\n\t\t<\/section>\n\t\t\t\t<\/div>\n\t\t","protected":false},"excerpt":{"rendered":"<p>J\u2019ai cr\u00e9\u00e9 cette page parce que j\u2019aime d\u00e9couvrir, comprendre et partager. La transmission fait partie int\u00e9grante de ma vision de la di\u00e9t\u00e9tique. \u00c0 travers cet espace, je mets \u00e0 disposition mes connaissances issues de mon apprentissage, de mes recherches et de ma r\u00e9flexion personnelle autour de la nutrition. Ce site refl\u00e8te mon approche bienveillante de la di\u00e9t\u00e9tique : une discipline qui ne se r\u00e9sume pas \u00e0 des r\u00e8gles strictes, mais qui repose sur la compr\u00e9hension du corps, l\u2019\u00e9quilibre et l\u2019individualisation. Mon objectif est de rendre l\u2019information accessible, claire et utile, afin que chacun puisse mieux comprendre ses besoins et avancer \u00e0 son rythme. Ici, je vous propose des contenus fond\u00e9s sur des bases scientifiques, enrichis par mes recherches et mon exp\u00e9rience, dans une d\u00e9marche de progression continue. Parce que bien s\u2019alimenter commence toujours par mieux comprendre. Vous trouverez dans cette page 4 sections : Perte de poids R\u00e9\u00e9quilibrage alimentaire &amp; Les erreurs \u00e0 \u00e9viter C&#039;est l\u00e0 ! Nutrition et bien \u00eatre Gestion du stress, Sommeil, &amp; Digestion Cliques ici ! Alimentation et sport Que manger avant, pendant et apr\u00e8s l&rsquo;effort ? Oui on y va ! Id\u00e9es re\u00e7ues Pour d\u00e9mystifier les r\u00e9gimes, les mythes &amp; les tendances ! C&#039;est vrai !<\/p>\n","protected":false},"author":684,"featured_media":0,"parent":0,"menu_order":0,"comment_status":"closed","ping_status":"closed","template":"","meta":{"om_disable_all_campaigns":false,"footnotes":""},"class_list":["post-25","page","type-page","status-publish","hentry"],"featured_image_src":null,"yoast_head":"<!-- This site is optimized with the Yoast SEO plugin v27.5 - https:\/\/yoast.com\/product\/yoast-seo-wordpress\/ -->\n<title>Conseils di\u00e9t\u00e9tiques - PRISCILLA DIETETICIENNE<\/title>\n<meta name=\"description\" content=\"C&#039;est une page pour laquelle je partagerai mes connaissances au sujet de l&#039;alimentation pour vous guider au mieux dans votre projet\" \/>\n<meta name=\"robots\" content=\"index, follow, max-snippet:-1, max-image-preview:large, max-video-preview:-1\" \/>\n<link rel=\"canonical\" href=\"http:\/\/diderot.education\/6707f-marie-priscilla-rodriguez\/conseils\/\" \/>\n<meta property=\"og:locale\" content=\"fr_FR\" \/>\n<meta property=\"og:type\" content=\"article\" \/>\n<meta property=\"og:title\" content=\"Conseils di\u00e9t\u00e9tiques - PRISCILLA DIETETICIENNE\" \/>\n<meta property=\"og:description\" content=\"C&#039;est une page pour laquelle je partagerai mes connaissances au sujet de l&#039;alimentation pour vous guider au mieux dans votre projet\" \/>\n<meta property=\"og:url\" content=\"http:\/\/diderot.education\/6707f-marie-priscilla-rodriguez\/conseils\/\" \/>\n<meta property=\"og:site_name\" content=\"PRISCILLA DIETETICIENNE\" \/>\n<meta property=\"article:modified_time\" content=\"2026-04-08T15:21:53+00:00\" \/>\n<meta property=\"og:image\" content=\"http:\/\/diderot.education\/6707f-marie-priscilla-rodriguez\/wp-content\/uploads\/sites\/681\/2026\/02\/perte_de_poids_pieds_balance_0_85Mo.jpg\" \/>\n<meta name=\"twitter:card\" content=\"summary_large_image\" \/>\n<meta name=\"twitter:label1\" content=\"Dur\u00e9e de lecture estim\u00e9e\" \/>\n\t<meta name=\"twitter:data1\" content=\"2 minutes\" \/>\n<script type=\"application\/ld+json\" class=\"yoast-schema-graph\">{\"@context\":\"https:\\\/\\\/schema.org\",\"@graph\":[{\"@type\":\"WebPage\",\"@id\":\"http:\\\/\\\/diderot.education\\\/6707f-marie-priscilla-rodriguez\\\/conseils\\\/\",\"url\":\"http:\\\/\\\/diderot.education\\\/6707f-marie-priscilla-rodriguez\\\/conseils\\\/\",\"name\":\"Conseils di\u00e9t\u00e9tiques - PRISCILLA DIETETICIENNE\",\"isPartOf\":{\"@id\":\"http:\\\/\\\/diderot.education\\\/6707f-marie-priscilla-rodriguez\\\/#website\"},\"primaryImageOfPage\":{\"@id\":\"http:\\\/\\\/diderot.education\\\/6707f-marie-priscilla-rodriguez\\\/conseils\\\/#primaryimage\"},\"image\":{\"@id\":\"http:\\\/\\\/diderot.education\\\/6707f-marie-priscilla-rodriguez\\\/conseils\\\/#primaryimage\"},\"thumbnailUrl\":\"http:\\\/\\\/diderot.education\\\/6707f-marie-priscilla-rodriguez\\\/wp-content\\\/uploads\\\/sites\\\/681\\\/2026\\\/02\\\/perte_de_poids_pieds_balance_0_85Mo.jpg\",\"datePublished\":\"2024-10-12T11:16:45+00:00\",\"dateModified\":\"2026-04-08T15:21:53+00:00\",\"description\":\"C'est une page pour laquelle je partagerai mes connaissances au sujet de l'alimentation pour vous guider au mieux dans votre projet\",\"breadcrumb\":{\"@id\":\"http:\\\/\\\/diderot.education\\\/6707f-marie-priscilla-rodriguez\\\/conseils\\\/#breadcrumb\"},\"inLanguage\":\"fr-FR\",\"potentialAction\":[{\"@type\":\"ReadAction\",\"target\":[\"http:\\\/\\\/diderot.education\\\/6707f-marie-priscilla-rodriguez\\\/conseils\\\/\"]}]},{\"@type\":\"ImageObject\",\"inLanguage\":\"fr-FR\",\"@id\":\"http:\\\/\\\/diderot.education\\\/6707f-marie-priscilla-rodriguez\\\/conseils\\\/#primaryimage\",\"url\":\"http:\\\/\\\/diderot.education\\\/6707f-marie-priscilla-rodriguez\\\/wp-content\\\/uploads\\\/sites\\\/681\\\/2026\\\/02\\\/perte_de_poids_pieds_balance_0_85Mo.jpg\",\"contentUrl\":\"http:\\\/\\\/diderot.education\\\/6707f-marie-priscilla-rodriguez\\\/wp-content\\\/uploads\\\/sites\\\/681\\\/2026\\\/02\\\/perte_de_poids_pieds_balance_0_85Mo.jpg\",\"width\":1536,\"height\":1024},{\"@type\":\"BreadcrumbList\",\"@id\":\"http:\\\/\\\/diderot.education\\\/6707f-marie-priscilla-rodriguez\\\/conseils\\\/#breadcrumb\",\"itemListElement\":[{\"@type\":\"ListItem\",\"position\":1,\"name\":\"Accueil\",\"item\":\"http:\\\/\\\/diderot.education\\\/6707f-marie-priscilla-rodriguez\\\/\"},{\"@type\":\"ListItem\",\"position\":2,\"name\":\"Conseils di\u00e9t\u00e9tiques\"}]},{\"@type\":\"WebSite\",\"@id\":\"http:\\\/\\\/diderot.education\\\/6707f-marie-priscilla-rodriguez\\\/#website\",\"url\":\"http:\\\/\\\/diderot.education\\\/6707f-marie-priscilla-rodriguez\\\/\",\"name\":\"PRISCILLA DIETETICIENNE\",\"description\":\"LE PLAISIR DE MIEUX MANGER\",\"potentialAction\":[{\"@type\":\"SearchAction\",\"target\":{\"@type\":\"EntryPoint\",\"urlTemplate\":\"http:\\\/\\\/diderot.education\\\/6707f-marie-priscilla-rodriguez\\\/?s={search_term_string}\"},\"query-input\":{\"@type\":\"PropertyValueSpecification\",\"valueRequired\":true,\"valueName\":\"search_term_string\"}}],\"inLanguage\":\"fr-FR\"}]}<\/script>\n<!-- \/ Yoast SEO plugin. -->","yoast_head_json":{"title":"Conseils di\u00e9t\u00e9tiques - PRISCILLA DIETETICIENNE","description":"C'est une page pour laquelle je partagerai mes connaissances au sujet de l'alimentation pour vous guider au mieux dans votre projet","robots":{"index":"index","follow":"follow","max-snippet":"max-snippet:-1","max-image-preview":"max-image-preview:large","max-video-preview":"max-video-preview:-1"},"canonical":"http:\/\/diderot.education\/6707f-marie-priscilla-rodriguez\/conseils\/","og_locale":"fr_FR","og_type":"article","og_title":"Conseils di\u00e9t\u00e9tiques - PRISCILLA DIETETICIENNE","og_description":"C'est une page pour laquelle je partagerai mes connaissances au sujet de l'alimentation pour vous guider au mieux dans votre projet","og_url":"http:\/\/diderot.education\/6707f-marie-priscilla-rodriguez\/conseils\/","og_site_name":"PRISCILLA DIETETICIENNE","article_modified_time":"2026-04-08T15:21:53+00:00","og_image":[{"url":"http:\/\/diderot.education\/6707f-marie-priscilla-rodriguez\/wp-content\/uploads\/sites\/681\/2026\/02\/perte_de_poids_pieds_balance_0_85Mo.jpg","type":"","width":"","height":""}],"twitter_card":"summary_large_image","twitter_misc":{"Dur\u00e9e de lecture estim\u00e9e":"2 minutes"},"schema":{"@context":"https:\/\/schema.org","@graph":[{"@type":"WebPage","@id":"http:\/\/diderot.education\/6707f-marie-priscilla-rodriguez\/conseils\/","url":"http:\/\/diderot.education\/6707f-marie-priscilla-rodriguez\/conseils\/","name":"Conseils di\u00e9t\u00e9tiques - PRISCILLA DIETETICIENNE","isPartOf":{"@id":"http:\/\/diderot.education\/6707f-marie-priscilla-rodriguez\/#website"},"primaryImageOfPage":{"@id":"http:\/\/diderot.education\/6707f-marie-priscilla-rodriguez\/conseils\/#primaryimage"},"image":{"@id":"http:\/\/diderot.education\/6707f-marie-priscilla-rodriguez\/conseils\/#primaryimage"},"thumbnailUrl":"http:\/\/diderot.education\/6707f-marie-priscilla-rodriguez\/wp-content\/uploads\/sites\/681\/2026\/02\/perte_de_poids_pieds_balance_0_85Mo.jpg","datePublished":"2024-10-12T11:16:45+00:00","dateModified":"2026-04-08T15:21:53+00:00","description":"C'est une page pour laquelle je partagerai mes connaissances au sujet de l'alimentation pour vous guider au mieux dans votre projet","breadcrumb":{"@id":"http:\/\/diderot.education\/6707f-marie-priscilla-rodriguez\/conseils\/#breadcrumb"},"inLanguage":"fr-FR","potentialAction":[{"@type":"ReadAction","target":["http:\/\/diderot.education\/6707f-marie-priscilla-rodriguez\/conseils\/"]}]},{"@type":"ImageObject","inLanguage":"fr-FR","@id":"http:\/\/diderot.education\/6707f-marie-priscilla-rodriguez\/conseils\/#primaryimage","url":"http:\/\/diderot.education\/6707f-marie-priscilla-rodriguez\/wp-content\/uploads\/sites\/681\/2026\/02\/perte_de_poids_pieds_balance_0_85Mo.jpg","contentUrl":"http:\/\/diderot.education\/6707f-marie-priscilla-rodriguez\/wp-content\/uploads\/sites\/681\/2026\/02\/perte_de_poids_pieds_balance_0_85Mo.jpg","width":1536,"height":1024},{"@type":"BreadcrumbList","@id":"http:\/\/diderot.education\/6707f-marie-priscilla-rodriguez\/conseils\/#breadcrumb","itemListElement":[{"@type":"ListItem","position":1,"name":"Accueil","item":"http:\/\/diderot.education\/6707f-marie-priscilla-rodriguez\/"},{"@type":"ListItem","position":2,"name":"Conseils di\u00e9t\u00e9tiques"}]},{"@type":"WebSite","@id":"http:\/\/diderot.education\/6707f-marie-priscilla-rodriguez\/#website","url":"http:\/\/diderot.education\/6707f-marie-priscilla-rodriguez\/","name":"PRISCILLA DIETETICIENNE","description":"LE PLAISIR DE MIEUX MANGER","potentialAction":[{"@type":"SearchAction","target":{"@type":"EntryPoint","urlTemplate":"http:\/\/diderot.education\/6707f-marie-priscilla-rodriguez\/?s={search_term_string}"},"query-input":{"@type":"PropertyValueSpecification","valueRequired":true,"valueName":"search_term_string"}}],"inLanguage":"fr-FR"}]}},"_links":{"self":[{"href":"http:\/\/diderot.education\/6707f-marie-priscilla-rodriguez\/wp-json\/wp\/v2\/pages\/25","targetHints":{"allow":["GET"]}}],"collection":[{"href":"http:\/\/diderot.education\/6707f-marie-priscilla-rodriguez\/wp-json\/wp\/v2\/pages"}],"about":[{"href":"http:\/\/diderot.education\/6707f-marie-priscilla-rodriguez\/wp-json\/wp\/v2\/types\/page"}],"author":[{"embeddable":true,"href":"http:\/\/diderot.education\/6707f-marie-priscilla-rodriguez\/wp-json\/wp\/v2\/users\/684"}],"replies":[{"embeddable":true,"href":"http:\/\/diderot.education\/6707f-marie-priscilla-rodriguez\/wp-json\/wp\/v2\/comments?post=25"}],"version-history":[{"count":31,"href":"http:\/\/diderot.education\/6707f-marie-priscilla-rodriguez\/wp-json\/wp\/v2\/pages\/25\/revisions"}],"predecessor-version":[{"id":1033,"href":"http:\/\/diderot.education\/6707f-marie-priscilla-rodriguez\/wp-json\/wp\/v2\/pages\/25\/revisions\/1033"}],"wp:attachment":[{"href":"http:\/\/diderot.education\/6707f-marie-priscilla-rodriguez\/wp-json\/wp\/v2\/media?parent=25"}],"curies":[{"name":"wp","href":"https:\/\/api.w.org\/{rel}","templated":true}]}}