{"id":26,"date":"2024-10-12T13:17:23","date_gmt":"2024-10-12T11:17:23","guid":{"rendered":"http:\/\/diderot.education\/6707f85dccd9d-marie-priscilla-marie-priscilla-rodriguez\/?page_id=26"},"modified":"2026-02-22T11:01:13","modified_gmt":"2026-02-22T10:01:13","slug":"recettes","status":"publish","type":"page","link":"http:\/\/diderot.education\/6707f-marie-priscilla-rodriguez\/recettes\/","title":{"rendered":"Recettes"},"content":{"rendered":"\t\t<div data-elementor-type=\"wp-page\" data-elementor-id=\"26\" class=\"elementor elementor-26\">\n\t\t\t\t<div class=\"elementor-element elementor-element-1757da4 e-flex e-con-boxed wpr-particle-no wpr-jarallax-no wpr-parallax-no wpr-sticky-section-no wpr-equal-height-no e-con e-parent\" data-id=\"1757da4\" data-element_type=\"container\" data-e-type=\"container\">\n\t\t\t\t\t<div class=\"e-con-inner\">\n\t\t\t\t<div class=\"elementor-element elementor-element-cdbebaa elementor-widget elementor-widget-text-editor\" data-id=\"cdbebaa\" data-element_type=\"widget\" data-e-type=\"widget\" data-widget_type=\"text-editor.default\">\n\t\t\t\t<div class=\"elementor-widget-container\">\n\t\t\t\t\t\t\t\t\t<p data-start=\"214\" data-end=\"558\">Je suis gourmande, et pour moi, le plaisir alimentaire est essentiel. C\u2019est pr\u00e9cis\u00e9ment pour cette raison que je cuisine : afin d\u2019allier go\u00fbt, \u00e9quilibre et simplicit\u00e9 au quotidien. Le fait maison, lorsque le temps le permet, reste l\u2019un des meilleurs moyens de ma\u00eetriser la qualit\u00e9 des ingr\u00e9dients tout en se faisant r\u00e9ellement plaisir.<\/p><p data-start=\"560\" data-end=\"877\">Dans cette rubrique, vous trouverez des id\u00e9es pour composer vos repas de l\u2019entr\u00e9e au dessert, avec des recettes accessibles, rapides et adapt\u00e9es \u00e0 un rythme de vie actif. L\u2019objectif n\u2019est pas de compliquer votre organisation, mais de vous montrer qu\u2019il est possible de manger \u00e9quilibr\u00e9 sans renoncer \u00e0 la gourmandise.<\/p><p data-start=\"879\" data-end=\"1062\">Parce qu\u2019une alimentation durable ne peut exister sans satisfaction, ces recettes sont pens\u00e9es pour \u00eatre \u00e0 la fois savoureuses, structur\u00e9es et faciles \u00e0 int\u00e9grer dans votre quotidien.<\/p><h3 style=\"color: #7a7a7a\">Vous trouverez dans cette page 4 sections\u00a0<span style=\"color: #7a7a7a\">:<\/span><\/h3>\t\t\t\t\t\t\t\t<\/div>\n\t\t\t\t<\/div>\n\t\t\t\t\t<\/div>\n\t\t\t\t<\/div>\n\t\t\t\t<section class=\"elementor-section elementor-top-section elementor-element elementor-element-257edf70 elementor-section-boxed elementor-section-height-default elementor-section-height-default wpr-particle-no wpr-jarallax-no wpr-parallax-no wpr-sticky-section-no wpr-equal-height-no\" data-id=\"257edf70\" data-element_type=\"section\" data-e-type=\"section\">\n\t\t\t\t\t\t<div class=\"elementor-container elementor-column-gap-default\">\n\t\t\t\t\t<div class=\"elementor-column elementor-col-100 elementor-top-column elementor-element elementor-element-47cc1cb5\" data-id=\"47cc1cb5\" data-element_type=\"column\" data-e-type=\"column\">\n\t\t\t<div class=\"elementor-widget-wrap elementor-element-populated\">\n\t\t\t\t\t\t<section class=\"elementor-section elementor-inner-section elementor-element elementor-element-423b8e7a elementor-section-boxed elementor-section-height-default elementor-section-height-default wpr-particle-no wpr-jarallax-no wpr-parallax-no wpr-sticky-section-no wpr-equal-height-no\" data-id=\"423b8e7a\" data-element_type=\"section\" data-e-type=\"section\">\n\t\t\t\t\t\t<div class=\"elementor-container elementor-column-gap-default\">\n\t\t\t\t\t<div class=\"elementor-column elementor-col-25 elementor-inner-column elementor-element elementor-element-4b95edd8\" data-id=\"4b95edd8\" data-element_type=\"column\" data-e-type=\"column\">\n\t\t\t<div class=\"elementor-widget-wrap elementor-element-populated\">\n\t\t\t\t\t\t<div class=\"elementor-element elementor-element-73adcdf9 elementor-widget elementor-widget-wpr-team-member\" data-id=\"73adcdf9\" data-element_type=\"widget\" data-e-type=\"widget\" data-widget_type=\"wpr-team-member.default\">\n\t\t\t\t<div class=\"elementor-widget-container\">\n\t\t\t\t\t\n\t<div class=\"wpr-team-member\">\n\t\t\t\t\t\n\t\t\t<div class=\"wpr-member-media\">\n\t\t\t\t<div class=\"wpr-member-image\">\n\t\t\t\t\t<img decoding=\"async\" src=\"http:\/\/diderot.education\/6707f-marie-priscilla-rodriguez\/wp-content\/uploads\/sites\/681\/2026\/02\/petit_dejeuner_0_85Mo.jpg\" alt=\"Petit-D\u00e9jeuner\">\n\t\t\t\t<\/div>\n\t\t\t\t\t\t\t<\/div>\n\t\t\t\t\n\t\t\n\t\t<div class=\"wpr-member-content\">\n\t\t\t<h3 class=\"wpr-member-name\">Petit-D\u00e9jeuner<\/h3>\n\t\t\t\n\t\t\t\n\t\t\t\n\t\t\t\t\t\t\t<div class=\"wpr-member-description\">Pour bien commencer la journ\u00e9e, avec vari\u00e9t\u00e9 !<\/div>\n\t\t\t\t\t\t\n\t\t\t<div class=\"wpr-member-btn-wrap\"><a class=\"wpr-member-btn wpr-button-effect wpr-button-none\" href=\"https:\/\/diderot.education\/6707f-marie-priscilla-rodriguez\/petit-dejeuner\/\"><span>On d\u00e9bute !<\/span><\/a><\/div>\t\t<\/div>\n\n\t\t\t<\/div>\n\n\t\t\t\t\t<\/div>\n\t\t\t\t<\/div>\n\t\t\t\t\t<\/div>\n\t\t<\/div>\n\t\t\t\t<div class=\"elementor-column elementor-col-25 elementor-inner-column elementor-element elementor-element-3442f9f0\" data-id=\"3442f9f0\" data-element_type=\"column\" data-e-type=\"column\">\n\t\t\t<div class=\"elementor-widget-wrap elementor-element-populated\">\n\t\t\t\t\t\t<div class=\"elementor-element elementor-element-32d59a42 elementor-widget elementor-widget-wpr-team-member\" data-id=\"32d59a42\" data-element_type=\"widget\" data-e-type=\"widget\" data-widget_type=\"wpr-team-member.default\">\n\t\t\t\t<div class=\"elementor-widget-container\">\n\t\t\t\t\t\n\t<div class=\"wpr-team-member\">\n\t\t\t\t\t\n\t\t\t<div class=\"wpr-member-media\">\n\t\t\t\t<div class=\"wpr-member-image\">\n\t\t\t\t\t<img decoding=\"async\" src=\"http:\/\/diderot.education\/6707f-marie-priscilla-rodriguez\/wp-content\/uploads\/sites\/681\/2026\/02\/repas_equilibre_creole_0_85Mo.jpg\" alt=\"Repas \u00e9quilibr\u00e9s\">\n\t\t\t\t<\/div>\n\t\t\t\t\t\t\t<\/div>\n\t\t\t\t\n\t\t\n\t\t<div class=\"wpr-member-content\">\n\t\t\t<h3 class=\"wpr-member-name\">Repas \u00e9quilibr\u00e9s<\/h3>\n\t\t\t\n\t\t\t\n\t\t\t\n\t\t\t\t\t\t\t<div class=\"wpr-member-description\"> Du plaisir mais que ce soit aussi pour notre bien-\u00eatre !<\/div>\n\t\t\t\t\t\t\n\t\t\t<div class=\"wpr-member-btn-wrap\"><a class=\"wpr-member-btn wpr-button-effect wpr-button-none\" href=\"https:\/\/diderot.education\/6707f-marie-priscilla-rodriguez\/dejeuners-diners-equilibres\/\"><span>\u00e7a fait envie !<\/span><\/a><\/div>\t\t<\/div>\n\n\t\t\t<\/div>\n\n\t\t\t\t\t<\/div>\n\t\t\t\t<\/div>\n\t\t\t\t\t<\/div>\n\t\t<\/div>\n\t\t\t\t<div class=\"elementor-column elementor-col-25 elementor-inner-column elementor-element elementor-element-68e2af48\" data-id=\"68e2af48\" data-element_type=\"column\" data-e-type=\"column\">\n\t\t\t<div class=\"elementor-widget-wrap elementor-element-populated\">\n\t\t\t\t\t\t<div class=\"elementor-element elementor-element-4690a161 elementor-widget elementor-widget-wpr-team-member\" data-id=\"4690a161\" data-element_type=\"widget\" data-e-type=\"widget\" data-widget_type=\"wpr-team-member.default\">\n\t\t\t\t<div class=\"elementor-widget-container\">\n\t\t\t\t\t\n\t<div class=\"wpr-team-member\">\n\t\t\t\t\t\n\t\t\t<div class=\"wpr-member-media\">\n\t\t\t\t<div class=\"wpr-member-image\">\n\t\t\t\t\t<img decoding=\"async\" src=\"http:\/\/diderot.education\/6707f-marie-priscilla-rodriguez\/wp-content\/uploads\/sites\/681\/2026\/02\/collation_saine_0_85Mo.jpg\" alt=\"Collations saines\">\n\t\t\t\t<\/div>\n\t\t\t\t\t\t\t<\/div>\n\t\t\t\t\n\t\t\n\t\t<div class=\"wpr-member-content\">\n\t\t\t<h3 class=\"wpr-member-name\">Collations saines<\/h3>\n\t\t\t\n\t\t\t\n\t\t\t\n\t\t\t\t\t\t\t<div class=\"wpr-member-description\">Entre deux moments, pour quoi se priver !<\/div>\n\t\t\t\t\t\t\n\t\t\t<div class=\"wpr-member-btn-wrap\"><a class=\"wpr-member-btn wpr-button-effect wpr-button-none\" href=\"https:\/\/diderot.education\/6707f-marie-priscilla-rodriguez\/collations-saines\/\"><span>un petit-encas !<\/span><\/a><\/div>\t\t<\/div>\n\n\t\t\t<\/div>\n\n\t\t\t\t\t<\/div>\n\t\t\t\t<\/div>\n\t\t\t\t\t<\/div>\n\t\t<\/div>\n\t\t\t\t<div class=\"elementor-column elementor-col-25 elementor-inner-column elementor-element elementor-element-35a4ba42\" data-id=\"35a4ba42\" data-element_type=\"column\" data-e-type=\"column\">\n\t\t\t<div class=\"elementor-widget-wrap elementor-element-populated\">\n\t\t\t\t\t\t<div class=\"elementor-element elementor-element-3fa19a13 elementor-widget elementor-widget-wpr-team-member\" data-id=\"3fa19a13\" data-element_type=\"widget\" data-e-type=\"widget\" data-widget_type=\"wpr-team-member.default\">\n\t\t\t\t<div class=\"elementor-widget-container\">\n\t\t\t\t\t\n\t<div class=\"wpr-team-member\">\n\t\t\t\t\t\n\t\t\t<div class=\"wpr-member-media\">\n\t\t\t\t<div class=\"wpr-member-image\">\n\t\t\t\t\t<img decoding=\"async\" src=\"http:\/\/diderot.education\/6707f-marie-priscilla-rodriguez\/wp-content\/uploads\/sites\/681\/2026\/02\/dessert_allege_0_85Mo.jpg\" alt=\"Desserts all\u00e9g\u00e9s\">\n\t\t\t\t<\/div>\n\t\t\t\t\t\t\t<\/div>\n\t\t\t\t\n\t\t\n\t\t<div class=\"wpr-member-content\">\n\t\t\t<h3 class=\"wpr-member-name\">Desserts all\u00e9g\u00e9s<\/h3>\n\t\t\t\n\t\t\t\n\t\t\t\n\t\t\t\t\t\t\t<div class=\"wpr-member-description\">Et pour les plus gourmands, on d\u00e9guste le final !<\/div>\n\t\t\t\t\t\t\n\t\t\t<div class=\"wpr-member-btn-wrap\"><a class=\"wpr-member-btn wpr-button-effect wpr-button-none\" href=\"https:\/\/diderot.education\/6707f-marie-priscilla-rodriguez\/desserts-alleges\/\"><span>pour le plaisir !<\/span><\/a><\/div>\t\t<\/div>\n\n\t\t\t<\/div>\n\n\t\t\t\t\t<\/div>\n\t\t\t\t<\/div>\n\t\t\t\t\t<\/div>\n\t\t<\/div>\n\t\t\t\t\t<\/div>\n\t\t<\/section>\n\t\t\t\t\t<\/div>\n\t\t<\/div>\n\t\t\t\t\t<\/div>\n\t\t<\/section>\n\t\t\t\t<\/div>\n\t\t","protected":false},"excerpt":{"rendered":"<p>Je suis gourmande, et pour moi, le plaisir alimentaire est essentiel. C\u2019est pr\u00e9cis\u00e9ment pour cette raison que je cuisine : afin d\u2019allier go\u00fbt, \u00e9quilibre et simplicit\u00e9 au quotidien. Le fait maison, lorsque le temps le permet, reste l\u2019un des meilleurs moyens de ma\u00eetriser la qualit\u00e9 des ingr\u00e9dients tout en se faisant r\u00e9ellement plaisir. Dans cette rubrique, vous trouverez des id\u00e9es pour composer vos repas de l\u2019entr\u00e9e au dessert, avec des recettes accessibles, rapides et adapt\u00e9es \u00e0 un rythme de vie actif. L\u2019objectif n\u2019est pas de compliquer votre organisation, mais de vous montrer qu\u2019il est possible de manger \u00e9quilibr\u00e9 sans renoncer \u00e0 la gourmandise. Parce qu\u2019une alimentation durable ne peut exister sans satisfaction, ces recettes sont pens\u00e9es pour \u00eatre \u00e0 la fois savoureuses, structur\u00e9es et faciles \u00e0 int\u00e9grer dans votre quotidien. Vous trouverez dans cette page 4 sections\u00a0: Petit-D\u00e9jeuner Pour bien commencer la journ\u00e9e, avec vari\u00e9t\u00e9 ! On d\u00e9bute ! Repas \u00e9quilibr\u00e9s Du plaisir mais que ce soit aussi pour notre bien-\u00eatre ! \u00e7a fait envie ! Collations saines Entre deux moments, pour quoi se priver ! un petit-encas ! Desserts all\u00e9g\u00e9s Et pour les plus gourmands, on d\u00e9guste le final ! pour le plaisir !<\/p>\n","protected":false},"author":684,"featured_media":0,"parent":0,"menu_order":0,"comment_status":"closed","ping_status":"closed","template":"","meta":{"om_disable_all_campaigns":false,"footnotes":""},"class_list":["post-26","page","type-page","status-publish","hentry"],"featured_image_src":null,"yoast_head":"<!-- This site is optimized with the Yoast SEO plugin v27.5 - https:\/\/yoast.com\/product\/yoast-seo-wordpress\/ -->\n<title>Recettes - PRISCILLA DIETETICIENNE<\/title>\n<meta name=\"robots\" content=\"index, follow, max-snippet:-1, max-image-preview:large, max-video-preview:-1\" \/>\n<link rel=\"canonical\" href=\"http:\/\/diderot.education\/6707f-marie-priscilla-rodriguez\/recettes\/\" \/>\n<meta property=\"og:locale\" content=\"fr_FR\" \/>\n<meta property=\"og:type\" content=\"article\" \/>\n<meta property=\"og:title\" content=\"Recettes - PRISCILLA DIETETICIENNE\" \/>\n<meta property=\"og:description\" content=\"Je suis gourmande, et pour moi, le plaisir alimentaire est essentiel. C\u2019est pr\u00e9cis\u00e9ment pour cette raison que je cuisine : afin d\u2019allier go\u00fbt, \u00e9quilibre et simplicit\u00e9 au quotidien. Le fait maison, lorsque le temps le permet, reste l\u2019un des meilleurs moyens de ma\u00eetriser la qualit\u00e9 des ingr\u00e9dients tout en se faisant r\u00e9ellement plaisir. Dans cette rubrique, vous trouverez des id\u00e9es pour composer vos repas de l\u2019entr\u00e9e au dessert, avec des recettes accessibles, rapides et adapt\u00e9es \u00e0 un rythme de vie actif. L\u2019objectif n\u2019est pas de compliquer votre organisation, mais de vous montrer qu\u2019il est possible de manger \u00e9quilibr\u00e9 sans renoncer \u00e0 la gourmandise. Parce qu\u2019une alimentation durable ne peut exister sans satisfaction, ces recettes sont pens\u00e9es pour \u00eatre \u00e0 la fois savoureuses, structur\u00e9es et faciles \u00e0 int\u00e9grer dans votre quotidien. Vous trouverez dans cette page 4 sections\u00a0: Petit-D\u00e9jeuner Pour bien commencer la journ\u00e9e, avec vari\u00e9t\u00e9 ! On d\u00e9bute ! Repas \u00e9quilibr\u00e9s Du plaisir mais que ce soit aussi pour notre bien-\u00eatre ! \u00e7a fait envie ! Collations saines Entre deux moments, pour quoi se priver ! un petit-encas ! Desserts all\u00e9g\u00e9s Et pour les plus gourmands, on d\u00e9guste le final ! pour le plaisir !\" \/>\n<meta property=\"og:url\" content=\"http:\/\/diderot.education\/6707f-marie-priscilla-rodriguez\/recettes\/\" \/>\n<meta property=\"og:site_name\" content=\"PRISCILLA DIETETICIENNE\" \/>\n<meta property=\"article:modified_time\" content=\"2026-02-22T10:01:13+00:00\" \/>\n<meta property=\"og:image\" content=\"http:\/\/diderot.education\/6707f-marie-priscilla-rodriguez\/wp-content\/uploads\/sites\/681\/2026\/02\/petit_dejeuner_0_85Mo.jpg\" \/>\n<meta name=\"twitter:card\" content=\"summary_large_image\" \/>\n<meta name=\"twitter:label1\" content=\"Dur\u00e9e de lecture estim\u00e9e\" \/>\n\t<meta name=\"twitter:data1\" content=\"2 minutes\" \/>\n<script type=\"application\/ld+json\" class=\"yoast-schema-graph\">{\"@context\":\"https:\\\/\\\/schema.org\",\"@graph\":[{\"@type\":\"WebPage\",\"@id\":\"http:\\\/\\\/diderot.education\\\/6707f-marie-priscilla-rodriguez\\\/recettes\\\/\",\"url\":\"http:\\\/\\\/diderot.education\\\/6707f-marie-priscilla-rodriguez\\\/recettes\\\/\",\"name\":\"Recettes - PRISCILLA DIETETICIENNE\",\"isPartOf\":{\"@id\":\"http:\\\/\\\/diderot.education\\\/6707f-marie-priscilla-rodriguez\\\/#website\"},\"primaryImageOfPage\":{\"@id\":\"http:\\\/\\\/diderot.education\\\/6707f-marie-priscilla-rodriguez\\\/recettes\\\/#primaryimage\"},\"image\":{\"@id\":\"http:\\\/\\\/diderot.education\\\/6707f-marie-priscilla-rodriguez\\\/recettes\\\/#primaryimage\"},\"thumbnailUrl\":\"http:\\\/\\\/diderot.education\\\/6707f-marie-priscilla-rodriguez\\\/wp-content\\\/uploads\\\/sites\\\/681\\\/2026\\\/02\\\/petit_dejeuner_0_85Mo.jpg\",\"datePublished\":\"2024-10-12T11:17:23+00:00\",\"dateModified\":\"2026-02-22T10:01:13+00:00\",\"breadcrumb\":{\"@id\":\"http:\\\/\\\/diderot.education\\\/6707f-marie-priscilla-rodriguez\\\/recettes\\\/#breadcrumb\"},\"inLanguage\":\"fr-FR\",\"potentialAction\":[{\"@type\":\"ReadAction\",\"target\":[\"http:\\\/\\\/diderot.education\\\/6707f-marie-priscilla-rodriguez\\\/recettes\\\/\"]}]},{\"@type\":\"ImageObject\",\"inLanguage\":\"fr-FR\",\"@id\":\"http:\\\/\\\/diderot.education\\\/6707f-marie-priscilla-rodriguez\\\/recettes\\\/#primaryimage\",\"url\":\"http:\\\/\\\/diderot.education\\\/6707f-marie-priscilla-rodriguez\\\/wp-content\\\/uploads\\\/sites\\\/681\\\/2026\\\/02\\\/petit_dejeuner_0_85Mo.jpg\",\"contentUrl\":\"http:\\\/\\\/diderot.education\\\/6707f-marie-priscilla-rodriguez\\\/wp-content\\\/uploads\\\/sites\\\/681\\\/2026\\\/02\\\/petit_dejeuner_0_85Mo.jpg\",\"width\":1536,\"height\":1024},{\"@type\":\"BreadcrumbList\",\"@id\":\"http:\\\/\\\/diderot.education\\\/6707f-marie-priscilla-rodriguez\\\/recettes\\\/#breadcrumb\",\"itemListElement\":[{\"@type\":\"ListItem\",\"position\":1,\"name\":\"Accueil\",\"item\":\"http:\\\/\\\/diderot.education\\\/6707f-marie-priscilla-rodriguez\\\/\"},{\"@type\":\"ListItem\",\"position\":2,\"name\":\"Recettes\"}]},{\"@type\":\"WebSite\",\"@id\":\"http:\\\/\\\/diderot.education\\\/6707f-marie-priscilla-rodriguez\\\/#website\",\"url\":\"http:\\\/\\\/diderot.education\\\/6707f-marie-priscilla-rodriguez\\\/\",\"name\":\"PRISCILLA DIETETICIENNE\",\"description\":\"LE PLAISIR DE MIEUX MANGER\",\"potentialAction\":[{\"@type\":\"SearchAction\",\"target\":{\"@type\":\"EntryPoint\",\"urlTemplate\":\"http:\\\/\\\/diderot.education\\\/6707f-marie-priscilla-rodriguez\\\/?s={search_term_string}\"},\"query-input\":{\"@type\":\"PropertyValueSpecification\",\"valueRequired\":true,\"valueName\":\"search_term_string\"}}],\"inLanguage\":\"fr-FR\"}]}<\/script>\n<!-- \/ Yoast SEO plugin. -->","yoast_head_json":{"title":"Recettes - PRISCILLA DIETETICIENNE","robots":{"index":"index","follow":"follow","max-snippet":"max-snippet:-1","max-image-preview":"max-image-preview:large","max-video-preview":"max-video-preview:-1"},"canonical":"http:\/\/diderot.education\/6707f-marie-priscilla-rodriguez\/recettes\/","og_locale":"fr_FR","og_type":"article","og_title":"Recettes - PRISCILLA DIETETICIENNE","og_description":"Je suis gourmande, et pour moi, le plaisir alimentaire est essentiel. C\u2019est pr\u00e9cis\u00e9ment pour cette raison que je cuisine : afin d\u2019allier go\u00fbt, \u00e9quilibre et simplicit\u00e9 au quotidien. Le fait maison, lorsque le temps le permet, reste l\u2019un des meilleurs moyens de ma\u00eetriser la qualit\u00e9 des ingr\u00e9dients tout en se faisant r\u00e9ellement plaisir. Dans cette rubrique, vous trouverez des id\u00e9es pour composer vos repas de l\u2019entr\u00e9e au dessert, avec des recettes accessibles, rapides et adapt\u00e9es \u00e0 un rythme de vie actif. L\u2019objectif n\u2019est pas de compliquer votre organisation, mais de vous montrer qu\u2019il est possible de manger \u00e9quilibr\u00e9 sans renoncer \u00e0 la gourmandise. Parce qu\u2019une alimentation durable ne peut exister sans satisfaction, ces recettes sont pens\u00e9es pour \u00eatre \u00e0 la fois savoureuses, structur\u00e9es et faciles \u00e0 int\u00e9grer dans votre quotidien. Vous trouverez dans cette page 4 sections\u00a0: Petit-D\u00e9jeuner Pour bien commencer la journ\u00e9e, avec vari\u00e9t\u00e9 ! On d\u00e9bute ! Repas \u00e9quilibr\u00e9s Du plaisir mais que ce soit aussi pour notre bien-\u00eatre ! \u00e7a fait envie ! Collations saines Entre deux moments, pour quoi se priver ! un petit-encas ! Desserts all\u00e9g\u00e9s Et pour les plus gourmands, on d\u00e9guste le final ! pour le plaisir !","og_url":"http:\/\/diderot.education\/6707f-marie-priscilla-rodriguez\/recettes\/","og_site_name":"PRISCILLA DIETETICIENNE","article_modified_time":"2026-02-22T10:01:13+00:00","og_image":[{"url":"http:\/\/diderot.education\/6707f-marie-priscilla-rodriguez\/wp-content\/uploads\/sites\/681\/2026\/02\/petit_dejeuner_0_85Mo.jpg","type":"","width":"","height":""}],"twitter_card":"summary_large_image","twitter_misc":{"Dur\u00e9e de lecture estim\u00e9e":"2 minutes"},"schema":{"@context":"https:\/\/schema.org","@graph":[{"@type":"WebPage","@id":"http:\/\/diderot.education\/6707f-marie-priscilla-rodriguez\/recettes\/","url":"http:\/\/diderot.education\/6707f-marie-priscilla-rodriguez\/recettes\/","name":"Recettes - PRISCILLA DIETETICIENNE","isPartOf":{"@id":"http:\/\/diderot.education\/6707f-marie-priscilla-rodriguez\/#website"},"primaryImageOfPage":{"@id":"http:\/\/diderot.education\/6707f-marie-priscilla-rodriguez\/recettes\/#primaryimage"},"image":{"@id":"http:\/\/diderot.education\/6707f-marie-priscilla-rodriguez\/recettes\/#primaryimage"},"thumbnailUrl":"http:\/\/diderot.education\/6707f-marie-priscilla-rodriguez\/wp-content\/uploads\/sites\/681\/2026\/02\/petit_dejeuner_0_85Mo.jpg","datePublished":"2024-10-12T11:17:23+00:00","dateModified":"2026-02-22T10:01:13+00:00","breadcrumb":{"@id":"http:\/\/diderot.education\/6707f-marie-priscilla-rodriguez\/recettes\/#breadcrumb"},"inLanguage":"fr-FR","potentialAction":[{"@type":"ReadAction","target":["http:\/\/diderot.education\/6707f-marie-priscilla-rodriguez\/recettes\/"]}]},{"@type":"ImageObject","inLanguage":"fr-FR","@id":"http:\/\/diderot.education\/6707f-marie-priscilla-rodriguez\/recettes\/#primaryimage","url":"http:\/\/diderot.education\/6707f-marie-priscilla-rodriguez\/wp-content\/uploads\/sites\/681\/2026\/02\/petit_dejeuner_0_85Mo.jpg","contentUrl":"http:\/\/diderot.education\/6707f-marie-priscilla-rodriguez\/wp-content\/uploads\/sites\/681\/2026\/02\/petit_dejeuner_0_85Mo.jpg","width":1536,"height":1024},{"@type":"BreadcrumbList","@id":"http:\/\/diderot.education\/6707f-marie-priscilla-rodriguez\/recettes\/#breadcrumb","itemListElement":[{"@type":"ListItem","position":1,"name":"Accueil","item":"http:\/\/diderot.education\/6707f-marie-priscilla-rodriguez\/"},{"@type":"ListItem","position":2,"name":"Recettes"}]},{"@type":"WebSite","@id":"http:\/\/diderot.education\/6707f-marie-priscilla-rodriguez\/#website","url":"http:\/\/diderot.education\/6707f-marie-priscilla-rodriguez\/","name":"PRISCILLA DIETETICIENNE","description":"LE PLAISIR DE MIEUX MANGER","potentialAction":[{"@type":"SearchAction","target":{"@type":"EntryPoint","urlTemplate":"http:\/\/diderot.education\/6707f-marie-priscilla-rodriguez\/?s={search_term_string}"},"query-input":{"@type":"PropertyValueSpecification","valueRequired":true,"valueName":"search_term_string"}}],"inLanguage":"fr-FR"}]}},"_links":{"self":[{"href":"http:\/\/diderot.education\/6707f-marie-priscilla-rodriguez\/wp-json\/wp\/v2\/pages\/26","targetHints":{"allow":["GET"]}}],"collection":[{"href":"http:\/\/diderot.education\/6707f-marie-priscilla-rodriguez\/wp-json\/wp\/v2\/pages"}],"about":[{"href":"http:\/\/diderot.education\/6707f-marie-priscilla-rodriguez\/wp-json\/wp\/v2\/types\/page"}],"author":[{"embeddable":true,"href":"http:\/\/diderot.education\/6707f-marie-priscilla-rodriguez\/wp-json\/wp\/v2\/users\/684"}],"replies":[{"embeddable":true,"href":"http:\/\/diderot.education\/6707f-marie-priscilla-rodriguez\/wp-json\/wp\/v2\/comments?post=26"}],"version-history":[{"count":23,"href":"http:\/\/diderot.education\/6707f-marie-priscilla-rodriguez\/wp-json\/wp\/v2\/pages\/26\/revisions"}],"predecessor-version":[{"id":1034,"href":"http:\/\/diderot.education\/6707f-marie-priscilla-rodriguez\/wp-json\/wp\/v2\/pages\/26\/revisions\/1034"}],"wp:attachment":[{"href":"http:\/\/diderot.education\/6707f-marie-priscilla-rodriguez\/wp-json\/wp\/v2\/media?parent=26"}],"curies":[{"name":"wp","href":"https:\/\/api.w.org\/{rel}","templated":true}]}}