{"id":272,"date":"2025-03-13T18:39:40","date_gmt":"2025-03-13T17:39:40","guid":{"rendered":"http:\/\/diderot.education\/6707f-marie-priscilla-rodriguez\/?page_id=272"},"modified":"2026-02-12T19:40:20","modified_gmt":"2026-02-12T18:40:20","slug":"le-metier-de-dieteticienne","status":"publish","type":"page","link":"http:\/\/diderot.education\/6707f-marie-priscilla-rodriguez\/le-metier-de-dieteticienne\/","title":{"rendered":"Le m\u00e9tier de diet !"},"content":{"rendered":"\n<p>          La di\u00e9t\u00e9ticienne nutritionniste est le <strong>professionnel de sant\u00e9 expert reconnu de l\u2019alimentation<\/strong>, <strong>la nutrition et la di\u00e9t\u00e9tique<\/strong> pour les personnes en bonne sant\u00e9 ou malades. La di\u00e9t\u00e9ticienne contribue au maintien et \u00e0 la restauration de l\u2019<strong>\u00e9tat de sant\u00e9<\/strong>, de la <strong>qualit\u00e9 de vie<\/strong> et du <strong>bien-\u00eatre<\/strong> par le biais de l\u2019alimentation.<\/p>\n\n\n<div class=\"wp-block-image\">\n<figure class=\"alignleft size-large is-resized\"><img fetchpriority=\"high\" decoding=\"async\" width=\"1024\" height=\"683\" src=\"http:\/\/diderot.education\/6707f-marie-priscilla-rodriguez\/wp-content\/uploads\/sites\/681\/2026\/02\/definition_metier_dieteticienne_0_85Mo-1024x683.jpg\" alt=\"\" class=\"wp-image-782\" style=\"width:282px;height:auto\" srcset=\"http:\/\/diderot.education\/6707f-marie-priscilla-rodriguez\/wp-content\/uploads\/sites\/681\/2026\/02\/definition_metier_dieteticienne_0_85Mo-1024x683.jpg 1024w, http:\/\/diderot.education\/6707f-marie-priscilla-rodriguez\/wp-content\/uploads\/sites\/681\/2026\/02\/definition_metier_dieteticienne_0_85Mo-300x200.jpg 300w, http:\/\/diderot.education\/6707f-marie-priscilla-rodriguez\/wp-content\/uploads\/sites\/681\/2026\/02\/definition_metier_dieteticienne_0_85Mo-768x512.jpg 768w, http:\/\/diderot.education\/6707f-marie-priscilla-rodriguez\/wp-content\/uploads\/sites\/681\/2026\/02\/definition_metier_dieteticienne_0_85Mo-24x16.jpg 24w, http:\/\/diderot.education\/6707f-marie-priscilla-rodriguez\/wp-content\/uploads\/sites\/681\/2026\/02\/definition_metier_dieteticienne_0_85Mo-36x24.jpg 36w, http:\/\/diderot.education\/6707f-marie-priscilla-rodriguez\/wp-content\/uploads\/sites\/681\/2026\/02\/definition_metier_dieteticienne_0_85Mo-48x32.jpg 48w, http:\/\/diderot.education\/6707f-marie-priscilla-rodriguez\/wp-content\/uploads\/sites\/681\/2026\/02\/definition_metier_dieteticienne_0_85Mo.jpg 1536w\" sizes=\"(max-width: 1024px) 100vw, 1024px\" \/><\/figure>\n<\/div>\n\n\n<p>          L&rsquo;ensemble des conseils nutritionnels d\u00e9livr\u00e9s est <strong>fond\u00e9 sur des recommandations<\/strong> nationales et internationales en vigueur ainsi que sur les r\u00e9sultats des <strong>recherches scientifiques<\/strong>, dans la logique de prot\u00e9ger les consommateurs n\u00e9cessitant des rep\u00e8res l\u00e9gaux pour pouvoir diff\u00e9rencier le professionnel agr\u00e9\u00e9 du premier intervenant venu.<\/p>\n\n\n\n<p>          Par ailleurs, en qualit\u00e9 de professionnel de sant\u00e9, le di\u00e9t\u00e9ticien nutritionniste est soumis \u00e0 une \u00e9thique et \u00e0 des r\u00e8gles de <strong>d\u00e9ontologie qui garantissent une qualit\u00e9<\/strong> de soin optimale.<\/p>\n\n\n\n<p>          Le terme de \u00ab <strong>nutritionniste<\/strong> \u00bb est un qualificatif qui ne d\u00e9finit <strong>pas une profession<\/strong>. Ce qualificatif peut \u00eatre utilis\u00e9 par toute personne (m\u00e9decin, ing\u00e9nieur, di\u00e9t\u00e9ticien, \u2026) ayant une formation en nutrition, il n\u2019est donc pas un titre prot\u00e9g\u00e9 par la loi.&nbsp;<\/p>\n\n\n\n<p><em>Ressource :&nbsp;<a href=\"https:\/\/www.afdn.org\/page\/definition-du-metier\">https:\/\/www.afdn.org\/page\/definition-du-metier<\/a><\/em><\/p>\n","protected":false},"excerpt":{"rendered":"<p>La di\u00e9t\u00e9ticienne nutritionniste est le professionnel de sant\u00e9 expert reconnu de l\u2019alimentation, la nutrition et la di\u00e9t\u00e9tique pour les personnes en bonne sant\u00e9 ou malades. La di\u00e9t\u00e9ticienne contribue au maintien et \u00e0 la restauration de l\u2019\u00e9tat de sant\u00e9, de la qualit\u00e9 de vie et du bien-\u00eatre par le biais de l\u2019alimentation. L&rsquo;ensemble des conseils nutritionnels d\u00e9livr\u00e9s est fond\u00e9 sur des recommandations nationales et internationales en vigueur ainsi que sur les r\u00e9sultats des recherches scientifiques, dans la logique de prot\u00e9ger les consommateurs n\u00e9cessitant des rep\u00e8res l\u00e9gaux pour pouvoir diff\u00e9rencier le professionnel agr\u00e9\u00e9 du premier intervenant venu. Par ailleurs, en qualit\u00e9 de professionnel de sant\u00e9, le di\u00e9t\u00e9ticien nutritionniste est soumis \u00e0 une \u00e9thique et \u00e0 des r\u00e8gles de d\u00e9ontologie qui garantissent une qualit\u00e9 de soin optimale. Le terme de \u00ab nutritionniste \u00bb est un qualificatif qui ne d\u00e9finit pas une profession. Ce qualificatif peut \u00eatre utilis\u00e9 par toute personne (m\u00e9decin, ing\u00e9nieur, di\u00e9t\u00e9ticien, \u2026) ayant une formation en nutrition, il n\u2019est donc pas un titre prot\u00e9g\u00e9 par la loi.&nbsp; Ressource :&nbsp;https:\/\/www.afdn.org\/page\/definition-du-metier<\/p>\n","protected":false},"author":684,"featured_media":0,"parent":0,"menu_order":0,"comment_status":"closed","ping_status":"closed","template":"","meta":{"om_disable_all_campaigns":false,"footnotes":""},"class_list":["post-272","page","type-page","status-publish","hentry"],"featured_image_src":null,"yoast_head":"<!-- This site is optimized with the Yoast SEO plugin v27.5 - https:\/\/yoast.com\/product\/yoast-seo-wordpress\/ -->\n<title>Le m\u00e9tier de diet ! - PRISCILLA DIETETICIENNE<\/title>\n<meta name=\"robots\" content=\"index, follow, max-snippet:-1, max-image-preview:large, max-video-preview:-1\" \/>\n<link rel=\"canonical\" href=\"http:\/\/diderot.education\/6707f-marie-priscilla-rodriguez\/le-metier-de-dieteticienne\/\" \/>\n<meta property=\"og:locale\" content=\"fr_FR\" \/>\n<meta property=\"og:type\" content=\"article\" \/>\n<meta property=\"og:title\" content=\"Le m\u00e9tier de diet ! - PRISCILLA DIETETICIENNE\" \/>\n<meta property=\"og:description\" content=\"La di\u00e9t\u00e9ticienne nutritionniste est le professionnel de sant\u00e9 expert reconnu de l\u2019alimentation, la nutrition et la di\u00e9t\u00e9tique pour les personnes en bonne sant\u00e9 ou malades. La di\u00e9t\u00e9ticienne contribue au maintien et \u00e0 la restauration de l\u2019\u00e9tat de sant\u00e9, de la qualit\u00e9 de vie et du bien-\u00eatre par le biais de l\u2019alimentation. L&rsquo;ensemble des conseils nutritionnels d\u00e9livr\u00e9s est fond\u00e9 sur des recommandations nationales et internationales en vigueur ainsi que sur les r\u00e9sultats des recherches scientifiques, dans la logique de prot\u00e9ger les consommateurs n\u00e9cessitant des rep\u00e8res l\u00e9gaux pour pouvoir diff\u00e9rencier le professionnel agr\u00e9\u00e9 du premier intervenant venu. Par ailleurs, en qualit\u00e9 de professionnel de sant\u00e9, le di\u00e9t\u00e9ticien nutritionniste est soumis \u00e0 une \u00e9thique et \u00e0 des r\u00e8gles de d\u00e9ontologie qui garantissent une qualit\u00e9 de soin optimale. Le terme de \u00ab nutritionniste \u00bb est un qualificatif qui ne d\u00e9finit pas une profession. Ce qualificatif peut \u00eatre utilis\u00e9 par toute personne (m\u00e9decin, ing\u00e9nieur, di\u00e9t\u00e9ticien, \u2026) ayant une formation en nutrition, il n\u2019est donc pas un titre prot\u00e9g\u00e9 par la loi.&nbsp; Ressource :&nbsp;https:\/\/www.afdn.org\/page\/definition-du-metier\" \/>\n<meta property=\"og:url\" content=\"http:\/\/diderot.education\/6707f-marie-priscilla-rodriguez\/le-metier-de-dieteticienne\/\" \/>\n<meta property=\"og:site_name\" content=\"PRISCILLA DIETETICIENNE\" \/>\n<meta property=\"article:modified_time\" content=\"2026-02-12T18:40:20+00:00\" \/>\n<meta property=\"og:image\" content=\"http:\/\/diderot.education\/6707f-marie-priscilla-rodriguez\/wp-content\/uploads\/sites\/681\/2026\/02\/definition_metier_dieteticienne_0_85Mo.jpg\" \/>\n\t<meta property=\"og:image:width\" content=\"1536\" \/>\n\t<meta property=\"og:image:height\" content=\"1024\" \/>\n\t<meta property=\"og:image:type\" content=\"image\/jpeg\" \/>\n<meta name=\"twitter:card\" content=\"summary_large_image\" \/>\n<meta name=\"twitter:label1\" content=\"Dur\u00e9e de lecture estim\u00e9e\" \/>\n\t<meta name=\"twitter:data1\" content=\"2 minutes\" \/>\n<script type=\"application\/ld+json\" class=\"yoast-schema-graph\">{\"@context\":\"https:\\\/\\\/schema.org\",\"@graph\":[{\"@type\":\"WebPage\",\"@id\":\"http:\\\/\\\/diderot.education\\\/6707f-marie-priscilla-rodriguez\\\/le-metier-de-dieteticienne\\\/\",\"url\":\"http:\\\/\\\/diderot.education\\\/6707f-marie-priscilla-rodriguez\\\/le-metier-de-dieteticienne\\\/\",\"name\":\"Le m\u00e9tier de diet ! - PRISCILLA DIETETICIENNE\",\"isPartOf\":{\"@id\":\"http:\\\/\\\/diderot.education\\\/6707f-marie-priscilla-rodriguez\\\/#website\"},\"primaryImageOfPage\":{\"@id\":\"http:\\\/\\\/diderot.education\\\/6707f-marie-priscilla-rodriguez\\\/le-metier-de-dieteticienne\\\/#primaryimage\"},\"image\":{\"@id\":\"http:\\\/\\\/diderot.education\\\/6707f-marie-priscilla-rodriguez\\\/le-metier-de-dieteticienne\\\/#primaryimage\"},\"thumbnailUrl\":\"http:\\\/\\\/diderot.education\\\/6707f-marie-priscilla-rodriguez\\\/wp-content\\\/uploads\\\/sites\\\/681\\\/2026\\\/02\\\/definition_metier_dieteticienne_0_85Mo-1024x683.jpg\",\"datePublished\":\"2025-03-13T17:39:40+00:00\",\"dateModified\":\"2026-02-12T18:40:20+00:00\",\"breadcrumb\":{\"@id\":\"http:\\\/\\\/diderot.education\\\/6707f-marie-priscilla-rodriguez\\\/le-metier-de-dieteticienne\\\/#breadcrumb\"},\"inLanguage\":\"fr-FR\",\"potentialAction\":[{\"@type\":\"ReadAction\",\"target\":[\"http:\\\/\\\/diderot.education\\\/6707f-marie-priscilla-rodriguez\\\/le-metier-de-dieteticienne\\\/\"]}]},{\"@type\":\"ImageObject\",\"inLanguage\":\"fr-FR\",\"@id\":\"http:\\\/\\\/diderot.education\\\/6707f-marie-priscilla-rodriguez\\\/le-metier-de-dieteticienne\\\/#primaryimage\",\"url\":\"http:\\\/\\\/diderot.education\\\/6707f-marie-priscilla-rodriguez\\\/wp-content\\\/uploads\\\/sites\\\/681\\\/2026\\\/02\\\/definition_metier_dieteticienne_0_85Mo.jpg\",\"contentUrl\":\"http:\\\/\\\/diderot.education\\\/6707f-marie-priscilla-rodriguez\\\/wp-content\\\/uploads\\\/sites\\\/681\\\/2026\\\/02\\\/definition_metier_dieteticienne_0_85Mo.jpg\",\"width\":1536,\"height\":1024},{\"@type\":\"BreadcrumbList\",\"@id\":\"http:\\\/\\\/diderot.education\\\/6707f-marie-priscilla-rodriguez\\\/le-metier-de-dieteticienne\\\/#breadcrumb\",\"itemListElement\":[{\"@type\":\"ListItem\",\"position\":1,\"name\":\"Accueil\",\"item\":\"http:\\\/\\\/diderot.education\\\/6707f-marie-priscilla-rodriguez\\\/\"},{\"@type\":\"ListItem\",\"position\":2,\"name\":\"Le m\u00e9tier de diet !\"}]},{\"@type\":\"WebSite\",\"@id\":\"http:\\\/\\\/diderot.education\\\/6707f-marie-priscilla-rodriguez\\\/#website\",\"url\":\"http:\\\/\\\/diderot.education\\\/6707f-marie-priscilla-rodriguez\\\/\",\"name\":\"PRISCILLA DIETETICIENNE\",\"description\":\"LE PLAISIR DE MIEUX MANGER\",\"potentialAction\":[{\"@type\":\"SearchAction\",\"target\":{\"@type\":\"EntryPoint\",\"urlTemplate\":\"http:\\\/\\\/diderot.education\\\/6707f-marie-priscilla-rodriguez\\\/?s={search_term_string}\"},\"query-input\":{\"@type\":\"PropertyValueSpecification\",\"valueRequired\":true,\"valueName\":\"search_term_string\"}}],\"inLanguage\":\"fr-FR\"}]}<\/script>\n<!-- \/ Yoast SEO plugin. -->","yoast_head_json":{"title":"Le m\u00e9tier de diet ! - PRISCILLA DIETETICIENNE","robots":{"index":"index","follow":"follow","max-snippet":"max-snippet:-1","max-image-preview":"max-image-preview:large","max-video-preview":"max-video-preview:-1"},"canonical":"http:\/\/diderot.education\/6707f-marie-priscilla-rodriguez\/le-metier-de-dieteticienne\/","og_locale":"fr_FR","og_type":"article","og_title":"Le m\u00e9tier de diet ! - PRISCILLA DIETETICIENNE","og_description":"La di\u00e9t\u00e9ticienne nutritionniste est le professionnel de sant\u00e9 expert reconnu de l\u2019alimentation, la nutrition et la di\u00e9t\u00e9tique pour les personnes en bonne sant\u00e9 ou malades. La di\u00e9t\u00e9ticienne contribue au maintien et \u00e0 la restauration de l\u2019\u00e9tat de sant\u00e9, de la qualit\u00e9 de vie et du bien-\u00eatre par le biais de l\u2019alimentation. L&rsquo;ensemble des conseils nutritionnels d\u00e9livr\u00e9s est fond\u00e9 sur des recommandations nationales et internationales en vigueur ainsi que sur les r\u00e9sultats des recherches scientifiques, dans la logique de prot\u00e9ger les consommateurs n\u00e9cessitant des rep\u00e8res l\u00e9gaux pour pouvoir diff\u00e9rencier le professionnel agr\u00e9\u00e9 du premier intervenant venu. Par ailleurs, en qualit\u00e9 de professionnel de sant\u00e9, le di\u00e9t\u00e9ticien nutritionniste est soumis \u00e0 une \u00e9thique et \u00e0 des r\u00e8gles de d\u00e9ontologie qui garantissent une qualit\u00e9 de soin optimale. Le terme de \u00ab nutritionniste \u00bb est un qualificatif qui ne d\u00e9finit pas une profession. Ce qualificatif peut \u00eatre utilis\u00e9 par toute personne (m\u00e9decin, ing\u00e9nieur, di\u00e9t\u00e9ticien, \u2026) ayant une formation en nutrition, il n\u2019est donc pas un titre prot\u00e9g\u00e9 par la loi.&nbsp; Ressource :&nbsp;https:\/\/www.afdn.org\/page\/definition-du-metier","og_url":"http:\/\/diderot.education\/6707f-marie-priscilla-rodriguez\/le-metier-de-dieteticienne\/","og_site_name":"PRISCILLA DIETETICIENNE","article_modified_time":"2026-02-12T18:40:20+00:00","og_image":[{"width":1536,"height":1024,"url":"http:\/\/diderot.education\/6707f-marie-priscilla-rodriguez\/wp-content\/uploads\/sites\/681\/2026\/02\/definition_metier_dieteticienne_0_85Mo.jpg","type":"image\/jpeg"}],"twitter_card":"summary_large_image","twitter_misc":{"Dur\u00e9e de lecture estim\u00e9e":"2 minutes"},"schema":{"@context":"https:\/\/schema.org","@graph":[{"@type":"WebPage","@id":"http:\/\/diderot.education\/6707f-marie-priscilla-rodriguez\/le-metier-de-dieteticienne\/","url":"http:\/\/diderot.education\/6707f-marie-priscilla-rodriguez\/le-metier-de-dieteticienne\/","name":"Le m\u00e9tier de diet ! - PRISCILLA DIETETICIENNE","isPartOf":{"@id":"http:\/\/diderot.education\/6707f-marie-priscilla-rodriguez\/#website"},"primaryImageOfPage":{"@id":"http:\/\/diderot.education\/6707f-marie-priscilla-rodriguez\/le-metier-de-dieteticienne\/#primaryimage"},"image":{"@id":"http:\/\/diderot.education\/6707f-marie-priscilla-rodriguez\/le-metier-de-dieteticienne\/#primaryimage"},"thumbnailUrl":"http:\/\/diderot.education\/6707f-marie-priscilla-rodriguez\/wp-content\/uploads\/sites\/681\/2026\/02\/definition_metier_dieteticienne_0_85Mo-1024x683.jpg","datePublished":"2025-03-13T17:39:40+00:00","dateModified":"2026-02-12T18:40:20+00:00","breadcrumb":{"@id":"http:\/\/diderot.education\/6707f-marie-priscilla-rodriguez\/le-metier-de-dieteticienne\/#breadcrumb"},"inLanguage":"fr-FR","potentialAction":[{"@type":"ReadAction","target":["http:\/\/diderot.education\/6707f-marie-priscilla-rodriguez\/le-metier-de-dieteticienne\/"]}]},{"@type":"ImageObject","inLanguage":"fr-FR","@id":"http:\/\/diderot.education\/6707f-marie-priscilla-rodriguez\/le-metier-de-dieteticienne\/#primaryimage","url":"http:\/\/diderot.education\/6707f-marie-priscilla-rodriguez\/wp-content\/uploads\/sites\/681\/2026\/02\/definition_metier_dieteticienne_0_85Mo.jpg","contentUrl":"http:\/\/diderot.education\/6707f-marie-priscilla-rodriguez\/wp-content\/uploads\/sites\/681\/2026\/02\/definition_metier_dieteticienne_0_85Mo.jpg","width":1536,"height":1024},{"@type":"BreadcrumbList","@id":"http:\/\/diderot.education\/6707f-marie-priscilla-rodriguez\/le-metier-de-dieteticienne\/#breadcrumb","itemListElement":[{"@type":"ListItem","position":1,"name":"Accueil","item":"http:\/\/diderot.education\/6707f-marie-priscilla-rodriguez\/"},{"@type":"ListItem","position":2,"name":"Le m\u00e9tier de diet !"}]},{"@type":"WebSite","@id":"http:\/\/diderot.education\/6707f-marie-priscilla-rodriguez\/#website","url":"http:\/\/diderot.education\/6707f-marie-priscilla-rodriguez\/","name":"PRISCILLA DIETETICIENNE","description":"LE PLAISIR DE MIEUX MANGER","potentialAction":[{"@type":"SearchAction","target":{"@type":"EntryPoint","urlTemplate":"http:\/\/diderot.education\/6707f-marie-priscilla-rodriguez\/?s={search_term_string}"},"query-input":{"@type":"PropertyValueSpecification","valueRequired":true,"valueName":"search_term_string"}}],"inLanguage":"fr-FR"}]}},"_links":{"self":[{"href":"http:\/\/diderot.education\/6707f-marie-priscilla-rodriguez\/wp-json\/wp\/v2\/pages\/272","targetHints":{"allow":["GET"]}}],"collection":[{"href":"http:\/\/diderot.education\/6707f-marie-priscilla-rodriguez\/wp-json\/wp\/v2\/pages"}],"about":[{"href":"http:\/\/diderot.education\/6707f-marie-priscilla-rodriguez\/wp-json\/wp\/v2\/types\/page"}],"author":[{"embeddable":true,"href":"http:\/\/diderot.education\/6707f-marie-priscilla-rodriguez\/wp-json\/wp\/v2\/users\/684"}],"replies":[{"embeddable":true,"href":"http:\/\/diderot.education\/6707f-marie-priscilla-rodriguez\/wp-json\/wp\/v2\/comments?post=272"}],"version-history":[{"count":10,"href":"http:\/\/diderot.education\/6707f-marie-priscilla-rodriguez\/wp-json\/wp\/v2\/pages\/272\/revisions"}],"predecessor-version":[{"id":783,"href":"http:\/\/diderot.education\/6707f-marie-priscilla-rodriguez\/wp-json\/wp\/v2\/pages\/272\/revisions\/783"}],"wp:attachment":[{"href":"http:\/\/diderot.education\/6707f-marie-priscilla-rodriguez\/wp-json\/wp\/v2\/media?parent=272"}],"curies":[{"name":"wp","href":"https:\/\/api.w.org\/{rel}","templated":true}]}}