{"id":283,"date":"2025-03-13T18:55:09","date_gmt":"2025-03-13T17:55:09","guid":{"rendered":"http:\/\/diderot.education\/6707f-marie-priscilla-rodriguez\/?page_id=283"},"modified":"2026-04-12T11:14:03","modified_gmt":"2026-04-12T09:14:03","slug":"perte-de-poids","status":"publish","type":"page","link":"http:\/\/diderot.education\/6707f-marie-priscilla-rodriguez\/perte-de-poids\/","title":{"rendered":"Perte de Poids"},"content":{"rendered":"\t\t<div data-elementor-type=\"wp-page\" data-elementor-id=\"283\" class=\"elementor elementor-283\">\n\t\t\t\t<div class=\"elementor-element elementor-element-7c43a270 e-flex e-con-boxed wpr-particle-no wpr-jarallax-no wpr-parallax-no wpr-sticky-section-no wpr-equal-height-no e-con e-parent\" data-id=\"7c43a270\" data-element_type=\"container\" data-e-type=\"container\">\n\t\t\t\t\t<div class=\"e-con-inner\">\n\t\t\t\t<div class=\"elementor-element elementor-element-663eca2b elementor-widget elementor-widget-text-editor\" data-id=\"663eca2b\" data-element_type=\"widget\" data-e-type=\"widget\" data-widget_type=\"text-editor.default\">\n\t\t\t\t<div class=\"elementor-widget-container\">\n\t\t\t\t\t\t\t\t\t<p>La perte de poids ne repose pas sur des solutions rapides, mais sur une compr\u00e9hension du fonctionnement du corps et des habitudes durables. Dans cette rubrique, je d\u00e9crypte les m\u00e9thodes populaires et vous aide \u00e0 construire une approche progressive, \u00e9quilibr\u00e9e et adapt\u00e9e \u00e0 votre quotidien.<\/p>\t\t\t\t\t\t\t\t<\/div>\n\t\t\t\t<\/div>\n\t\t\t\t\t<\/div>\n\t\t\t\t<\/div>\n\t\t\t\t<section class=\"elementor-section elementor-top-section elementor-element elementor-element-5468368f0 elementor-section-boxed elementor-section-height-default elementor-section-height-default wpr-particle-no wpr-jarallax-no wpr-parallax-no wpr-sticky-section-no wpr-equal-height-no\" data-id=\"5468368f0\" data-element_type=\"section\" data-e-type=\"section\">\n\t\t\t\t\t\t<div class=\"elementor-container elementor-column-gap-default\">\n\t\t\t\t\t<div class=\"elementor-column elementor-col-100 elementor-top-column elementor-element elementor-element-16249c58\" data-id=\"16249c58\" data-element_type=\"column\" data-e-type=\"column\">\n\t\t\t<div class=\"elementor-widget-wrap elementor-element-populated\">\n\t\t\t\t\t\t<section class=\"elementor-section elementor-inner-section elementor-element elementor-element-62ee41d3 elementor-section-boxed elementor-section-height-default elementor-section-height-default wpr-particle-no wpr-jarallax-no wpr-parallax-no wpr-sticky-section-no wpr-equal-height-no\" data-id=\"62ee41d3\" data-element_type=\"section\" data-e-type=\"section\">\n\t\t\t\t\t\t<div class=\"elementor-container elementor-column-gap-extended\">\n\t\t\t\t\t<div class=\"elementor-column elementor-col-33 elementor-inner-column elementor-element elementor-element-13be7241\" data-id=\"13be7241\" data-element_type=\"column\" data-e-type=\"column\">\n\t\t\t<div class=\"elementor-widget-wrap elementor-element-populated\">\n\t\t\t\t\t\t<div class=\"elementor-element elementor-element-734ced87 elementor-widget elementor-widget-wpr-team-member\" data-id=\"734ced87\" data-element_type=\"widget\" data-e-type=\"widget\" data-widget_type=\"wpr-team-member.default\">\n\t\t\t\t<div class=\"elementor-widget-container\">\n\t\t\t\t\t\n\t<div class=\"wpr-team-member\">\n\t\t\t\t\t\n\t\t\t<div class=\"wpr-member-media\">\n\t\t\t\t<div class=\"wpr-member-image\">\n\t\t\t\t\t<img decoding=\"async\" src=\"http:\/\/diderot.education\/6707f-marie-priscilla-rodriguez\/wp-content\/uploads\/sites\/681\/2026\/02\/regimes_mode_exterieur_0_85Mo.jpg\" alt=\"Echec des r\u00e9gimes \u00e0 la mode !\">\n\t\t\t\t<\/div>\n\t\t\t\t\t\t\t<\/div>\n\t\t\t\t\n\t\t\n\t\t<div class=\"wpr-member-content\">\n\t\t\t<h3 class=\"wpr-member-name\">Echec des r\u00e9gimes \u00e0 la mode !<\/h3>\n\t\t\t\n\t\t\t\n\t\t\t\n\t\t\t\t\t\t\t<div class=\"wpr-member-description\">Les m\u00e9thodes restrictives ne donnent pas de r\u00e9sultats durables <\/div>\n\t\t\t\t\t\t\n\t\t\t<div class=\"wpr-member-btn-wrap\"><a class=\"wpr-member-btn wpr-button-effect wpr-button-none\" href=\"https:\/\/diderot.education\/6707f-marie-priscilla-rodriguez\/2026\/02\/21\/pourquoi-les-regimes-a-la-mode-echouent-souvent\/\"><span>In ou out ?<\/span><\/a><\/div>\t\t<\/div>\n\n\t\t\t<\/div>\n\n\t\t\t\t\t<\/div>\n\t\t\t\t<\/div>\n\t\t\t\t\t<\/div>\n\t\t<\/div>\n\t\t\t\t<div class=\"elementor-column elementor-col-33 elementor-inner-column elementor-element elementor-element-46e47a62\" data-id=\"46e47a62\" data-element_type=\"column\" data-e-type=\"column\">\n\t\t\t<div class=\"elementor-widget-wrap elementor-element-populated\">\n\t\t\t\t\t\t<div class=\"elementor-element elementor-element-283ab838 elementor-widget elementor-widget-wpr-team-member\" data-id=\"283ab838\" data-element_type=\"widget\" data-e-type=\"widget\" data-widget_type=\"wpr-team-member.default\">\n\t\t\t\t<div class=\"elementor-widget-container\">\n\t\t\t\t\t\n\t<div class=\"wpr-team-member\">\n\t\t\t\t\t\n\t\t\t<div class=\"wpr-member-media\">\n\t\t\t\t<div class=\"wpr-member-image\">\n\t\t\t\t\t<img decoding=\"async\" src=\"http:\/\/diderot.education\/6707f-marie-priscilla-rodriguez\/wp-content\/uploads\/sites\/681\/2026\/02\/jeune_intermittent_0_85Mo.jpg\" alt=\"Le je\u00fbne intermittent\">\n\t\t\t\t<\/div>\n\t\t\t\t\t\t\t<\/div>\n\t\t\t\t\n\t\t\n\t\t<div class=\"wpr-member-content\">\n\t\t\t<h3 class=\"wpr-member-name\">Le je\u00fbne intermittent<\/h3>\n\t\t\t\n\t\t\t\n\t\t\t\n\t\t\t\t\t\t\t<div class=\"wpr-member-description\">Cet article a \u00e9t\u00e9 cr\u00e9\u00e9 apr\u00e8s mon travail de recherches pour mes cours<\/div>\n\t\t\t\t\t\t\n\t\t\t<div class=\"wpr-member-btn-wrap\"><a class=\"wpr-member-btn wpr-button-effect wpr-button-none\" href=\"https:\/\/diderot.education\/6707f-marie-priscilla-rodriguez\/2026\/01\/05\/le-jeune-intermittent\/\"><span>sois curieux !<\/span><\/a><\/div>\t\t<\/div>\n\n\t\t\t<\/div>\n\n\t\t\t\t\t<\/div>\n\t\t\t\t<\/div>\n\t\t\t\t\t<\/div>\n\t\t<\/div>\n\t\t\t\t<div class=\"elementor-column elementor-col-33 elementor-inner-column elementor-element elementor-element-5471f477\" data-id=\"5471f477\" data-element_type=\"column\" data-e-type=\"column\">\n\t\t\t<div class=\"elementor-widget-wrap elementor-element-populated\">\n\t\t\t\t\t\t<div class=\"elementor-element elementor-element-baa717c elementor-widget elementor-widget-wpr-team-member\" data-id=\"baa717c\" data-element_type=\"widget\" data-e-type=\"widget\" data-widget_type=\"wpr-team-member.default\">\n\t\t\t\t<div class=\"elementor-widget-container\">\n\t\t\t\t\t\n\t<div class=\"wpr-team-member\">\n\t\t\t\t\t\n\t\t\t<div class=\"wpr-member-media\">\n\t\t\t\t<div class=\"wpr-member-image\">\n\t\t\t\t\t<img decoding=\"async\" src=\"http:\/\/diderot.education\/6707f-marie-priscilla-rodriguez\/wp-content\/uploads\/sites\/681\/2026\/02\/summer_body_0_85Mo.jpg\" alt=\"De l&#039;aide pour un Summer Body ?!\">\n\t\t\t\t<\/div>\n\t\t\t\t\t\t\t<\/div>\n\t\t\t\t\n\t\t\n\t\t<div class=\"wpr-member-content\">\n\t\t\t<h3 class=\"wpr-member-name\">De l'aide pour un Summer Body ?!<\/h3>\n\t\t\t\n\t\t\t\n\t\t\t\n\t\t\t\t\t\t\t<div class=\"wpr-member-description\">Des infos et des tips, voici ce que ce 1er article de saison vous propose.<\/div>\n\t\t\t\t\t\t\n\t\t\t<div class=\"wpr-member-btn-wrap\"><a class=\"wpr-member-btn wpr-button-effect wpr-button-none\" href=\"https:\/\/priscilla-rodriguez.com\/2026\/02\/21\/comment-preparer-son-summer-body\/\"><span>Lis moi<\/span><\/a><\/div>\t\t<\/div>\n\n\t\t\t<\/div>\n\n\t\t\t\t\t<\/div>\n\t\t\t\t<\/div>\n\t\t\t\t\t<\/div>\n\t\t<\/div>\n\t\t\t\t\t<\/div>\n\t\t<\/section>\n\t\t\t\t\t<\/div>\n\t\t<\/div>\n\t\t\t\t\t<\/div>\n\t\t<\/section>\n\t\t\t\t<\/div>\n\t\t","protected":false},"excerpt":{"rendered":"<p>La perte de poids ne repose pas sur des solutions rapides, mais sur une compr\u00e9hension du fonctionnement du corps et des habitudes durables. Dans cette rubrique, je d\u00e9crypte les m\u00e9thodes populaires et vous aide \u00e0 construire une approche progressive, \u00e9quilibr\u00e9e et adapt\u00e9e \u00e0 votre quotidien. Echec des r\u00e9gimes \u00e0 la mode ! Les m\u00e9thodes restrictives ne donnent pas de r\u00e9sultats durables In ou out ? Le je\u00fbne intermittent Cet article a \u00e9t\u00e9 cr\u00e9\u00e9 apr\u00e8s mon travail de recherches pour mes cours sois curieux ! De l&rsquo;aide pour un Summer Body ?! Des infos et des tips, voici ce que ce 1er article de saison vous propose. Lis moi<\/p>\n","protected":false},"author":684,"featured_media":0,"parent":0,"menu_order":0,"comment_status":"closed","ping_status":"closed","template":"","meta":{"om_disable_all_campaigns":false,"footnotes":""},"class_list":["post-283","page","type-page","status-publish","hentry"],"featured_image_src":null,"yoast_head":"<!-- This site is optimized with the Yoast SEO plugin v27.5 - https:\/\/yoast.com\/product\/yoast-seo-wordpress\/ -->\n<title>Perte de Poids - PRISCILLA DIETETICIENNE<\/title>\n<meta name=\"robots\" content=\"index, follow, max-snippet:-1, max-image-preview:large, max-video-preview:-1\" \/>\n<link rel=\"canonical\" href=\"http:\/\/diderot.education\/6707f-marie-priscilla-rodriguez\/perte-de-poids\/\" \/>\n<meta property=\"og:locale\" content=\"fr_FR\" \/>\n<meta property=\"og:type\" content=\"article\" \/>\n<meta property=\"og:title\" content=\"Perte de Poids - PRISCILLA DIETETICIENNE\" \/>\n<meta property=\"og:description\" content=\"La perte de poids ne repose pas sur des solutions rapides, mais sur une compr\u00e9hension du fonctionnement du corps et des habitudes durables. Dans cette rubrique, je d\u00e9crypte les m\u00e9thodes populaires et vous aide \u00e0 construire une approche progressive, \u00e9quilibr\u00e9e et adapt\u00e9e \u00e0 votre quotidien. Echec des r\u00e9gimes \u00e0 la mode ! Les m\u00e9thodes restrictives ne donnent pas de r\u00e9sultats durables In ou out ? Le je\u00fbne intermittent Cet article a \u00e9t\u00e9 cr\u00e9\u00e9 apr\u00e8s mon travail de recherches pour mes cours sois curieux ! De l&rsquo;aide pour un Summer Body ?! Des infos et des tips, voici ce que ce 1er article de saison vous propose. Lis moi\" \/>\n<meta property=\"og:url\" content=\"http:\/\/diderot.education\/6707f-marie-priscilla-rodriguez\/perte-de-poids\/\" \/>\n<meta property=\"og:site_name\" content=\"PRISCILLA DIETETICIENNE\" \/>\n<meta property=\"article:modified_time\" content=\"2026-04-12T09:14:03+00:00\" \/>\n<meta property=\"og:image\" content=\"http:\/\/diderot.education\/6707f-marie-priscilla-rodriguez\/wp-content\/uploads\/sites\/681\/2026\/02\/regimes_mode_exterieur_0_85Mo.jpg\" \/>\n<meta name=\"twitter:card\" content=\"summary_large_image\" \/>\n<meta name=\"twitter:label1\" content=\"Dur\u00e9e de lecture estim\u00e9e\" \/>\n\t<meta name=\"twitter:data1\" content=\"2 minutes\" \/>\n<script type=\"application\/ld+json\" class=\"yoast-schema-graph\">{\"@context\":\"https:\\\/\\\/schema.org\",\"@graph\":[{\"@type\":\"WebPage\",\"@id\":\"http:\\\/\\\/diderot.education\\\/6707f-marie-priscilla-rodriguez\\\/perte-de-poids\\\/\",\"url\":\"http:\\\/\\\/diderot.education\\\/6707f-marie-priscilla-rodriguez\\\/perte-de-poids\\\/\",\"name\":\"Perte de Poids - PRISCILLA DIETETICIENNE\",\"isPartOf\":{\"@id\":\"http:\\\/\\\/diderot.education\\\/6707f-marie-priscilla-rodriguez\\\/#website\"},\"primaryImageOfPage\":{\"@id\":\"http:\\\/\\\/diderot.education\\\/6707f-marie-priscilla-rodriguez\\\/perte-de-poids\\\/#primaryimage\"},\"image\":{\"@id\":\"http:\\\/\\\/diderot.education\\\/6707f-marie-priscilla-rodriguez\\\/perte-de-poids\\\/#primaryimage\"},\"thumbnailUrl\":\"http:\\\/\\\/diderot.education\\\/6707f-marie-priscilla-rodriguez\\\/wp-content\\\/uploads\\\/sites\\\/681\\\/2026\\\/02\\\/regimes_mode_exterieur_0_85Mo.jpg\",\"datePublished\":\"2025-03-13T17:55:09+00:00\",\"dateModified\":\"2026-04-12T09:14:03+00:00\",\"breadcrumb\":{\"@id\":\"http:\\\/\\\/diderot.education\\\/6707f-marie-priscilla-rodriguez\\\/perte-de-poids\\\/#breadcrumb\"},\"inLanguage\":\"fr-FR\",\"potentialAction\":[{\"@type\":\"ReadAction\",\"target\":[\"http:\\\/\\\/diderot.education\\\/6707f-marie-priscilla-rodriguez\\\/perte-de-poids\\\/\"]}]},{\"@type\":\"ImageObject\",\"inLanguage\":\"fr-FR\",\"@id\":\"http:\\\/\\\/diderot.education\\\/6707f-marie-priscilla-rodriguez\\\/perte-de-poids\\\/#primaryimage\",\"url\":\"http:\\\/\\\/diderot.education\\\/6707f-marie-priscilla-rodriguez\\\/wp-content\\\/uploads\\\/sites\\\/681\\\/2026\\\/02\\\/regimes_mode_exterieur_0_85Mo.jpg\",\"contentUrl\":\"http:\\\/\\\/diderot.education\\\/6707f-marie-priscilla-rodriguez\\\/wp-content\\\/uploads\\\/sites\\\/681\\\/2026\\\/02\\\/regimes_mode_exterieur_0_85Mo.jpg\",\"width\":1536,\"height\":1024},{\"@type\":\"BreadcrumbList\",\"@id\":\"http:\\\/\\\/diderot.education\\\/6707f-marie-priscilla-rodriguez\\\/perte-de-poids\\\/#breadcrumb\",\"itemListElement\":[{\"@type\":\"ListItem\",\"position\":1,\"name\":\"Accueil\",\"item\":\"http:\\\/\\\/diderot.education\\\/6707f-marie-priscilla-rodriguez\\\/\"},{\"@type\":\"ListItem\",\"position\":2,\"name\":\"Perte de Poids\"}]},{\"@type\":\"WebSite\",\"@id\":\"http:\\\/\\\/diderot.education\\\/6707f-marie-priscilla-rodriguez\\\/#website\",\"url\":\"http:\\\/\\\/diderot.education\\\/6707f-marie-priscilla-rodriguez\\\/\",\"name\":\"PRISCILLA DIETETICIENNE\",\"description\":\"LE PLAISIR DE MIEUX MANGER\",\"potentialAction\":[{\"@type\":\"SearchAction\",\"target\":{\"@type\":\"EntryPoint\",\"urlTemplate\":\"http:\\\/\\\/diderot.education\\\/6707f-marie-priscilla-rodriguez\\\/?s={search_term_string}\"},\"query-input\":{\"@type\":\"PropertyValueSpecification\",\"valueRequired\":true,\"valueName\":\"search_term_string\"}}],\"inLanguage\":\"fr-FR\"}]}<\/script>\n<!-- \/ Yoast SEO plugin. -->","yoast_head_json":{"title":"Perte de Poids - PRISCILLA DIETETICIENNE","robots":{"index":"index","follow":"follow","max-snippet":"max-snippet:-1","max-image-preview":"max-image-preview:large","max-video-preview":"max-video-preview:-1"},"canonical":"http:\/\/diderot.education\/6707f-marie-priscilla-rodriguez\/perte-de-poids\/","og_locale":"fr_FR","og_type":"article","og_title":"Perte de Poids - PRISCILLA DIETETICIENNE","og_description":"La perte de poids ne repose pas sur des solutions rapides, mais sur une compr\u00e9hension du fonctionnement du corps et des habitudes durables. Dans cette rubrique, je d\u00e9crypte les m\u00e9thodes populaires et vous aide \u00e0 construire une approche progressive, \u00e9quilibr\u00e9e et adapt\u00e9e \u00e0 votre quotidien. Echec des r\u00e9gimes \u00e0 la mode ! Les m\u00e9thodes restrictives ne donnent pas de r\u00e9sultats durables In ou out ? Le je\u00fbne intermittent Cet article a \u00e9t\u00e9 cr\u00e9\u00e9 apr\u00e8s mon travail de recherches pour mes cours sois curieux ! De l&rsquo;aide pour un Summer Body ?! Des infos et des tips, voici ce que ce 1er article de saison vous propose. Lis moi","og_url":"http:\/\/diderot.education\/6707f-marie-priscilla-rodriguez\/perte-de-poids\/","og_site_name":"PRISCILLA DIETETICIENNE","article_modified_time":"2026-04-12T09:14:03+00:00","og_image":[{"url":"http:\/\/diderot.education\/6707f-marie-priscilla-rodriguez\/wp-content\/uploads\/sites\/681\/2026\/02\/regimes_mode_exterieur_0_85Mo.jpg","type":"","width":"","height":""}],"twitter_card":"summary_large_image","twitter_misc":{"Dur\u00e9e de lecture estim\u00e9e":"2 minutes"},"schema":{"@context":"https:\/\/schema.org","@graph":[{"@type":"WebPage","@id":"http:\/\/diderot.education\/6707f-marie-priscilla-rodriguez\/perte-de-poids\/","url":"http:\/\/diderot.education\/6707f-marie-priscilla-rodriguez\/perte-de-poids\/","name":"Perte de Poids - PRISCILLA DIETETICIENNE","isPartOf":{"@id":"http:\/\/diderot.education\/6707f-marie-priscilla-rodriguez\/#website"},"primaryImageOfPage":{"@id":"http:\/\/diderot.education\/6707f-marie-priscilla-rodriguez\/perte-de-poids\/#primaryimage"},"image":{"@id":"http:\/\/diderot.education\/6707f-marie-priscilla-rodriguez\/perte-de-poids\/#primaryimage"},"thumbnailUrl":"http:\/\/diderot.education\/6707f-marie-priscilla-rodriguez\/wp-content\/uploads\/sites\/681\/2026\/02\/regimes_mode_exterieur_0_85Mo.jpg","datePublished":"2025-03-13T17:55:09+00:00","dateModified":"2026-04-12T09:14:03+00:00","breadcrumb":{"@id":"http:\/\/diderot.education\/6707f-marie-priscilla-rodriguez\/perte-de-poids\/#breadcrumb"},"inLanguage":"fr-FR","potentialAction":[{"@type":"ReadAction","target":["http:\/\/diderot.education\/6707f-marie-priscilla-rodriguez\/perte-de-poids\/"]}]},{"@type":"ImageObject","inLanguage":"fr-FR","@id":"http:\/\/diderot.education\/6707f-marie-priscilla-rodriguez\/perte-de-poids\/#primaryimage","url":"http:\/\/diderot.education\/6707f-marie-priscilla-rodriguez\/wp-content\/uploads\/sites\/681\/2026\/02\/regimes_mode_exterieur_0_85Mo.jpg","contentUrl":"http:\/\/diderot.education\/6707f-marie-priscilla-rodriguez\/wp-content\/uploads\/sites\/681\/2026\/02\/regimes_mode_exterieur_0_85Mo.jpg","width":1536,"height":1024},{"@type":"BreadcrumbList","@id":"http:\/\/diderot.education\/6707f-marie-priscilla-rodriguez\/perte-de-poids\/#breadcrumb","itemListElement":[{"@type":"ListItem","position":1,"name":"Accueil","item":"http:\/\/diderot.education\/6707f-marie-priscilla-rodriguez\/"},{"@type":"ListItem","position":2,"name":"Perte de Poids"}]},{"@type":"WebSite","@id":"http:\/\/diderot.education\/6707f-marie-priscilla-rodriguez\/#website","url":"http:\/\/diderot.education\/6707f-marie-priscilla-rodriguez\/","name":"PRISCILLA DIETETICIENNE","description":"LE PLAISIR DE MIEUX MANGER","potentialAction":[{"@type":"SearchAction","target":{"@type":"EntryPoint","urlTemplate":"http:\/\/diderot.education\/6707f-marie-priscilla-rodriguez\/?s={search_term_string}"},"query-input":{"@type":"PropertyValueSpecification","valueRequired":true,"valueName":"search_term_string"}}],"inLanguage":"fr-FR"}]}},"_links":{"self":[{"href":"http:\/\/diderot.education\/6707f-marie-priscilla-rodriguez\/wp-json\/wp\/v2\/pages\/283","targetHints":{"allow":["GET"]}}],"collection":[{"href":"http:\/\/diderot.education\/6707f-marie-priscilla-rodriguez\/wp-json\/wp\/v2\/pages"}],"about":[{"href":"http:\/\/diderot.education\/6707f-marie-priscilla-rodriguez\/wp-json\/wp\/v2\/types\/page"}],"author":[{"embeddable":true,"href":"http:\/\/diderot.education\/6707f-marie-priscilla-rodriguez\/wp-json\/wp\/v2\/users\/684"}],"replies":[{"embeddable":true,"href":"http:\/\/diderot.education\/6707f-marie-priscilla-rodriguez\/wp-json\/wp\/v2\/comments?post=283"}],"version-history":[{"count":34,"href":"http:\/\/diderot.education\/6707f-marie-priscilla-rodriguez\/wp-json\/wp\/v2\/pages\/283\/revisions"}],"predecessor-version":[{"id":1038,"href":"http:\/\/diderot.education\/6707f-marie-priscilla-rodriguez\/wp-json\/wp\/v2\/pages\/283\/revisions\/1038"}],"wp:attachment":[{"href":"http:\/\/diderot.education\/6707f-marie-priscilla-rodriguez\/wp-json\/wp\/v2\/media?parent=283"}],"curies":[{"name":"wp","href":"https:\/\/api.w.org\/{rel}","templated":true}]}}