{"id":295,"date":"2025-03-13T19:02:52","date_gmt":"2025-03-13T18:02:52","guid":{"rendered":"http:\/\/diderot.education\/6707f-marie-priscilla-rodriguez\/?page_id=295"},"modified":"2026-02-21T22:06:44","modified_gmt":"2026-02-21T21:06:44","slug":"idees-recues-en-nutrition","status":"publish","type":"page","link":"http:\/\/diderot.education\/6707f-marie-priscilla-rodriguez\/idees-recues-en-nutrition\/","title":{"rendered":"Id\u00e9es re\u00e7ues"},"content":{"rendered":"\t\t<div data-elementor-type=\"wp-page\" data-elementor-id=\"295\" class=\"elementor elementor-295\">\n\t\t\t\t<div class=\"elementor-element elementor-element-74ea144 e-flex e-con-boxed wpr-particle-no wpr-jarallax-no wpr-parallax-no wpr-sticky-section-no wpr-equal-height-no e-con e-parent\" data-id=\"74ea144\" data-element_type=\"container\" data-e-type=\"container\">\n\t\t\t\t\t<div class=\"e-con-inner\">\n\t\t\t\t<div class=\"elementor-element elementor-element-1f6712 elementor-widget elementor-widget-text-editor\" data-id=\"1f6712\" data-element_type=\"widget\" data-e-type=\"widget\" data-widget_type=\"text-editor.default\">\n\t\t\t\t<div class=\"elementor-widget-container\">\n\t\t\t\t\t\t\t\t\t<p>Entre croyances populaires et r\u00e9alit\u00e9s scientifiques, l\u2019alimentation et le poids sont entour\u00e9s de nombreux mythes. Dans cette rubrique, je d\u00e9construis les id\u00e9es re\u00e7ues pour vous aider \u00e0 mieux comprendre votre corps et adopter une vision plus objective et apais\u00e9e de la nutrition.<\/p><p><!-- \/wp:paragraph --><\/p>\t\t\t\t\t\t\t\t<\/div>\n\t\t\t\t<\/div>\n\t\t\t\t\t<\/div>\n\t\t\t\t<\/div>\n\t\t\t\t<section class=\"elementor-section elementor-top-section elementor-element elementor-element-13e61ac90 elementor-section-boxed elementor-section-height-default elementor-section-height-default wpr-particle-no wpr-jarallax-no wpr-parallax-no wpr-sticky-section-no wpr-equal-height-no\" data-id=\"13e61ac90\" data-element_type=\"section\" data-e-type=\"section\">\n\t\t\t\t\t\t<div class=\"elementor-container elementor-column-gap-default\">\n\t\t\t\t\t<div class=\"elementor-column elementor-col-100 elementor-top-column elementor-element elementor-element-418ee43b\" data-id=\"418ee43b\" data-element_type=\"column\" data-e-type=\"column\">\n\t\t\t<div class=\"elementor-widget-wrap elementor-element-populated\">\n\t\t\t\t\t\t<section class=\"elementor-section elementor-inner-section elementor-element elementor-element-4ced16ae elementor-section-boxed elementor-section-height-default elementor-section-height-default wpr-particle-no wpr-jarallax-no wpr-parallax-no wpr-sticky-section-no wpr-equal-height-no\" data-id=\"4ced16ae\" data-element_type=\"section\" data-e-type=\"section\">\n\t\t\t\t\t\t<div class=\"elementor-container elementor-column-gap-extended\">\n\t\t\t\t\t<div class=\"elementor-column elementor-col-33 elementor-inner-column elementor-element elementor-element-7417fd19\" data-id=\"7417fd19\" data-element_type=\"column\" data-e-type=\"column\">\n\t\t\t<div class=\"elementor-widget-wrap elementor-element-populated\">\n\t\t\t\t\t\t<div class=\"elementor-element elementor-element-362cdf0d elementor-widget elementor-widget-wpr-team-member\" data-id=\"362cdf0d\" data-element_type=\"widget\" data-e-type=\"widget\" data-widget_type=\"wpr-team-member.default\">\n\t\t\t\t<div class=\"elementor-widget-container\">\n\t\t\t\t\t\n\t<div class=\"wpr-team-member\">\n\t\t\t\t\t\n\t\t\t<div class=\"wpr-member-media\">\n\t\t\t\t<div class=\"wpr-member-image\">\n\t\t\t\t\t<img decoding=\"async\" src=\"http:\/\/diderot.education\/6707f-marie-priscilla-rodriguez\/wp-content\/uploads\/sites\/681\/2026\/02\/reflet_balance_idee_recue_0_85Mo.jpg\" alt=\"Reflet de la balance\">\n\t\t\t\t<\/div>\n\t\t\t\t\t\t\t<\/div>\n\t\t\t\t\n\t\t\n\t\t<div class=\"wpr-member-content\">\n\t\t\t<h3 class=\"wpr-member-name\">Reflet de la balance<\/h3>\n\t\t\t\n\t\t\t\n\t\t\t\n\t\t\t\t\t\t\t<div class=\"wpr-member-description\">Le chiffre affich\u00e9 est-il vraiment le meilleur indicateur de vos efforts ? Apprenez \u00e0 \u00e9valuer vos progr\u00e8s autrement que par le poids.<\/div>\n\t\t\t\t\t\t\n\t\t\t<div class=\"wpr-member-btn-wrap\"><a class=\"wpr-member-btn wpr-button-effect wpr-button-none\" href=\"\"><span>A venir...<\/span><\/a><\/div>\t\t<\/div>\n\n\t\t\t<\/div>\n\n\t\t\t\t\t<\/div>\n\t\t\t\t<\/div>\n\t\t\t\t\t<\/div>\n\t\t<\/div>\n\t\t\t\t<div class=\"elementor-column elementor-col-33 elementor-inner-column elementor-element elementor-element-390ebd1f\" data-id=\"390ebd1f\" data-element_type=\"column\" data-e-type=\"column\">\n\t\t\t<div class=\"elementor-widget-wrap elementor-element-populated\">\n\t\t\t\t\t\t<div class=\"elementor-element elementor-element-6cae02a elementor-widget elementor-widget-wpr-team-member\" data-id=\"6cae02a\" data-element_type=\"widget\" data-e-type=\"widget\" data-widget_type=\"wpr-team-member.default\">\n\t\t\t\t<div class=\"elementor-widget-container\">\n\t\t\t\t\t\n\t<div class=\"wpr-team-member\">\n\t\t\t\t\t\n\t\t\t<div class=\"wpr-member-media\">\n\t\t\t\t<div class=\"wpr-member-image\">\n\t\t\t\t\t<img decoding=\"async\" src=\"http:\/\/diderot.education\/6707f-marie-priscilla-rodriguez\/wp-content\/uploads\/sites\/681\/2026\/02\/metabolisme_lent_idee_recue_0_85Mo.jpg\" alt=\"Le m\u00e9tabolisme lent\">\n\t\t\t\t<\/div>\n\t\t\t\t\t\t\t<\/div>\n\t\t\t\t\n\t\t\n\t\t<div class=\"wpr-member-content\">\n\t\t\t<h3 class=\"wpr-member-name\">Le m\u00e9tabolisme lent<\/h3>\n\t\t\t\n\t\t\t\n\t\t\t\n\t\t\t\t\t\t\t<div class=\"wpr-member-description\">Et si votre m\u00e9tabolisme n\u2019\u00e9tait pas le v\u00e9ritable responsable de vos difficult\u00e9s \u00e0 perdre du poids ? La r\u00e9alit\u00e9...<\/div>\n\t\t\t\t\t\t\n\t\t\t<div class=\"wpr-member-btn-wrap\"><a class=\"wpr-member-btn wpr-button-effect wpr-button-none\" href=\"\"><span>A venir...<\/span><\/a><\/div>\t\t<\/div>\n\n\t\t\t<\/div>\n\n\t\t\t\t\t<\/div>\n\t\t\t\t<\/div>\n\t\t\t\t\t<\/div>\n\t\t<\/div>\n\t\t\t\t<div class=\"elementor-column elementor-col-33 elementor-inner-column elementor-element elementor-element-4a4a49d4\" data-id=\"4a4a49d4\" data-element_type=\"column\" data-e-type=\"column\">\n\t\t\t<div class=\"elementor-widget-wrap elementor-element-populated\">\n\t\t\t\t\t\t<div class=\"elementor-element elementor-element-4e5173fc elementor-widget elementor-widget-wpr-team-member\" data-id=\"4e5173fc\" data-element_type=\"widget\" data-e-type=\"widget\" data-widget_type=\"wpr-team-member.default\">\n\t\t\t\t<div class=\"elementor-widget-container\">\n\t\t\t\t\t\n\t<div class=\"wpr-team-member\">\n\t\t\t\t\t\n\t\t\t<div class=\"wpr-member-media\">\n\t\t\t\t<div class=\"wpr-member-image\">\n\t\t\t\t\t<img decoding=\"async\" src=\"http:\/\/diderot.education\/6707f-marie-priscilla-rodriguez\/wp-content\/uploads\/sites\/681\/2026\/02\/mannequin_couloir_0_85Mo.jpg\" alt=\"Le poids dans l&#039;image\">\n\t\t\t\t<\/div>\n\t\t\t\t\t\t\t<\/div>\n\t\t\t\t\n\t\t\n\t\t<div class=\"wpr-member-content\">\n\t\t\t<h3 class=\"wpr-member-name\">Le poids dans l'image<\/h3>\n\t\t\t\n\t\t\t\n\t\t\t\n\t\t\t\t\t\t\t<div class=\"wpr-member-description\">L'attrait des magazines donnent une importance \u00e0 notre vision des choses mais qu'en est-il du mannequinat <\/div>\n\t\t\t\t\t\t\n\t\t\t<div class=\"wpr-member-btn-wrap\"><a class=\"wpr-member-btn wpr-button-effect wpr-button-none\" href=\"http:\/\/diderot.education\/6707f-marie-priscilla-rodriguez\/2025\/04\/26\/une-question-de-poids\/\"><span>Lis moi !<\/span><\/a><\/div>\t\t<\/div>\n\n\t\t\t<\/div>\n\n\t\t\t\t\t<\/div>\n\t\t\t\t<\/div>\n\t\t\t\t\t<\/div>\n\t\t<\/div>\n\t\t\t\t\t<\/div>\n\t\t<\/section>\n\t\t\t\t\t<\/div>\n\t\t<\/div>\n\t\t\t\t\t<\/div>\n\t\t<\/section>\n\t\t\t\t<\/div>\n\t\t","protected":false},"excerpt":{"rendered":"<p>Entre croyances populaires et r\u00e9alit\u00e9s scientifiques, l\u2019alimentation et le poids sont entour\u00e9s de nombreux mythes. Dans cette rubrique, je d\u00e9construis les id\u00e9es re\u00e7ues pour vous aider \u00e0 mieux comprendre votre corps et adopter une vision plus objective et apais\u00e9e de la nutrition. Reflet de la balance Le chiffre affich\u00e9 est-il vraiment le meilleur indicateur de vos efforts ? Apprenez \u00e0 \u00e9valuer vos progr\u00e8s autrement que par le poids. A venir&#8230; Le m\u00e9tabolisme lent Et si votre m\u00e9tabolisme n\u2019\u00e9tait pas le v\u00e9ritable responsable de vos difficult\u00e9s \u00e0 perdre du poids ? La r\u00e9alit\u00e9&#8230; A venir&#8230; Le poids dans l&rsquo;image L&rsquo;attrait des magazines donnent une importance \u00e0 notre vision des choses mais qu&rsquo;en est-il du mannequinat Lis moi !<\/p>\n","protected":false},"author":684,"featured_media":0,"parent":0,"menu_order":0,"comment_status":"closed","ping_status":"closed","template":"","meta":{"om_disable_all_campaigns":false,"footnotes":""},"class_list":["post-295","page","type-page","status-publish","hentry"],"featured_image_src":null,"yoast_head":"<!-- This site is optimized with the Yoast SEO plugin v27.5 - https:\/\/yoast.com\/product\/yoast-seo-wordpress\/ -->\n<title>Id\u00e9es re\u00e7ues - PRISCILLA DIETETICIENNE<\/title>\n<meta name=\"robots\" content=\"index, follow, max-snippet:-1, max-image-preview:large, max-video-preview:-1\" \/>\n<link rel=\"canonical\" href=\"http:\/\/diderot.education\/6707f-marie-priscilla-rodriguez\/idees-recues-en-nutrition\/\" \/>\n<meta property=\"og:locale\" content=\"fr_FR\" \/>\n<meta property=\"og:type\" content=\"article\" \/>\n<meta property=\"og:title\" content=\"Id\u00e9es re\u00e7ues - PRISCILLA DIETETICIENNE\" \/>\n<meta property=\"og:description\" content=\"Entre croyances populaires et r\u00e9alit\u00e9s scientifiques, l\u2019alimentation et le poids sont entour\u00e9s de nombreux mythes. Dans cette rubrique, je d\u00e9construis les id\u00e9es re\u00e7ues pour vous aider \u00e0 mieux comprendre votre corps et adopter une vision plus objective et apais\u00e9e de la nutrition. Reflet de la balance Le chiffre affich\u00e9 est-il vraiment le meilleur indicateur de vos efforts ? Apprenez \u00e0 \u00e9valuer vos progr\u00e8s autrement que par le poids. A venir&#8230; Le m\u00e9tabolisme lent Et si votre m\u00e9tabolisme n\u2019\u00e9tait pas le v\u00e9ritable responsable de vos difficult\u00e9s \u00e0 perdre du poids ? La r\u00e9alit\u00e9&#8230; A venir&#8230; Le poids dans l&rsquo;image L&rsquo;attrait des magazines donnent une importance \u00e0 notre vision des choses mais qu&rsquo;en est-il du mannequinat Lis moi !\" \/>\n<meta property=\"og:url\" content=\"http:\/\/diderot.education\/6707f-marie-priscilla-rodriguez\/idees-recues-en-nutrition\/\" \/>\n<meta property=\"og:site_name\" content=\"PRISCILLA DIETETICIENNE\" \/>\n<meta property=\"article:modified_time\" content=\"2026-02-21T21:06:44+00:00\" \/>\n<meta property=\"og:image\" content=\"http:\/\/diderot.education\/6707f-marie-priscilla-rodriguez\/wp-content\/uploads\/sites\/681\/2026\/02\/reflet_balance_idee_recue_0_85Mo.jpg\" \/>\n<meta name=\"twitter:card\" content=\"summary_large_image\" \/>\n<meta name=\"twitter:label1\" content=\"Dur\u00e9e de lecture estim\u00e9e\" \/>\n\t<meta name=\"twitter:data1\" content=\"2 minutes\" \/>\n<script type=\"application\/ld+json\" class=\"yoast-schema-graph\">{\"@context\":\"https:\\\/\\\/schema.org\",\"@graph\":[{\"@type\":\"WebPage\",\"@id\":\"http:\\\/\\\/diderot.education\\\/6707f-marie-priscilla-rodriguez\\\/idees-recues-en-nutrition\\\/\",\"url\":\"http:\\\/\\\/diderot.education\\\/6707f-marie-priscilla-rodriguez\\\/idees-recues-en-nutrition\\\/\",\"name\":\"Id\u00e9es re\u00e7ues - PRISCILLA DIETETICIENNE\",\"isPartOf\":{\"@id\":\"http:\\\/\\\/diderot.education\\\/6707f-marie-priscilla-rodriguez\\\/#website\"},\"primaryImageOfPage\":{\"@id\":\"http:\\\/\\\/diderot.education\\\/6707f-marie-priscilla-rodriguez\\\/idees-recues-en-nutrition\\\/#primaryimage\"},\"image\":{\"@id\":\"http:\\\/\\\/diderot.education\\\/6707f-marie-priscilla-rodriguez\\\/idees-recues-en-nutrition\\\/#primaryimage\"},\"thumbnailUrl\":\"http:\\\/\\\/diderot.education\\\/6707f-marie-priscilla-rodriguez\\\/wp-content\\\/uploads\\\/sites\\\/681\\\/2026\\\/02\\\/reflet_balance_idee_recue_0_85Mo.jpg\",\"datePublished\":\"2025-03-13T18:02:52+00:00\",\"dateModified\":\"2026-02-21T21:06:44+00:00\",\"breadcrumb\":{\"@id\":\"http:\\\/\\\/diderot.education\\\/6707f-marie-priscilla-rodriguez\\\/idees-recues-en-nutrition\\\/#breadcrumb\"},\"inLanguage\":\"fr-FR\",\"potentialAction\":[{\"@type\":\"ReadAction\",\"target\":[\"http:\\\/\\\/diderot.education\\\/6707f-marie-priscilla-rodriguez\\\/idees-recues-en-nutrition\\\/\"]}]},{\"@type\":\"ImageObject\",\"inLanguage\":\"fr-FR\",\"@id\":\"http:\\\/\\\/diderot.education\\\/6707f-marie-priscilla-rodriguez\\\/idees-recues-en-nutrition\\\/#primaryimage\",\"url\":\"http:\\\/\\\/diderot.education\\\/6707f-marie-priscilla-rodriguez\\\/wp-content\\\/uploads\\\/sites\\\/681\\\/2026\\\/02\\\/reflet_balance_idee_recue_0_85Mo.jpg\",\"contentUrl\":\"http:\\\/\\\/diderot.education\\\/6707f-marie-priscilla-rodriguez\\\/wp-content\\\/uploads\\\/sites\\\/681\\\/2026\\\/02\\\/reflet_balance_idee_recue_0_85Mo.jpg\",\"width\":1536,\"height\":1024},{\"@type\":\"BreadcrumbList\",\"@id\":\"http:\\\/\\\/diderot.education\\\/6707f-marie-priscilla-rodriguez\\\/idees-recues-en-nutrition\\\/#breadcrumb\",\"itemListElement\":[{\"@type\":\"ListItem\",\"position\":1,\"name\":\"Accueil\",\"item\":\"http:\\\/\\\/diderot.education\\\/6707f-marie-priscilla-rodriguez\\\/\"},{\"@type\":\"ListItem\",\"position\":2,\"name\":\"Id\u00e9es re\u00e7ues\"}]},{\"@type\":\"WebSite\",\"@id\":\"http:\\\/\\\/diderot.education\\\/6707f-marie-priscilla-rodriguez\\\/#website\",\"url\":\"http:\\\/\\\/diderot.education\\\/6707f-marie-priscilla-rodriguez\\\/\",\"name\":\"PRISCILLA DIETETICIENNE\",\"description\":\"LE PLAISIR DE MIEUX MANGER\",\"potentialAction\":[{\"@type\":\"SearchAction\",\"target\":{\"@type\":\"EntryPoint\",\"urlTemplate\":\"http:\\\/\\\/diderot.education\\\/6707f-marie-priscilla-rodriguez\\\/?s={search_term_string}\"},\"query-input\":{\"@type\":\"PropertyValueSpecification\",\"valueRequired\":true,\"valueName\":\"search_term_string\"}}],\"inLanguage\":\"fr-FR\"}]}<\/script>\n<!-- \/ Yoast SEO plugin. -->","yoast_head_json":{"title":"Id\u00e9es re\u00e7ues - PRISCILLA DIETETICIENNE","robots":{"index":"index","follow":"follow","max-snippet":"max-snippet:-1","max-image-preview":"max-image-preview:large","max-video-preview":"max-video-preview:-1"},"canonical":"http:\/\/diderot.education\/6707f-marie-priscilla-rodriguez\/idees-recues-en-nutrition\/","og_locale":"fr_FR","og_type":"article","og_title":"Id\u00e9es re\u00e7ues - PRISCILLA DIETETICIENNE","og_description":"Entre croyances populaires et r\u00e9alit\u00e9s scientifiques, l\u2019alimentation et le poids sont entour\u00e9s de nombreux mythes. Dans cette rubrique, je d\u00e9construis les id\u00e9es re\u00e7ues pour vous aider \u00e0 mieux comprendre votre corps et adopter une vision plus objective et apais\u00e9e de la nutrition. Reflet de la balance Le chiffre affich\u00e9 est-il vraiment le meilleur indicateur de vos efforts ? Apprenez \u00e0 \u00e9valuer vos progr\u00e8s autrement que par le poids. A venir&#8230; Le m\u00e9tabolisme lent Et si votre m\u00e9tabolisme n\u2019\u00e9tait pas le v\u00e9ritable responsable de vos difficult\u00e9s \u00e0 perdre du poids ? La r\u00e9alit\u00e9&#8230; A venir&#8230; Le poids dans l&rsquo;image L&rsquo;attrait des magazines donnent une importance \u00e0 notre vision des choses mais qu&rsquo;en est-il du mannequinat Lis moi !","og_url":"http:\/\/diderot.education\/6707f-marie-priscilla-rodriguez\/idees-recues-en-nutrition\/","og_site_name":"PRISCILLA DIETETICIENNE","article_modified_time":"2026-02-21T21:06:44+00:00","og_image":[{"url":"http:\/\/diderot.education\/6707f-marie-priscilla-rodriguez\/wp-content\/uploads\/sites\/681\/2026\/02\/reflet_balance_idee_recue_0_85Mo.jpg","type":"","width":"","height":""}],"twitter_card":"summary_large_image","twitter_misc":{"Dur\u00e9e de lecture estim\u00e9e":"2 minutes"},"schema":{"@context":"https:\/\/schema.org","@graph":[{"@type":"WebPage","@id":"http:\/\/diderot.education\/6707f-marie-priscilla-rodriguez\/idees-recues-en-nutrition\/","url":"http:\/\/diderot.education\/6707f-marie-priscilla-rodriguez\/idees-recues-en-nutrition\/","name":"Id\u00e9es re\u00e7ues - PRISCILLA DIETETICIENNE","isPartOf":{"@id":"http:\/\/diderot.education\/6707f-marie-priscilla-rodriguez\/#website"},"primaryImageOfPage":{"@id":"http:\/\/diderot.education\/6707f-marie-priscilla-rodriguez\/idees-recues-en-nutrition\/#primaryimage"},"image":{"@id":"http:\/\/diderot.education\/6707f-marie-priscilla-rodriguez\/idees-recues-en-nutrition\/#primaryimage"},"thumbnailUrl":"http:\/\/diderot.education\/6707f-marie-priscilla-rodriguez\/wp-content\/uploads\/sites\/681\/2026\/02\/reflet_balance_idee_recue_0_85Mo.jpg","datePublished":"2025-03-13T18:02:52+00:00","dateModified":"2026-02-21T21:06:44+00:00","breadcrumb":{"@id":"http:\/\/diderot.education\/6707f-marie-priscilla-rodriguez\/idees-recues-en-nutrition\/#breadcrumb"},"inLanguage":"fr-FR","potentialAction":[{"@type":"ReadAction","target":["http:\/\/diderot.education\/6707f-marie-priscilla-rodriguez\/idees-recues-en-nutrition\/"]}]},{"@type":"ImageObject","inLanguage":"fr-FR","@id":"http:\/\/diderot.education\/6707f-marie-priscilla-rodriguez\/idees-recues-en-nutrition\/#primaryimage","url":"http:\/\/diderot.education\/6707f-marie-priscilla-rodriguez\/wp-content\/uploads\/sites\/681\/2026\/02\/reflet_balance_idee_recue_0_85Mo.jpg","contentUrl":"http:\/\/diderot.education\/6707f-marie-priscilla-rodriguez\/wp-content\/uploads\/sites\/681\/2026\/02\/reflet_balance_idee_recue_0_85Mo.jpg","width":1536,"height":1024},{"@type":"BreadcrumbList","@id":"http:\/\/diderot.education\/6707f-marie-priscilla-rodriguez\/idees-recues-en-nutrition\/#breadcrumb","itemListElement":[{"@type":"ListItem","position":1,"name":"Accueil","item":"http:\/\/diderot.education\/6707f-marie-priscilla-rodriguez\/"},{"@type":"ListItem","position":2,"name":"Id\u00e9es re\u00e7ues"}]},{"@type":"WebSite","@id":"http:\/\/diderot.education\/6707f-marie-priscilla-rodriguez\/#website","url":"http:\/\/diderot.education\/6707f-marie-priscilla-rodriguez\/","name":"PRISCILLA DIETETICIENNE","description":"LE PLAISIR DE MIEUX MANGER","potentialAction":[{"@type":"SearchAction","target":{"@type":"EntryPoint","urlTemplate":"http:\/\/diderot.education\/6707f-marie-priscilla-rodriguez\/?s={search_term_string}"},"query-input":{"@type":"PropertyValueSpecification","valueRequired":true,"valueName":"search_term_string"}}],"inLanguage":"fr-FR"}]}},"_links":{"self":[{"href":"http:\/\/diderot.education\/6707f-marie-priscilla-rodriguez\/wp-json\/wp\/v2\/pages\/295","targetHints":{"allow":["GET"]}}],"collection":[{"href":"http:\/\/diderot.education\/6707f-marie-priscilla-rodriguez\/wp-json\/wp\/v2\/pages"}],"about":[{"href":"http:\/\/diderot.education\/6707f-marie-priscilla-rodriguez\/wp-json\/wp\/v2\/types\/page"}],"author":[{"embeddable":true,"href":"http:\/\/diderot.education\/6707f-marie-priscilla-rodriguez\/wp-json\/wp\/v2\/users\/684"}],"replies":[{"embeddable":true,"href":"http:\/\/diderot.education\/6707f-marie-priscilla-rodriguez\/wp-json\/wp\/v2\/comments?post=295"}],"version-history":[{"count":15,"href":"http:\/\/diderot.education\/6707f-marie-priscilla-rodriguez\/wp-json\/wp\/v2\/pages\/295\/revisions"}],"predecessor-version":[{"id":1044,"href":"http:\/\/diderot.education\/6707f-marie-priscilla-rodriguez\/wp-json\/wp\/v2\/pages\/295\/revisions\/1044"}],"wp:attachment":[{"href":"http:\/\/diderot.education\/6707f-marie-priscilla-rodriguez\/wp-json\/wp\/v2\/media?parent=295"}],"curies":[{"name":"wp","href":"https:\/\/api.w.org\/{rel}","templated":true}]}}