{"id":85,"date":"2024-10-12T14:50:12","date_gmt":"2024-10-12T12:50:12","guid":{"rendered":"http:\/\/diderot.education\/6707f85dccd9d-marie-priscilla-marie-priscilla-rodriguez\/?page_id=85"},"modified":"2026-02-22T10:58:31","modified_gmt":"2026-02-22T09:58:31","slug":"a-propos","status":"publish","type":"page","link":"http:\/\/diderot.education\/6707f-marie-priscilla-rodriguez\/a-propos\/","title":{"rendered":"A Propos"},"content":{"rendered":"\t\t<div data-elementor-type=\"wp-page\" data-elementor-id=\"85\" class=\"elementor elementor-85\">\n\t\t\t\t<div class=\"elementor-element elementor-element-2d9d2224 e-flex e-con-boxed wpr-particle-no wpr-jarallax-no wpr-parallax-no wpr-sticky-section-no wpr-equal-height-no e-con e-parent\" data-id=\"2d9d2224\" data-element_type=\"container\" data-e-type=\"container\">\n\t\t\t\t\t<div class=\"e-con-inner\">\n\t\t\t\t<div class=\"elementor-element elementor-element-2dffbbb5 elementor-widget elementor-widget-text-editor\" data-id=\"2dffbbb5\" data-element_type=\"widget\" data-e-type=\"widget\" data-widget_type=\"text-editor.default\">\n\t\t\t\t<div class=\"elementor-widget-container\">\n\t\t\t\t\t\t\t\t\t<p data-start=\"229\" data-end=\"478\">Derri\u00e8re chaque accompagnement, il y a une vision, un parcours et des valeurs.<\/p>\n<p data-start=\"229\" data-end=\"478\">Dans cette rubrique, je vous pr\u00e9sente mon cheminement vers la di\u00e9t\u00e9tique, la description du m\u00e9tier et la mani\u00e8re dont j\u2019envisage l\u2019accompagnement nutritionnel aujourd\u2019hui.<\/p>\n<p data-start=\"480\" data-end=\"666\">Comprendre qui je suis et ce que je d\u00e9fends, c\u2019est aussi comprendre la fa\u00e7on dont je travaille : avec rigueur, p\u00e9dagogie et une approche individualis\u00e9e, loin des solutions toutes faites.<\/p>\t\t\t\t\t\t\t\t<\/div>\n\t\t\t\t<\/div>\n\t\t\t\t\t<\/div>\n\t\t\t\t<\/div>\n\t\t\t\t<section class=\"elementor-section elementor-top-section elementor-element elementor-element-3b30b3940 elementor-section-boxed elementor-section-height-default elementor-section-height-default wpr-particle-no wpr-jarallax-no wpr-parallax-no wpr-sticky-section-no wpr-equal-height-no\" data-id=\"3b30b3940\" data-element_type=\"section\" data-e-type=\"section\">\n\t\t\t\t\t\t\t<div class=\"elementor-background-overlay\"><\/div>\n\t\t\t\t\t\t\t<div class=\"elementor-container elementor-column-gap-default\">\n\t\t\t\t\t<div class=\"elementor-column elementor-col-100 elementor-top-column elementor-element elementor-element-61ee3682\" data-id=\"61ee3682\" data-element_type=\"column\" data-e-type=\"column\">\n\t\t\t<div class=\"elementor-widget-wrap elementor-element-populated\">\n\t\t\t\t\t\t<section class=\"elementor-section elementor-inner-section elementor-element elementor-element-1f1fc4ee elementor-section-boxed elementor-section-height-default elementor-section-height-default wpr-particle-no wpr-jarallax-no wpr-parallax-no wpr-sticky-section-no wpr-equal-height-no\" data-id=\"1f1fc4ee\" data-element_type=\"section\" data-e-type=\"section\">\n\t\t\t\t\t\t<div class=\"elementor-container elementor-column-gap-default\">\n\t\t\t\t\t<div class=\"elementor-column elementor-col-33 elementor-inner-column elementor-element elementor-element-46398142\" data-id=\"46398142\" data-element_type=\"column\" data-e-type=\"column\">\n\t\t\t<div class=\"elementor-widget-wrap elementor-element-populated\">\n\t\t\t\t\t\t<div class=\"elementor-element elementor-element-4933d810 elementor-widget elementor-widget-wpr-team-member\" data-id=\"4933d810\" data-element_type=\"widget\" data-e-type=\"widget\" data-widget_type=\"wpr-team-member.default\">\n\t\t\t\t<div class=\"elementor-widget-container\">\n\t\t\t\t\t\n\t<div class=\"wpr-team-member\">\n\t\t\t\t\t\n\t\t\t<div class=\"wpr-member-media\">\n\t\t\t\t<div class=\"wpr-member-image\">\n\t\t\t\t\t<img decoding=\"async\" src=\"http:\/\/diderot.education\/6707f-marie-priscilla-rodriguez\/wp-content\/uploads\/sites\/681\/2026\/02\/ChatGPT-Image-11-fevr.-2026-19_40_05.png\" alt=\"A propos de moi\">\n\t\t\t\t<\/div>\n\t\t\t\t\t\t\t<\/div>\n\t\t\t\t\n\t\t\n\t\t<div class=\"wpr-member-content\">\n\t\t\t<h3 class=\"wpr-member-name\">A propos de moi<\/h3>\n\t\t\t\n\t\t\t\n\t\t\t\n\t\t\t\t\t\t\t<div class=\"wpr-member-description\">D\u00e9couvrez mon parcours, mes motivations et la vision qui guide mon engagement vers la di\u00e9t\u00e9tique et la nutrition.<\/div>\n\t\t\t\t\t\t\n\t\t\t<div class=\"wpr-member-btn-wrap\"><a class=\"wpr-member-btn wpr-button-effect wpr-button-none\" href=\"https:\/\/diderot.education\/6707f-marie-priscilla-rodriguez\/a-propos-de-moi\/\"><span>Qui je suis !<\/span><\/a><\/div>\t\t<\/div>\n\n\t\t\t<\/div>\n\n\t\t\t\t\t<\/div>\n\t\t\t\t<\/div>\n\t\t\t\t\t<\/div>\n\t\t<\/div>\n\t\t\t\t<div class=\"elementor-column elementor-col-33 elementor-inner-column elementor-element elementor-element-4fab38e5\" data-id=\"4fab38e5\" data-element_type=\"column\" data-e-type=\"column\">\n\t\t\t<div class=\"elementor-widget-wrap elementor-element-populated\">\n\t\t\t\t\t\t<div class=\"elementor-element elementor-element-4e395067 elementor-widget elementor-widget-wpr-team-member\" data-id=\"4e395067\" data-element_type=\"widget\" data-e-type=\"widget\" data-widget_type=\"wpr-team-member.default\">\n\t\t\t\t<div class=\"elementor-widget-container\">\n\t\t\t\t\t\n\t<div class=\"wpr-team-member\">\n\t\t\t\t\t\n\t\t\t<div class=\"wpr-member-media\">\n\t\t\t\t<div class=\"wpr-member-image\">\n\t\t\t\t\t<img decoding=\"async\" src=\"http:\/\/diderot.education\/6707f-marie-priscilla-rodriguez\/wp-content\/uploads\/sites\/681\/2026\/02\/ChatGPT-Image-11-fevr.-2026-19_55_04.png\" alt=\"Le m\u00e9tier de di\u00e9t\u00e9ticienne\">\n\t\t\t\t<\/div>\n\t\t\t\t\t\t\t<\/div>\n\t\t\t\t\n\t\t\n\t\t<div class=\"wpr-member-content\">\n\t\t\t<h3 class=\"wpr-member-name\">Le m\u00e9tier de di\u00e9t\u00e9ticienne<\/h3>\n\t\t\t\n\t\t\t\n\t\t\t\n\t\t\t\t\t\t\t<div class=\"wpr-member-description\">Le r\u00f4le du di\u00e9t\u00e9ticien, ses comp\u00e9tences et sa place essentielle dans la pr\u00e9vention et l\u2019accompagnement nutritionnel.<\/div>\n\t\t\t\t\t\t\n\t\t\t<div class=\"wpr-member-btn-wrap\"><a class=\"wpr-member-btn wpr-button-effect wpr-button-none\" href=\"https:\/\/diderot.education\/6707f-marie-priscilla-rodriguez\/le-metier-de-dieteticienne\/\"><span>Ce qu&#039;il en est !<\/span><\/a><\/div>\t\t<\/div>\n\n\t\t\t<\/div>\n\n\t\t\t\t\t<\/div>\n\t\t\t\t<\/div>\n\t\t\t\t\t<\/div>\n\t\t<\/div>\n\t\t\t\t<div class=\"elementor-column elementor-col-33 elementor-inner-column elementor-element elementor-element-7641145d\" data-id=\"7641145d\" data-element_type=\"column\" data-e-type=\"column\">\n\t\t\t<div class=\"elementor-widget-wrap elementor-element-populated\">\n\t\t\t\t\t\t<div class=\"elementor-element elementor-element-152f1a55 elementor-widget elementor-widget-wpr-team-member\" data-id=\"152f1a55\" data-element_type=\"widget\" data-e-type=\"widget\" data-widget_type=\"wpr-team-member.default\">\n\t\t\t\t<div class=\"elementor-widget-container\">\n\t\t\t\t\t\n\t<div class=\"wpr-team-member\">\n\t\t\t\t\t\n\t\t\t<div class=\"wpr-member-media\">\n\t\t\t\t<div class=\"wpr-member-image\">\n\t\t\t\t\t<img decoding=\"async\" src=\"http:\/\/diderot.education\/6707f-marie-priscilla-rodriguez\/wp-content\/uploads\/sites\/681\/2026\/02\/ma_dietetique_plaisir_travail_0_85Mo.jpg\" alt=\"Ma di\u00e9t\u00e9tique\">\n\t\t\t\t<\/div>\n\t\t\t\t\t\t\t<\/div>\n\t\t\t\t\n\t\t\n\t\t<div class=\"wpr-member-content\">\n\t\t\t<h3 class=\"wpr-member-name\">Ma di\u00e9t\u00e9tique<\/h3>\n\t\t\t\n\t\t\t\n\t\t\t\n\t\t\t\t\t\t\t<div class=\"wpr-member-description\">Ma vision de la di\u00e9t\u00e9tique, mes valeurs professionnelles et l\u2019orientation que je souhaite donner \u00e0 mon futur parcours.<\/div>\n\t\t\t\t\t\t\n\t\t\t<div class=\"wpr-member-btn-wrap\"><a class=\"wpr-member-btn wpr-button-effect wpr-button-none\" href=\"https:\/\/diderot.education\/6707f-marie-priscilla-rodriguez\/ma-dietetique\/\"><span>Ce que je pense !<\/span><\/a><\/div>\t\t<\/div>\n\n\t\t\t<\/div>\n\n\t\t\t\t\t<\/div>\n\t\t\t\t<\/div>\n\t\t\t\t\t<\/div>\n\t\t<\/div>\n\t\t\t\t\t<\/div>\n\t\t<\/section>\n\t\t\t\t\t<\/div>\n\t\t<\/div>\n\t\t\t\t\t<\/div>\n\t\t<\/section>\n\t\t\t\t<\/div>\n\t\t","protected":false},"excerpt":{"rendered":"<p>Derri\u00e8re chaque accompagnement, il y a une vision, un parcours et des valeurs. Dans cette rubrique, je vous pr\u00e9sente mon cheminement vers la di\u00e9t\u00e9tique, la description du m\u00e9tier et la mani\u00e8re dont j\u2019envisage l\u2019accompagnement nutritionnel aujourd\u2019hui. Comprendre qui je suis et ce que je d\u00e9fends, c\u2019est aussi comprendre la fa\u00e7on dont je travaille : avec rigueur, p\u00e9dagogie et une approche individualis\u00e9e, loin des solutions toutes faites. A propos de moi D\u00e9couvrez mon parcours, mes motivations et la vision qui guide mon engagement vers la di\u00e9t\u00e9tique et la nutrition. Qui je suis ! Le m\u00e9tier de di\u00e9t\u00e9ticienne Le r\u00f4le du di\u00e9t\u00e9ticien, ses comp\u00e9tences et sa place essentielle dans la pr\u00e9vention et l\u2019accompagnement nutritionnel. Ce qu&#039;il en est ! Ma di\u00e9t\u00e9tique Ma vision de la di\u00e9t\u00e9tique, mes valeurs professionnelles et l\u2019orientation que je souhaite donner \u00e0 mon futur parcours. Ce que je pense !<\/p>\n","protected":false},"author":684,"featured_media":0,"parent":0,"menu_order":0,"comment_status":"closed","ping_status":"closed","template":"elementor_theme","meta":{"om_disable_all_campaigns":false,"footnotes":""},"class_list":["post-85","page","type-page","status-publish","hentry"],"featured_image_src":null,"yoast_head":"<!-- This site is optimized with the Yoast SEO plugin v27.5 - https:\/\/yoast.com\/product\/yoast-seo-wordpress\/ -->\n<title>A Propos - PRISCILLA DIETETICIENNE A propos de moi<\/title>\n<meta name=\"description\" content=\"Apr\u00e8s des ann\u00e9es de mannequinat et la cr\u00e9ation de contenu sur Instagram, je me suis reconvertie. Je suis en 1\u00e8re ann\u00e9e de Bachelor Di\u00e9t\u00e9tique\" \/>\n<meta name=\"robots\" content=\"index, follow, max-snippet:-1, max-image-preview:large, max-video-preview:-1\" \/>\n<link rel=\"canonical\" href=\"http:\/\/diderot.education\/6707f-marie-priscilla-rodriguez\/a-propos\/\" \/>\n<meta property=\"og:locale\" content=\"fr_FR\" \/>\n<meta property=\"og:type\" content=\"article\" \/>\n<meta property=\"og:title\" content=\"A Propos - PRISCILLA DIETETICIENNE A propos de moi\" \/>\n<meta property=\"og:description\" content=\"Apr\u00e8s des ann\u00e9es de mannequinat et la cr\u00e9ation de contenu sur Instagram, je me suis reconvertie. Je suis en 1\u00e8re ann\u00e9e de Bachelor Di\u00e9t\u00e9tique\" \/>\n<meta property=\"og:url\" content=\"http:\/\/diderot.education\/6707f-marie-priscilla-rodriguez\/a-propos\/\" \/>\n<meta property=\"og:site_name\" content=\"PRISCILLA DIETETICIENNE\" \/>\n<meta property=\"article:modified_time\" content=\"2026-02-22T09:58:31+00:00\" \/>\n<meta property=\"og:image\" content=\"http:\/\/diderot.education\/6707f-marie-priscilla-rodriguez\/wp-content\/uploads\/sites\/681\/2026\/02\/ChatGPT-Image-11-fevr.-2026-19_40_05.png\" \/>\n<meta name=\"twitter:card\" content=\"summary_large_image\" \/>\n<meta name=\"twitter:label1\" content=\"Dur\u00e9e de lecture estim\u00e9e\" \/>\n\t<meta name=\"twitter:data1\" content=\"2 minutes\" \/>\n<script type=\"application\/ld+json\" class=\"yoast-schema-graph\">{\"@context\":\"https:\\\/\\\/schema.org\",\"@graph\":[{\"@type\":\"WebPage\",\"@id\":\"http:\\\/\\\/diderot.education\\\/6707f-marie-priscilla-rodriguez\\\/a-propos\\\/\",\"url\":\"http:\\\/\\\/diderot.education\\\/6707f-marie-priscilla-rodriguez\\\/a-propos\\\/\",\"name\":\"A Propos - PRISCILLA DIETETICIENNE A propos de moi\",\"isPartOf\":{\"@id\":\"http:\\\/\\\/diderot.education\\\/6707f-marie-priscilla-rodriguez\\\/#website\"},\"primaryImageOfPage\":{\"@id\":\"http:\\\/\\\/diderot.education\\\/6707f-marie-priscilla-rodriguez\\\/a-propos\\\/#primaryimage\"},\"image\":{\"@id\":\"http:\\\/\\\/diderot.education\\\/6707f-marie-priscilla-rodriguez\\\/a-propos\\\/#primaryimage\"},\"thumbnailUrl\":\"http:\\\/\\\/diderot.education\\\/6707f-marie-priscilla-rodriguez\\\/wp-content\\\/uploads\\\/sites\\\/681\\\/2026\\\/02\\\/ChatGPT-Image-11-fevr.-2026-19_40_05.png\",\"datePublished\":\"2024-10-12T12:50:12+00:00\",\"dateModified\":\"2026-02-22T09:58:31+00:00\",\"description\":\"Apr\u00e8s des ann\u00e9es de mannequinat et la cr\u00e9ation de contenu sur Instagram, je me suis reconvertie. Je suis en 1\u00e8re ann\u00e9e de Bachelor Di\u00e9t\u00e9tique\",\"breadcrumb\":{\"@id\":\"http:\\\/\\\/diderot.education\\\/6707f-marie-priscilla-rodriguez\\\/a-propos\\\/#breadcrumb\"},\"inLanguage\":\"fr-FR\",\"potentialAction\":[{\"@type\":\"ReadAction\",\"target\":[\"http:\\\/\\\/diderot.education\\\/6707f-marie-priscilla-rodriguez\\\/a-propos\\\/\"]}]},{\"@type\":\"ImageObject\",\"inLanguage\":\"fr-FR\",\"@id\":\"http:\\\/\\\/diderot.education\\\/6707f-marie-priscilla-rodriguez\\\/a-propos\\\/#primaryimage\",\"url\":\"http:\\\/\\\/diderot.education\\\/6707f-marie-priscilla-rodriguez\\\/wp-content\\\/uploads\\\/sites\\\/681\\\/2026\\\/02\\\/ChatGPT-Image-11-fevr.-2026-19_40_05.png\",\"contentUrl\":\"http:\\\/\\\/diderot.education\\\/6707f-marie-priscilla-rodriguez\\\/wp-content\\\/uploads\\\/sites\\\/681\\\/2026\\\/02\\\/ChatGPT-Image-11-fevr.-2026-19_40_05.png\",\"width\":1024,\"height\":1024},{\"@type\":\"BreadcrumbList\",\"@id\":\"http:\\\/\\\/diderot.education\\\/6707f-marie-priscilla-rodriguez\\\/a-propos\\\/#breadcrumb\",\"itemListElement\":[{\"@type\":\"ListItem\",\"position\":1,\"name\":\"Accueil\",\"item\":\"http:\\\/\\\/diderot.education\\\/6707f-marie-priscilla-rodriguez\\\/\"},{\"@type\":\"ListItem\",\"position\":2,\"name\":\"A Propos\"}]},{\"@type\":\"WebSite\",\"@id\":\"http:\\\/\\\/diderot.education\\\/6707f-marie-priscilla-rodriguez\\\/#website\",\"url\":\"http:\\\/\\\/diderot.education\\\/6707f-marie-priscilla-rodriguez\\\/\",\"name\":\"PRISCILLA DIETETICIENNE\",\"description\":\"LE PLAISIR DE MIEUX MANGER\",\"potentialAction\":[{\"@type\":\"SearchAction\",\"target\":{\"@type\":\"EntryPoint\",\"urlTemplate\":\"http:\\\/\\\/diderot.education\\\/6707f-marie-priscilla-rodriguez\\\/?s={search_term_string}\"},\"query-input\":{\"@type\":\"PropertyValueSpecification\",\"valueRequired\":true,\"valueName\":\"search_term_string\"}}],\"inLanguage\":\"fr-FR\"}]}<\/script>\n<!-- \/ Yoast SEO plugin. -->","yoast_head_json":{"title":"A Propos - PRISCILLA DIETETICIENNE A propos de moi","description":"Apr\u00e8s des ann\u00e9es de mannequinat et la cr\u00e9ation de contenu sur Instagram, je me suis reconvertie. Je suis en 1\u00e8re ann\u00e9e de Bachelor Di\u00e9t\u00e9tique","robots":{"index":"index","follow":"follow","max-snippet":"max-snippet:-1","max-image-preview":"max-image-preview:large","max-video-preview":"max-video-preview:-1"},"canonical":"http:\/\/diderot.education\/6707f-marie-priscilla-rodriguez\/a-propos\/","og_locale":"fr_FR","og_type":"article","og_title":"A Propos - PRISCILLA DIETETICIENNE A propos de moi","og_description":"Apr\u00e8s des ann\u00e9es de mannequinat et la cr\u00e9ation de contenu sur Instagram, je me suis reconvertie. Je suis en 1\u00e8re ann\u00e9e de Bachelor Di\u00e9t\u00e9tique","og_url":"http:\/\/diderot.education\/6707f-marie-priscilla-rodriguez\/a-propos\/","og_site_name":"PRISCILLA DIETETICIENNE","article_modified_time":"2026-02-22T09:58:31+00:00","og_image":[{"url":"http:\/\/diderot.education\/6707f-marie-priscilla-rodriguez\/wp-content\/uploads\/sites\/681\/2026\/02\/ChatGPT-Image-11-fevr.-2026-19_40_05.png","type":"","width":"","height":""}],"twitter_card":"summary_large_image","twitter_misc":{"Dur\u00e9e de lecture estim\u00e9e":"2 minutes"},"schema":{"@context":"https:\/\/schema.org","@graph":[{"@type":"WebPage","@id":"http:\/\/diderot.education\/6707f-marie-priscilla-rodriguez\/a-propos\/","url":"http:\/\/diderot.education\/6707f-marie-priscilla-rodriguez\/a-propos\/","name":"A Propos - PRISCILLA DIETETICIENNE A propos de moi","isPartOf":{"@id":"http:\/\/diderot.education\/6707f-marie-priscilla-rodriguez\/#website"},"primaryImageOfPage":{"@id":"http:\/\/diderot.education\/6707f-marie-priscilla-rodriguez\/a-propos\/#primaryimage"},"image":{"@id":"http:\/\/diderot.education\/6707f-marie-priscilla-rodriguez\/a-propos\/#primaryimage"},"thumbnailUrl":"http:\/\/diderot.education\/6707f-marie-priscilla-rodriguez\/wp-content\/uploads\/sites\/681\/2026\/02\/ChatGPT-Image-11-fevr.-2026-19_40_05.png","datePublished":"2024-10-12T12:50:12+00:00","dateModified":"2026-02-22T09:58:31+00:00","description":"Apr\u00e8s des ann\u00e9es de mannequinat et la cr\u00e9ation de contenu sur Instagram, je me suis reconvertie. Je suis en 1\u00e8re ann\u00e9e de Bachelor Di\u00e9t\u00e9tique","breadcrumb":{"@id":"http:\/\/diderot.education\/6707f-marie-priscilla-rodriguez\/a-propos\/#breadcrumb"},"inLanguage":"fr-FR","potentialAction":[{"@type":"ReadAction","target":["http:\/\/diderot.education\/6707f-marie-priscilla-rodriguez\/a-propos\/"]}]},{"@type":"ImageObject","inLanguage":"fr-FR","@id":"http:\/\/diderot.education\/6707f-marie-priscilla-rodriguez\/a-propos\/#primaryimage","url":"http:\/\/diderot.education\/6707f-marie-priscilla-rodriguez\/wp-content\/uploads\/sites\/681\/2026\/02\/ChatGPT-Image-11-fevr.-2026-19_40_05.png","contentUrl":"http:\/\/diderot.education\/6707f-marie-priscilla-rodriguez\/wp-content\/uploads\/sites\/681\/2026\/02\/ChatGPT-Image-11-fevr.-2026-19_40_05.png","width":1024,"height":1024},{"@type":"BreadcrumbList","@id":"http:\/\/diderot.education\/6707f-marie-priscilla-rodriguez\/a-propos\/#breadcrumb","itemListElement":[{"@type":"ListItem","position":1,"name":"Accueil","item":"http:\/\/diderot.education\/6707f-marie-priscilla-rodriguez\/"},{"@type":"ListItem","position":2,"name":"A Propos"}]},{"@type":"WebSite","@id":"http:\/\/diderot.education\/6707f-marie-priscilla-rodriguez\/#website","url":"http:\/\/diderot.education\/6707f-marie-priscilla-rodriguez\/","name":"PRISCILLA DIETETICIENNE","description":"LE PLAISIR DE MIEUX MANGER","potentialAction":[{"@type":"SearchAction","target":{"@type":"EntryPoint","urlTemplate":"http:\/\/diderot.education\/6707f-marie-priscilla-rodriguez\/?s={search_term_string}"},"query-input":{"@type":"PropertyValueSpecification","valueRequired":true,"valueName":"search_term_string"}}],"inLanguage":"fr-FR"}]}},"_links":{"self":[{"href":"http:\/\/diderot.education\/6707f-marie-priscilla-rodriguez\/wp-json\/wp\/v2\/pages\/85","targetHints":{"allow":["GET"]}}],"collection":[{"href":"http:\/\/diderot.education\/6707f-marie-priscilla-rodriguez\/wp-json\/wp\/v2\/pages"}],"about":[{"href":"http:\/\/diderot.education\/6707f-marie-priscilla-rodriguez\/wp-json\/wp\/v2\/types\/page"}],"author":[{"embeddable":true,"href":"http:\/\/diderot.education\/6707f-marie-priscilla-rodriguez\/wp-json\/wp\/v2\/users\/684"}],"replies":[{"embeddable":true,"href":"http:\/\/diderot.education\/6707f-marie-priscilla-rodriguez\/wp-json\/wp\/v2\/comments?post=85"}],"version-history":[{"count":102,"href":"http:\/\/diderot.education\/6707f-marie-priscilla-rodriguez\/wp-json\/wp\/v2\/pages\/85\/revisions"}],"predecessor-version":[{"id":925,"href":"http:\/\/diderot.education\/6707f-marie-priscilla-rodriguez\/wp-json\/wp\/v2\/pages\/85\/revisions\/925"}],"wp:attachment":[{"href":"http:\/\/diderot.education\/6707f-marie-priscilla-rodriguez\/wp-json\/wp\/v2\/media?parent=85"}],"curies":[{"name":"wp","href":"https:\/\/api.w.org\/{rel}","templated":true}]}}