{"id":93,"date":"2025-04-23T15:08:44","date_gmt":"2025-04-23T13:08:44","guid":{"rendered":"http:\/\/diderot.education\/672b9a79f1d9f-piradiba-mourouganandame\/?page_id=93"},"modified":"2025-05-12T19:12:33","modified_gmt":"2025-05-12T17:12:33","slug":"cv","status":"publish","type":"page","link":"http:\/\/diderot.education\/672b9a79f1d9f-piradiba-mourouganandame\/cv\/","title":{"rendered":"CV"},"content":{"rendered":"\t\t<div data-elementor-type=\"wp-page\" data-elementor-id=\"93\" class=\"elementor elementor-93\">\n\t\t\t\t<div class=\"elementor-element elementor-element-107a14b e-flex e-con-boxed wpr-particle-no wpr-jarallax-no wpr-parallax-no wpr-sticky-section-no wpr-column-slider-no wpr-equal-height-no e-con e-parent\" data-id=\"107a14b\" data-element_type=\"container\" data-e-type=\"container\">\n\t\t\t\t\t<div class=\"e-con-inner\">\n\t\t\t\t<div class=\"elementor-element elementor-element-38c79c79 elementor-widget elementor-widget-text-editor\" data-id=\"38c79c79\" data-element_type=\"widget\" data-e-type=\"widget\" data-widget_type=\"text-editor.default\">\n\t\t\t\t<div class=\"elementor-widget-container\">\n\t\t\t\t\t\t\t\t\t<p><span style=\"color: #003366\">Je suis Piradiba MOUROUGANANDAME, j&rsquo;ai 24 ans. Je suis en BTS Di\u00e9t\u00e9tique en nutrition humaine.<\/span><\/p><p><span style=\"color: #003366\">J&rsquo;ai eu des comp\u00e9tences sur la nutrition et la di\u00e9t\u00e9tique.<\/span><\/p><p><span style=\"color: #003366\">J&rsquo;ai particip\u00e9 \u00e0 un projet de pr\u00e9vention dans une \u00e9cole primaire sur l&rsquo;alimentation et sur le diab\u00e8te de type 2.<\/span><\/p><p><span style=\"color: #003366\">J&rsquo;ai effectu\u00e9 un stage en restauration collective pendant 3 semaines dans une maison de retraite.<\/span><\/p><p><span style=\"color: #003366\">Ce stage m&rsquo;a appris l&rsquo;hygi\u00e8ne, les pr\u00e9parations des repas chaudes et froides et le menu.<\/span><\/p><p><span style=\"color: #003366\">Passionn\u00e9e par la nutrition, mon but est de vous accompagner sur le diab\u00e8te \u00e0 travers une alimentation \u00e9quilibr\u00e9e et adapt\u00e9e. Je vais vous dire \u00e0 quel \u00e2ge commence le diab\u00e8te.<\/span><\/p><p><span style=\"color: #003366\">Vous pourrez me contacter si vous avez des personnes dans votre famille ou ami diab\u00e9tique, si vous voulez recevoir des conseils ou une aide.<\/span><\/p>\t\t\t\t\t\t\t\t<\/div>\n\t\t\t\t<\/div>\n\t\t\t\t\t<\/div>\n\t\t\t\t<\/div>\n\t\t\t\t<\/div>\n\t\t","protected":false},"excerpt":{"rendered":"<p>Je suis Piradiba MOUROUGANANDAME, j&rsquo;ai 24 ans. Je suis en BTS Di\u00e9t\u00e9tique en nutrition humaine. J&rsquo;ai eu des comp\u00e9tences sur la nutrition et la di\u00e9t\u00e9tique. J&rsquo;ai particip\u00e9 \u00e0 un projet de pr\u00e9vention dans une \u00e9cole primaire sur l&rsquo;alimentation et sur le diab\u00e8te de type 2. J&rsquo;ai effectu\u00e9 un stage en restauration collective pendant 3 semaines dans une maison de retraite. Ce stage m&rsquo;a appris l&rsquo;hygi\u00e8ne, les pr\u00e9parations des repas chaudes et froides et le menu. Passionn\u00e9e par la nutrition, mon but est de vous accompagner sur le diab\u00e8te \u00e0 travers une alimentation \u00e9quilibr\u00e9e et adapt\u00e9e. Je vais vous dire \u00e0 quel \u00e2ge commence le diab\u00e8te. Vous pourrez me contacter si vous avez des personnes dans votre famille ou ami diab\u00e9tique, si vous voulez recevoir des conseils ou une aide.<\/p>\n","protected":false},"author":741,"featured_media":0,"parent":0,"menu_order":0,"comment_status":"closed","ping_status":"closed","template":"elementor_theme","meta":{"om_disable_all_campaigns":false,"footnotes":""},"class_list":["post-93","page","type-page","status-publish","hentry"],"featured_image_src":null,"yoast_head":"<!-- This site is optimized with the Yoast SEO plugin v27.6 - https:\/\/yoast.com\/product\/yoast-seo-wordpress\/ -->\n<title>CV - Le diab\u00e9te<\/title>\n<meta name=\"robots\" content=\"index, follow, max-snippet:-1, max-image-preview:large, max-video-preview:-1\" \/>\n<link rel=\"canonical\" href=\"http:\/\/diderot.education\/672b9a79f1d9f-piradiba-mourouganandame\/cv\/\" \/>\n<meta property=\"og:locale\" content=\"fr_FR\" \/>\n<meta property=\"og:type\" content=\"article\" \/>\n<meta property=\"og:title\" content=\"CV - Le diab\u00e9te\" \/>\n<meta property=\"og:description\" content=\"Je suis Piradiba MOUROUGANANDAME, j&rsquo;ai 24 ans. Je suis en BTS Di\u00e9t\u00e9tique en nutrition humaine. J&rsquo;ai eu des comp\u00e9tences sur la nutrition et la di\u00e9t\u00e9tique. J&rsquo;ai particip\u00e9 \u00e0 un projet de pr\u00e9vention dans une \u00e9cole primaire sur l&rsquo;alimentation et sur le diab\u00e8te de type 2. J&rsquo;ai effectu\u00e9 un stage en restauration collective pendant 3 semaines dans une maison de retraite. Ce stage m&rsquo;a appris l&rsquo;hygi\u00e8ne, les pr\u00e9parations des repas chaudes et froides et le menu. Passionn\u00e9e par la nutrition, mon but est de vous accompagner sur le diab\u00e8te \u00e0 travers une alimentation \u00e9quilibr\u00e9e et adapt\u00e9e. Je vais vous dire \u00e0 quel \u00e2ge commence le diab\u00e8te. Vous pourrez me contacter si vous avez des personnes dans votre famille ou ami diab\u00e9tique, si vous voulez recevoir des conseils ou une aide.\" \/>\n<meta property=\"og:url\" content=\"http:\/\/diderot.education\/672b9a79f1d9f-piradiba-mourouganandame\/cv\/\" \/>\n<meta property=\"og:site_name\" content=\"Le diab\u00e9te\" \/>\n<meta property=\"article:modified_time\" content=\"2025-05-12T17:12:33+00:00\" \/>\n<meta name=\"twitter:card\" content=\"summary_large_image\" \/>\n<meta name=\"twitter:label1\" content=\"Dur\u00e9e de lecture estim\u00e9e\" \/>\n\t<meta name=\"twitter:data1\" content=\"1 minute\" \/>\n<script type=\"application\/ld+json\" class=\"yoast-schema-graph\">{\"@context\":\"https:\\\/\\\/schema.org\",\"@graph\":[{\"@type\":\"WebPage\",\"@id\":\"http:\\\/\\\/diderot.education\\\/672b9a79f1d9f-piradiba-mourouganandame\\\/cv\\\/\",\"url\":\"http:\\\/\\\/diderot.education\\\/672b9a79f1d9f-piradiba-mourouganandame\\\/cv\\\/\",\"name\":\"CV - Le diab\u00e9te\",\"isPartOf\":{\"@id\":\"http:\\\/\\\/diderot.education\\\/672b9a79f1d9f-piradiba-mourouganandame\\\/#website\"},\"datePublished\":\"2025-04-23T13:08:44+00:00\",\"dateModified\":\"2025-05-12T17:12:33+00:00\",\"breadcrumb\":{\"@id\":\"http:\\\/\\\/diderot.education\\\/672b9a79f1d9f-piradiba-mourouganandame\\\/cv\\\/#breadcrumb\"},\"inLanguage\":\"fr-FR\",\"potentialAction\":[{\"@type\":\"ReadAction\",\"target\":[\"http:\\\/\\\/diderot.education\\\/672b9a79f1d9f-piradiba-mourouganandame\\\/cv\\\/\"]}]},{\"@type\":\"BreadcrumbList\",\"@id\":\"http:\\\/\\\/diderot.education\\\/672b9a79f1d9f-piradiba-mourouganandame\\\/cv\\\/#breadcrumb\",\"itemListElement\":[{\"@type\":\"ListItem\",\"position\":1,\"name\":\"Accueil\",\"item\":\"http:\\\/\\\/diderot.education\\\/672b9a79f1d9f-piradiba-mourouganandame\\\/\"},{\"@type\":\"ListItem\",\"position\":2,\"name\":\"CV\"}]},{\"@type\":\"WebSite\",\"@id\":\"http:\\\/\\\/diderot.education\\\/672b9a79f1d9f-piradiba-mourouganandame\\\/#website\",\"url\":\"http:\\\/\\\/diderot.education\\\/672b9a79f1d9f-piradiba-mourouganandame\\\/\",\"name\":\"Le diab\u00e9te\",\"description\":\"\",\"potentialAction\":[{\"@type\":\"SearchAction\",\"target\":{\"@type\":\"EntryPoint\",\"urlTemplate\":\"http:\\\/\\\/diderot.education\\\/672b9a79f1d9f-piradiba-mourouganandame\\\/?s={search_term_string}\"},\"query-input\":{\"@type\":\"PropertyValueSpecification\",\"valueRequired\":true,\"valueName\":\"search_term_string\"}}],\"inLanguage\":\"fr-FR\"}]}<\/script>\n<!-- \/ Yoast SEO plugin. -->","yoast_head_json":{"title":"CV - Le diab\u00e9te","robots":{"index":"index","follow":"follow","max-snippet":"max-snippet:-1","max-image-preview":"max-image-preview:large","max-video-preview":"max-video-preview:-1"},"canonical":"http:\/\/diderot.education\/672b9a79f1d9f-piradiba-mourouganandame\/cv\/","og_locale":"fr_FR","og_type":"article","og_title":"CV - Le diab\u00e9te","og_description":"Je suis Piradiba MOUROUGANANDAME, j&rsquo;ai 24 ans. Je suis en BTS Di\u00e9t\u00e9tique en nutrition humaine. J&rsquo;ai eu des comp\u00e9tences sur la nutrition et la di\u00e9t\u00e9tique. J&rsquo;ai particip\u00e9 \u00e0 un projet de pr\u00e9vention dans une \u00e9cole primaire sur l&rsquo;alimentation et sur le diab\u00e8te de type 2. J&rsquo;ai effectu\u00e9 un stage en restauration collective pendant 3 semaines dans une maison de retraite. Ce stage m&rsquo;a appris l&rsquo;hygi\u00e8ne, les pr\u00e9parations des repas chaudes et froides et le menu. Passionn\u00e9e par la nutrition, mon but est de vous accompagner sur le diab\u00e8te \u00e0 travers une alimentation \u00e9quilibr\u00e9e et adapt\u00e9e. Je vais vous dire \u00e0 quel \u00e2ge commence le diab\u00e8te. Vous pourrez me contacter si vous avez des personnes dans votre famille ou ami diab\u00e9tique, si vous voulez recevoir des conseils ou une aide.","og_url":"http:\/\/diderot.education\/672b9a79f1d9f-piradiba-mourouganandame\/cv\/","og_site_name":"Le diab\u00e9te","article_modified_time":"2025-05-12T17:12:33+00:00","twitter_card":"summary_large_image","twitter_misc":{"Dur\u00e9e de lecture estim\u00e9e":"1 minute"},"schema":{"@context":"https:\/\/schema.org","@graph":[{"@type":"WebPage","@id":"http:\/\/diderot.education\/672b9a79f1d9f-piradiba-mourouganandame\/cv\/","url":"http:\/\/diderot.education\/672b9a79f1d9f-piradiba-mourouganandame\/cv\/","name":"CV - Le diab\u00e9te","isPartOf":{"@id":"http:\/\/diderot.education\/672b9a79f1d9f-piradiba-mourouganandame\/#website"},"datePublished":"2025-04-23T13:08:44+00:00","dateModified":"2025-05-12T17:12:33+00:00","breadcrumb":{"@id":"http:\/\/diderot.education\/672b9a79f1d9f-piradiba-mourouganandame\/cv\/#breadcrumb"},"inLanguage":"fr-FR","potentialAction":[{"@type":"ReadAction","target":["http:\/\/diderot.education\/672b9a79f1d9f-piradiba-mourouganandame\/cv\/"]}]},{"@type":"BreadcrumbList","@id":"http:\/\/diderot.education\/672b9a79f1d9f-piradiba-mourouganandame\/cv\/#breadcrumb","itemListElement":[{"@type":"ListItem","position":1,"name":"Accueil","item":"http:\/\/diderot.education\/672b9a79f1d9f-piradiba-mourouganandame\/"},{"@type":"ListItem","position":2,"name":"CV"}]},{"@type":"WebSite","@id":"http:\/\/diderot.education\/672b9a79f1d9f-piradiba-mourouganandame\/#website","url":"http:\/\/diderot.education\/672b9a79f1d9f-piradiba-mourouganandame\/","name":"Le diab\u00e9te","description":"","potentialAction":[{"@type":"SearchAction","target":{"@type":"EntryPoint","urlTemplate":"http:\/\/diderot.education\/672b9a79f1d9f-piradiba-mourouganandame\/?s={search_term_string}"},"query-input":{"@type":"PropertyValueSpecification","valueRequired":true,"valueName":"search_term_string"}}],"inLanguage":"fr-FR"}]}},"_links":{"self":[{"href":"http:\/\/diderot.education\/672b9a79f1d9f-piradiba-mourouganandame\/wp-json\/wp\/v2\/pages\/93","targetHints":{"allow":["GET"]}}],"collection":[{"href":"http:\/\/diderot.education\/672b9a79f1d9f-piradiba-mourouganandame\/wp-json\/wp\/v2\/pages"}],"about":[{"href":"http:\/\/diderot.education\/672b9a79f1d9f-piradiba-mourouganandame\/wp-json\/wp\/v2\/types\/page"}],"author":[{"embeddable":true,"href":"http:\/\/diderot.education\/672b9a79f1d9f-piradiba-mourouganandame\/wp-json\/wp\/v2\/users\/741"}],"replies":[{"embeddable":true,"href":"http:\/\/diderot.education\/672b9a79f1d9f-piradiba-mourouganandame\/wp-json\/wp\/v2\/comments?post=93"}],"version-history":[{"count":14,"href":"http:\/\/diderot.education\/672b9a79f1d9f-piradiba-mourouganandame\/wp-json\/wp\/v2\/pages\/93\/revisions"}],"predecessor-version":[{"id":212,"href":"http:\/\/diderot.education\/672b9a79f1d9f-piradiba-mourouganandame\/wp-json\/wp\/v2\/pages\/93\/revisions\/212"}],"wp:attachment":[{"href":"http:\/\/diderot.education\/672b9a79f1d9f-piradiba-mourouganandame\/wp-json\/wp\/v2\/media?parent=93"}],"curies":[{"name":"wp","href":"https:\/\/api.w.org\/{rel}","templated":true}]}}