{"id":95,"date":"2025-04-23T15:08:00","date_gmt":"2025-04-23T13:08:00","guid":{"rendered":"http:\/\/diderot.education\/672b9a79f1d9f-piradiba-mourouganandame\/?page_id=95"},"modified":"2025-05-12T19:01:54","modified_gmt":"2025-05-12T17:01:54","slug":"le-diabete","status":"publish","type":"page","link":"http:\/\/diderot.education\/672b9a79f1d9f-piradiba-mourouganandame\/le-diabete\/","title":{"rendered":"Le diab\u00e8te"},"content":{"rendered":"\t\t<div data-elementor-type=\"wp-page\" data-elementor-id=\"95\" class=\"elementor elementor-95\">\n\t\t\t\t<div class=\"elementor-element elementor-element-c9a2596 e-con-full e-flex wpr-particle-no wpr-jarallax-no wpr-parallax-no wpr-sticky-section-no wpr-column-slider-no wpr-equal-height-no e-con e-parent\" data-id=\"c9a2596\" data-element_type=\"container\" data-e-type=\"container\">\n\t\t\t\t<div class=\"elementor-element elementor-element-4baa346 elementor-widget elementor-widget-text-editor\" data-id=\"4baa346\" data-element_type=\"widget\" data-e-type=\"widget\" data-widget_type=\"text-editor.default\">\n\t\t\t\t<div class=\"elementor-widget-container\">\n\t\t\t\t\t\t\t\t\t<p><span style=\"color: #666699\">Le diab\u00e8te se caract\u00e9rise par une hyperglyc\u00e9mie chronique, c\u2019est-\u00e0-dire un exc\u00e8s de sucre dans le sang et donc un taux de glyc\u00e9mie trop \u00e9lev\u00e9. Les deux principaux types de diab\u00e8te : de type 1 et de type 2, sont des maladies distinctes mais toutes deux caract\u00e9ris\u00e9es par un exc\u00e8s de sucre dans le sang et qui n\u00e9cessitent une prise en charge s\u00e9rieuse.<\/span><\/p>\t\t\t\t\t\t\t\t<\/div>\n\t\t\t\t<\/div>\n\t\t\t\t<\/div>\n\t\t<div class=\"elementor-element elementor-element-0eaa736 e-con-full e-flex wpr-particle-no wpr-jarallax-no wpr-parallax-no wpr-sticky-section-no wpr-column-slider-no wpr-equal-height-no e-con e-parent\" data-id=\"0eaa736\" data-element_type=\"container\" data-e-type=\"container\">\n\t\t\t\t<div class=\"elementor-element elementor-element-743f3fb elementor-widget elementor-widget-video\" data-id=\"743f3fb\" data-element_type=\"widget\" data-e-type=\"widget\" data-settings=\"{&quot;youtube_url&quot;:&quot;https:\\\/\\\/www.youtube.com\\\/watch?v=5SO6G_ApN9A&amp;t=243s&quot;,&quot;lazy_load&quot;:&quot;yes&quot;,&quot;video_type&quot;:&quot;youtube&quot;,&quot;controls&quot;:&quot;yes&quot;}\" data-widget_type=\"video.default\">\n\t\t\t\t<div class=\"elementor-widget-container\">\n\t\t\t\t\t\t\t<div class=\"elementor-wrapper elementor-open-inline\">\n\t\t\t<div class=\"elementor-video\"><\/div>\t\t<\/div>\n\t\t\t\t\t\t<\/div>\n\t\t\t\t<\/div>\n\t\t\t\t<\/div>\n\t\t<div class=\"elementor-element elementor-element-fc51daa e-con-full e-flex wpr-particle-no wpr-jarallax-no wpr-parallax-no wpr-sticky-section-no wpr-column-slider-no wpr-equal-height-no e-con e-parent\" data-id=\"fc51daa\" data-element_type=\"container\" data-e-type=\"container\">\n\t\t\t\t<div class=\"elementor-element elementor-element-ebfcbf9 elementor-widget elementor-widget-heading\" data-id=\"ebfcbf9\" data-element_type=\"widget\" data-e-type=\"widget\" data-widget_type=\"heading.default\">\n\t\t\t\t<div class=\"elementor-widget-container\">\n\t\t\t\t\t<h3 class=\"elementor-heading-title elementor-size-default\">Diabete de type 1<\/h3>\t\t\t\t<\/div>\n\t\t\t\t<\/div>\n\t\t\t\t<\/div>\n\t\t<div class=\"elementor-element elementor-element-c24b165 e-con-full e-flex wpr-particle-no wpr-jarallax-no wpr-parallax-no wpr-sticky-section-no wpr-column-slider-no wpr-equal-height-no e-con e-parent\" data-id=\"c24b165\" data-element_type=\"container\" data-e-type=\"container\">\n\t\t\t\t<div class=\"elementor-element elementor-element-5c2f880 elementor-widget elementor-widget-text-editor\" data-id=\"5c2f880\" data-element_type=\"widget\" data-e-type=\"widget\" data-widget_type=\"text-editor.default\">\n\t\t\t\t<div class=\"elementor-widget-container\">\n\t\t\t\t\t\t\t\t\t<h6><span style=\"color: #008000\">Ce type de diab\u00e8te appara\u00eet g\u00e9n\u00e9ralement de moins de 20 ans.<\/span><\/h6>\t\t\t\t\t\t\t\t<\/div>\n\t\t\t\t<\/div>\n\t\t\t\t<\/div>\n\t\t<div class=\"elementor-element elementor-element-28cddc1 e-flex e-con-boxed wpr-particle-no wpr-jarallax-no wpr-parallax-no wpr-sticky-section-no wpr-column-slider-no wpr-equal-height-no e-con e-parent\" data-id=\"28cddc1\" data-element_type=\"container\" data-e-type=\"container\">\n\t\t\t\t\t<div class=\"e-con-inner\">\n\t\t\t\t<div class=\"elementor-element elementor-element-68ecadf elementor-widget elementor-widget-heading\" data-id=\"68ecadf\" data-element_type=\"widget\" data-e-type=\"widget\" data-widget_type=\"heading.default\">\n\t\t\t\t<div class=\"elementor-widget-container\">\n\t\t\t\t\t<h3 class=\"elementor-heading-title elementor-size-default\">Diabete de type 2<\/h3>\t\t\t\t<\/div>\n\t\t\t\t<\/div>\n\t\t\t\t\t<\/div>\n\t\t\t\t<\/div>\n\t\t<div class=\"elementor-element elementor-element-8c00e8b e-con-full e-flex wpr-particle-no wpr-jarallax-no wpr-parallax-no wpr-sticky-section-no wpr-column-slider-no wpr-equal-height-no e-con e-parent\" data-id=\"8c00e8b\" data-element_type=\"container\" data-e-type=\"container\">\n\t\t\t\t<div class=\"elementor-element elementor-element-8de6c7d elementor-widget elementor-widget-text-editor\" data-id=\"8de6c7d\" data-element_type=\"widget\" data-e-type=\"widget\" data-widget_type=\"text-editor.default\">\n\t\t\t\t<div class=\"elementor-widget-container\">\n\t\t\t\t\t\t\t\t\t<h6><span style=\"color: #008000\">Ce type de diab\u00e8te appara\u00eet \u00e0 l&rsquo;\u00e2ge adulte, chez les individus de 40 ans et plus.<\/span><\/h6>\t\t\t\t\t\t\t\t<\/div>\n\t\t\t\t<\/div>\n\t\t\t\t<\/div>\n\t\t<div class=\"elementor-element elementor-element-11bebd2 e-flex e-con-boxed wpr-particle-no wpr-jarallax-no wpr-parallax-no wpr-sticky-section-no wpr-column-slider-no wpr-equal-height-no e-con e-parent\" data-id=\"11bebd2\" data-element_type=\"container\" data-e-type=\"container\">\n\t\t\t\t\t<div class=\"e-con-inner\">\n\t\t\t\t<div class=\"elementor-element elementor-element-ae2b5f1 elementor-widget elementor-widget-heading\" data-id=\"ae2b5f1\" data-element_type=\"widget\" data-e-type=\"widget\" data-widget_type=\"heading.default\">\n\t\t\t\t<div class=\"elementor-widget-container\">\n\t\t\t\t\t<h3 class=\"elementor-heading-title elementor-size-default\">Causes<\/h3>\t\t\t\t<\/div>\n\t\t\t\t<\/div>\n\t\t\t\t\t<\/div>\n\t\t\t\t<\/div>\n\t\t<div class=\"elementor-element elementor-element-478e4db e-grid e-con-full wpr-particle-no wpr-jarallax-no wpr-parallax-no wpr-sticky-section-no wpr-column-slider-no wpr-equal-height-no e-con e-parent\" data-id=\"478e4db\" data-element_type=\"container\" data-e-type=\"container\">\n\t\t\t\t<div class=\"elementor-element elementor-element-af1f313 elementor-widget elementor-widget-text-editor\" data-id=\"af1f313\" data-element_type=\"widget\" data-e-type=\"widget\" data-widget_type=\"text-editor.default\">\n\t\t\t\t<div class=\"elementor-widget-container\">\n\t\t\t\t\t\t\t\t\t<blockquote><h6><span style=\"color: #008000\">Le surpoids, l&rsquo;ob\u00e9sit\u00e9;<\/span><br \/><span style=\"color: #008000\">Manque d&rsquo;activit\u00e9 physique et une alimentation d\u00e9s\u00e9quilibr\u00e9;<\/span><br \/><span style=\"color: #008000\">Le tabagisme;<\/span><br \/><span style=\"color: #008000\">L&rsquo;\u00e2ge;<\/span><\/h6><\/blockquote>\t\t\t\t\t\t\t\t<\/div>\n\t\t\t\t<\/div>\n\t\t\t\t<\/div>\n\t\t\t\t<\/div>\n\t\t","protected":false},"excerpt":{"rendered":"<p>Le diab\u00e8te se caract\u00e9rise par une hyperglyc\u00e9mie chronique, c\u2019est-\u00e0-dire un exc\u00e8s de sucre dans le sang et donc un taux de glyc\u00e9mie trop \u00e9lev\u00e9. Les deux principaux types de diab\u00e8te : de type 1 et de type 2, sont des maladies distinctes mais toutes deux caract\u00e9ris\u00e9es par un exc\u00e8s de sucre dans le sang et qui n\u00e9cessitent une prise en charge s\u00e9rieuse. https:\/\/www.youtube.com\/watch?v=5SO6G_ApN9A&#038;t=243s Diabete de type 1 Ce type de diab\u00e8te appara\u00eet g\u00e9n\u00e9ralement de moins de 20 ans. Diabete de type 2 Ce type de diab\u00e8te appara\u00eet \u00e0 l&rsquo;\u00e2ge adulte, chez les individus de 40 ans et plus. Causes Le surpoids, l&rsquo;ob\u00e9sit\u00e9;Manque d&rsquo;activit\u00e9 physique et une alimentation d\u00e9s\u00e9quilibr\u00e9;Le tabagisme;L&rsquo;\u00e2ge;<\/p>\n","protected":false},"author":741,"featured_media":0,"parent":0,"menu_order":0,"comment_status":"closed","ping_status":"closed","template":"","meta":{"om_disable_all_campaigns":false,"footnotes":""},"class_list":["post-95","page","type-page","status-publish","hentry"],"featured_image_src":null,"yoast_head":"<!-- This site is optimized with the Yoast SEO plugin v27.6 - https:\/\/yoast.com\/product\/yoast-seo-wordpress\/ -->\n<title>Le diab\u00e8te - Le diab\u00e9te<\/title>\n<meta name=\"robots\" content=\"index, follow, max-snippet:-1, max-image-preview:large, max-video-preview:-1\" \/>\n<link rel=\"canonical\" href=\"http:\/\/diderot.education\/672b9a79f1d9f-piradiba-mourouganandame\/le-diabete\/\" \/>\n<meta property=\"og:locale\" content=\"fr_FR\" \/>\n<meta property=\"og:type\" content=\"article\" \/>\n<meta property=\"og:title\" content=\"Le diab\u00e8te - Le diab\u00e9te\" \/>\n<meta property=\"og:description\" content=\"Le diab\u00e8te se caract\u00e9rise par une hyperglyc\u00e9mie chronique, c\u2019est-\u00e0-dire un exc\u00e8s de sucre dans le sang et donc un taux de glyc\u00e9mie trop \u00e9lev\u00e9. Les deux principaux types de diab\u00e8te : de type 1 et de type 2, sont des maladies distinctes mais toutes deux caract\u00e9ris\u00e9es par un exc\u00e8s de sucre dans le sang et qui n\u00e9cessitent une prise en charge s\u00e9rieuse. https:\/\/www.youtube.com\/watch?v=5SO6G_ApN9A&#038;t=243s Diabete de type 1 Ce type de diab\u00e8te appara\u00eet g\u00e9n\u00e9ralement de moins de 20 ans. Diabete de type 2 Ce type de diab\u00e8te appara\u00eet \u00e0 l&rsquo;\u00e2ge adulte, chez les individus de 40 ans et plus. Causes Le surpoids, l&rsquo;ob\u00e9sit\u00e9;Manque d&rsquo;activit\u00e9 physique et une alimentation d\u00e9s\u00e9quilibr\u00e9;Le tabagisme;L&rsquo;\u00e2ge;\" \/>\n<meta property=\"og:url\" content=\"http:\/\/diderot.education\/672b9a79f1d9f-piradiba-mourouganandame\/le-diabete\/\" \/>\n<meta property=\"og:site_name\" content=\"Le diab\u00e9te\" \/>\n<meta property=\"article:modified_time\" content=\"2025-05-12T17:01:54+00:00\" \/>\n<meta name=\"twitter:card\" content=\"summary_large_image\" \/>\n<meta name=\"twitter:label1\" content=\"Dur\u00e9e de lecture estim\u00e9e\" \/>\n\t<meta name=\"twitter:data1\" content=\"1 minute\" \/>\n<script type=\"application\/ld+json\" class=\"yoast-schema-graph\">{\"@context\":\"https:\\\/\\\/schema.org\",\"@graph\":[{\"@type\":\"WebPage\",\"@id\":\"http:\\\/\\\/diderot.education\\\/672b9a79f1d9f-piradiba-mourouganandame\\\/le-diabete\\\/\",\"url\":\"http:\\\/\\\/diderot.education\\\/672b9a79f1d9f-piradiba-mourouganandame\\\/le-diabete\\\/\",\"name\":\"Le diab\u00e8te - Le diab\u00e9te\",\"isPartOf\":{\"@id\":\"http:\\\/\\\/diderot.education\\\/672b9a79f1d9f-piradiba-mourouganandame\\\/#website\"},\"datePublished\":\"2025-04-23T13:08:00+00:00\",\"dateModified\":\"2025-05-12T17:01:54+00:00\",\"breadcrumb\":{\"@id\":\"http:\\\/\\\/diderot.education\\\/672b9a79f1d9f-piradiba-mourouganandame\\\/le-diabete\\\/#breadcrumb\"},\"inLanguage\":\"fr-FR\",\"potentialAction\":[{\"@type\":\"ReadAction\",\"target\":[\"http:\\\/\\\/diderot.education\\\/672b9a79f1d9f-piradiba-mourouganandame\\\/le-diabete\\\/\"]}]},{\"@type\":\"BreadcrumbList\",\"@id\":\"http:\\\/\\\/diderot.education\\\/672b9a79f1d9f-piradiba-mourouganandame\\\/le-diabete\\\/#breadcrumb\",\"itemListElement\":[{\"@type\":\"ListItem\",\"position\":1,\"name\":\"Accueil\",\"item\":\"http:\\\/\\\/diderot.education\\\/672b9a79f1d9f-piradiba-mourouganandame\\\/\"},{\"@type\":\"ListItem\",\"position\":2,\"name\":\"Le diab\u00e8te\"}]},{\"@type\":\"WebSite\",\"@id\":\"http:\\\/\\\/diderot.education\\\/672b9a79f1d9f-piradiba-mourouganandame\\\/#website\",\"url\":\"http:\\\/\\\/diderot.education\\\/672b9a79f1d9f-piradiba-mourouganandame\\\/\",\"name\":\"Le diab\u00e9te\",\"description\":\"\",\"potentialAction\":[{\"@type\":\"SearchAction\",\"target\":{\"@type\":\"EntryPoint\",\"urlTemplate\":\"http:\\\/\\\/diderot.education\\\/672b9a79f1d9f-piradiba-mourouganandame\\\/?s={search_term_string}\"},\"query-input\":{\"@type\":\"PropertyValueSpecification\",\"valueRequired\":true,\"valueName\":\"search_term_string\"}}],\"inLanguage\":\"fr-FR\"}]}<\/script>\n<!-- \/ Yoast SEO plugin. -->","yoast_head_json":{"title":"Le diab\u00e8te - Le diab\u00e9te","robots":{"index":"index","follow":"follow","max-snippet":"max-snippet:-1","max-image-preview":"max-image-preview:large","max-video-preview":"max-video-preview:-1"},"canonical":"http:\/\/diderot.education\/672b9a79f1d9f-piradiba-mourouganandame\/le-diabete\/","og_locale":"fr_FR","og_type":"article","og_title":"Le diab\u00e8te - Le diab\u00e9te","og_description":"Le diab\u00e8te se caract\u00e9rise par une hyperglyc\u00e9mie chronique, c\u2019est-\u00e0-dire un exc\u00e8s de sucre dans le sang et donc un taux de glyc\u00e9mie trop \u00e9lev\u00e9. Les deux principaux types de diab\u00e8te : de type 1 et de type 2, sont des maladies distinctes mais toutes deux caract\u00e9ris\u00e9es par un exc\u00e8s de sucre dans le sang et qui n\u00e9cessitent une prise en charge s\u00e9rieuse. https:\/\/www.youtube.com\/watch?v=5SO6G_ApN9A&#038;t=243s Diabete de type 1 Ce type de diab\u00e8te appara\u00eet g\u00e9n\u00e9ralement de moins de 20 ans. Diabete de type 2 Ce type de diab\u00e8te appara\u00eet \u00e0 l&rsquo;\u00e2ge adulte, chez les individus de 40 ans et plus. Causes Le surpoids, l&rsquo;ob\u00e9sit\u00e9;Manque d&rsquo;activit\u00e9 physique et une alimentation d\u00e9s\u00e9quilibr\u00e9;Le tabagisme;L&rsquo;\u00e2ge;","og_url":"http:\/\/diderot.education\/672b9a79f1d9f-piradiba-mourouganandame\/le-diabete\/","og_site_name":"Le diab\u00e9te","article_modified_time":"2025-05-12T17:01:54+00:00","twitter_card":"summary_large_image","twitter_misc":{"Dur\u00e9e de lecture estim\u00e9e":"1 minute"},"schema":{"@context":"https:\/\/schema.org","@graph":[{"@type":"WebPage","@id":"http:\/\/diderot.education\/672b9a79f1d9f-piradiba-mourouganandame\/le-diabete\/","url":"http:\/\/diderot.education\/672b9a79f1d9f-piradiba-mourouganandame\/le-diabete\/","name":"Le diab\u00e8te - Le diab\u00e9te","isPartOf":{"@id":"http:\/\/diderot.education\/672b9a79f1d9f-piradiba-mourouganandame\/#website"},"datePublished":"2025-04-23T13:08:00+00:00","dateModified":"2025-05-12T17:01:54+00:00","breadcrumb":{"@id":"http:\/\/diderot.education\/672b9a79f1d9f-piradiba-mourouganandame\/le-diabete\/#breadcrumb"},"inLanguage":"fr-FR","potentialAction":[{"@type":"ReadAction","target":["http:\/\/diderot.education\/672b9a79f1d9f-piradiba-mourouganandame\/le-diabete\/"]}]},{"@type":"BreadcrumbList","@id":"http:\/\/diderot.education\/672b9a79f1d9f-piradiba-mourouganandame\/le-diabete\/#breadcrumb","itemListElement":[{"@type":"ListItem","position":1,"name":"Accueil","item":"http:\/\/diderot.education\/672b9a79f1d9f-piradiba-mourouganandame\/"},{"@type":"ListItem","position":2,"name":"Le diab\u00e8te"}]},{"@type":"WebSite","@id":"http:\/\/diderot.education\/672b9a79f1d9f-piradiba-mourouganandame\/#website","url":"http:\/\/diderot.education\/672b9a79f1d9f-piradiba-mourouganandame\/","name":"Le diab\u00e9te","description":"","potentialAction":[{"@type":"SearchAction","target":{"@type":"EntryPoint","urlTemplate":"http:\/\/diderot.education\/672b9a79f1d9f-piradiba-mourouganandame\/?s={search_term_string}"},"query-input":{"@type":"PropertyValueSpecification","valueRequired":true,"valueName":"search_term_string"}}],"inLanguage":"fr-FR"}]}},"_links":{"self":[{"href":"http:\/\/diderot.education\/672b9a79f1d9f-piradiba-mourouganandame\/wp-json\/wp\/v2\/pages\/95","targetHints":{"allow":["GET"]}}],"collection":[{"href":"http:\/\/diderot.education\/672b9a79f1d9f-piradiba-mourouganandame\/wp-json\/wp\/v2\/pages"}],"about":[{"href":"http:\/\/diderot.education\/672b9a79f1d9f-piradiba-mourouganandame\/wp-json\/wp\/v2\/types\/page"}],"author":[{"embeddable":true,"href":"http:\/\/diderot.education\/672b9a79f1d9f-piradiba-mourouganandame\/wp-json\/wp\/v2\/users\/741"}],"replies":[{"embeddable":true,"href":"http:\/\/diderot.education\/672b9a79f1d9f-piradiba-mourouganandame\/wp-json\/wp\/v2\/comments?post=95"}],"version-history":[{"count":23,"href":"http:\/\/diderot.education\/672b9a79f1d9f-piradiba-mourouganandame\/wp-json\/wp\/v2\/pages\/95\/revisions"}],"predecessor-version":[{"id":205,"href":"http:\/\/diderot.education\/672b9a79f1d9f-piradiba-mourouganandame\/wp-json\/wp\/v2\/pages\/95\/revisions\/205"}],"wp:attachment":[{"href":"http:\/\/diderot.education\/672b9a79f1d9f-piradiba-mourouganandame\/wp-json\/wp\/v2\/media?parent=95"}],"curies":[{"name":"wp","href":"https:\/\/api.w.org\/{rel}","templated":true}]}}