{"id":97,"date":"2025-04-23T15:08:32","date_gmt":"2025-04-23T13:08:32","guid":{"rendered":"http:\/\/diderot.education\/672b9a79f1d9f-piradiba-mourouganandame\/?page_id=97"},"modified":"2025-05-12T18:40:15","modified_gmt":"2025-05-12T16:40:15","slug":"evenements","status":"publish","type":"page","link":"http:\/\/diderot.education\/672b9a79f1d9f-piradiba-mourouganandame\/evenements\/","title":{"rendered":"\u00c9v\u00e9nements"},"content":{"rendered":"\t\t<div data-elementor-type=\"wp-page\" data-elementor-id=\"97\" class=\"elementor elementor-97\">\n\t\t\t\t<div class=\"elementor-element elementor-element-bb77c03 e-grid e-con-full wpr-particle-no wpr-jarallax-no wpr-parallax-no wpr-sticky-section-no wpr-column-slider-no wpr-equal-height-no e-con e-parent\" data-id=\"bb77c03\" data-element_type=\"container\" data-e-type=\"container\">\n\t\t\t\t<div class=\"elementor-element elementor-element-a29689d elementor-widget elementor-widget-text-editor\" data-id=\"a29689d\" data-element_type=\"widget\" data-e-type=\"widget\" data-widget_type=\"text-editor.default\">\n\t\t\t\t<div class=\"elementor-widget-container\">\n\t\t\t\t\t\t\t\t\t<p><span style=\"color: #008080\">Projet de pr\u00e9vention<\/span><\/p><p><span style=\"color: #99ccff\">R\u00e9alisation dans une classe de primaire CM2<\/span><\/p><p><img fetchpriority=\"high\" decoding=\"async\" class=\"alignleft\" style=\"margin-left: 0px;margin-top: 0px\" src=\"https:\/\/lh7-rt.googleusercontent.com\/docsz\/AD_4nXd8z-rQEBIOsCxcKqIrUPJT-pBGl7upKfb9f545DvJC1Vov42dGA657a4WAmPxkhTU8Ev-3HOiNIey5w0EBAqVkec_Kcbj0mybISwCVkSJv7fAt2flzS-Jhz19TCH-_LdIcfq_QuQ?key=ZfvO4ZNHwLjI4L0TVfAtk8kW\" width=\"364\" height=\"486\" \/><\/p>\t\t\t\t\t\t\t\t<\/div>\n\t\t\t\t<\/div>\n\t\t\t\t<div class=\"elementor-element elementor-element-b8a7f4f elementor-widget elementor-widget-text-editor\" data-id=\"b8a7f4f\" data-element_type=\"widget\" data-e-type=\"widget\" data-widget_type=\"text-editor.default\">\n\t\t\t\t<div class=\"elementor-widget-container\">\n\t\t\t\t\t\t\t\t\t<p><span style=\"color: #ffcc99\">Atelier de cuisine pour les personnes \u00e2g\u00e9es<\/span><\/p><p><span id=\"docs-internal-guid-89435c06-7fff-b7a9-768c-58b83d0a29ae\"><span style=\"font-size: 11pt;font-family: Arial, sans-serif;color: #000000;background-color: transparent;vertical-align: baseline\"><span style=\"border: none;overflow: hidden;width: 332px;height: 249px\"><img decoding=\"async\" class=\"alignleft\" style=\"margin-left: 0px;margin-top: 0px\" src=\"https:\/\/lh7-rt.googleusercontent.com\/docsz\/AD_4nXd-XKOQP7g18SwOj4L_B6aWe6U01ePKstJhiHvv5thuOctbS9Q6FdJcuJIUo1xPJ1uBBzKrOVOjYoy-0MqiPNOlAadBubIbP0T_KZtYW5Ge0ISN2TmqpS0pJCF27dOnIkkNZrvYbw?key=DtGDqZnD27rTkIO_Rq4lc9Iy\" width=\"226\" height=\"170\" \/><\/span><\/span><\/span><\/p>\t\t\t\t\t\t\t\t<\/div>\n\t\t\t\t<\/div>\n\t\t\t\t<\/div>\n\t\t\t\t<\/div>\n\t\t","protected":false},"excerpt":{"rendered":"<p>Projet de pr\u00e9vention R\u00e9alisation dans une classe de primaire CM2 Atelier de cuisine pour les personnes \u00e2g\u00e9es<\/p>\n","protected":false},"author":741,"featured_media":0,"parent":0,"menu_order":0,"comment_status":"closed","ping_status":"closed","template":"","meta":{"om_disable_all_campaigns":false,"footnotes":""},"class_list":["post-97","page","type-page","status-publish","hentry"],"featured_image_src":null,"yoast_head":"<!-- This site is optimized with the Yoast SEO plugin v27.6 - https:\/\/yoast.com\/product\/yoast-seo-wordpress\/ -->\n<title>\u00c9v\u00e9nements - Le diab\u00e9te<\/title>\n<meta name=\"robots\" content=\"index, follow, max-snippet:-1, max-image-preview:large, max-video-preview:-1\" \/>\n<link rel=\"canonical\" href=\"http:\/\/diderot.education\/672b9a79f1d9f-piradiba-mourouganandame\/evenements\/\" \/>\n<meta property=\"og:locale\" content=\"fr_FR\" \/>\n<meta property=\"og:type\" content=\"article\" \/>\n<meta property=\"og:title\" content=\"\u00c9v\u00e9nements - Le diab\u00e9te\" \/>\n<meta property=\"og:description\" content=\"Projet de pr\u00e9vention R\u00e9alisation dans une classe de primaire CM2 Atelier de cuisine pour les personnes \u00e2g\u00e9es\" \/>\n<meta property=\"og:url\" content=\"http:\/\/diderot.education\/672b9a79f1d9f-piradiba-mourouganandame\/evenements\/\" \/>\n<meta property=\"og:site_name\" content=\"Le diab\u00e9te\" \/>\n<meta property=\"article:modified_time\" content=\"2025-05-12T16:40:15+00:00\" \/>\n<meta property=\"og:image\" content=\"https:\/\/lh7-rt.googleusercontent.com\/docsz\/AD_4nXd8z-rQEBIOsCxcKqIrUPJT-pBGl7upKfb9f545DvJC1Vov42dGA657a4WAmPxkhTU8Ev-3HOiNIey5w0EBAqVkec_Kcbj0mybISwCVkSJv7fAt2flzS-Jhz19TCH-_LdIcfq_QuQ?key=ZfvO4ZNHwLjI4L0TVfAtk8kW\" \/>\n<meta name=\"twitter:card\" content=\"summary_large_image\" \/>\n<meta name=\"twitter:label1\" content=\"Dur\u00e9e de lecture estim\u00e9e\" \/>\n\t<meta name=\"twitter:data1\" content=\"1 minute\" \/>\n<script type=\"application\/ld+json\" class=\"yoast-schema-graph\">{\"@context\":\"https:\\\/\\\/schema.org\",\"@graph\":[{\"@type\":\"WebPage\",\"@id\":\"http:\\\/\\\/diderot.education\\\/672b9a79f1d9f-piradiba-mourouganandame\\\/evenements\\\/\",\"url\":\"http:\\\/\\\/diderot.education\\\/672b9a79f1d9f-piradiba-mourouganandame\\\/evenements\\\/\",\"name\":\"\u00c9v\u00e9nements - Le diab\u00e9te\",\"isPartOf\":{\"@id\":\"http:\\\/\\\/diderot.education\\\/672b9a79f1d9f-piradiba-mourouganandame\\\/#website\"},\"primaryImageOfPage\":{\"@id\":\"http:\\\/\\\/diderot.education\\\/672b9a79f1d9f-piradiba-mourouganandame\\\/evenements\\\/#primaryimage\"},\"image\":{\"@id\":\"http:\\\/\\\/diderot.education\\\/672b9a79f1d9f-piradiba-mourouganandame\\\/evenements\\\/#primaryimage\"},\"thumbnailUrl\":\"https:\\\/\\\/lh7-rt.googleusercontent.com\\\/docsz\\\/AD_4nXd8z-rQEBIOsCxcKqIrUPJT-pBGl7upKfb9f545DvJC1Vov42dGA657a4WAmPxkhTU8Ev-3HOiNIey5w0EBAqVkec_Kcbj0mybISwCVkSJv7fAt2flzS-Jhz19TCH-_LdIcfq_QuQ?key=ZfvO4ZNHwLjI4L0TVfAtk8kW\",\"datePublished\":\"2025-04-23T13:08:32+00:00\",\"dateModified\":\"2025-05-12T16:40:15+00:00\",\"breadcrumb\":{\"@id\":\"http:\\\/\\\/diderot.education\\\/672b9a79f1d9f-piradiba-mourouganandame\\\/evenements\\\/#breadcrumb\"},\"inLanguage\":\"fr-FR\",\"potentialAction\":[{\"@type\":\"ReadAction\",\"target\":[\"http:\\\/\\\/diderot.education\\\/672b9a79f1d9f-piradiba-mourouganandame\\\/evenements\\\/\"]}]},{\"@type\":\"ImageObject\",\"inLanguage\":\"fr-FR\",\"@id\":\"http:\\\/\\\/diderot.education\\\/672b9a79f1d9f-piradiba-mourouganandame\\\/evenements\\\/#primaryimage\",\"url\":\"https:\\\/\\\/lh7-rt.googleusercontent.com\\\/docsz\\\/AD_4nXd8z-rQEBIOsCxcKqIrUPJT-pBGl7upKfb9f545DvJC1Vov42dGA657a4WAmPxkhTU8Ev-3HOiNIey5w0EBAqVkec_Kcbj0mybISwCVkSJv7fAt2flzS-Jhz19TCH-_LdIcfq_QuQ?key=ZfvO4ZNHwLjI4L0TVfAtk8kW\",\"contentUrl\":\"https:\\\/\\\/lh7-rt.googleusercontent.com\\\/docsz\\\/AD_4nXd8z-rQEBIOsCxcKqIrUPJT-pBGl7upKfb9f545DvJC1Vov42dGA657a4WAmPxkhTU8Ev-3HOiNIey5w0EBAqVkec_Kcbj0mybISwCVkSJv7fAt2flzS-Jhz19TCH-_LdIcfq_QuQ?key=ZfvO4ZNHwLjI4L0TVfAtk8kW\"},{\"@type\":\"BreadcrumbList\",\"@id\":\"http:\\\/\\\/diderot.education\\\/672b9a79f1d9f-piradiba-mourouganandame\\\/evenements\\\/#breadcrumb\",\"itemListElement\":[{\"@type\":\"ListItem\",\"position\":1,\"name\":\"Accueil\",\"item\":\"http:\\\/\\\/diderot.education\\\/672b9a79f1d9f-piradiba-mourouganandame\\\/\"},{\"@type\":\"ListItem\",\"position\":2,\"name\":\"\u00c9v\u00e9nements\"}]},{\"@type\":\"WebSite\",\"@id\":\"http:\\\/\\\/diderot.education\\\/672b9a79f1d9f-piradiba-mourouganandame\\\/#website\",\"url\":\"http:\\\/\\\/diderot.education\\\/672b9a79f1d9f-piradiba-mourouganandame\\\/\",\"name\":\"Le diab\u00e9te\",\"description\":\"\",\"potentialAction\":[{\"@type\":\"SearchAction\",\"target\":{\"@type\":\"EntryPoint\",\"urlTemplate\":\"http:\\\/\\\/diderot.education\\\/672b9a79f1d9f-piradiba-mourouganandame\\\/?s={search_term_string}\"},\"query-input\":{\"@type\":\"PropertyValueSpecification\",\"valueRequired\":true,\"valueName\":\"search_term_string\"}}],\"inLanguage\":\"fr-FR\"}]}<\/script>\n<!-- \/ Yoast SEO plugin. -->","yoast_head_json":{"title":"\u00c9v\u00e9nements - Le diab\u00e9te","robots":{"index":"index","follow":"follow","max-snippet":"max-snippet:-1","max-image-preview":"max-image-preview:large","max-video-preview":"max-video-preview:-1"},"canonical":"http:\/\/diderot.education\/672b9a79f1d9f-piradiba-mourouganandame\/evenements\/","og_locale":"fr_FR","og_type":"article","og_title":"\u00c9v\u00e9nements - Le diab\u00e9te","og_description":"Projet de pr\u00e9vention R\u00e9alisation dans une classe de primaire CM2 Atelier de cuisine pour les personnes \u00e2g\u00e9es","og_url":"http:\/\/diderot.education\/672b9a79f1d9f-piradiba-mourouganandame\/evenements\/","og_site_name":"Le diab\u00e9te","article_modified_time":"2025-05-12T16:40:15+00:00","og_image":[{"url":"https:\/\/lh7-rt.googleusercontent.com\/docsz\/AD_4nXd8z-rQEBIOsCxcKqIrUPJT-pBGl7upKfb9f545DvJC1Vov42dGA657a4WAmPxkhTU8Ev-3HOiNIey5w0EBAqVkec_Kcbj0mybISwCVkSJv7fAt2flzS-Jhz19TCH-_LdIcfq_QuQ?key=ZfvO4ZNHwLjI4L0TVfAtk8kW","type":"","width":"","height":""}],"twitter_card":"summary_large_image","twitter_misc":{"Dur\u00e9e de lecture estim\u00e9e":"1 minute"},"schema":{"@context":"https:\/\/schema.org","@graph":[{"@type":"WebPage","@id":"http:\/\/diderot.education\/672b9a79f1d9f-piradiba-mourouganandame\/evenements\/","url":"http:\/\/diderot.education\/672b9a79f1d9f-piradiba-mourouganandame\/evenements\/","name":"\u00c9v\u00e9nements - Le diab\u00e9te","isPartOf":{"@id":"http:\/\/diderot.education\/672b9a79f1d9f-piradiba-mourouganandame\/#website"},"primaryImageOfPage":{"@id":"http:\/\/diderot.education\/672b9a79f1d9f-piradiba-mourouganandame\/evenements\/#primaryimage"},"image":{"@id":"http:\/\/diderot.education\/672b9a79f1d9f-piradiba-mourouganandame\/evenements\/#primaryimage"},"thumbnailUrl":"https:\/\/lh7-rt.googleusercontent.com\/docsz\/AD_4nXd8z-rQEBIOsCxcKqIrUPJT-pBGl7upKfb9f545DvJC1Vov42dGA657a4WAmPxkhTU8Ev-3HOiNIey5w0EBAqVkec_Kcbj0mybISwCVkSJv7fAt2flzS-Jhz19TCH-_LdIcfq_QuQ?key=ZfvO4ZNHwLjI4L0TVfAtk8kW","datePublished":"2025-04-23T13:08:32+00:00","dateModified":"2025-05-12T16:40:15+00:00","breadcrumb":{"@id":"http:\/\/diderot.education\/672b9a79f1d9f-piradiba-mourouganandame\/evenements\/#breadcrumb"},"inLanguage":"fr-FR","potentialAction":[{"@type":"ReadAction","target":["http:\/\/diderot.education\/672b9a79f1d9f-piradiba-mourouganandame\/evenements\/"]}]},{"@type":"ImageObject","inLanguage":"fr-FR","@id":"http:\/\/diderot.education\/672b9a79f1d9f-piradiba-mourouganandame\/evenements\/#primaryimage","url":"https:\/\/lh7-rt.googleusercontent.com\/docsz\/AD_4nXd8z-rQEBIOsCxcKqIrUPJT-pBGl7upKfb9f545DvJC1Vov42dGA657a4WAmPxkhTU8Ev-3HOiNIey5w0EBAqVkec_Kcbj0mybISwCVkSJv7fAt2flzS-Jhz19TCH-_LdIcfq_QuQ?key=ZfvO4ZNHwLjI4L0TVfAtk8kW","contentUrl":"https:\/\/lh7-rt.googleusercontent.com\/docsz\/AD_4nXd8z-rQEBIOsCxcKqIrUPJT-pBGl7upKfb9f545DvJC1Vov42dGA657a4WAmPxkhTU8Ev-3HOiNIey5w0EBAqVkec_Kcbj0mybISwCVkSJv7fAt2flzS-Jhz19TCH-_LdIcfq_QuQ?key=ZfvO4ZNHwLjI4L0TVfAtk8kW"},{"@type":"BreadcrumbList","@id":"http:\/\/diderot.education\/672b9a79f1d9f-piradiba-mourouganandame\/evenements\/#breadcrumb","itemListElement":[{"@type":"ListItem","position":1,"name":"Accueil","item":"http:\/\/diderot.education\/672b9a79f1d9f-piradiba-mourouganandame\/"},{"@type":"ListItem","position":2,"name":"\u00c9v\u00e9nements"}]},{"@type":"WebSite","@id":"http:\/\/diderot.education\/672b9a79f1d9f-piradiba-mourouganandame\/#website","url":"http:\/\/diderot.education\/672b9a79f1d9f-piradiba-mourouganandame\/","name":"Le diab\u00e9te","description":"","potentialAction":[{"@type":"SearchAction","target":{"@type":"EntryPoint","urlTemplate":"http:\/\/diderot.education\/672b9a79f1d9f-piradiba-mourouganandame\/?s={search_term_string}"},"query-input":{"@type":"PropertyValueSpecification","valueRequired":true,"valueName":"search_term_string"}}],"inLanguage":"fr-FR"}]}},"_links":{"self":[{"href":"http:\/\/diderot.education\/672b9a79f1d9f-piradiba-mourouganandame\/wp-json\/wp\/v2\/pages\/97","targetHints":{"allow":["GET"]}}],"collection":[{"href":"http:\/\/diderot.education\/672b9a79f1d9f-piradiba-mourouganandame\/wp-json\/wp\/v2\/pages"}],"about":[{"href":"http:\/\/diderot.education\/672b9a79f1d9f-piradiba-mourouganandame\/wp-json\/wp\/v2\/types\/page"}],"author":[{"embeddable":true,"href":"http:\/\/diderot.education\/672b9a79f1d9f-piradiba-mourouganandame\/wp-json\/wp\/v2\/users\/741"}],"replies":[{"embeddable":true,"href":"http:\/\/diderot.education\/672b9a79f1d9f-piradiba-mourouganandame\/wp-json\/wp\/v2\/comments?post=97"}],"version-history":[{"count":10,"href":"http:\/\/diderot.education\/672b9a79f1d9f-piradiba-mourouganandame\/wp-json\/wp\/v2\/pages\/97\/revisions"}],"predecessor-version":[{"id":198,"href":"http:\/\/diderot.education\/672b9a79f1d9f-piradiba-mourouganandame\/wp-json\/wp\/v2\/pages\/97\/revisions\/198"}],"wp:attachment":[{"href":"http:\/\/diderot.education\/672b9a79f1d9f-piradiba-mourouganandame\/wp-json\/wp\/v2\/media?parent=97"}],"curies":[{"name":"wp","href":"https:\/\/api.w.org\/{rel}","templated":true}]}}