{"id":99,"date":"2025-04-23T15:11:59","date_gmt":"2025-04-23T13:11:59","guid":{"rendered":"http:\/\/diderot.education\/672b9a79f1d9f-piradiba-mourouganandame\/?page_id=99"},"modified":"2025-05-12T19:13:42","modified_gmt":"2025-05-12T17:13:42","slug":"menu-equilibre","status":"publish","type":"page","link":"http:\/\/diderot.education\/672b9a79f1d9f-piradiba-mourouganandame\/le-diabete\/menu-equilibre\/","title":{"rendered":"Menu \u00e9quilibr\u00e9"},"content":{"rendered":"\t\t<div data-elementor-type=\"wp-page\" data-elementor-id=\"99\" class=\"elementor elementor-99\">\n\t\t\t\t<div class=\"elementor-element elementor-element-271094cf e-flex e-con-boxed wpr-particle-no wpr-jarallax-no wpr-parallax-no wpr-sticky-section-no wpr-column-slider-no wpr-equal-height-no e-con e-parent\" data-id=\"271094cf\" data-element_type=\"container\" data-e-type=\"container\">\n\t\t\t\t\t<div class=\"e-con-inner\">\n\t\t\t\t<div class=\"elementor-element elementor-element-55a984a5 elementor-widget elementor-widget-text-editor\" data-id=\"55a984a5\" data-element_type=\"widget\" data-e-type=\"widget\" data-widget_type=\"text-editor.default\">\n\t\t\t\t<div class=\"elementor-widget-container\">\n\t\t\t\t\t\t\t\t\t<p class=\"has-text-align-left\" style=\"text-align: left\"><span style=\"color: #003300\">Je vous pr\u00e9sente un go\u00fbter id\u00e9al.<\/span><\/p>\n<p class=\"has-text-align-left\" style=\"text-align: left\"><span style=\"color: #003300\"><strong><span style=\"text-decoration: underline\">Premier menu<\/span><\/strong><\/span><\/p>\n<p><span style=\"color: #003300\"><!-- \/wp:paragraph --><!-- wp:group {\"layout\":{\"type\":\"constrained\"}} --><\/span><\/p>\n<div class=\"wp-block-group\">\n<p><span style=\"color: #003300\"><!-- wp:group {\"layout\":{\"type\":\"flex\",\"flexWrap\":\"nowrap\"}} --><\/span><\/p>\n<div class=\"wp-block-group\">\n<p style=\"text-align: left\"><span style=\"color: #003300\">1 bol de lait<\/span><\/p>\n<p><span style=\"color: #003300\">Pain complet<\/span><\/p>\n<p><span style=\"color: #003300\">Confiture<\/span><\/p>\n<p><span style=\"color: #003300\">Jus de fruit<\/span><\/p>\n<p><span style=\"color: #003300\">1 verre d&rsquo;eau<\/span><\/p>\n<p><span style=\"color: #003300\"><strong><span style=\"text-decoration: underline\">Deuxi\u00e8me menu<\/span><\/strong><\/span><\/p>\n<\/div>\n<p><span style=\"color: #003300\"><!-- \/wp:group --><\/span><\/p>\n<\/div>\n<p><span style=\"color: #003300\"><!-- \/wp:group --><!-- wp:group {\"layout\":{\"type\":\"flex\",\"flexWrap\":\"nowrap\"}} --><\/span><\/p>\n<div class=\"wp-block-group\">\n<p><span style=\"color: #003300\"><!-- wp:paragraph --><\/span><\/p>\n<p><span style=\"color: #003300\">1 bol de lait<\/span><\/p>\n<p><span style=\"color: #003300\"><!-- \/wp:paragraph --><!-- wp:paragraph --><\/span><\/p>\n<p><span style=\"color: #003300\">Pain complet<\/span><\/p>\n<p><span style=\"color: #003300\">Compote<\/span><\/p>\n<p><span style=\"color: #003300\">1 verre d&rsquo;eau<\/span><\/p>\n<p><!-- \/wp:paragraph --><\/p>\n<\/div>\n<p><!-- \/wp:group --><!-- wp:paragraph --><\/p>\n<p><!-- \/wp:paragraph --><\/p>\t\t\t\t\t\t\t\t<\/div>\n\t\t\t\t<\/div>\n\t\t\t\t\t<\/div>\n\t\t\t\t<\/div>\n\t\t<div class=\"elementor-element elementor-element-5dd7a76 e-flex e-con-boxed wpr-particle-no wpr-jarallax-no wpr-parallax-no wpr-sticky-section-no wpr-column-slider-no wpr-equal-height-no e-con e-parent\" data-id=\"5dd7a76\" data-element_type=\"container\" data-e-type=\"container\">\n\t\t\t\t\t<div class=\"e-con-inner\">\n\t\t\t\t<div class=\"elementor-element elementor-element-8a9fa66 elementor-widget elementor-widget-image\" data-id=\"8a9fa66\" data-element_type=\"widget\" data-e-type=\"widget\" data-widget_type=\"image.default\">\n\t\t\t\t<div class=\"elementor-widget-container\">\n\t\t\t\t\t\t\t\t\t\t\t\t<figure class=\"wp-caption\">\n\t\t\t\t\t\t\t\t\t\t<img fetchpriority=\"high\" decoding=\"async\" width=\"282\" height=\"300\" src=\"http:\/\/diderot.education\/672b9a79f1d9f-piradiba-mourouganandame\/wp-content\/uploads\/sites\/729\/2025\/05\/diabetes-diet-chart-FR-50-282x300.jpg\" class=\"attachment-medium size-medium wp-image-185\" alt=\"\" srcset=\"http:\/\/diderot.education\/672b9a79f1d9f-piradiba-mourouganandame\/wp-content\/uploads\/sites\/729\/2025\/05\/diabetes-diet-chart-FR-50-282x300.jpg 282w, http:\/\/diderot.education\/672b9a79f1d9f-piradiba-mourouganandame\/wp-content\/uploads\/sites\/729\/2025\/05\/diabetes-diet-chart-FR-50.jpg 645w\" sizes=\"(max-width: 282px) 100vw, 282px\" \/>\t\t\t\t\t\t\t\t\t\t\t<figcaption class=\"widget-image-caption wp-caption-text\"><\/figcaption>\n\t\t\t\t\t\t\t\t\t\t<\/figure>\n\t\t\t\t\t\t\t\t\t<\/div>\n\t\t\t\t<\/div>\n\t\t\t\t\t<\/div>\n\t\t\t\t<\/div>\n\t\t<div class=\"elementor-element elementor-element-c45ea19 e-flex e-con-boxed wpr-particle-no wpr-jarallax-no wpr-parallax-no wpr-sticky-section-no wpr-column-slider-no wpr-equal-height-no e-con e-parent\" data-id=\"c45ea19\" data-element_type=\"container\" data-e-type=\"container\">\n\t\t\t\t\t<div class=\"e-con-inner\">\n\t\t\t\t<div class=\"elementor-element elementor-element-c865847 elementor-widget elementor-widget-text-editor\" data-id=\"c865847\" data-element_type=\"widget\" data-e-type=\"widget\" data-widget_type=\"text-editor.default\">\n\t\t\t\t<div class=\"elementor-widget-container\">\n\t\t\t\t\t\t\t\t\t<h6><span style=\"color: #008080\"><strong>On peut vous proposer une alimentation vari\u00e9e. <\/strong><\/span><\/h6>\n<h6><span style=\"color: #008080\"><strong>Manger \u00e9quilibr\u00e9 en proportion normale de mati\u00e8re grasse (om\u00e9ga 3) et vitamine.<\/strong><\/span><\/h6>\n<h6><span style=\"color: #008080\"><strong>Sucre verte + l\u00e9gume verte (courgettes) + f\u00e9culents<\/strong><\/span><\/h6>\n<h6><br \/><span style=\"color: #008080\"><strong>Pas conseill\u00e9 de bonbons, sucreries.<\/strong><\/span><\/h6>\n<h6><br \/><span style=\"color: #008080\"><strong>Pratiquer une activit\u00e9 sportive (la marche d&rsquo;environ 30 minutes).<\/strong><\/span><\/h6>\t\t\t\t\t\t\t\t<\/div>\n\t\t\t\t<\/div>\n\t\t\t\t\t<\/div>\n\t\t\t\t<\/div>\n\t\t\t\t<\/div>\n\t\t","protected":false},"excerpt":{"rendered":"<p>Je vous pr\u00e9sente un go\u00fbter id\u00e9al. Premier menu 1 bol de lait Pain complet Confiture Jus de fruit 1 verre d&rsquo;eau Deuxi\u00e8me menu 1 bol de lait Pain complet Compote 1 verre d&rsquo;eau On peut vous proposer une alimentation vari\u00e9e. Manger \u00e9quilibr\u00e9 en proportion normale de mati\u00e8re grasse (om\u00e9ga 3) et vitamine. Sucre verte + l\u00e9gume verte (courgettes) + f\u00e9culents Pas conseill\u00e9 de bonbons, sucreries. Pratiquer une activit\u00e9 sportive (la marche d&rsquo;environ 30 minutes).<\/p>\n","protected":false},"author":741,"featured_media":0,"parent":95,"menu_order":0,"comment_status":"closed","ping_status":"closed","template":"elementor_header_footer","meta":{"om_disable_all_campaigns":false,"footnotes":""},"class_list":["post-99","page","type-page","status-publish","hentry"],"featured_image_src":null,"yoast_head":"<!-- This site is optimized with the Yoast SEO plugin v27.6 - https:\/\/yoast.com\/product\/yoast-seo-wordpress\/ -->\n<title>Menu \u00e9quilibr\u00e9 - Le diab\u00e9te<\/title>\n<meta name=\"robots\" content=\"index, follow, max-snippet:-1, max-image-preview:large, max-video-preview:-1\" \/>\n<link rel=\"canonical\" href=\"http:\/\/diderot.education\/672b9a79f1d9f-piradiba-mourouganandame\/le-diabete\/menu-equilibre\/\" \/>\n<meta property=\"og:locale\" content=\"fr_FR\" \/>\n<meta property=\"og:type\" content=\"article\" \/>\n<meta property=\"og:title\" content=\"Menu \u00e9quilibr\u00e9 - Le diab\u00e9te\" \/>\n<meta property=\"og:description\" content=\"Je vous pr\u00e9sente un go\u00fbter id\u00e9al. Premier menu 1 bol de lait Pain complet Confiture Jus de fruit 1 verre d&rsquo;eau Deuxi\u00e8me menu 1 bol de lait Pain complet Compote 1 verre d&rsquo;eau On peut vous proposer une alimentation vari\u00e9e. Manger \u00e9quilibr\u00e9 en proportion normale de mati\u00e8re grasse (om\u00e9ga 3) et vitamine. Sucre verte + l\u00e9gume verte (courgettes) + f\u00e9culents Pas conseill\u00e9 de bonbons, sucreries. Pratiquer une activit\u00e9 sportive (la marche d&rsquo;environ 30 minutes).\" \/>\n<meta property=\"og:url\" content=\"http:\/\/diderot.education\/672b9a79f1d9f-piradiba-mourouganandame\/le-diabete\/menu-equilibre\/\" \/>\n<meta property=\"og:site_name\" content=\"Le diab\u00e9te\" \/>\n<meta property=\"article:modified_time\" content=\"2025-05-12T17:13:42+00:00\" \/>\n<meta property=\"og:image\" content=\"http:\/\/diderot.education\/672b9a79f1d9f-piradiba-mourouganandame\/wp-content\/uploads\/sites\/729\/2025\/05\/diabetes-diet-chart-FR-50.jpg\" \/>\n\t<meta property=\"og:image:width\" content=\"645\" \/>\n\t<meta property=\"og:image:height\" content=\"687\" \/>\n\t<meta property=\"og:image:type\" content=\"image\/jpeg\" \/>\n<meta name=\"twitter:card\" content=\"summary_large_image\" \/>\n<meta name=\"twitter:label1\" content=\"Dur\u00e9e de lecture estim\u00e9e\" \/>\n\t<meta name=\"twitter:data1\" content=\"1 minute\" \/>\n<script type=\"application\/ld+json\" class=\"yoast-schema-graph\">{\"@context\":\"https:\\\/\\\/schema.org\",\"@graph\":[{\"@type\":\"WebPage\",\"@id\":\"http:\\\/\\\/diderot.education\\\/672b9a79f1d9f-piradiba-mourouganandame\\\/le-diabete\\\/menu-equilibre\\\/\",\"url\":\"http:\\\/\\\/diderot.education\\\/672b9a79f1d9f-piradiba-mourouganandame\\\/le-diabete\\\/menu-equilibre\\\/\",\"name\":\"Menu \u00e9quilibr\u00e9 - Le diab\u00e9te\",\"isPartOf\":{\"@id\":\"http:\\\/\\\/diderot.education\\\/672b9a79f1d9f-piradiba-mourouganandame\\\/#website\"},\"primaryImageOfPage\":{\"@id\":\"http:\\\/\\\/diderot.education\\\/672b9a79f1d9f-piradiba-mourouganandame\\\/le-diabete\\\/menu-equilibre\\\/#primaryimage\"},\"image\":{\"@id\":\"http:\\\/\\\/diderot.education\\\/672b9a79f1d9f-piradiba-mourouganandame\\\/le-diabete\\\/menu-equilibre\\\/#primaryimage\"},\"thumbnailUrl\":\"http:\\\/\\\/diderot.education\\\/672b9a79f1d9f-piradiba-mourouganandame\\\/wp-content\\\/uploads\\\/sites\\\/729\\\/2025\\\/05\\\/diabetes-diet-chart-FR-50-282x300.jpg\",\"datePublished\":\"2025-04-23T13:11:59+00:00\",\"dateModified\":\"2025-05-12T17:13:42+00:00\",\"breadcrumb\":{\"@id\":\"http:\\\/\\\/diderot.education\\\/672b9a79f1d9f-piradiba-mourouganandame\\\/le-diabete\\\/menu-equilibre\\\/#breadcrumb\"},\"inLanguage\":\"fr-FR\",\"potentialAction\":[{\"@type\":\"ReadAction\",\"target\":[\"http:\\\/\\\/diderot.education\\\/672b9a79f1d9f-piradiba-mourouganandame\\\/le-diabete\\\/menu-equilibre\\\/\"]}]},{\"@type\":\"ImageObject\",\"inLanguage\":\"fr-FR\",\"@id\":\"http:\\\/\\\/diderot.education\\\/672b9a79f1d9f-piradiba-mourouganandame\\\/le-diabete\\\/menu-equilibre\\\/#primaryimage\",\"url\":\"http:\\\/\\\/diderot.education\\\/672b9a79f1d9f-piradiba-mourouganandame\\\/wp-content\\\/uploads\\\/sites\\\/729\\\/2025\\\/05\\\/diabetes-diet-chart-FR-50.jpg\",\"contentUrl\":\"http:\\\/\\\/diderot.education\\\/672b9a79f1d9f-piradiba-mourouganandame\\\/wp-content\\\/uploads\\\/sites\\\/729\\\/2025\\\/05\\\/diabetes-diet-chart-FR-50.jpg\",\"width\":645,\"height\":687},{\"@type\":\"BreadcrumbList\",\"@id\":\"http:\\\/\\\/diderot.education\\\/672b9a79f1d9f-piradiba-mourouganandame\\\/le-diabete\\\/menu-equilibre\\\/#breadcrumb\",\"itemListElement\":[{\"@type\":\"ListItem\",\"position\":1,\"name\":\"Accueil\",\"item\":\"http:\\\/\\\/diderot.education\\\/672b9a79f1d9f-piradiba-mourouganandame\\\/\"},{\"@type\":\"ListItem\",\"position\":2,\"name\":\"Le diab\u00e8te\",\"item\":\"http:\\\/\\\/diderot.education\\\/672b9a79f1d9f-piradiba-mourouganandame\\\/le-diabete\\\/\"},{\"@type\":\"ListItem\",\"position\":3,\"name\":\"Menu \u00e9quilibr\u00e9\"}]},{\"@type\":\"WebSite\",\"@id\":\"http:\\\/\\\/diderot.education\\\/672b9a79f1d9f-piradiba-mourouganandame\\\/#website\",\"url\":\"http:\\\/\\\/diderot.education\\\/672b9a79f1d9f-piradiba-mourouganandame\\\/\",\"name\":\"Le diab\u00e9te\",\"description\":\"\",\"potentialAction\":[{\"@type\":\"SearchAction\",\"target\":{\"@type\":\"EntryPoint\",\"urlTemplate\":\"http:\\\/\\\/diderot.education\\\/672b9a79f1d9f-piradiba-mourouganandame\\\/?s={search_term_string}\"},\"query-input\":{\"@type\":\"PropertyValueSpecification\",\"valueRequired\":true,\"valueName\":\"search_term_string\"}}],\"inLanguage\":\"fr-FR\"}]}<\/script>\n<!-- \/ Yoast SEO plugin. -->","yoast_head_json":{"title":"Menu \u00e9quilibr\u00e9 - Le diab\u00e9te","robots":{"index":"index","follow":"follow","max-snippet":"max-snippet:-1","max-image-preview":"max-image-preview:large","max-video-preview":"max-video-preview:-1"},"canonical":"http:\/\/diderot.education\/672b9a79f1d9f-piradiba-mourouganandame\/le-diabete\/menu-equilibre\/","og_locale":"fr_FR","og_type":"article","og_title":"Menu \u00e9quilibr\u00e9 - Le diab\u00e9te","og_description":"Je vous pr\u00e9sente un go\u00fbter id\u00e9al. Premier menu 1 bol de lait Pain complet Confiture Jus de fruit 1 verre d&rsquo;eau Deuxi\u00e8me menu 1 bol de lait Pain complet Compote 1 verre d&rsquo;eau On peut vous proposer une alimentation vari\u00e9e. Manger \u00e9quilibr\u00e9 en proportion normale de mati\u00e8re grasse (om\u00e9ga 3) et vitamine. Sucre verte + l\u00e9gume verte (courgettes) + f\u00e9culents Pas conseill\u00e9 de bonbons, sucreries. Pratiquer une activit\u00e9 sportive (la marche d&rsquo;environ 30 minutes).","og_url":"http:\/\/diderot.education\/672b9a79f1d9f-piradiba-mourouganandame\/le-diabete\/menu-equilibre\/","og_site_name":"Le diab\u00e9te","article_modified_time":"2025-05-12T17:13:42+00:00","og_image":[{"width":645,"height":687,"url":"http:\/\/diderot.education\/672b9a79f1d9f-piradiba-mourouganandame\/wp-content\/uploads\/sites\/729\/2025\/05\/diabetes-diet-chart-FR-50.jpg","type":"image\/jpeg"}],"twitter_card":"summary_large_image","twitter_misc":{"Dur\u00e9e de lecture estim\u00e9e":"1 minute"},"schema":{"@context":"https:\/\/schema.org","@graph":[{"@type":"WebPage","@id":"http:\/\/diderot.education\/672b9a79f1d9f-piradiba-mourouganandame\/le-diabete\/menu-equilibre\/","url":"http:\/\/diderot.education\/672b9a79f1d9f-piradiba-mourouganandame\/le-diabete\/menu-equilibre\/","name":"Menu \u00e9quilibr\u00e9 - Le diab\u00e9te","isPartOf":{"@id":"http:\/\/diderot.education\/672b9a79f1d9f-piradiba-mourouganandame\/#website"},"primaryImageOfPage":{"@id":"http:\/\/diderot.education\/672b9a79f1d9f-piradiba-mourouganandame\/le-diabete\/menu-equilibre\/#primaryimage"},"image":{"@id":"http:\/\/diderot.education\/672b9a79f1d9f-piradiba-mourouganandame\/le-diabete\/menu-equilibre\/#primaryimage"},"thumbnailUrl":"http:\/\/diderot.education\/672b9a79f1d9f-piradiba-mourouganandame\/wp-content\/uploads\/sites\/729\/2025\/05\/diabetes-diet-chart-FR-50-282x300.jpg","datePublished":"2025-04-23T13:11:59+00:00","dateModified":"2025-05-12T17:13:42+00:00","breadcrumb":{"@id":"http:\/\/diderot.education\/672b9a79f1d9f-piradiba-mourouganandame\/le-diabete\/menu-equilibre\/#breadcrumb"},"inLanguage":"fr-FR","potentialAction":[{"@type":"ReadAction","target":["http:\/\/diderot.education\/672b9a79f1d9f-piradiba-mourouganandame\/le-diabete\/menu-equilibre\/"]}]},{"@type":"ImageObject","inLanguage":"fr-FR","@id":"http:\/\/diderot.education\/672b9a79f1d9f-piradiba-mourouganandame\/le-diabete\/menu-equilibre\/#primaryimage","url":"http:\/\/diderot.education\/672b9a79f1d9f-piradiba-mourouganandame\/wp-content\/uploads\/sites\/729\/2025\/05\/diabetes-diet-chart-FR-50.jpg","contentUrl":"http:\/\/diderot.education\/672b9a79f1d9f-piradiba-mourouganandame\/wp-content\/uploads\/sites\/729\/2025\/05\/diabetes-diet-chart-FR-50.jpg","width":645,"height":687},{"@type":"BreadcrumbList","@id":"http:\/\/diderot.education\/672b9a79f1d9f-piradiba-mourouganandame\/le-diabete\/menu-equilibre\/#breadcrumb","itemListElement":[{"@type":"ListItem","position":1,"name":"Accueil","item":"http:\/\/diderot.education\/672b9a79f1d9f-piradiba-mourouganandame\/"},{"@type":"ListItem","position":2,"name":"Le diab\u00e8te","item":"http:\/\/diderot.education\/672b9a79f1d9f-piradiba-mourouganandame\/le-diabete\/"},{"@type":"ListItem","position":3,"name":"Menu \u00e9quilibr\u00e9"}]},{"@type":"WebSite","@id":"http:\/\/diderot.education\/672b9a79f1d9f-piradiba-mourouganandame\/#website","url":"http:\/\/diderot.education\/672b9a79f1d9f-piradiba-mourouganandame\/","name":"Le diab\u00e9te","description":"","potentialAction":[{"@type":"SearchAction","target":{"@type":"EntryPoint","urlTemplate":"http:\/\/diderot.education\/672b9a79f1d9f-piradiba-mourouganandame\/?s={search_term_string}"},"query-input":{"@type":"PropertyValueSpecification","valueRequired":true,"valueName":"search_term_string"}}],"inLanguage":"fr-FR"}]}},"_links":{"self":[{"href":"http:\/\/diderot.education\/672b9a79f1d9f-piradiba-mourouganandame\/wp-json\/wp\/v2\/pages\/99","targetHints":{"allow":["GET"]}}],"collection":[{"href":"http:\/\/diderot.education\/672b9a79f1d9f-piradiba-mourouganandame\/wp-json\/wp\/v2\/pages"}],"about":[{"href":"http:\/\/diderot.education\/672b9a79f1d9f-piradiba-mourouganandame\/wp-json\/wp\/v2\/types\/page"}],"author":[{"embeddable":true,"href":"http:\/\/diderot.education\/672b9a79f1d9f-piradiba-mourouganandame\/wp-json\/wp\/v2\/users\/741"}],"replies":[{"embeddable":true,"href":"http:\/\/diderot.education\/672b9a79f1d9f-piradiba-mourouganandame\/wp-json\/wp\/v2\/comments?post=99"}],"version-history":[{"count":18,"href":"http:\/\/diderot.education\/672b9a79f1d9f-piradiba-mourouganandame\/wp-json\/wp\/v2\/pages\/99\/revisions"}],"predecessor-version":[{"id":215,"href":"http:\/\/diderot.education\/672b9a79f1d9f-piradiba-mourouganandame\/wp-json\/wp\/v2\/pages\/99\/revisions\/215"}],"up":[{"embeddable":true,"href":"http:\/\/diderot.education\/672b9a79f1d9f-piradiba-mourouganandame\/wp-json\/wp\/v2\/pages\/95"}],"wp:attachment":[{"href":"http:\/\/diderot.education\/672b9a79f1d9f-piradiba-mourouganandame\/wp-json\/wp\/v2\/media?parent=99"}],"curies":[{"name":"wp","href":"https:\/\/api.w.org\/{rel}","templated":true}]}}