{"id":97,"date":"2025-11-21T15:11:11","date_gmt":"2025-11-21T14:11:11","guid":{"rendered":"http:\/\/diderot.education\/cf40ae-rebeca-florez\/?page_id=97"},"modified":"2026-02-19T08:58:40","modified_gmt":"2026-02-19T07:58:40","slug":"experiences","status":"publish","type":"page","link":"http:\/\/diderot.education\/cf40ae-rebeca-florez\/experiences\/","title":{"rendered":"Exp\u00e9riences"},"content":{"rendered":"\t\t<div data-elementor-type=\"wp-page\" data-elementor-id=\"97\" class=\"elementor elementor-97\">\n\t\t\t\t<div class=\"elementor-element elementor-element-7b1090d10 e-flex e-con-boxed wpr-particle-no wpr-jarallax-no wpr-parallax-no wpr-sticky-section-no wpr-column-slider-no wpr-equal-height-no e-con e-parent\" data-id=\"7b1090d10\" data-element_type=\"container\" data-e-type=\"container\" data-settings=\"{&quot;background_background&quot;:&quot;classic&quot;}\">\n\t\t\t\t\t<div class=\"e-con-inner\">\n\t\t<div class=\"elementor-element elementor-element-7a183736 e-con-full e-flex wpr-particle-no wpr-jarallax-no wpr-parallax-no wpr-sticky-section-no wpr-column-slider-no wpr-equal-height-no e-con e-child\" data-id=\"7a183736\" data-element_type=\"container\" data-e-type=\"container\">\n\t\t\t\t<div class=\"elementor-element elementor-element-6cbaffc8 elementor-widget elementor-widget-heading\" data-id=\"6cbaffc8\" data-element_type=\"widget\" data-e-type=\"widget\" data-widget_type=\"heading.default\">\n\t\t\t\t\t<h2 class=\"elementor-heading-title elementor-size-default\">Exp\u00e9rience <\/h2>\t\t\t\t<\/div>\n\t\t\t\t<div class=\"elementor-element elementor-element-2c68fb91 elementor-widget-divider--view-line elementor-widget elementor-widget-divider\" data-id=\"2c68fb91\" data-element_type=\"widget\" data-e-type=\"widget\" data-widget_type=\"divider.default\">\n\t\t\t\t\t\t\t<div class=\"elementor-divider\">\n\t\t\t<span class=\"elementor-divider-separator\">\n\t\t\t\t\t\t<\/span>\n\t\t<\/div>\n\t\t\t\t\t\t<\/div>\n\t\t\t\t<div class=\"elementor-element elementor-element-27080480 elementor-widget elementor-widget-text-editor\" data-id=\"27080480\" data-element_type=\"widget\" data-e-type=\"widget\" data-widget_type=\"text-editor.default\">\n\t\t\t\t\t\t\t\t\t<p>Mais pendants ce temps j&rsquo;ai fais diff\u00e9rents missions aux court de ma vie&nbsp;<\/p>\t\t\t\t\t\t\t\t<\/div>\n\t\t\t\t<\/div>\n\t\t\t\t\t<\/div>\n\t\t\t\t<\/div>\n\t\t<div class=\"elementor-element elementor-element-7be71c2c e-flex e-con-boxed wpr-particle-no wpr-jarallax-no wpr-parallax-no wpr-sticky-section-no wpr-column-slider-no wpr-equal-height-no e-con e-parent\" data-id=\"7be71c2c\" data-element_type=\"container\" data-e-type=\"container\">\n\t\t\t\t\t<div class=\"e-con-inner\">\n\t\t\t\t<div class=\"elementor-element elementor-element-770551ec elementor-widget elementor-widget-heading\" data-id=\"770551ec\" data-element_type=\"widget\" data-e-type=\"widget\" data-widget_type=\"heading.default\">\n\t\t\t\t\t<h2 class=\"elementor-heading-title elementor-size-default\">Diff\u00e9rente mission faite:<\/h2>\t\t\t\t<\/div>\n\t\t\t\t\t<\/div>\n\t\t\t\t<\/div>\n\t\t<div class=\"elementor-element elementor-element-2daf25a e-con-full e-flex wpr-particle-no wpr-jarallax-no wpr-parallax-no wpr-sticky-section-no wpr-column-slider-no wpr-equal-height-no e-con e-parent\" data-id=\"2daf25a\" data-element_type=\"container\" data-e-type=\"container\" data-settings=\"{&quot;background_background&quot;:&quot;classic&quot;}\">\n\t\t<div class=\"elementor-element elementor-element-351381d1 e-flex e-con-boxed wpr-particle-no wpr-jarallax-no wpr-parallax-no wpr-sticky-section-no wpr-column-slider-no wpr-equal-height-no e-con e-child\" data-id=\"351381d1\" data-element_type=\"container\" data-e-type=\"container\">\n\t\t\t\t\t<div class=\"e-con-inner\">\n\t\t\t\t<div class=\"elementor-element elementor-element-66a596af wpr-feature-list-left wpr-feature-list-square wpr-feature-list-line-yes elementor-widget elementor-widget-wpr-feature-list\" data-id=\"66a596af\" data-element_type=\"widget\" data-e-type=\"widget\" data-widget_type=\"wpr-feature-list.default\">\n\t\t\t\t\t<div class=\"wpr-feature-list-wrap\"><ul class=\"wpr-feature-list\"><li class=\"wpr-feature-list-item elementor-repeater-item-ec34888\"><div class=\"wpr-feature-list-icon-wrap\"><span class=\"wpr-feature-list-line\"><\/span><div class=\"wpr-feature-list-icon-inner-wrap\"><img decoding=\"async\" src=\"http:\/\/diderot.education\/cf40ae-rebeca-florez\/wp-content\/uploads\/sites\/892\/2025\/12\/SmartSelect_20251219_160218_Google.jpg\"><\/div><\/div><div class=\"wpr-feature-list-content-wrap\"><h2 class=\"wpr-feature-list-title\"><a class=\"wpr-feature-list-url\" target=\"_blank\" rel=\"nofollow\">Etudiante infirmi\u00e8re<\/a><\/h2><p class=\"wpr-feature-list-description\">-D\u00e9couverte du fonctionnement d'un \u00e9tablissement m\u00e9dico-social\n-Observation et participation \u00e0 10 soins infirmiers sous supervision\n-R\u00e9alisation de soins de base: pansements, injections, prise de sang, ECG, distribution\n-Relatioel avec les r\u00e9sidents et accompagnement dans les geste du quotidien <\/p><\/div><\/li><li class=\"wpr-feature-list-item elementor-repeater-item-0b442b7\"><div class=\"wpr-feature-list-icon-wrap\"><span class=\"wpr-feature-list-line\"><\/span><div class=\"wpr-feature-list-icon-inner-wrap\"><img decoding=\"async\" src=\"http:\/\/diderot.education\/cf40ae-rebeca-florez\/wp-content\/uploads\/sites\/892\/2025\/12\/SmartSelect_20251219_160937_Google.jpg\"><\/div><\/div><div class=\"wpr-feature-list-content-wrap\"><h2 class=\"wpr-feature-list-title\"><a class=\"wpr-feature-list-url\" target=\"_blank\" rel=\"nofollow\">Pet-sitter<\/a><\/h2><p class=\"wpr-feature-list-description\">-Prise en charge quotidienne de 5 animaux diff\u00e9rents\n-Organisation des promenades et respct des besoins sp\u00e9cifique\n-Soins de base, nourrissage et surveillance du bien-\u00eatre\n<\/p><\/div><\/li><li class=\"wpr-feature-list-item elementor-repeater-item-cb44cf3\"><div class=\"wpr-feature-list-icon-wrap\"><span class=\"wpr-feature-list-line\"><\/span><div class=\"wpr-feature-list-icon-inner-wrap\"><img decoding=\"async\" src=\"http:\/\/diderot.education\/cf40ae-rebeca-florez\/wp-content\/uploads\/sites\/892\/2025\/12\/SmartSelect_20251219_161606_Google-1024x830.jpg\"><\/div><\/div><div class=\"wpr-feature-list-content-wrap\"><h2 class=\"wpr-feature-list-title\"><a class=\"wpr-feature-list-url\" target=\"_blank\" rel=\"nofollow\">Baby-sitter<\/a><\/h2><p class=\"wpr-feature-list-description\">-Garde r\u00e9guli\u00e8re de 4 enfants de diff\u00e9rents \u00e2ges\n-Aide aux devoirs et accompagnement scolaire\n-Pr\u00e9paration des repas et gestion des routines (bain, coucher)\n-Organisation d'activit\u00e9\u00e9s ludiques et \u00e9ducatives\n-Garantirla s\u00e9curit\u00e9, le bien-\u00eatre et l'\u00e9veil des enfants<\/p><\/div><\/li><\/ul><\/div>\t\t\t\t<\/div>\n\t\t\t\t\t<\/div>\n\t\t\t\t<\/div>\n\t\t<div class=\"elementor-element elementor-element-178b882f e-flex e-con-boxed wpr-particle-no wpr-jarallax-no wpr-parallax-no wpr-sticky-section-no wpr-column-slider-no wpr-equal-height-no e-con e-child\" data-id=\"178b882f\" data-element_type=\"container\" data-e-type=\"container\">\n\t\t\t\t\t<div class=\"e-con-inner\">\n\t\t\t\t<div class=\"elementor-element elementor-element-782ca131 wpr-promo-box-style-cover elementor-widget elementor-widget-wpr-promo-box\" data-id=\"782ca131\" data-element_type=\"widget\" data-e-type=\"widget\" data-widget_type=\"wpr-promo-box.default\">\n\t\t\t\t\t\n\t\t<div class=\"wpr-promo-box wpr-animation-wrap\">\n\n\t\t\t\t\t\t\t\n\t\t\t\t\t\t\t<div class=\"wpr-promo-box-image\">\n\t\t\t\t\t<div class=\"wpr-promo-box-bg-image wpr-bg-anim-zoom-in wpr-anim-timing-ease-default\" style=\"background-image:url(http:\/\/diderot.education\/cf40ae-rebeca-florez\/wp-content\/uploads\/sites\/892\/2025\/11\/Faq-3.jpg);\"><\/div>\n\t\t\t\t\t<div class=\"wpr-promo-box-bg-overlay wpr-border-anim-none\"><\/div>\n\t\t\t\t<\/div>\n\t\t\t\t\t\t\n\t\t\t<div class=\"wpr-promo-box-content\">\n\n\t\t\t\t\t\t\t\t<div class=\"wpr-promo-box-icon\">\n\t\t\t\t\t\t\t\t\t<\/div>\n\t\t\t\t\n\t\t\t\t<h3 class=\"wpr-promo-box-title\"><span>Your Journey to <br>Stillness Starts Here<\/span><\/h3>\n\t\t\t\t\n\t\t\t\t\t\t\t\t\t<div class=\"wpr-promo-box-btn-wrap\">\n\t\t\t\t\t\t<a class=\"wpr-promo-box-btn\" href=\"https:\/\/demosites.royal-elementor-addons.com\/yoga-v2\/classes\/\">\n\n\t\t\t\t\t\t\t\t\t\t\t\t\t\t<span class=\"wpr-promo-box-btn-text\">Join Now<\/span>\t\t\n\t\t\t\t\t\t\t\n\t\t\t\t\t\t\t\t\t\t\t\t\t\t<span class=\"wpr-promo-box-btn-icon\">\n\t\t\t\t\t\t\t\t<i class=\"fas fa-arrow-right\"><\/i>\n\t\t\t\t\t\t\t<\/span>\n\t\t\t\t\t\t\t\t\t\t\t\t\t<\/a>\n\t\t\t\t\t<\/div>\t\n\t\t\t\t\t\t\t<\/div>\n\n\t\t\t\t\t<\/div>\n\n\t\t\t\t\t\t<\/div>\n\t\t\t\t\t<\/div>\n\t\t\t\t<\/div>\n\t\t\t\t<\/div>\n\t\t\t\t<\/div>\n\t\t","protected":false},"excerpt":{"rendered":"<p>Exp\u00e9rience Mais pendants ce temps j&rsquo;ai fais diff\u00e9rents missions aux court de ma vie&nbsp; Diff\u00e9rente mission faite: Etudiante infirmi\u00e8re -D\u00e9couverte du fonctionnement d&rsquo;un \u00e9tablissement m\u00e9dico-social &hellip; <\/p>\n","protected":false},"author":897,"featured_media":0,"parent":0,"menu_order":0,"comment_status":"closed","ping_status":"closed","template":"elementor_header_footer","meta":{"om_disable_all_campaigns":false,"footnotes":""},"class_list":["post-97","page","type-page","status-publish","hentry","latest_post"],"featured_image_src":null,"yoast_head":"<!-- This site is optimized with the Yoast SEO plugin v27.6 - https:\/\/yoast.com\/product\/yoast-seo-wordpress\/ -->\n<title>Exp\u00e9riences - Rebeca FLOREZ<\/title>\n<meta name=\"robots\" content=\"index, follow, max-snippet:-1, max-image-preview:large, max-video-preview:-1\" \/>\n<link rel=\"canonical\" href=\"http:\/\/diderot.education\/cf40ae-rebeca-florez\/experiences\/\" \/>\n<meta property=\"og:locale\" content=\"fr_FR\" \/>\n<meta property=\"og:type\" content=\"article\" \/>\n<meta property=\"og:title\" content=\"Exp\u00e9riences - Rebeca FLOREZ\" \/>\n<meta property=\"og:description\" content=\"Exp\u00e9rience Mais pendants ce temps j&rsquo;ai fais diff\u00e9rents missions aux court de ma vie&nbsp; Diff\u00e9rente mission faite: Etudiante infirmi\u00e8re -D\u00e9couverte du fonctionnement d&rsquo;un \u00e9tablissement m\u00e9dico-social &hellip;\" \/>\n<meta property=\"og:url\" content=\"http:\/\/diderot.education\/cf40ae-rebeca-florez\/experiences\/\" \/>\n<meta property=\"og:site_name\" content=\"Rebeca FLOREZ\" \/>\n<meta property=\"article:modified_time\" content=\"2026-02-19T07:58:40+00:00\" \/>\n<meta property=\"og:image\" content=\"http:\/\/diderot.education\/cf40ae-rebeca-florez\/wp-content\/uploads\/sites\/892\/2025\/12\/SmartSelect_20251219_160218_Google.jpg\" \/>\n<meta name=\"twitter:card\" content=\"summary_large_image\" \/>\n<meta name=\"twitter:label1\" content=\"Dur\u00e9e de lecture estim\u00e9e\" \/>\n\t<meta name=\"twitter:data1\" content=\"2 minutes\" \/>\n<script type=\"application\/ld+json\" class=\"yoast-schema-graph\">{\"@context\":\"https:\\\/\\\/schema.org\",\"@graph\":[{\"@type\":\"WebPage\",\"@id\":\"http:\\\/\\\/diderot.education\\\/cf40ae-rebeca-florez\\\/experiences\\\/\",\"url\":\"http:\\\/\\\/diderot.education\\\/cf40ae-rebeca-florez\\\/experiences\\\/\",\"name\":\"Exp\u00e9riences - Rebeca FLOREZ\",\"isPartOf\":{\"@id\":\"http:\\\/\\\/diderot.education\\\/cf40ae-rebeca-florez\\\/#website\"},\"primaryImageOfPage\":{\"@id\":\"http:\\\/\\\/diderot.education\\\/cf40ae-rebeca-florez\\\/experiences\\\/#primaryimage\"},\"image\":{\"@id\":\"http:\\\/\\\/diderot.education\\\/cf40ae-rebeca-florez\\\/experiences\\\/#primaryimage\"},\"thumbnailUrl\":\"http:\\\/\\\/diderot.education\\\/cf40ae-rebeca-florez\\\/wp-content\\\/uploads\\\/sites\\\/892\\\/2025\\\/12\\\/SmartSelect_20251219_160218_Google.jpg\",\"datePublished\":\"2025-11-21T14:11:11+00:00\",\"dateModified\":\"2026-02-19T07:58:40+00:00\",\"breadcrumb\":{\"@id\":\"http:\\\/\\\/diderot.education\\\/cf40ae-rebeca-florez\\\/experiences\\\/#breadcrumb\"},\"inLanguage\":\"fr-FR\",\"potentialAction\":[{\"@type\":\"ReadAction\",\"target\":[\"http:\\\/\\\/diderot.education\\\/cf40ae-rebeca-florez\\\/experiences\\\/\"]}]},{\"@type\":\"ImageObject\",\"inLanguage\":\"fr-FR\",\"@id\":\"http:\\\/\\\/diderot.education\\\/cf40ae-rebeca-florez\\\/experiences\\\/#primaryimage\",\"url\":\"http:\\\/\\\/diderot.education\\\/cf40ae-rebeca-florez\\\/wp-content\\\/uploads\\\/sites\\\/892\\\/2025\\\/12\\\/SmartSelect_20251219_160218_Google.jpg\",\"contentUrl\":\"http:\\\/\\\/diderot.education\\\/cf40ae-rebeca-florez\\\/wp-content\\\/uploads\\\/sites\\\/892\\\/2025\\\/12\\\/SmartSelect_20251219_160218_Google.jpg\",\"width\":747,\"height\":835},{\"@type\":\"BreadcrumbList\",\"@id\":\"http:\\\/\\\/diderot.education\\\/cf40ae-rebeca-florez\\\/experiences\\\/#breadcrumb\",\"itemListElement\":[{\"@type\":\"ListItem\",\"position\":1,\"name\":\"Accueil\",\"item\":\"http:\\\/\\\/diderot.education\\\/cf40ae-rebeca-florez\\\/\"},{\"@type\":\"ListItem\",\"position\":2,\"name\":\"Exp\u00e9riences\"}]},{\"@type\":\"WebSite\",\"@id\":\"http:\\\/\\\/diderot.education\\\/cf40ae-rebeca-florez\\\/#website\",\"url\":\"http:\\\/\\\/diderot.education\\\/cf40ae-rebeca-florez\\\/\",\"name\":\"Rebeca FLOREZ\",\"description\":\"\",\"publisher\":{\"@id\":\"http:\\\/\\\/diderot.education\\\/cf40ae-rebeca-florez\\\/#organization\"},\"potentialAction\":[{\"@type\":\"SearchAction\",\"target\":{\"@type\":\"EntryPoint\",\"urlTemplate\":\"http:\\\/\\\/diderot.education\\\/cf40ae-rebeca-florez\\\/?s={search_term_string}\"},\"query-input\":{\"@type\":\"PropertyValueSpecification\",\"valueRequired\":true,\"valueName\":\"search_term_string\"}}],\"inLanguage\":\"fr-FR\"},{\"@type\":\"Organization\",\"@id\":\"http:\\\/\\\/diderot.education\\\/cf40ae-rebeca-florez\\\/#organization\",\"name\":\"Rebeca FLOREZ\",\"url\":\"http:\\\/\\\/diderot.education\\\/cf40ae-rebeca-florez\\\/\",\"logo\":{\"@type\":\"ImageObject\",\"inLanguage\":\"fr-FR\",\"@id\":\"http:\\\/\\\/diderot.education\\\/cf40ae-rebeca-florez\\\/#\\\/schema\\\/logo\\\/image\\\/\",\"url\":\"http:\\\/\\\/diderot.education\\\/cf40ae-rebeca-florez\\\/wp-content\\\/uploads\\\/sites\\\/892\\\/2025\\\/11\\\/cropped-20251128_153212_0000.png\",\"contentUrl\":\"http:\\\/\\\/diderot.education\\\/cf40ae-rebeca-florez\\\/wp-content\\\/uploads\\\/sites\\\/892\\\/2025\\\/11\\\/cropped-20251128_153212_0000.png\",\"width\":150,\"height\":150,\"caption\":\"Rebeca FLOREZ\"},\"image\":{\"@id\":\"http:\\\/\\\/diderot.education\\\/cf40ae-rebeca-florez\\\/#\\\/schema\\\/logo\\\/image\\\/\"}}]}<\/script>\n<!-- \/ Yoast SEO plugin. -->","yoast_head_json":{"title":"Exp\u00e9riences - Rebeca FLOREZ","robots":{"index":"index","follow":"follow","max-snippet":"max-snippet:-1","max-image-preview":"max-image-preview:large","max-video-preview":"max-video-preview:-1"},"canonical":"http:\/\/diderot.education\/cf40ae-rebeca-florez\/experiences\/","og_locale":"fr_FR","og_type":"article","og_title":"Exp\u00e9riences - Rebeca FLOREZ","og_description":"Exp\u00e9rience Mais pendants ce temps j&rsquo;ai fais diff\u00e9rents missions aux court de ma vie&nbsp; Diff\u00e9rente mission faite: Etudiante infirmi\u00e8re -D\u00e9couverte du fonctionnement d&rsquo;un \u00e9tablissement m\u00e9dico-social &hellip;","og_url":"http:\/\/diderot.education\/cf40ae-rebeca-florez\/experiences\/","og_site_name":"Rebeca FLOREZ","article_modified_time":"2026-02-19T07:58:40+00:00","og_image":[{"url":"http:\/\/diderot.education\/cf40ae-rebeca-florez\/wp-content\/uploads\/sites\/892\/2025\/12\/SmartSelect_20251219_160218_Google.jpg","type":"","width":"","height":""}],"twitter_card":"summary_large_image","twitter_misc":{"Dur\u00e9e de lecture estim\u00e9e":"2 minutes"},"schema":{"@context":"https:\/\/schema.org","@graph":[{"@type":"WebPage","@id":"http:\/\/diderot.education\/cf40ae-rebeca-florez\/experiences\/","url":"http:\/\/diderot.education\/cf40ae-rebeca-florez\/experiences\/","name":"Exp\u00e9riences - Rebeca FLOREZ","isPartOf":{"@id":"http:\/\/diderot.education\/cf40ae-rebeca-florez\/#website"},"primaryImageOfPage":{"@id":"http:\/\/diderot.education\/cf40ae-rebeca-florez\/experiences\/#primaryimage"},"image":{"@id":"http:\/\/diderot.education\/cf40ae-rebeca-florez\/experiences\/#primaryimage"},"thumbnailUrl":"http:\/\/diderot.education\/cf40ae-rebeca-florez\/wp-content\/uploads\/sites\/892\/2025\/12\/SmartSelect_20251219_160218_Google.jpg","datePublished":"2025-11-21T14:11:11+00:00","dateModified":"2026-02-19T07:58:40+00:00","breadcrumb":{"@id":"http:\/\/diderot.education\/cf40ae-rebeca-florez\/experiences\/#breadcrumb"},"inLanguage":"fr-FR","potentialAction":[{"@type":"ReadAction","target":["http:\/\/diderot.education\/cf40ae-rebeca-florez\/experiences\/"]}]},{"@type":"ImageObject","inLanguage":"fr-FR","@id":"http:\/\/diderot.education\/cf40ae-rebeca-florez\/experiences\/#primaryimage","url":"http:\/\/diderot.education\/cf40ae-rebeca-florez\/wp-content\/uploads\/sites\/892\/2025\/12\/SmartSelect_20251219_160218_Google.jpg","contentUrl":"http:\/\/diderot.education\/cf40ae-rebeca-florez\/wp-content\/uploads\/sites\/892\/2025\/12\/SmartSelect_20251219_160218_Google.jpg","width":747,"height":835},{"@type":"BreadcrumbList","@id":"http:\/\/diderot.education\/cf40ae-rebeca-florez\/experiences\/#breadcrumb","itemListElement":[{"@type":"ListItem","position":1,"name":"Accueil","item":"http:\/\/diderot.education\/cf40ae-rebeca-florez\/"},{"@type":"ListItem","position":2,"name":"Exp\u00e9riences"}]},{"@type":"WebSite","@id":"http:\/\/diderot.education\/cf40ae-rebeca-florez\/#website","url":"http:\/\/diderot.education\/cf40ae-rebeca-florez\/","name":"Rebeca FLOREZ","description":"","publisher":{"@id":"http:\/\/diderot.education\/cf40ae-rebeca-florez\/#organization"},"potentialAction":[{"@type":"SearchAction","target":{"@type":"EntryPoint","urlTemplate":"http:\/\/diderot.education\/cf40ae-rebeca-florez\/?s={search_term_string}"},"query-input":{"@type":"PropertyValueSpecification","valueRequired":true,"valueName":"search_term_string"}}],"inLanguage":"fr-FR"},{"@type":"Organization","@id":"http:\/\/diderot.education\/cf40ae-rebeca-florez\/#organization","name":"Rebeca FLOREZ","url":"http:\/\/diderot.education\/cf40ae-rebeca-florez\/","logo":{"@type":"ImageObject","inLanguage":"fr-FR","@id":"http:\/\/diderot.education\/cf40ae-rebeca-florez\/#\/schema\/logo\/image\/","url":"http:\/\/diderot.education\/cf40ae-rebeca-florez\/wp-content\/uploads\/sites\/892\/2025\/11\/cropped-20251128_153212_0000.png","contentUrl":"http:\/\/diderot.education\/cf40ae-rebeca-florez\/wp-content\/uploads\/sites\/892\/2025\/11\/cropped-20251128_153212_0000.png","width":150,"height":150,"caption":"Rebeca FLOREZ"},"image":{"@id":"http:\/\/diderot.education\/cf40ae-rebeca-florez\/#\/schema\/logo\/image\/"}}]}},"_links":{"self":[{"href":"http:\/\/diderot.education\/cf40ae-rebeca-florez\/wp-json\/wp\/v2\/pages\/97","targetHints":{"allow":["GET"]}}],"collection":[{"href":"http:\/\/diderot.education\/cf40ae-rebeca-florez\/wp-json\/wp\/v2\/pages"}],"about":[{"href":"http:\/\/diderot.education\/cf40ae-rebeca-florez\/wp-json\/wp\/v2\/types\/page"}],"author":[{"embeddable":true,"href":"http:\/\/diderot.education\/cf40ae-rebeca-florez\/wp-json\/wp\/v2\/users\/897"}],"replies":[{"embeddable":true,"href":"http:\/\/diderot.education\/cf40ae-rebeca-florez\/wp-json\/wp\/v2\/comments?post=97"}],"version-history":[{"count":16,"href":"http:\/\/diderot.education\/cf40ae-rebeca-florez\/wp-json\/wp\/v2\/pages\/97\/revisions"}],"predecessor-version":[{"id":202,"href":"http:\/\/diderot.education\/cf40ae-rebeca-florez\/wp-json\/wp\/v2\/pages\/97\/revisions\/202"}],"wp:attachment":[{"href":"http:\/\/diderot.education\/cf40ae-rebeca-florez\/wp-json\/wp\/v2\/media?parent=97"}],"curies":[{"name":"wp","href":"https:\/\/api.w.org\/{rel}","templated":true}]}}