{"id":153,"date":"2026-05-10T15:30:57","date_gmt":"2026-05-10T13:30:57","guid":{"rendered":"http:\/\/diderot.education\/cvweb\/?page_id=153"},"modified":"2026-05-10T15:33:21","modified_gmt":"2026-05-10T13:33:21","slug":"mentions-legales","status":"publish","type":"page","link":"http:\/\/diderot.education\/cvweb\/mentions-legales\/","title":{"rendered":"Mentions L\u00e9gales"},"content":{"rendered":"\n<h2 class=\"wp-block-heading\"><strong>Politique de confidentialit\u00e9<\/strong><\/h2>\n\n\n\n<p><strong>\u00c9diteur du site<\/strong><br>Nom :&nbsp;Katia Gorita&nbsp;<br>Statut : Formateur<br>Adresse : Capus Diderot &#8211; Toulouse (31)<br>Email : Katia.gorita@diderot-education.fr<\/p>\n\n\n\n<p><strong>Responsable de la publication<\/strong><br>Katia Gorita&nbsp;<\/p>\n\n\n\n<p><strong>H\u00e9bergement du site<\/strong><br>Le site est h\u00e9berg\u00e9 par :<br>WordPress.com&nbsp;(Automattic Inc.)<br>Adresse : 60 29th Street #343, San Francisco, CA 94110, \u00c9tats-Unis<br>Site web :&nbsp;<a href=\"https:\/\/wordpress.com\/\">https:\/\/wordpress.com<\/a><\/p>\n\n\n\n<p><strong>Propri\u00e9t\u00e9 intellectuelle<\/strong><br>L\u2019ensemble des contenus pr\u00e9sents sur ce site (textes, images, graphismes, logo, etc.) sont, sauf mention contraire, la propri\u00e9t\u00e9 exclusive de Katia Gorita<br>Toute reproduction, repr\u00e9sentation, modification, publication ou adaptation de tout ou partie des \u00e9l\u00e9ments du site est interdite sans autorisation \u00e9crite pr\u00e9alable.<\/p>\n\n\n\n<p><strong>Donn\u00e9es personnelles<\/strong><br>Ce site peut collecter des donn\u00e9es personnelles via :<\/p>\n\n\n\n<ul class=\"wp-block-list\">\n<li>le formulaire de contact<\/li>\n\n\n\n<li>les cookies \u00e9ventuels<\/li>\n<\/ul>\n\n\n\n<p>Les informations recueillies sont uniquement destin\u00e9es \u00e0 r\u00e9pondre aux demandes de contact et ne sont en aucun cas revendues \u00e0 des tiers.<\/p>\n\n\n\n<p>Conform\u00e9ment au&nbsp;R\u00e8glement G\u00e9n\u00e9ral sur la Protection des Donn\u00e9es, vous pouvez exercer votre droit d\u2019acc\u00e8s, de rectification ou de suppression des donn\u00e9es en contactant : [email].<\/p>\n\n\n\n<p><strong>Cookies<\/strong><br>Le site peut utiliser des cookies \u00e0 des fins de mesure d\u2019audience ou de fonctionnement.<br>Vous pouvez refuser leur utilisation via les param\u00e8tres de votre navigateur.<\/p>\n\n\n\n<p><strong>Limitation de responsabilit\u00e9<\/strong><br>L\u2019\u00e9diteur du site s\u2019efforce de fournir des informations aussi pr\u00e9cises que possible.<br>Cependant, il ne pourra \u00eatre tenu responsable des omissions, inexactitudes ou carences dans la mise \u00e0 jour.<\/p>\n\n\n\n<p><\/p>\n","protected":false},"excerpt":{"rendered":"<p>Politique de confidentialit\u00e9 \u00c9diteur du siteNom :&nbsp;Katia Gorita&nbsp;Statut : FormateurAdresse : Capus Diderot &#8211; Toulouse (31)Email : Katia.gorita@diderot-education.fr Responsable de la publicationKatia Gorita&nbsp; H\u00e9bergement du siteLe site est h\u00e9berg\u00e9 par :WordPress.com&nbsp;(Automattic Inc.)Adresse : 60 29th Street #343, San Francisco, CA 94110, \u00c9tats-UnisSite web :&nbsp;https:\/\/wordpress.com Propri\u00e9t\u00e9 intellectuelleL\u2019ensemble des contenus pr\u00e9sents sur ce site (textes, images, graphismes, logo, etc.) sont, sauf mention contraire, la propri\u00e9t\u00e9 exclusive de Katia GoritaToute reproduction, repr\u00e9sentation, modification, publication ou adaptation de tout ou partie des \u00e9l\u00e9ments du site est interdite sans autorisation \u00e9crite pr\u00e9alable. Donn\u00e9es personnellesCe site peut collecter des donn\u00e9es personnelles via : Les informations recueillies sont uniquement destin\u00e9es \u00e0 r\u00e9pondre aux demandes de contact et ne sont en aucun cas revendues \u00e0 des tiers. Conform\u00e9ment au&nbsp;R\u00e8glement G\u00e9n\u00e9ral sur la Protection des Donn\u00e9es, vous pouvez exercer votre droit d\u2019acc\u00e8s, de rectification ou de suppression des donn\u00e9es en contactant : [email]. CookiesLe site peut utiliser des cookies \u00e0 des fins de mesure d\u2019audience ou de fonctionnement.Vous pouvez refuser leur utilisation via les param\u00e8tres de votre navigateur. Limitation de responsabilit\u00e9L\u2019\u00e9diteur du site s\u2019efforce de fournir des informations aussi pr\u00e9cises que possible.Cependant, il ne pourra \u00eatre tenu responsable des omissions, inexactitudes ou carences dans la mise \u00e0 jour.<\/p>\n","protected":false},"author":886,"featured_media":0,"parent":0,"menu_order":0,"comment_status":"closed","ping_status":"closed","template":"","meta":{"om_disable_all_campaigns":false,"site-sidebar-layout":"default","site-content-layout":"","ast-site-content-layout":"default","site-content-style":"default","site-sidebar-style":"default","ast-global-header-display":"","ast-banner-title-visibility":"","ast-main-header-display":"","ast-hfb-above-header-display":"","ast-hfb-below-header-display":"","ast-hfb-mobile-header-display":"","site-post-title":"","ast-breadcrumbs-content":"","ast-featured-img":"","footer-sml-layout":"","ast-disable-related-posts":"","theme-transparent-header-meta":"","adv-header-id-meta":"","stick-header-meta":"","header-above-stick-meta":"","header-main-stick-meta":"","header-below-stick-meta":"","astra-migrate-meta-layouts":"default","ast-page-background-enabled":"default","ast-page-background-meta":{"desktop":{"background-color":"var(--ast-global-color-5)","background-image":"","background-repeat":"repeat","background-position":"center center","background-size":"auto","background-attachment":"scroll","background-type":"","background-media":"","overlay-type":"","overlay-color":"","overlay-opacity":"","overlay-gradient":""},"tablet":{"background-color":"","background-image":"","background-repeat":"repeat","background-position":"center center","background-size":"auto","background-attachment":"scroll","background-type":"","background-media":"","overlay-type":"","overlay-color":"","overlay-opacity":"","overlay-gradient":""},"mobile":{"background-color":"","background-image":"","background-repeat":"repeat","background-position":"center center","background-size":"auto","background-attachment":"scroll","background-type":"","background-media":"","overlay-type":"","overlay-color":"","overlay-opacity":"","overlay-gradient":""}},"ast-content-background-meta":{"desktop":{"background-color":"var(--ast-global-color-4)","background-image":"","background-repeat":"repeat","background-position":"center center","background-size":"auto","background-attachment":"scroll","background-type":"","background-media":"","overlay-type":"","overlay-color":"","overlay-opacity":"","overlay-gradient":""},"tablet":{"background-color":"var(--ast-global-color-4)","background-image":"","background-repeat":"repeat","background-position":"center center","background-size":"auto","background-attachment":"scroll","background-type":"","background-media":"","overlay-type":"","overlay-color":"","overlay-opacity":"","overlay-gradient":""},"mobile":{"background-color":"var(--ast-global-color-4)","background-image":"","background-repeat":"repeat","background-position":"center center","background-size":"auto","background-attachment":"scroll","background-type":"","background-media":"","overlay-type":"","overlay-color":"","overlay-opacity":"","overlay-gradient":""}},"footnotes":""},"class_list":["post-153","page","type-page","status-publish","hentry"],"featured_image_src":null,"yoast_head":"<!-- This site is optimized with the Yoast SEO plugin v27.6 - https:\/\/yoast.com\/product\/yoast-seo-wordpress\/ -->\n<title>Mentions L\u00e9gales - Katia Gorita<\/title>\n<meta name=\"robots\" content=\"index, follow, max-snippet:-1, max-image-preview:large, max-video-preview:-1\" \/>\n<link rel=\"canonical\" href=\"http:\/\/diderot.education\/cvweb\/mentions-legales\/\" \/>\n<meta property=\"og:locale\" content=\"fr_FR\" \/>\n<meta property=\"og:type\" content=\"article\" \/>\n<meta property=\"og:title\" content=\"Mentions L\u00e9gales - Katia Gorita\" \/>\n<meta property=\"og:description\" content=\"Politique de confidentialit\u00e9 \u00c9diteur du siteNom :&nbsp;Katia Gorita&nbsp;Statut : FormateurAdresse : Capus Diderot &#8211; Toulouse (31)Email : Katia.gorita@diderot-education.fr Responsable de la publicationKatia Gorita&nbsp; H\u00e9bergement du siteLe site est h\u00e9berg\u00e9 par :WordPress.com&nbsp;(Automattic Inc.)Adresse : 60 29th Street #343, San Francisco, CA 94110, \u00c9tats-UnisSite web :&nbsp;https:\/\/wordpress.com Propri\u00e9t\u00e9 intellectuelleL\u2019ensemble des contenus pr\u00e9sents sur ce site (textes, images, graphismes, logo, etc.) sont, sauf mention contraire, la propri\u00e9t\u00e9 exclusive de Katia GoritaToute reproduction, repr\u00e9sentation, modification, publication ou adaptation de tout ou partie des \u00e9l\u00e9ments du site est interdite sans autorisation \u00e9crite pr\u00e9alable. Donn\u00e9es personnellesCe site peut collecter des donn\u00e9es personnelles via : Les informations recueillies sont uniquement destin\u00e9es \u00e0 r\u00e9pondre aux demandes de contact et ne sont en aucun cas revendues \u00e0 des tiers. Conform\u00e9ment au&nbsp;R\u00e8glement G\u00e9n\u00e9ral sur la Protection des Donn\u00e9es, vous pouvez exercer votre droit d\u2019acc\u00e8s, de rectification ou de suppression des donn\u00e9es en contactant : [email]. CookiesLe site peut utiliser des cookies \u00e0 des fins de mesure d\u2019audience ou de fonctionnement.Vous pouvez refuser leur utilisation via les param\u00e8tres de votre navigateur. Limitation de responsabilit\u00e9L\u2019\u00e9diteur du site s\u2019efforce de fournir des informations aussi pr\u00e9cises que possible.Cependant, il ne pourra \u00eatre tenu responsable des omissions, inexactitudes ou carences dans la mise \u00e0 jour.\" \/>\n<meta property=\"og:url\" content=\"http:\/\/diderot.education\/cvweb\/mentions-legales\/\" \/>\n<meta property=\"og:site_name\" content=\"Katia Gorita\" \/>\n<meta property=\"article:modified_time\" content=\"2026-05-10T13:33:21+00:00\" \/>\n<meta name=\"twitter:card\" content=\"summary_large_image\" \/>\n<meta name=\"twitter:label1\" content=\"Dur\u00e9e de lecture estim\u00e9e\" \/>\n\t<meta name=\"twitter:data1\" content=\"2 minutes\" \/>\n<script type=\"application\/ld+json\" class=\"yoast-schema-graph\">{\"@context\":\"https:\\\/\\\/schema.org\",\"@graph\":[{\"@type\":\"WebPage\",\"@id\":\"http:\\\/\\\/diderot.education\\\/cvweb\\\/mentions-legales\\\/\",\"url\":\"http:\\\/\\\/diderot.education\\\/cvweb\\\/mentions-legales\\\/\",\"name\":\"Mentions L\u00e9gales - Katia Gorita\",\"isPartOf\":{\"@id\":\"http:\\\/\\\/diderot.education\\\/cvweb\\\/#website\"},\"datePublished\":\"2026-05-10T13:30:57+00:00\",\"dateModified\":\"2026-05-10T13:33:21+00:00\",\"breadcrumb\":{\"@id\":\"http:\\\/\\\/diderot.education\\\/cvweb\\\/mentions-legales\\\/#breadcrumb\"},\"inLanguage\":\"fr-FR\",\"potentialAction\":[{\"@type\":\"ReadAction\",\"target\":[\"http:\\\/\\\/diderot.education\\\/cvweb\\\/mentions-legales\\\/\"]}]},{\"@type\":\"BreadcrumbList\",\"@id\":\"http:\\\/\\\/diderot.education\\\/cvweb\\\/mentions-legales\\\/#breadcrumb\",\"itemListElement\":[{\"@type\":\"ListItem\",\"position\":1,\"name\":\"Accueil\",\"item\":\"http:\\\/\\\/diderot.education\\\/cvweb\\\/\"},{\"@type\":\"ListItem\",\"position\":2,\"name\":\"Mentions L\u00e9gales\"}]},{\"@type\":\"WebSite\",\"@id\":\"http:\\\/\\\/diderot.education\\\/cvweb\\\/#website\",\"url\":\"http:\\\/\\\/diderot.education\\\/cvweb\\\/\",\"name\":\"Katia Gorita\",\"description\":\"Professeur \u00e0 toute \u00e9preuve\",\"potentialAction\":[{\"@type\":\"SearchAction\",\"target\":{\"@type\":\"EntryPoint\",\"urlTemplate\":\"http:\\\/\\\/diderot.education\\\/cvweb\\\/?s={search_term_string}\"},\"query-input\":{\"@type\":\"PropertyValueSpecification\",\"valueRequired\":true,\"valueName\":\"search_term_string\"}}],\"inLanguage\":\"fr-FR\"}]}<\/script>\n<!-- \/ Yoast SEO plugin. -->","yoast_head_json":{"title":"Mentions L\u00e9gales - Katia Gorita","robots":{"index":"index","follow":"follow","max-snippet":"max-snippet:-1","max-image-preview":"max-image-preview:large","max-video-preview":"max-video-preview:-1"},"canonical":"http:\/\/diderot.education\/cvweb\/mentions-legales\/","og_locale":"fr_FR","og_type":"article","og_title":"Mentions L\u00e9gales - Katia Gorita","og_description":"Politique de confidentialit\u00e9 \u00c9diteur du siteNom :&nbsp;Katia Gorita&nbsp;Statut : FormateurAdresse : Capus Diderot &#8211; Toulouse (31)Email : Katia.gorita@diderot-education.fr Responsable de la publicationKatia Gorita&nbsp; H\u00e9bergement du siteLe site est h\u00e9berg\u00e9 par :WordPress.com&nbsp;(Automattic Inc.)Adresse : 60 29th Street #343, San Francisco, CA 94110, \u00c9tats-UnisSite web :&nbsp;https:\/\/wordpress.com Propri\u00e9t\u00e9 intellectuelleL\u2019ensemble des contenus pr\u00e9sents sur ce site (textes, images, graphismes, logo, etc.) sont, sauf mention contraire, la propri\u00e9t\u00e9 exclusive de Katia GoritaToute reproduction, repr\u00e9sentation, modification, publication ou adaptation de tout ou partie des \u00e9l\u00e9ments du site est interdite sans autorisation \u00e9crite pr\u00e9alable. Donn\u00e9es personnellesCe site peut collecter des donn\u00e9es personnelles via : Les informations recueillies sont uniquement destin\u00e9es \u00e0 r\u00e9pondre aux demandes de contact et ne sont en aucun cas revendues \u00e0 des tiers. Conform\u00e9ment au&nbsp;R\u00e8glement G\u00e9n\u00e9ral sur la Protection des Donn\u00e9es, vous pouvez exercer votre droit d\u2019acc\u00e8s, de rectification ou de suppression des donn\u00e9es en contactant : [email]. CookiesLe site peut utiliser des cookies \u00e0 des fins de mesure d\u2019audience ou de fonctionnement.Vous pouvez refuser leur utilisation via les param\u00e8tres de votre navigateur. Limitation de responsabilit\u00e9L\u2019\u00e9diteur du site s\u2019efforce de fournir des informations aussi pr\u00e9cises que possible.Cependant, il ne pourra \u00eatre tenu responsable des omissions, inexactitudes ou carences dans la mise \u00e0 jour.","og_url":"http:\/\/diderot.education\/cvweb\/mentions-legales\/","og_site_name":"Katia Gorita","article_modified_time":"2026-05-10T13:33:21+00:00","twitter_card":"summary_large_image","twitter_misc":{"Dur\u00e9e de lecture estim\u00e9e":"2 minutes"},"schema":{"@context":"https:\/\/schema.org","@graph":[{"@type":"WebPage","@id":"http:\/\/diderot.education\/cvweb\/mentions-legales\/","url":"http:\/\/diderot.education\/cvweb\/mentions-legales\/","name":"Mentions L\u00e9gales - Katia Gorita","isPartOf":{"@id":"http:\/\/diderot.education\/cvweb\/#website"},"datePublished":"2026-05-10T13:30:57+00:00","dateModified":"2026-05-10T13:33:21+00:00","breadcrumb":{"@id":"http:\/\/diderot.education\/cvweb\/mentions-legales\/#breadcrumb"},"inLanguage":"fr-FR","potentialAction":[{"@type":"ReadAction","target":["http:\/\/diderot.education\/cvweb\/mentions-legales\/"]}]},{"@type":"BreadcrumbList","@id":"http:\/\/diderot.education\/cvweb\/mentions-legales\/#breadcrumb","itemListElement":[{"@type":"ListItem","position":1,"name":"Accueil","item":"http:\/\/diderot.education\/cvweb\/"},{"@type":"ListItem","position":2,"name":"Mentions L\u00e9gales"}]},{"@type":"WebSite","@id":"http:\/\/diderot.education\/cvweb\/#website","url":"http:\/\/diderot.education\/cvweb\/","name":"Katia Gorita","description":"Professeur \u00e0 toute \u00e9preuve","potentialAction":[{"@type":"SearchAction","target":{"@type":"EntryPoint","urlTemplate":"http:\/\/diderot.education\/cvweb\/?s={search_term_string}"},"query-input":{"@type":"PropertyValueSpecification","valueRequired":true,"valueName":"search_term_string"}}],"inLanguage":"fr-FR"}]}},"_links":{"self":[{"href":"http:\/\/diderot.education\/cvweb\/wp-json\/wp\/v2\/pages\/153","targetHints":{"allow":["GET"]}}],"collection":[{"href":"http:\/\/diderot.education\/cvweb\/wp-json\/wp\/v2\/pages"}],"about":[{"href":"http:\/\/diderot.education\/cvweb\/wp-json\/wp\/v2\/types\/page"}],"author":[{"embeddable":true,"href":"http:\/\/diderot.education\/cvweb\/wp-json\/wp\/v2\/users\/886"}],"replies":[{"embeddable":true,"href":"http:\/\/diderot.education\/cvweb\/wp-json\/wp\/v2\/comments?post=153"}],"version-history":[{"count":4,"href":"http:\/\/diderot.education\/cvweb\/wp-json\/wp\/v2\/pages\/153\/revisions"}],"predecessor-version":[{"id":268,"href":"http:\/\/diderot.education\/cvweb\/wp-json\/wp\/v2\/pages\/153\/revisions\/268"}],"wp:attachment":[{"href":"http:\/\/diderot.education\/cvweb\/wp-json\/wp\/v2\/media?parent=153"}],"curies":[{"name":"wp","href":"https:\/\/api.w.org\/{rel}","templated":true}]}}