{"id":272,"date":"2026-05-11T11:08:07","date_gmt":"2026-05-11T09:08:07","guid":{"rendered":"http:\/\/diderot.education\/cvweb\/?page_id=272"},"modified":"2026-05-11T11:32:03","modified_gmt":"2026-05-11T09:32:03","slug":"formulaire","status":"publish","type":"page","link":"http:\/\/diderot.education\/cvweb\/formulaire\/","title":{"rendered":"Formulaire"},"content":{"rendered":"\t\t<div data-elementor-type=\"wp-page\" data-elementor-id=\"272\" class=\"elementor elementor-272\">\n\t\t\t\t<div class=\"elementor-element elementor-element-e88fd27 e-flex e-con-boxed wpr-particle-no wpr-jarallax-no wpr-parallax-no wpr-sticky-section-no wpr-column-slider-no wpr-equal-height-no e-con e-parent\" data-id=\"e88fd27\" data-element_type=\"container\" data-e-type=\"container\" data-settings=\"{&quot;background_background&quot;:&quot;classic&quot;}\">\n\t\t\t\t\t<div class=\"e-con-inner\">\n\t\t\t\t<div class=\"elementor-element elementor-element-537c8b0 elementor-widget elementor-widget-heading\" data-id=\"537c8b0\" data-element_type=\"widget\" data-e-type=\"widget\" data-widget_type=\"heading.default\">\n\t\t\t\t\t<h2 class=\"elementor-heading-title elementor-size-default\">Me Contacter<\/h2>\t\t\t\t<\/div>\n\t\t\t\t<div class=\"elementor-element elementor-element-a7c83ed elementor-widget__width-initial elementor-widget-mobile__width-initial elementor-widget elementor-widget-text-editor\" data-id=\"a7c83ed\" data-element_type=\"widget\" data-e-type=\"widget\" data-widget_type=\"text-editor.default\">\n\t\t\t\t\t\t\t\t\t<p>Pr\u00eat \u00e0 transformer votre site web gr\u00e2ce \u00e0 wordpress ? Contactez-moi d\u00e8s aujourd&rsquo;hui pour discuter de la fa\u00e7on dont nous pouvons travailler ensemble pour atteindre vos objectifs.<\/p>\t\t\t\t\t\t\t\t<\/div>\n\t\t\t\t<div class=\"elementor-element elementor-element-4e7fe7f elementor-widget__width-initial elementor-widget-mobile__width-inherit elementor-widget elementor-widget-shortcode\" data-id=\"4e7fe7f\" data-element_type=\"widget\" data-e-type=\"widget\" data-widget_type=\"shortcode.default\">\n\t\t\t\t\t\t\t<div class=\"elementor-shortcode\"><div class=\"forminator-ui forminator-custom-form forminator-custom-form-142 forminator-design--material  forminator_ajax\" data-forminator-render=\"0\" data-form=\"forminator-module-142\" data-uid=\"6a038f933ecfe\"><br\/><\/div><form\n\t\t\t\tid=\"forminator-module-142\"\n\t\t\t\tclass=\"forminator-ui forminator-custom-form forminator-custom-form-142 forminator-design--material  forminator_ajax\"\n\t\t\t\tmethod=\"post\"\n\t\t\t\tdata-forminator-render=\"0\"\n\t\t\t\tdata-form-id=\"142\"\n\t\t\t\t data-color-option=\"theme\" data-design=\"material\" data-grid=\"open\" style=\"display: none;\"\n\t\t\t\tdata-uid=\"6a038f933ecfe\"\n\t\t\t><div role=\"alert\" aria-live=\"polite\" class=\"forminator-response-message forminator-error\" aria-hidden=\"true\"><\/div><div class=\"forminator-row\"><div id=\"name-1\" class=\"forminator-field-name forminator-col forminator-col-12 \"><div class=\"forminator-field\"><label for=\"forminator-field-name-1_6a038f933ecfe\" id=\"forminator-field-name-1_6a038f933ecfe-label\" class=\"forminator-label\">Pr\u00e9nom <span class=\"forminator-required\">*<\/span><\/label><input type=\"text\" name=\"name-1\" value=\"\" placeholder=\"\" id=\"forminator-field-name-1_6a038f933ecfe\" class=\"forminator-input forminator-name--field\" aria-required=\"true\" autocomplete=\"name\" \/><\/div><\/div><\/div><div class=\"forminator-row\"><div id=\"email-1\" class=\"forminator-field-email forminator-col forminator-col-12 \"><div class=\"forminator-field\"><label for=\"forminator-field-email-1_6a038f933ecfe\" id=\"forminator-field-email-1_6a038f933ecfe-label\" class=\"forminator-label\">Adresse de messagerie <span class=\"forminator-required\">*<\/span><\/label><input type=\"email\" name=\"email-1\" value=\"\" placeholder=\"\" id=\"forminator-field-email-1_6a038f933ecfe\" class=\"forminator-input forminator-email--field\" data-required=\"true\" aria-required=\"true\" autocomplete=\"email\" \/><\/div><\/div><\/div><div class=\"forminator-row\"><div id=\"phone-1\" class=\"forminator-field-phone forminator-col forminator-col-12 \"><div class=\"forminator-field\"><label for=\"forminator-field-phone-1_6a038f933ecfe\" id=\"forminator-field-phone-1_6a038f933ecfe-label\" class=\"forminator-label\">Num\u00e9ro de t\u00e9l\u00e9phone<\/label><input type=\"text\" name=\"phone-1\" value=\"\" placeholder=\"\" id=\"forminator-field-phone-1_6a038f933ecfe\" class=\"forminator-input forminator-field--phone\" data-required=\"\" aria-required=\"false\" autocomplete=\"off\" \/><\/div><\/div><\/div><div class=\"forminator-row\"><div id=\"textarea-1\" class=\"forminator-field-textarea forminator-col forminator-col-12 \"><div class=\"forminator-field\"><label for=\"forminator-field-textarea-1_6a038f933ecfe\" id=\"forminator-field-textarea-1_6a038f933ecfe-label\" class=\"forminator-label\">Message<\/label><span id=\"forminator-field-textarea-1_6a038f933ecfe-description\" class=\"forminator-description\"><span data-limit=\"180\" data-type=\"characters\" data-editor=\"\">0 \/ 180<\/span><\/span><textarea name=\"textarea-1\" placeholder=\"\" id=\"forminator-field-textarea-1_6a038f933ecfe\" class=\"forminator-textarea\" rows=\"6\" style=\"--forminator-textarea-min-height:140px;\" maxlength=\"180\" ><\/textarea><\/div><\/div><\/div><input type=\"hidden\" name=\"referer_url\" value=\"\" \/><div class=\"forminator-row forminator-row-last\"><div class=\"forminator-col\"><div class=\"forminator-field\"><button class=\"forminator-button forminator-button-submit\"><span>Envoyer<\/span><span aria-hidden=\"true\"><\/span><\/button><\/div><\/div><\/div><input type=\"hidden\" id=\"forminator_nonce\" name=\"forminator_nonce\" value=\"70a7aa81a5\" \/><input type=\"hidden\" name=\"_wp_http_referer\" value=\"\/cvweb\/wp-json\/wp\/v2\/pages\/272\" \/><input type=\"hidden\" name=\"form_id\" value=\"142\"><input type=\"hidden\" name=\"page_id\" value=\"272\"><input type=\"hidden\" name=\"form_type\" value=\"default\"><input type=\"hidden\" name=\"current_url\" value=\"http:\/\/diderot.education\/cvweb\/formulaire\/\"><input type=\"hidden\" name=\"render_id\" value=\"0\"><input type=\"hidden\" name=\"action\" value=\"forminator_submit_form_custom-forms\"><\/form><\/div>\n\t\t\t\t\t\t<\/div>\n\t\t\t\t\t<\/div>\n\t\t\t\t<\/div>\n\t\t\t\t<\/div>\n\t\t","protected":false},"excerpt":{"rendered":"<p>Me Contacter Pr\u00eat \u00e0 transformer votre site web gr\u00e2ce \u00e0 wordpress ? Contactez-moi d\u00e8s aujourd&rsquo;hui pour discuter de la fa\u00e7on dont nous pouvons travailler ensemble pour atteindre vos objectifs.<\/p>\n","protected":false},"author":886,"featured_media":0,"parent":0,"menu_order":0,"comment_status":"closed","ping_status":"closed","template":"","meta":{"om_disable_all_campaigns":false,"site-sidebar-layout":"no-sidebar","site-content-layout":"","ast-site-content-layout":"full-width-container","site-content-style":"default","site-sidebar-style":"default","ast-global-header-display":"","ast-banner-title-visibility":"","ast-main-header-display":"","ast-hfb-above-header-display":"","ast-hfb-below-header-display":"","ast-hfb-mobile-header-display":"","site-post-title":"disabled","ast-breadcrumbs-content":"","ast-featured-img":"disabled","footer-sml-layout":"","ast-disable-related-posts":"","theme-transparent-header-meta":"","adv-header-id-meta":"","stick-header-meta":"","header-above-stick-meta":"","header-main-stick-meta":"","header-below-stick-meta":"","astra-migrate-meta-layouts":"default","ast-page-background-enabled":"default","ast-page-background-meta":{"desktop":{"background-color":"var(--ast-global-color-5)","background-image":"","background-repeat":"repeat","background-position":"center center","background-size":"auto","background-attachment":"scroll","background-type":"","background-media":"","overlay-type":"","overlay-color":"","overlay-opacity":"","overlay-gradient":""},"tablet":{"background-color":"","background-image":"","background-repeat":"repeat","background-position":"center center","background-size":"auto","background-attachment":"scroll","background-type":"","background-media":"","overlay-type":"","overlay-color":"","overlay-opacity":"","overlay-gradient":""},"mobile":{"background-color":"","background-image":"","background-repeat":"repeat","background-position":"center center","background-size":"auto","background-attachment":"scroll","background-type":"","background-media":"","overlay-type":"","overlay-color":"","overlay-opacity":"","overlay-gradient":""}},"ast-content-background-meta":{"desktop":{"background-color":"var(--ast-global-color-4)","background-image":"","background-repeat":"repeat","background-position":"center center","background-size":"auto","background-attachment":"scroll","background-type":"","background-media":"","overlay-type":"","overlay-color":"","overlay-opacity":"","overlay-gradient":""},"tablet":{"background-color":"var(--ast-global-color-4)","background-image":"","background-repeat":"repeat","background-position":"center center","background-size":"auto","background-attachment":"scroll","background-type":"","background-media":"","overlay-type":"","overlay-color":"","overlay-opacity":"","overlay-gradient":""},"mobile":{"background-color":"var(--ast-global-color-4)","background-image":"","background-repeat":"repeat","background-position":"center center","background-size":"auto","background-attachment":"scroll","background-type":"","background-media":"","overlay-type":"","overlay-color":"","overlay-opacity":"","overlay-gradient":""}},"footnotes":""},"class_list":["post-272","page","type-page","status-publish","hentry"],"featured_image_src":null,"yoast_head":"<!-- This site is optimized with the Yoast SEO plugin v27.6 - https:\/\/yoast.com\/product\/yoast-seo-wordpress\/ -->\n<title>Formulaire - Katia Gorita<\/title>\n<meta name=\"robots\" content=\"index, follow, max-snippet:-1, max-image-preview:large, max-video-preview:-1\" \/>\n<link rel=\"canonical\" href=\"http:\/\/diderot.education\/cvweb\/formulaire\/\" \/>\n<meta property=\"og:locale\" content=\"fr_FR\" \/>\n<meta property=\"og:type\" content=\"article\" \/>\n<meta property=\"og:title\" content=\"Formulaire - Katia Gorita\" \/>\n<meta property=\"og:description\" content=\"Me Contacter Pr\u00eat \u00e0 transformer votre site web gr\u00e2ce \u00e0 wordpress ? Contactez-moi d\u00e8s aujourd&rsquo;hui pour discuter de la fa\u00e7on dont nous pouvons travailler ensemble pour atteindre vos objectifs.\" \/>\n<meta property=\"og:url\" content=\"http:\/\/diderot.education\/cvweb\/formulaire\/\" \/>\n<meta property=\"og:site_name\" content=\"Katia Gorita\" \/>\n<meta property=\"article:modified_time\" content=\"2026-05-11T09:32:03+00:00\" \/>\n<meta name=\"twitter:card\" content=\"summary_large_image\" \/>\n<meta name=\"twitter:label1\" content=\"Dur\u00e9e de lecture estim\u00e9e\" \/>\n\t<meta name=\"twitter:data1\" content=\"1 minute\" \/>\n<script type=\"application\/ld+json\" class=\"yoast-schema-graph\">{\"@context\":\"https:\\\/\\\/schema.org\",\"@graph\":[{\"@type\":\"WebPage\",\"@id\":\"http:\\\/\\\/diderot.education\\\/cvweb\\\/formulaire\\\/\",\"url\":\"http:\\\/\\\/diderot.education\\\/cvweb\\\/formulaire\\\/\",\"name\":\"Formulaire - Katia Gorita\",\"isPartOf\":{\"@id\":\"http:\\\/\\\/diderot.education\\\/cvweb\\\/#website\"},\"datePublished\":\"2026-05-11T09:08:07+00:00\",\"dateModified\":\"2026-05-11T09:32:03+00:00\",\"breadcrumb\":{\"@id\":\"http:\\\/\\\/diderot.education\\\/cvweb\\\/formulaire\\\/#breadcrumb\"},\"inLanguage\":\"fr-FR\",\"potentialAction\":[{\"@type\":\"ReadAction\",\"target\":[\"http:\\\/\\\/diderot.education\\\/cvweb\\\/formulaire\\\/\"]}]},{\"@type\":\"BreadcrumbList\",\"@id\":\"http:\\\/\\\/diderot.education\\\/cvweb\\\/formulaire\\\/#breadcrumb\",\"itemListElement\":[{\"@type\":\"ListItem\",\"position\":1,\"name\":\"Accueil\",\"item\":\"http:\\\/\\\/diderot.education\\\/cvweb\\\/\"},{\"@type\":\"ListItem\",\"position\":2,\"name\":\"Formulaire\"}]},{\"@type\":\"WebSite\",\"@id\":\"http:\\\/\\\/diderot.education\\\/cvweb\\\/#website\",\"url\":\"http:\\\/\\\/diderot.education\\\/cvweb\\\/\",\"name\":\"Katia Gorita\",\"description\":\"Professeur \u00e0 toute \u00e9preuve\",\"potentialAction\":[{\"@type\":\"SearchAction\",\"target\":{\"@type\":\"EntryPoint\",\"urlTemplate\":\"http:\\\/\\\/diderot.education\\\/cvweb\\\/?s={search_term_string}\"},\"query-input\":{\"@type\":\"PropertyValueSpecification\",\"valueRequired\":true,\"valueName\":\"search_term_string\"}}],\"inLanguage\":\"fr-FR\"}]}<\/script>\n<!-- \/ Yoast SEO plugin. -->","yoast_head_json":{"title":"Formulaire - Katia Gorita","robots":{"index":"index","follow":"follow","max-snippet":"max-snippet:-1","max-image-preview":"max-image-preview:large","max-video-preview":"max-video-preview:-1"},"canonical":"http:\/\/diderot.education\/cvweb\/formulaire\/","og_locale":"fr_FR","og_type":"article","og_title":"Formulaire - Katia Gorita","og_description":"Me Contacter Pr\u00eat \u00e0 transformer votre site web gr\u00e2ce \u00e0 wordpress ? Contactez-moi d\u00e8s aujourd&rsquo;hui pour discuter de la fa\u00e7on dont nous pouvons travailler ensemble pour atteindre vos objectifs.","og_url":"http:\/\/diderot.education\/cvweb\/formulaire\/","og_site_name":"Katia Gorita","article_modified_time":"2026-05-11T09:32:03+00:00","twitter_card":"summary_large_image","twitter_misc":{"Dur\u00e9e de lecture estim\u00e9e":"1 minute"},"schema":{"@context":"https:\/\/schema.org","@graph":[{"@type":"WebPage","@id":"http:\/\/diderot.education\/cvweb\/formulaire\/","url":"http:\/\/diderot.education\/cvweb\/formulaire\/","name":"Formulaire - Katia Gorita","isPartOf":{"@id":"http:\/\/diderot.education\/cvweb\/#website"},"datePublished":"2026-05-11T09:08:07+00:00","dateModified":"2026-05-11T09:32:03+00:00","breadcrumb":{"@id":"http:\/\/diderot.education\/cvweb\/formulaire\/#breadcrumb"},"inLanguage":"fr-FR","potentialAction":[{"@type":"ReadAction","target":["http:\/\/diderot.education\/cvweb\/formulaire\/"]}]},{"@type":"BreadcrumbList","@id":"http:\/\/diderot.education\/cvweb\/formulaire\/#breadcrumb","itemListElement":[{"@type":"ListItem","position":1,"name":"Accueil","item":"http:\/\/diderot.education\/cvweb\/"},{"@type":"ListItem","position":2,"name":"Formulaire"}]},{"@type":"WebSite","@id":"http:\/\/diderot.education\/cvweb\/#website","url":"http:\/\/diderot.education\/cvweb\/","name":"Katia Gorita","description":"Professeur \u00e0 toute \u00e9preuve","potentialAction":[{"@type":"SearchAction","target":{"@type":"EntryPoint","urlTemplate":"http:\/\/diderot.education\/cvweb\/?s={search_term_string}"},"query-input":{"@type":"PropertyValueSpecification","valueRequired":true,"valueName":"search_term_string"}}],"inLanguage":"fr-FR"}]}},"_links":{"self":[{"href":"http:\/\/diderot.education\/cvweb\/wp-json\/wp\/v2\/pages\/272","targetHints":{"allow":["GET"]}}],"collection":[{"href":"http:\/\/diderot.education\/cvweb\/wp-json\/wp\/v2\/pages"}],"about":[{"href":"http:\/\/diderot.education\/cvweb\/wp-json\/wp\/v2\/types\/page"}],"author":[{"embeddable":true,"href":"http:\/\/diderot.education\/cvweb\/wp-json\/wp\/v2\/users\/886"}],"replies":[{"embeddable":true,"href":"http:\/\/diderot.education\/cvweb\/wp-json\/wp\/v2\/comments?post=272"}],"version-history":[{"count":12,"href":"http:\/\/diderot.education\/cvweb\/wp-json\/wp\/v2\/pages\/272\/revisions"}],"predecessor-version":[{"id":286,"href":"http:\/\/diderot.education\/cvweb\/wp-json\/wp\/v2\/pages\/272\/revisions\/286"}],"wp:attachment":[{"href":"http:\/\/diderot.education\/cvweb\/wp-json\/wp\/v2\/media?parent=272"}],"curies":[{"name":"wp","href":"https:\/\/api.w.org\/{rel}","templated":true}]}}